{"id":504,"date":"2025-05-09T19:03:51","date_gmt":"2025-05-09T22:03:51","guid":{"rendered":"https:\/\/utfpr.curitiba.br\/neabi\/?page_id=504"},"modified":"2025-09-11T21:16:24","modified_gmt":"2025-09-12T00:16:24","slug":"circulo-de-leitura-de-literatura-negra-e-indigena","status":"publish","type":"page","link":"https:\/\/utfpr.curitiba.br\/neabi\/circulo-de-leitura-de-literatura-negra-e-indigena\/","title":{"rendered":"C\u00edrculo de Leitura de Literatura Negra e Ind\u00edgena"},"content":{"rendered":"\n<p><a href=\"https:\/\/utfpr.curitiba.br\/neabi\/circulo-de-leitura-de-literatura-negra-e-indigena\/\"><\/a><\/p>\n\n\n\n<p>O Neabi Diva convida toda a comunidade acad\u00eamica e externa para participar do&nbsp;<em><strong>C\u00edrculo de Leitura de Literatura Negra e Ind\u00edgena<\/strong><\/em>, projeto extensionista desenvolvido e mediado pela <a href=\"http:\/\/lattes.cnpq.br\/8465701590206610\" target=\"_blank\" rel=\"noreferrer noopener\">professora doutora Amanda Crispim<\/a>.<\/p>\n\n\n\n<p>O objetivo \u00e9 realizar a leitura e debate de obras liter\u00e1tiras de autores e autoras negras e ind\u00edgenas, sobretudo, brasileiras. <\/p>\n\n\n\n<p>A atividade \u00e9 aberta e acontecer\u00e1 uma vez por m\u00eas. <\/p>\n\n\n\n<p class=\"has-text-align-center\"><strong>Calend\u00e1rio de reuni\u00f5es:<\/strong><\/p>\n\n\n\n<p>Leitura: <strong>Quarto de Despejo: Di\u00e1rio de uma Favelada<\/strong>, de Carolina Maria de Jesus (1960)<\/p>\n\n\n\n<p>I Encontro: 08 de abril, das 17h30 \u00e0s 18h30, local: CK 004 (sala azul); <br>II Encontro: 06 de maio, das 17h30 \u00e0s 18h30, local: CK 004 (sala azul).<\/p>\n\n\n\n<p>Leitura: <strong>Ideias para Adiar o Fim do Mundo<\/strong>, de Ailton Krenak (2019)<\/p>\n\n\n\n<p>III Encontro: 20 de maio, das 17h30 \u00e0s 18h30, local: CI-003 (sala multimeios); <br>IV Encontro: 03 de julho, das 17h30 \u00e0s 18h30, local: CA-206.<\/p>\n\n\n\n<p>Leitura: <strong>O C\u00e9u para os Bastardos<\/strong>, de Lilia Guerra (2023)<\/p>\n\n\n\n<p>V Encontro: 18 de agosto, das 17h30 \u00e0s 18h30, local: CI-003 (sala multimeios);<br>VI Encontro: 01 de setembro, das 17h30 \u00e0s 18h30, local: CK 004 (sala azul).<\/p>\n\n\n\n<p>Leitura: <strong>Felizes por enquanto<\/strong>, de Geni N\u00fa\u00f1ez (2023)<\/p>\n\n\n\n<p>VII Encontro: 15 de setembro, das 17h30 \u00e0s 18h30, local: CK-004 (sala aul)<br>VIII Encontro: 29 de setembro, das 17h30 \u00e0s 18h30, local: CK-004 (sala aul)<\/p>\n\n\n\n<p>Sua presen\u00e7a \u00e9 muito bem-vinda. Venha fazer parte desse espa\u00e7o de leitura, escuta e constru\u00e7\u00e3o coletiva de saberes a partir de obras fundamentais da literatura brasileira.<\/p>\n\n\n\n<p><\/p>\n","protected":false},"excerpt":{"rendered":"<p>O Neabi Diva convida toda a comunidade acad\u00eamica e externa para participar do&nbsp;C\u00edrculo de Leitura de Literatura Negra e Ind\u00edgena,<\/p>\n","protected":false},"author":39,"featured_media":512,"parent":0,"menu_order":0,"comment_status":"closed","ping_status":"closed","template":"","meta":{"colormag_page_container_layout":"default_layout","colormag_page_sidebar_layout":"default_layout","footnotes":""},"class_list":["post-504","page","type-page","status-publish","has-post-thumbnail","hentry"],"_links":{"self":[{"href":"https:\/\/utfpr.curitiba.br\/neabi\/wp-json\/wp\/v2\/pages\/504","targetHints":{"allow":["GET"]}}],"collection":[{"href":"https:\/\/utfpr.curitiba.br\/neabi\/wp-json\/wp\/v2\/pages"}],"about":[{"href":"https:\/\/utfpr.curitiba.br\/neabi\/wp-json\/wp\/v2\/types\/page"}],"author":[{"embeddable":true,"href":"https:\/\/utfpr.curitiba.br\/neabi\/wp-json\/wp\/v2\/users\/39"}],"replies":[{"embeddable":true,"href":"https:\/\/utfpr.curitiba.br\/neabi\/wp-json\/wp\/v2\/comments?post=504"}],"version-history":[{"count":4,"href":"https:\/\/utfpr.curitiba.br\/neabi\/wp-json\/wp\/v2\/pages\/504\/revisions"}],"predecessor-version":[{"id":1574,"href":"https:\/\/utfpr.curitiba.br\/neabi\/wp-json\/wp\/v2\/pages\/504\/revisions\/1574"}],"wp:featuredmedia":[{"embeddable":true,"href":"https:\/\/utfpr.curitiba.br\/neabi\/wp-json\/wp\/v2\/media\/512"}],"wp:attachment":[{"href":"https:\/\/utfpr.curitiba.br\/neabi\/wp-json\/wp\/v2\/media?parent=504"}],"curies":[{"name":"wp","href":"https:\/\/api.w.org\/{rel}","templated":true}]}}