{"id":383,"date":"2025-05-03T23:36:59","date_gmt":"2025-05-04T02:36:59","guid":{"rendered":"https:\/\/utfpr.curitiba.br\/neabi\/?page_id=383"},"modified":"2025-06-10T12:59:53","modified_gmt":"2025-06-10T15:59:53","slug":"i-jornada-em-linguagens-e-artes-negras-e-indigenas-e-x-teclis","status":"publish","type":"page","link":"https:\/\/utfpr.curitiba.br\/neabi\/i-jornada-em-linguagens-e-artes-negras-e-indigenas-e-x-teclis\/","title":{"rendered":"I Jornada em Linguagens e Artes Negras e Ind\u00edgenas e X TECLIS"},"content":{"rendered":"\n<div class=\"wp-block-columns is-layout-flex wp-container-core-columns-is-layout-28f84493 wp-block-columns-is-layout-flex\">\n<div class=\"wp-block-column is-layout-flow wp-block-column-is-layout-flow\"><\/div>\n\n\n\n<div class=\"wp-block-column is-layout-flow wp-block-column-is-layout-flow\">\n<figure class=\"wp-block-image size-large\"><img fetchpriority=\"high\" decoding=\"async\" width=\"724\" height=\"1024\" src=\"https:\/\/utfpr-ct-static-content.s3.amazonaws.com\/utfpr.curitiba.br\/wp-content\/uploads\/sites\/181\/2025\/06\/PHOTO-2025-06-05-09-24-49-724x1024.jpg\" alt=\"\" class=\"wp-image-720\" srcset=\"https:\/\/utfpr-ct-static-content.s3.amazonaws.com\/utfpr.curitiba.br\/wp-content\/uploads\/sites\/181\/2025\/06\/PHOTO-2025-06-05-09-24-49-724x1024.jpg 724w, https:\/\/utfpr-ct-static-content.s3.amazonaws.com\/utfpr.curitiba.br\/wp-content\/uploads\/sites\/181\/2025\/06\/PHOTO-2025-06-05-09-24-49-212x300.jpg 212w, https:\/\/utfpr-ct-static-content.s3.amazonaws.com\/utfpr.curitiba.br\/wp-content\/uploads\/sites\/181\/2025\/06\/PHOTO-2025-06-05-09-24-49-768x1086.jpg 768w, https:\/\/utfpr-ct-static-content.s3.amazonaws.com\/utfpr.curitiba.br\/wp-content\/uploads\/sites\/181\/2025\/06\/PHOTO-2025-06-05-09-24-49-1086x1536.jpg 1086w, https:\/\/utfpr-ct-static-content.s3.amazonaws.com\/utfpr.curitiba.br\/wp-content\/uploads\/sites\/181\/2025\/06\/PHOTO-2025-06-05-09-24-49.jpg 1131w\" sizes=\"(max-width: 724px) 100vw, 724px\" \/><\/figure>\n<\/div>\n\n\n\n<div class=\"wp-block-column is-layout-flow wp-block-column-is-layout-flow\"><\/div>\n<\/div>\n\n\n\n<p class=\"has-text-align-center\"><strong>\ud83c\udf3f I Jornada em Linguagens e Artes Negras e Ind\u00edgenas &amp; XII TECLIS: \ud83c\udf3f<br><\/strong><em> <strong>construindo pr\u00e1ticas antirracistas na educa\u00e7\u00e3o<\/strong><\/em><\/p>\n\n\n\n<p>\u00c9 com grande entusiasmo que convidamos toda a comunidade acad\u00eamica e externa para o evento inaugural da <strong><a href=\"https:\/\/utfpr.curitiba.br\/neabi\/i-jornada-em-linguagens-e-artes-negras-e-indigenas-e-x-teclis\/\">I Jornada em Linguagens e Artes Negras e Ind\u00edgenas e XII TECLIS<\/a><\/strong>, que ocorrer\u00e1 entre os dias 9, 10 e 11 de junho de 2025, na <a href=\"https:\/\/www.utfpr.edu.br\/campus\/curitiba\/\" target=\"_blank\" rel=\"noreferrer noopener\">UTFPR Curitiba<\/a> &#8211; Campus Sete de Setembro.<\/p>\n\n\n\n<p>Este evento, promovido pelo <a href=\"https:\/\/utfpr.curitiba.br\/neabi\/\">NEABI Diva Guimar\u00e3es<\/a> da <a href=\"https:\/\/utfpr.curitiba.br\/sejautfpr\/campus-curitiba-centro\/\" target=\"_blank\" rel=\"noreferrer noopener\">UTFPR Curitiba<\/a> e o <a href=\"https:\/\/www.instagram.com\/p\/DJCVVZcohI6\/?img_index=1\" target=\"_blank\" rel=\"noreferrer noopener\">NEABI da UFPR Litoral<\/a>, em parceria com o <a href=\"https:\/\/www.utfpr.edu.br\/cursos\/programas-de-pos-graduacao\/ppgel-ct\" target=\"_blank\" rel=\"noreferrer noopener\">Programa de P\u00f3s-Gradua\u00e7\u00e3o em Estudos de Linguagens da UTFPR<\/a>, visa construir, atrav\u00e9s de discuss\u00f5es e pr\u00e1ticas, novas perspectivas sobre as quest\u00f5es em educa\u00e7\u00e3o para as rela\u00e7\u00f5es \u00e9tnico-raciais nos estudos da linguagem, trazendo \u00e0 pauta as vozes, lutas, literaturas, hist\u00f3rias, artes, pedagogias, gram\u00e1ticas, epistemologias e tecnologias negras e ind\u00edgenas na nossa sociedade e educa\u00e7\u00e3o.<\/p>\n\n\n\n<p>O evento \u00e9 gratuito, ser\u00e1 certificado, e \u00e9 destinado a estudantes, docentes da educa\u00e7\u00e3o b\u00e1sica e superior, pesquisadores, profissionais de diversas \u00e1reas, bem como pessoas interessadas pertencentes \u00e0 comunidade externa.<\/p>\n\n\n\n<h3 class=\"wp-block-heading has-text-align-center\"><strong>Inscri\u00e7\u00f5es<\/strong><\/h3>\n\n\n\n<p><strong>Inscri\u00e7\u00f5es de trabalho<\/strong>: encerradas. <\/p>\n\n\n\n<p><strong>Inscri\u00e7\u00f5es de ouvintes<\/strong>: &nbsp;<a href=\"https:\/\/docs.google.com\/forms\/d\/e\/1FAIpQLSeNzsMkv9yciBRXRnjFc9mJxQqIlwqPI4JDlmgt7TnoSgNkFQ\/viewform\" target=\"_blank\" rel=\"noreferrer noopener\">clique aqui<\/a>. Ser\u00e1 poss\u00edvel inscri\u00e7\u00e3o de ouvinte de \u00faltima hora. <\/p>\n\n\n\n<h2 class=\"wp-block-heading has-text-align-center has-luminous-vivid-orange-color has-text-color has-link-color wp-elements-4b302dd82af3c5ecb1de9203738c8cd7\"><strong>Programa\u00e7\u00e3o<\/strong> <strong>Geral<\/strong><\/h2>\n\n\n\n<p><strong>Programa\u00e7\u00e3o dos GTs<\/strong>: <a href=\"https:\/\/utfpr.curitiba.br\/neabi\/programacao-dos-grupos-de-trabalho-gts\/\" target=\"_blank\" rel=\"noreferrer noopener\"><strong>clique aqui<\/strong><\/a>. <\/p>\n\n\n\n<p><strong>Programa\u00e7\u00e3o do Teclis<\/strong>: <strong><a href=\"https:\/\/utfpr.curitiba.br\/neabi\/programacao-teclis-2025\/\" target=\"_blank\" rel=\"noreferrer noopener\">clique aqui<\/a><\/strong>.<\/p>\n\n\n\n<p class=\"has-text-align-center has-vivid-red-color has-text-color has-link-color has-medium-font-size wp-elements-c13ceffb3dbb6ad2da5f908796d2215c\"><strong>09 de junho de 2025 \u2013 Segunda-feira<\/strong><\/p>\n\n\n\n<p><strong>14h00 \u00e0s 17h00<\/strong>: Grupos de trabalho (GTs).&nbsp;<\/p>\n\n\n\n<p><strong>14h00 \u00e0s 17h00<\/strong>: Comunica\u00e7\u00f5es Teclis.<\/p>\n\n\n\n<p><strong>A partir das 18:30<\/strong>, no Miniaudit\u00f3rio da UTFPR Sede Centro:&nbsp;<\/p>\n\n\n\n<ol class=\"wp-block-list\">\n<li><strong>Performance <\/strong>com o grupo Consolean;<\/li>\n\n\n\n<li><strong>Mesa de abertura<\/strong>, com a deputada federal Carol Dartora;<\/li>\n\n\n\n<li><em>Mesa-redonda<\/em> <strong>Pr\u00e1ticas antirracistas na educa\u00e7\u00e3o<\/strong>, com prof\u00aa. ms<sup>a<\/sup>. D\u00e9bora Maria Proen\u00e7a (SEED) e prof\u00aa. dr\u00aa. Marlina Oliveira (UNESPAR), e media\u00e7\u00e3o de Erick Brasil Lopes.<\/li>\n<\/ol>\n\n\n\n<p class=\"has-text-align-center has-vivid-red-color has-text-color has-link-color has-medium-font-size wp-elements-b3a6324d5da963267785c1a7ec508352\"><strong>10 de junho de 2025 \u2013 Ter\u00e7a-feira<\/strong><\/p>\n\n\n\n<p><strong>08h30 \u00e0s 11h30<\/strong>: Comunica\u00e7\u00f5es Teclis.<\/p>\n\n\n\n<p><strong>14h00 \u00e0s 17h30<\/strong>: Grupos de trabalho (GTs).&nbsp;<\/p>\n\n\n\n<p><strong>14h00 \u00e0s 17h00<\/strong>: Comunica\u00e7\u00f5es Teclis.<\/p>\n\n\n\n<p><strong>19h00 \u00e0s 20h45<\/strong>, no Miniaudit\u00f3rio:<\/p>\n\n\n\n<ol class=\"wp-block-list\">\n<li><strong>Performance <\/strong>com o grupo Slam Zumbi e Dandara;<\/li>\n\n\n\n<li><em>Mesa-redonda<\/em> <strong>A literatura nativa e a consci\u00eancia<\/strong>, com o escritor e professor Ol\u00edvio Jekupe, e media\u00e7\u00e3o de Waltemberg Matos de Souza.<\/li>\n<\/ol>\n\n\n\n<p><strong>21h00 \u00e0s 22h30<\/strong>: Grupos de trabalho (GTs).&nbsp;<\/p>\n\n\n\n<p class=\"has-text-align-center has-vivid-red-color has-text-color has-link-color has-medium-font-size wp-elements-51f532adc97f43e860a98a3db46ac2d6\"><strong>11 de junho de 2025 \u2013 Quarta-feira<\/strong><\/p>\n\n\n\n<p><strong>14h00 \u00e0s 17h30<\/strong>: Grupos de trabalho (GTs).&nbsp;<\/p>\n\n\n\n<p><strong>14h00 \u00e0s 17h00<\/strong>: Comunica\u00e7\u00f5es Teclis.<\/p>\n\n\n\n<p><strong>19h00 \u00e0s 20h15<\/strong>, na Sala C301:<\/p>\n\n\n\n<ul class=\"wp-block-list\">\n<li><em>Mesa-redonda<\/em> <strong>Reflex\u00f5es sobre o lugar do eu-l\u00edrico na obra <em>Um corpo negro<\/em>,&nbsp;de&nbsp;Lubi&nbsp;Prates<\/strong>, com prof<sup>a<\/sup>. dr<sup>a<\/sup>. Maria Alice Sabaini de Souza&nbsp;(UNIR), e media\u00e7\u00e3o de Tiago Claus da Silva.<\/li>\n<\/ul>\n\n\n\n<p><strong>20h30 \u00e0s 22h<\/strong>, na Sala C301: Grupos de trabalho (GTs)<\/p>\n\n\n\n<p><strong>22h15: Encerramento.<\/strong><\/p>\n\n\n\n<h4 class=\"wp-block-heading has-text-align-center has-cyan-bluish-gray-color has-text-color has-link-color wp-elements-218a57965ed6f571ffb1e07d9fcba24f\"><strong>Informa\u00e7\u00f5es e contato:<\/strong><\/h4>\n\n\n\n<p>E-mail para contato:&nbsp;<a href=\"mailto:jornadaeducacao.linguagens@gmail.com\" target=\"_blank\" rel=\"noreferrer noopener\">jornadaeducacao.linguagens@gmail.com<\/a><\/p>\n\n\n\n<p><\/p>\n","protected":false},"excerpt":{"rendered":"<p>\ud83c\udf3f I Jornada em Linguagens e Artes Negras e Ind\u00edgenas &amp; XII TECLIS: \ud83c\udf3f construindo pr\u00e1ticas antirracistas na educa\u00e7\u00e3o \u00c9<\/p>\n","protected":false},"author":39,"featured_media":0,"parent":0,"menu_order":0,"comment_status":"closed","ping_status":"closed","template":"","meta":{"colormag_page_container_layout":"default_layout","colormag_page_sidebar_layout":"default_layout","footnotes":""},"class_list":["post-383","page","type-page","status-publish","hentry"],"_links":{"self":[{"href":"https:\/\/utfpr.curitiba.br\/neabi\/wp-json\/wp\/v2\/pages\/383","targetHints":{"allow":["GET"]}}],"collection":[{"href":"https:\/\/utfpr.curitiba.br\/neabi\/wp-json\/wp\/v2\/pages"}],"about":[{"href":"https:\/\/utfpr.curitiba.br\/neabi\/wp-json\/wp\/v2\/types\/page"}],"author":[{"embeddable":true,"href":"https:\/\/utfpr.curitiba.br\/neabi\/wp-json\/wp\/v2\/users\/39"}],"replies":[{"embeddable":true,"href":"https:\/\/utfpr.curitiba.br\/neabi\/wp-json\/wp\/v2\/comments?post=383"}],"version-history":[{"count":55,"href":"https:\/\/utfpr.curitiba.br\/neabi\/wp-json\/wp\/v2\/pages\/383\/revisions"}],"predecessor-version":[{"id":768,"href":"https:\/\/utfpr.curitiba.br\/neabi\/wp-json\/wp\/v2\/pages\/383\/revisions\/768"}],"wp:attachment":[{"href":"https:\/\/utfpr.curitiba.br\/neabi\/wp-json\/wp\/v2\/media?parent=383"}],"curies":[{"name":"wp","href":"https:\/\/api.w.org\/{rel}","templated":true}]}}