{"id":340,"date":"2025-05-03T22:31:19","date_gmt":"2025-05-04T01:31:19","guid":{"rendered":"https:\/\/utfpr.curitiba.br\/neabi\/?page_id=340"},"modified":"2025-11-04T17:42:40","modified_gmt":"2025-11-04T20:42:40","slug":"atividades-2025","status":"publish","type":"page","link":"https:\/\/utfpr.curitiba.br\/neabi\/atividades-2025\/","title":{"rendered":"Atividades 2025"},"content":{"rendered":"\n<p><a href=\"https:\/\/utfpr.curitiba.br\/neabi\/circulo-de-leitura-de-literatura-negra-e-indigena\/\">C\u00edrculo de Leitura Negra e Ind\u00edgena<\/a><\/p>\n\n\n\n<p><a href=\"https:\/\/utfpr.curitiba.br\/neabi\/estudos-fanonianos-do-colonialismo-a-consciencia-negra\/\">Estudos Fanonianos: Do Colonialismo \u00e0 Consci\u00eancia Negra<\/a><\/p>\n\n\n\n<p><a href=\"https:\/\/utfpr.curitiba.br\/neabi\/ebo-nas-encruza\/\">Eb\u00f3 nas encruza<\/a><\/p>\n\n\n\n<p><a href=\"https:\/\/utfpr.curitiba.br\/neabi\/leituras-de-linguistica-aplicada-na-anticolonialidade-leilaa\/\">LeiLAA &#8211; Leituras de Lingu\u00edstica Aplicada na Anticolonialidade<\/a><\/p>\n\n\n\n<p><a href=\"https:\/\/utfpr.curitiba.br\/neabi\/grupo-de-pesquisa-de-estudos-de-heteroidentificacao-da-utfpr-gpeh-utfpr\/\">Grupo de Pesquisa de Estudos de Heteroidentifica\u00e7\u00e3o da UTFPR (GPEH-UTFPR)<\/a><\/p>\n\n\n\n<p><a href=\"https:\/\/utfpr.curitiba.br\/neabi\/i-jornada-em-linguagens-e-artes-negras-e-indigenas-e-x-teclis\/\">I Jornada em Linguagens e Artes Negras e Ind\u00edgenas e X TECLIS<\/a> (9 a 11 de junho)<\/p>\n\n\n\n<p><a href=\"https:\/\/utfpr.curitiba.br\/neabi\/ii-encontro-dos-neabis-da-utfpr-e-ii-encontro-dos-coletivos-de-estudantes-negros-da-utfpr-em-campo-mourao-2025\/\" data-type=\"link\" data-id=\"https:\/\/utfpr.curitiba.br\/neabi\/ii-encontro-dos-neabis-da-utfpr-e-ii-encontro-dos-coletivos-de-estudantes-negros-da-utfpr-em-campo-mourao-2025\/\">II Encontro dos NEABIs da UTFPR e I Encontro dos Coletivos de Estudantes Negros da UTFPR em Campo Mour\u00e3o<\/a> (1 a 3 de outubro)<\/p>\n\n\n\n<p><a href=\"https:\/\/utfpr.curitiba.br\/neabi\/ii-simposio-politicas-de-acoes-afirmativas-implementacao-construcao-e-processo\/\">II Simp\u00f3sio Pol\u00edticas de A\u00e7\u00f5es Afirmativas: implementa\u00e7\u00e3o, constru\u00e7\u00e3o e processo<\/a><\/p>\n\n\n\n<p><a href=\"https:\/\/utfpr.curitiba.br\/neabi\/i-festa-preta-indigena\/\">I Festa Preta-Ind\u00edgena<\/a> (19 de Novembro)<\/p>\n\n\n\n<p><\/p>\n\n\n\n<p><\/p>\n","protected":false},"excerpt":{"rendered":"<p>C\u00edrculo de Leitura Negra e Ind\u00edgena Estudos Fanonianos: Do Colonialismo \u00e0 Consci\u00eancia Negra Eb\u00f3 nas encruza LeiLAA &#8211; Leituras de<\/p>\n","protected":false},"author":39,"featured_media":0,"parent":0,"menu_order":0,"comment_status":"closed","ping_status":"closed","template":"","meta":{"colormag_page_container_layout":"default_layout","colormag_page_sidebar_layout":"default_layout","footnotes":""},"class_list":["post-340","page","type-page","status-publish","hentry"],"_links":{"self":[{"href":"https:\/\/utfpr.curitiba.br\/neabi\/wp-json\/wp\/v2\/pages\/340","targetHints":{"allow":["GET"]}}],"collection":[{"href":"https:\/\/utfpr.curitiba.br\/neabi\/wp-json\/wp\/v2\/pages"}],"about":[{"href":"https:\/\/utfpr.curitiba.br\/neabi\/wp-json\/wp\/v2\/types\/page"}],"author":[{"embeddable":true,"href":"https:\/\/utfpr.curitiba.br\/neabi\/wp-json\/wp\/v2\/users\/39"}],"replies":[{"embeddable":true,"href":"https:\/\/utfpr.curitiba.br\/neabi\/wp-json\/wp\/v2\/comments?post=340"}],"version-history":[{"count":25,"href":"https:\/\/utfpr.curitiba.br\/neabi\/wp-json\/wp\/v2\/pages\/340\/revisions"}],"predecessor-version":[{"id":1194,"href":"https:\/\/utfpr.curitiba.br\/neabi\/wp-json\/wp\/v2\/pages\/340\/revisions\/1194"}],"wp:attachment":[{"href":"https:\/\/utfpr.curitiba.br\/neabi\/wp-json\/wp\/v2\/media?parent=340"}],"curies":[{"name":"wp","href":"https:\/\/api.w.org\/{rel}","templated":true}]}}