{"id":329,"date":"2025-05-03T21:38:19","date_gmt":"2025-05-04T00:38:19","guid":{"rendered":"https:\/\/utfpr.curitiba.br\/neabi\/?page_id=329"},"modified":"2025-05-23T15:59:50","modified_gmt":"2025-05-23T18:59:50","slug":"estudos-fanonianos-do-colonialismo-a-consciencia-negra","status":"publish","type":"page","link":"https:\/\/utfpr.curitiba.br\/neabi\/estudos-fanonianos-do-colonialismo-a-consciencia-negra\/","title":{"rendered":"Estudos Fanonianos: Do Colonialismo \u00e0 Consci\u00eancia Negra"},"content":{"rendered":"\n<p>O curso de extens\u00e3o <strong>Estudos Fanonianos: Do Contracolonialismo \u00e0 Consci\u00eancia Negra<\/strong> \u00e9 um curso de aperfei\u00e7oamento (20 horas), ministrado pelo <strong>Prof. Dr. <a href=\"http:\/\/lattes.cnpq.br\/3496905394140131\" target=\"_blank\" rel=\"noreferrer noopener\">Ivo Pereira de Queiroz<\/a><\/strong> e promovido pelo <strong><a href=\"https:\/\/utfpr.curitiba.br\/neabi\/\">NEABI Diva Guimar\u00e3es<\/a><\/strong>.<\/p>\n\n\n\n<p>O <em><strong>objetivo <\/strong><\/em>do curso \u00e9 analisar a resist\u00eancia de Franz Fanon \u00e0 viol\u00eancia racial, por meio da an\u00e1lise dos contextos em que o autor esteve inserido, contemplando temas, problemas e elabora\u00e7\u00f5es te\u00f3ricas presentes em alguns de seus textos. A atividade prop\u00f5e uma imers\u00e3o cr\u00edtica nas obras de&nbsp;Fanon&nbsp;e outros pensadores caribenhos, discutindo temas como colonialismo, racismo, subjetividade, cl\u00ednica fanoniana e consci\u00eancia negra.<\/p>\n\n\n\n<p><a href=\"http:\/\/lattes.cnpq.br\/3496905394140131\" target=\"_blank\" rel=\"noreferrer noopener\">Ivo<\/a> \u00e9 Professor Titular Aposentado da <a href=\"https:\/\/www.utfpr.edu.br\/\" target=\"_blank\" rel=\"noreferrer noopener\">UTFPR <\/a>e membro do nosso <a href=\"https:\/\/utfpr.curitiba.br\/neabi\/\" target=\"_blank\" rel=\"noreferrer noopener\">NEABI<\/a>. Tem ampla experi\u00eancia nas \u00e1reas de Filosofia, \u00c9tica e Educa\u00e7\u00e3o Tecnol\u00f3gica, com \u00eanfase na Filosofia da Ancestralidade e Estudos Decoloniais.<\/p>\n\n\n\n<p><em><strong>Cronograma<\/strong><\/em>:<\/p>\n\n\n\n<ol class=\"wp-block-list\">\n<li>O contracolonialismo do Caribe &#8211; 20\/04<\/li>\n\n\n\n<li>Cr\u00edtica antirracista na Martinica &#8211; 28\/05<\/li>\n\n\n\n<li>Franz Fanon: intiner\u00e1rio intelectual, obras e engajamento &#8211; 25\/06<\/li>\n\n\n\n<li>Fanon e o esquematismo epid\u00e9rmico &#8211; 27\/08<\/li>\n\n\n\n<li>O &#8220;clube da humanidade&#8221; e o novo humanismo de Fanon &#8211; 24\/09<\/li>\n\n\n\n<li>A cl\u00ednica fanoniana &#8211; 29\/10<\/li>\n\n\n\n<li>Fanon e a consci\u00eancia negra &#8211; 26\/11<\/li>\n<\/ol>\n\n\n\n<p>O curso <strong>estrutura<\/strong>-se em encontros mensais, nas \u00faltimas quartas-feiras de cada m\u00eas, das 14h30 \u00e0s 16h30, na <a href=\"https:\/\/utfpr.curitiba.br\/sejautfpr\/campus-curitiba-centro\/\" target=\"_blank\" rel=\"noreferrer noopener\">UTFPR Curitiba<\/a> Campus Sete de Setembro.<\/p>\n\n\n\n<p>H\u00e1 tr\u00eas <em><strong>modalidades <\/strong><\/em>de participa\u00e7\u00e3o: (a) presencial, (b) remoto s\u00edncrono (via Google Meet) e (c) remoto ass\u00edncrono (via Grava\u00e7\u00e3o disponibilizada).<\/p>\n\n\n\n<p>Os materiais, planos, grava\u00e7\u00f5es e registros de presen\u00e7a ser\u00e3o disponibilizados no <em>Google Classroom<\/em>, cuja informa\u00e7\u00f5es ser\u00e3o comunicadas via e-mail.<\/p>\n\n\n\n<p>A <em><strong>participa\u00e7\u00e3o <\/strong><\/em>nos encontros ser\u00e1 certificada mediante registro de presen\u00e7a, mesmo nas modalides remotas. <\/p>\n\n\n\n<p>O <em><strong>p\u00fablico-alvo<\/strong><\/em> \u00e9 a comunidade universit\u00e1ria e a n\u00e3o-universit\u00e1ria interessadas no tema.<\/p>\n\n\n\n<p>Link de <strong>inscri\u00e7\u00e3o<\/strong>: <a href=\"https:\/\/docs.google.com\/forms\/d\/e\/1FAIpQLSdnb5uMzmCwQ9JwhpPI3kaGxOHDjPW_28yVFpJeF8m7uvSRNQ\/viewform\" target=\"_blank\" rel=\"noreferrer noopener\">clique aqui<\/a>.<\/p>\n\n\n\n<p>Vagas presenciais: 30. Demais participantes poder\u00e3o acompanhar de forma remota!<\/p>\n\n\n\n<figure class=\"wp-block-image aligncenter size-medium\"><img fetchpriority=\"high\" decoding=\"async\" width=\"240\" height=\"300\" src=\"https:\/\/utfpr-ct-static-content.s3.amazonaws.com\/utfpr.curitiba.br\/wp-content\/uploads\/sites\/181\/2025\/05\/divulgacao_segundo-240x300.jpg\" alt=\"\" class=\"wp-image-565\" srcset=\"https:\/\/utfpr-ct-static-content.s3.amazonaws.com\/utfpr.curitiba.br\/wp-content\/uploads\/sites\/181\/2025\/05\/divulgacao_segundo-240x300.jpg 240w, https:\/\/utfpr-ct-static-content.s3.amazonaws.com\/utfpr.curitiba.br\/wp-content\/uploads\/sites\/181\/2025\/05\/divulgacao_segundo-819x1024.jpg 819w, https:\/\/utfpr-ct-static-content.s3.amazonaws.com\/utfpr.curitiba.br\/wp-content\/uploads\/sites\/181\/2025\/05\/divulgacao_segundo-768x960.jpg 768w, https:\/\/utfpr-ct-static-content.s3.amazonaws.com\/utfpr.curitiba.br\/wp-content\/uploads\/sites\/181\/2025\/05\/divulgacao_segundo-1229x1536.jpg 1229w, https:\/\/utfpr-ct-static-content.s3.amazonaws.com\/utfpr.curitiba.br\/wp-content\/uploads\/sites\/181\/2025\/05\/divulgacao_segundo-1638x2048.jpg 1638w, https:\/\/utfpr-ct-static-content.s3.amazonaws.com\/utfpr.curitiba.br\/wp-content\/uploads\/sites\/181\/2025\/05\/divulgacao_segundo-scaled.jpg 2048w\" sizes=\"(max-width: 240px) 100vw, 240px\" \/><\/figure>\n\n\n\n<p><\/p>\n","protected":false},"excerpt":{"rendered":"<p>O curso de extens\u00e3o Estudos Fanonianos: Do Contracolonialismo \u00e0 Consci\u00eancia Negra \u00e9 um curso de aperfei\u00e7oamento (20 horas), ministrado pelo<\/p>\n","protected":false},"author":39,"featured_media":0,"parent":0,"menu_order":0,"comment_status":"closed","ping_status":"closed","template":"","meta":{"colormag_page_container_layout":"default_layout","colormag_page_sidebar_layout":"default_layout","footnotes":""},"class_list":["post-329","page","type-page","status-publish","hentry"],"_links":{"self":[{"href":"https:\/\/utfpr.curitiba.br\/neabi\/wp-json\/wp\/v2\/pages\/329","targetHints":{"allow":["GET"]}}],"collection":[{"href":"https:\/\/utfpr.curitiba.br\/neabi\/wp-json\/wp\/v2\/pages"}],"about":[{"href":"https:\/\/utfpr.curitiba.br\/neabi\/wp-json\/wp\/v2\/types\/page"}],"author":[{"embeddable":true,"href":"https:\/\/utfpr.curitiba.br\/neabi\/wp-json\/wp\/v2\/users\/39"}],"replies":[{"embeddable":true,"href":"https:\/\/utfpr.curitiba.br\/neabi\/wp-json\/wp\/v2\/comments?post=329"}],"version-history":[{"count":20,"href":"https:\/\/utfpr.curitiba.br\/neabi\/wp-json\/wp\/v2\/pages\/329\/revisions"}],"predecessor-version":[{"id":566,"href":"https:\/\/utfpr.curitiba.br\/neabi\/wp-json\/wp\/v2\/pages\/329\/revisions\/566"}],"wp:attachment":[{"href":"https:\/\/utfpr.curitiba.br\/neabi\/wp-json\/wp\/v2\/media?parent=329"}],"curies":[{"name":"wp","href":"https:\/\/api.w.org\/{rel}","templated":true}]}}