{"id":1762,"date":"2026-03-31T19:25:42","date_gmt":"2026-03-31T22:25:42","guid":{"rendered":"https:\/\/utfpr.curitiba.br\/neabi\/?page_id=1762"},"modified":"2026-03-31T19:34:14","modified_gmt":"2026-03-31T22:34:14","slug":"circulo-de-leitura-2026","status":"publish","type":"page","link":"https:\/\/utfpr.curitiba.br\/neabi\/circulo-de-leitura-2026\/","title":{"rendered":"C\u00edrculo de Leitura Literatura Negra e Ind\u00edgena 2026"},"content":{"rendered":"\n<p>1o. Encontro &#8211; 17\/3: <a href=\"https:\/\/utfpr.curitiba.br\/neabi\/circulo-de-leitura-17-03\/\"><em>Olhares Negros: Ra\u00e7a &amp; Representa\u00e7\u00e3o<\/em>, bell hooks<\/a><\/p>\n\n\n\n<p><\/p>\n","protected":false},"excerpt":{"rendered":"<p>1o. Encontro &#8211; 17\/3: Olhares Negros: Ra\u00e7a &amp; Representa\u00e7\u00e3o, bell hooks<\/p>\n","protected":false},"author":39,"featured_media":0,"parent":0,"menu_order":0,"comment_status":"closed","ping_status":"closed","template":"","meta":{"colormag_page_container_layout":"default_layout","colormag_page_sidebar_layout":"default_layout","footnotes":""},"class_list":["post-1762","page","type-page","status-publish","hentry"],"_links":{"self":[{"href":"https:\/\/utfpr.curitiba.br\/neabi\/wp-json\/wp\/v2\/pages\/1762","targetHints":{"allow":["GET"]}}],"collection":[{"href":"https:\/\/utfpr.curitiba.br\/neabi\/wp-json\/wp\/v2\/pages"}],"about":[{"href":"https:\/\/utfpr.curitiba.br\/neabi\/wp-json\/wp\/v2\/types\/page"}],"author":[{"embeddable":true,"href":"https:\/\/utfpr.curitiba.br\/neabi\/wp-json\/wp\/v2\/users\/39"}],"replies":[{"embeddable":true,"href":"https:\/\/utfpr.curitiba.br\/neabi\/wp-json\/wp\/v2\/comments?post=1762"}],"version-history":[{"count":4,"href":"https:\/\/utfpr.curitiba.br\/neabi\/wp-json\/wp\/v2\/pages\/1762\/revisions"}],"predecessor-version":[{"id":1769,"href":"https:\/\/utfpr.curitiba.br\/neabi\/wp-json\/wp\/v2\/pages\/1762\/revisions\/1769"}],"wp:attachment":[{"href":"https:\/\/utfpr.curitiba.br\/neabi\/wp-json\/wp\/v2\/media?parent=1762"}],"curies":[{"name":"wp","href":"https:\/\/api.w.org\/{rel}","templated":true}]}}