{"id":1759,"date":"2026-03-31T19:15:26","date_gmt":"2026-03-31T22:15:26","guid":{"rendered":"https:\/\/utfpr.curitiba.br\/neabi\/?page_id=1759"},"modified":"2026-03-31T19:28:57","modified_gmt":"2026-03-31T22:28:57","slug":"atividades-2026","status":"publish","type":"page","link":"https:\/\/utfpr.curitiba.br\/neabi\/atividades-2026\/","title":{"rendered":"Atividades 2026"},"content":{"rendered":"\n<p>1. <a href=\"https:\/\/utfpr.curitiba.br\/neabi\/circulo-de-leitura-2026\/\" data-type=\"page\" data-id=\"1762\">C\u00edrculo de Leitura Literatura Negro e Ind\u00edgena<\/a><\/p>\n\n\n\n<p>2. Oficinas<\/p>\n\n\n\n<p>3. Visitas T\u00e9cnicas<\/p>\n\n\n\n<p>4. III Encontro dos Neabis e Coletivos de Estudantes Negros e Ind\u00edgenas da UTFPR<\/p>\n\n\n\n<p>5. Julho das Pretas<\/p>\n\n\n\n<p>6. II Jornada em Linguagens e Artes Negras e Ind\u00edgenas<\/p>\n\n\n\n<p>7. III Simp\u00f3sio de Pol\u00edticas e A\u00e7\u00f5es Afirmativas da UTFPR<\/p>\n\n\n\n<p>8. II FESTA DIVA Preta Ind\u00edgena<\/p>\n","protected":false},"excerpt":{"rendered":"<p>1. C\u00edrculo de Leitura Literatura Negro e Ind\u00edgena 2. Oficinas 3. Visitas T\u00e9cnicas 4. III Encontro dos Neabis e Coletivos<\/p>\n","protected":false},"author":39,"featured_media":0,"parent":0,"menu_order":0,"comment_status":"closed","ping_status":"closed","template":"","meta":{"colormag_page_container_layout":"default_layout","colormag_page_sidebar_layout":"default_layout","footnotes":""},"class_list":["post-1759","page","type-page","status-publish","hentry"],"_links":{"self":[{"href":"https:\/\/utfpr.curitiba.br\/neabi\/wp-json\/wp\/v2\/pages\/1759","targetHints":{"allow":["GET"]}}],"collection":[{"href":"https:\/\/utfpr.curitiba.br\/neabi\/wp-json\/wp\/v2\/pages"}],"about":[{"href":"https:\/\/utfpr.curitiba.br\/neabi\/wp-json\/wp\/v2\/types\/page"}],"author":[{"embeddable":true,"href":"https:\/\/utfpr.curitiba.br\/neabi\/wp-json\/wp\/v2\/users\/39"}],"replies":[{"embeddable":true,"href":"https:\/\/utfpr.curitiba.br\/neabi\/wp-json\/wp\/v2\/comments?post=1759"}],"version-history":[{"count":2,"href":"https:\/\/utfpr.curitiba.br\/neabi\/wp-json\/wp\/v2\/pages\/1759\/revisions"}],"predecessor-version":[{"id":1767,"href":"https:\/\/utfpr.curitiba.br\/neabi\/wp-json\/wp\/v2\/pages\/1759\/revisions\/1767"}],"wp:attachment":[{"href":"https:\/\/utfpr.curitiba.br\/neabi\/wp-json\/wp\/v2\/media?parent=1759"}],"curies":[{"name":"wp","href":"https:\/\/api.w.org\/{rel}","templated":true}]}}