{"id":171,"date":"2024-11-11T20:49:22","date_gmt":"2024-11-11T23:49:22","guid":{"rendered":"https:\/\/utfpr.curitiba.br\/neabi\/?page_id=171"},"modified":"2024-11-13T20:58:16","modified_gmt":"2024-11-13T23:58:16","slug":"politicas-de-acoes-afirmativas-reflexoes-sobre-as-bancas-de-heteroidentificacao","status":"publish","type":"page","link":"https:\/\/utfpr.curitiba.br\/neabi\/politicas-de-acoes-afirmativas-reflexoes-sobre-as-bancas-de-heteroidentificacao\/","title":{"rendered":"Pol\u00edticas de A\u00e7\u00f5es Afirmativas: Reflex\u00f5es sobre as Bancas de Heteroidentifica\u00e7\u00e3o"},"content":{"rendered":"\n<p class=\"has-text-align-center\"><em>18 e 19 de Novembro de 2024<\/em><\/p>\n\n\n\n<p class=\"has-text-align-center\"><em>UTFPR Curitiba Sete de Setembro, Mini audit\u00f3rio<\/em><\/p>\n\n\n\n<p>Links do Youtube<\/p>\n\n\n\n<p>Dia 18\/11\/2024&nbsp;<a href=\"https:\/\/www.youtube.com\/live\/R1Gqq6yJ7z8?si=b9kM7Wy5HeDc0QHO&nbsp;\">https:\/\/www.youtube.com\/live\/R1Gqq6yJ7z8?si=b9kM7Wy5HeDc0QHO&nbsp;<\/a><\/p>\n\n\n\n<p>Dia 19\/11\/2024&nbsp;<a href=\"https:\/\/www.youtube.com\/live\/3_sh6Tw7sGA?si=AnXhlQX8naSCjPXa\" target=\"_blank\" rel=\"noreferrer noopener\">https:\/\/www.youtube.com\/live\/3_sh6Tw7sGA?si=AnXhlQX8naSCjPXa<\/a>&nbsp;&nbsp;<\/p>\n\n\n\n<p class=\"has-text-align-center\"><mark style=\"background-color:#ffffff\" class=\"has-inline-color has-vivid-red-color\">Programa\u00e7\u00e3o<\/mark>:<\/p>\n\n\n\n<p class=\"has-text-align-center\"><strong><mark class=\"has-inline-color has-vivid-green-cyan-color\">18 de novembro de 2024<\/mark><\/strong><\/p>\n\n\n\n<p><strong><em>14:00 at\u00e9 14:30 <\/em><\/strong>\u2013 Evento Cultural com \u00a0Ivo Queiroz, professor titular aposentado da U<a href=\"https:\/\/www.utfpr.edu.br\/\" target=\"_blank\" rel=\"noreferrer noopener\">niversidade Tecnol\u00f3gica Federal do Paran\u00e1<\/a> (UTFPR), e de Homenagem ao Prof. Dr.\u00a0Paulo Vinicius Baptista da Silva<\/p>\n\n\n\n<p><em><strong>14h00 at\u00e9 14h30 &#8211; Mesa de Abertura<\/strong><\/em><\/p>\n\n\n\n<p>Vanessa Ishikawa Rasoto (Assessora de Desenvolvimento Estrat\u00e9gico, como representante do Reitor da <a href=\"https:\/\/www.utfpr.edu.br\/\" target=\"_blank\" rel=\"noreferrer noopener\">UTFPR<\/a>)<\/p>\n\n\n\n<p>Jos\u00e9 Augusto Fabri (Pr\u00f3-Reitor da <a href=\"https:\/\/www.utfpr.edu.br\/estrutura\/grad\/graduacao-e-educacao-profissional\" target=\"_blank\" rel=\"noreferrer noopener\">Pr\u00f3-Reitoria de Gradua\u00e7\u00e3o e Educa\u00e7\u00e3o Profissional<\/a> da UTFPR)<\/p>\n\n\n\n<p>Amanda Crispim Ferreira (Representante dos Neabis UTFPR)<\/p>\n\n\n\n<p>Flavia Rodrigues Lima da Rocha (Representante <a href=\"https:\/\/www.ufac.br\/neabi\" target=\"_blank\" rel=\"noreferrer noopener\">Neabi UFAC<\/a>)<\/p>\n\n\n\n<p>Jussara Marques de Medeiros (Presidenta da Comiss\u00e3o Permanente Operacional das Bancas de Heteroidentifica\u00e7\u00e3o da UTFPR)<\/p>\n\n\n\n<p>Judit Gomes da Silva \u00a0(Representante <a href=\"https:\/\/www.neab.ufpr.br\/portal\/\" target=\"_blank\" rel=\"noreferrer noopener\">Neabi UFPR<\/a>)<\/p>\n\n\n\n<p>Robson Rubio Rodrigues (Representante da <a href=\"https:\/\/funtef.org\/\" target=\"_blank\" rel=\"noreferrer noopener\">Funtef<\/a>)<\/p>\n\n\n\n<p>Erick Brasil Lopes (Representante Discente Cotista)<\/p>\n\n\n\n<p><strong><em>15h00 at\u00e9 16h30 &#8211; Mesa Pol\u00edticas Afirmativas Raciais e a Luta dos Movimentos Negros<\/em><\/strong><\/p>\n\n\n\n<p>Prof.\u00aa Dr.\u00aa Silvia Maria Amorim Lima (<a href=\"https:\/\/sipad.ufpr.br\/\" target=\"_blank\" rel=\"noreferrer noopener\">UFPR SIPAD<\/a>)<\/p>\n\n\n\n<p>Prof. Dr. Jos\u00e9 Francisco dos Santos (<a href=\"https:\/\/www.utfpr.edu.br\/campus\/apucarana\/sobre\" target=\"_blank\" rel=\"noreferrer noopener\">UTFPR Campus Apucarana<\/a>)<\/p>\n\n\n\n<p><em>Debatedor<\/em>: Prof. Dr. Walker Douglas Pincerati (Coordenador do <a href=\"https:\/\/utfpr.curitiba.br\/neabi\/\" data-type=\"link\" data-id=\"https:\/\/utfpr.curitiba.br\/neabi\/\" target=\"_blank\" rel=\"noreferrer noopener\">Neabi CT UTFPR<\/a> e Secret\u00e1rio da Comiss\u00e3o Permanente Operacional das Bancas de Heteroidentifica\u00e7\u00e3o da UTFPR)<\/p>\n\n\n\n<p><strong><em>16h30 &#8211; Lanche e confraterniza\u00e7\u00e3o<\/em><\/strong><\/p>\n\n\n\n<p class=\"has-text-align-center\"><strong><mark class=\"has-inline-color has-vivid-green-cyan-color\">19 de novembro de 2024<\/mark><\/strong><\/p>\n\n\n\n<p><em><strong>14h00 at\u00e9 15h00 &#8211; <\/strong><\/em><strong><em>Mesa as Pol\u00edticas Afirmativas Raciais na Gradua\u00e7\u00e3o e na P\u00f3s-gradua\u00e7\u00e3o<\/em><\/strong><\/p>\n\n\n\n<p>Deputada Federal Carol Dartora<\/p>\n\n\n\n<p>Prof.\u00aa Dr.\u00aa Andr\u00e9a Maila Voss Kominek (Professora do <a href=\"https:\/\/www.utfpr.edu.br\/cursos\/coordenacoes\/stricto-sensu\/ppgte-ct\" target=\"_blank\" rel=\"noreferrer noopener\">PPGTE UTFPR<\/a>, pesquisadora do&nbsp; Nebraci, membro do <a href=\"https:\/\/utfpr.curitiba.br\/neabi\/\">Neabi CT<\/a>)<\/p>\n\n\n\n<p><em>Debatedora<\/em>: Prof.\u00aa Dra. Amanda Crispim Ferreira (Presidenta dos Neabis UTFPR)<\/p>\n\n\n\n<p><em><strong>15h00 at\u00e9 16h45 &#8211; Mesa Pr\u00e1ticas de Bancas de Heteroidentifica\u00e7\u00e3o<\/strong><\/em><\/p>\n\n\n\n<p>Prof.\u00aa Dr.\u00aa Flavia Rodrigues Lima da Rocha (Representante <a href=\"https:\/\/www.ufac.br\/neabi\" target=\"_blank\" rel=\"noreferrer noopener\">Neabi UFAC<\/a>)<\/p>\n\n\n\n<p>Prof. Ms. Jos\u00e9 Lucio da Silva Machado (<a href=\"https:\/\/www.utfpr.edu.br\/campus\/franciscobeltrao\" target=\"_blank\" rel=\"noreferrer noopener\">UTFPR Francisco Beltr\u00e3o<\/a> e Vice-Presidente da Comiss\u00e3o Permanente das Bancas de Heteroidentifica\u00e7\u00e3o da UTFPR)<\/p>\n\n\n\n<p>Prof. Dr. Walker Douglas Pincerati (Coordenador do <a href=\"https:\/\/utfpr.curitiba.br\/neabi\/\" data-type=\"link\" data-id=\"https:\/\/utfpr.curitiba.br\/neabi\/\" target=\"_blank\" rel=\"noreferrer noopener\">Neabi CT UTFPR<\/a> e Secret\u00e1rio da Comiss\u00e3o Permanente Operacional das Bancas de Heteroidentifica\u00e7\u00e3o da UTFPR)<\/p>\n\n\n\n<p><em>Debatedora<\/em>: Prof.\u00aa Dr.\u00aa Jussara Marques de Medeiros (Presidenta da Comiss\u00e3o Permanente Operacional das Bancas de Heteroidentifica\u00e7\u00e3o da UTFPR)<\/p>\n\n\n\n<p><strong><em>16h45 &#8211; COQUETEL<\/em><\/strong><\/p>\n\n\n\n<p><\/p>\n","protected":false},"excerpt":{"rendered":"<p>18 e 19 de Novembro de 2024 UTFPR Curitiba Sete de Setembro, Mini audit\u00f3rio Links do Youtube Dia 18\/11\/2024&nbsp;https:\/\/www.youtube.com\/live\/R1Gqq6yJ7z8?si=b9kM7Wy5HeDc0QHO&nbsp; Dia<\/p>\n","protected":false},"author":39,"featured_media":0,"parent":0,"menu_order":0,"comment_status":"closed","ping_status":"closed","template":"","meta":{"colormag_page_container_layout":"default_layout","colormag_page_sidebar_layout":"default_layout","footnotes":""},"class_list":["post-171","page","type-page","status-publish","hentry"],"_links":{"self":[{"href":"https:\/\/utfpr.curitiba.br\/neabi\/wp-json\/wp\/v2\/pages\/171","targetHints":{"allow":["GET"]}}],"collection":[{"href":"https:\/\/utfpr.curitiba.br\/neabi\/wp-json\/wp\/v2\/pages"}],"about":[{"href":"https:\/\/utfpr.curitiba.br\/neabi\/wp-json\/wp\/v2\/types\/page"}],"author":[{"embeddable":true,"href":"https:\/\/utfpr.curitiba.br\/neabi\/wp-json\/wp\/v2\/users\/39"}],"replies":[{"embeddable":true,"href":"https:\/\/utfpr.curitiba.br\/neabi\/wp-json\/wp\/v2\/comments?post=171"}],"version-history":[{"count":21,"href":"https:\/\/utfpr.curitiba.br\/neabi\/wp-json\/wp\/v2\/pages\/171\/revisions"}],"predecessor-version":[{"id":207,"href":"https:\/\/utfpr.curitiba.br\/neabi\/wp-json\/wp\/v2\/pages\/171\/revisions\/207"}],"wp:attachment":[{"href":"https:\/\/utfpr.curitiba.br\/neabi\/wp-json\/wp\/v2\/media?parent=171"}],"curies":[{"name":"wp","href":"https:\/\/api.w.org\/{rel}","templated":true}]}}