{"id":1700,"date":"2026-03-05T19:54:02","date_gmt":"2026-03-05T22:54:02","guid":{"rendered":"https:\/\/utfpr.curitiba.br\/neabi\/?page_id=1700"},"modified":"2026-03-05T19:54:03","modified_gmt":"2026-03-05T22:54:03","slug":"inscritos-licenciando-2026","status":"publish","type":"page","link":"https:\/\/utfpr.curitiba.br\/neabi\/inscritos-licenciando-2026\/","title":{"rendered":"INSCRITOS LICENCIANDO 2026"},"content":{"rendered":"\n<p><strong>LISTA DE INSCRITOS DO LICENCIANDO NEABI\/DALEM\/DALIC 2026<br><\/strong><\/p>\n\n\n\n<p><em><strong>Bolsistas<\/strong><\/em>:<\/p>\n\n\n\n<p>Ar\u00ea Camomila Da Silva<\/p>\n\n\n\n<p>Gabriel Luca Zolkiewicz<\/p>\n\n\n\n<p>Icaro Ryan De Amorim Martins<\/p>\n\n\n\n<p>Isabela da Maia<\/p>\n\n\n\n<p>Isadora Nunes de Aquino<\/p>\n\n\n\n<p>Nathaly Alves Grun<\/p>\n\n\n\n<p>Rigel Antonio Gapski Santos<\/p>\n\n\n\n<p><em><strong>Volunt\u00e1rios<\/strong>: <\/em><\/p>\n\n\n\n<p>Sem inscri\u00e7\u00f5es.<\/p>\n\n\n\n<p><em><strong>Inscri\u00e7\u00f5es n\u00e3o homologadas<\/strong><\/em>:<\/p>\n\n\n\n<p>Caroline Iatzaki &#8211; por falta de documenta\u00e7\u00e3o<\/p>\n\n\n\n<p><\/p>\n","protected":false},"excerpt":{"rendered":"<p>LISTA DE INSCRITOS DO LICENCIANDO NEABI\/DALEM\/DALIC 2026 Bolsistas: Ar\u00ea Camomila Da Silva Gabriel Luca Zolkiewicz Icaro Ryan De Amorim Martins<\/p>\n","protected":false},"author":39,"featured_media":0,"parent":0,"menu_order":0,"comment_status":"closed","ping_status":"closed","template":"","meta":{"colormag_page_container_layout":"default_layout","colormag_page_sidebar_layout":"default_layout","footnotes":""},"class_list":["post-1700","page","type-page","status-publish","hentry"],"_links":{"self":[{"href":"https:\/\/utfpr.curitiba.br\/neabi\/wp-json\/wp\/v2\/pages\/1700","targetHints":{"allow":["GET"]}}],"collection":[{"href":"https:\/\/utfpr.curitiba.br\/neabi\/wp-json\/wp\/v2\/pages"}],"about":[{"href":"https:\/\/utfpr.curitiba.br\/neabi\/wp-json\/wp\/v2\/types\/page"}],"author":[{"embeddable":true,"href":"https:\/\/utfpr.curitiba.br\/neabi\/wp-json\/wp\/v2\/users\/39"}],"replies":[{"embeddable":true,"href":"https:\/\/utfpr.curitiba.br\/neabi\/wp-json\/wp\/v2\/comments?post=1700"}],"version-history":[{"count":1,"href":"https:\/\/utfpr.curitiba.br\/neabi\/wp-json\/wp\/v2\/pages\/1700\/revisions"}],"predecessor-version":[{"id":1701,"href":"https:\/\/utfpr.curitiba.br\/neabi\/wp-json\/wp\/v2\/pages\/1700\/revisions\/1701"}],"wp:attachment":[{"href":"https:\/\/utfpr.curitiba.br\/neabi\/wp-json\/wp\/v2\/media?parent=1700"}],"curies":[{"name":"wp","href":"https:\/\/api.w.org\/{rel}","templated":true}]}}