{"id":1686,"date":"2026-02-23T12:48:47","date_gmt":"2026-02-23T15:48:47","guid":{"rendered":"https:\/\/utfpr.curitiba.br\/neabi\/?page_id=1686"},"modified":"2026-02-27T12:06:04","modified_gmt":"2026-02-27T15:06:04","slug":"edital-no-1-2026","status":"publish","type":"page","link":"https:\/\/utfpr.curitiba.br\/neabi\/edital-no-1-2026\/","title":{"rendered":"EDITAL N\u00ba 1\/2026"},"content":{"rendered":"\n<p><\/p>\n\n\n\n<p><strong>UNIVERSIDADE TECNOL\u00d3GICA FEDERAL DO PARAN\u00c1<\/strong><\/p>\n\n\n\n<p><strong>PR\u00d3-REITORIA DE GRADUA\u00c7\u00c3O E EDUCA\u00c7\u00c3O PROFISSIONAL<\/strong><\/p>\n\n\n\n<p><strong>EDITAL N\u00ba 1\/2026 \u2013 PROGRAD LICENCIANDO\/NEABI DIVA\/DALEM\/DALIC<\/strong><\/p>\n\n\n\n<p><strong>SELE\u00c7\u00c3O DE BOLSISTAS E VOLUNT\u00c1RIOS PARA O PROJETO LICENCIANDO EM EDUCA\u00c7\u00c3O DAS RELA\u00c7\u00d5ES \u00c9TNICO-RACIAIS (E.R.E.R.)<\/strong><\/p>\n\n\n\n<p>As Coordena\u00e7\u00f5es do N\u00facleo de Estudos Afro-brasileiros e Ind\u00edgenas da Universidade Tecnol\u00f3gica Federal do Paran\u00e1 \u2013 Campus Curitiba (NEABI Diva Guimar\u00e3es), e dos cursos de gradua\u00e7\u00e3o Letras Ingl\u00eas (DALEM) e Letras Portugu\u00eas (DALIC), por meio do EDITAL PROGRAD 49\/2025 Projeto Licenciando, torna p\u00fablico que est\u00e3o abertas as inscri\u00e7\u00f5es para a sele\u00e7\u00e3o de estudantes para atuar no Projeto <em>E.R.E.R. entre Universidade, Espa\u00e7os de Povos Tradicionais e Escola: por pr\u00e1ticas docentes antirracistas<\/em>, a fim de fortalecer a educa\u00e7\u00e3o para as rela\u00e7\u00f5es \u00e9tnico-raciais, conforme os valores civilizat\u00f3rios consolidados das Leis 10.639\/2003, 11.645\/2008 e 12.288\/2010.<\/p>\n\n\n\n<p><strong>1. DO OBJETO<\/strong><\/p>\n\n\n\n<p>1.1. O presente Edital objetiva selecionar estudantes regularmente matriculados em cursos de Licenciatura da UTFPR-CT nas modalidades BOLSISTA e VOLUNT\u00c1RIO.<\/p>\n\n\n\n<h4 class=\"wp-block-heading\"><strong>2. DO PROJETO<\/strong><\/h4>\n\n\n\n<p>2.1. O projeto objetiva fortalecer, consolidar e promover forma\u00e7\u00e3o cidad\u00e3 e acad\u00eamica de docentes versados em E.R.E.R. em estreita rela\u00e7\u00e3o e viv\u00eancias em espa\u00e7os formais da Educa\u00e7\u00e3o B\u00e1sica e espa\u00e7os n\u00e3o-formais de Educa\u00e7\u00e3o, as comunidades dos povos tradicionais (ind\u00edgenas, quilombolas, povos de terreiros).<\/p>\n\n\n\n<p>2.2. A iniciativa visa intervir qualificadamente na din\u00e2mica de produ\u00e7\u00e3o do conhecimento cient\u00edfico e escolar a partir de elementos das culturas negras e ind\u00edgenas, bem como propor a\u00e7\u00f5es formativas alicer\u00e7adas em movimentos colaborativos e integrados, com o firme prop\u00f3sito de acolher e suprir as demandas apresentadas por quem atua na doc\u00eancia da Educa\u00e7\u00e3o B\u00e1sica;<\/p>\n\n\n\n<p>2.3. Busca-se mobilizar o corpo discente das licenciaturas para atuar como agente de transforma\u00e7\u00e3o social e educacional, fomentando a capacidade de articular saberes te\u00f3ricos e pr\u00e1ticos no planejamento e na execu\u00e7\u00e3o das a\u00e7\u00f5es propostas, colaborando, dessa forma, para o efetivo aprimoramento dos processos de ensino e aprendizagem na Educa\u00e7\u00e3o B\u00e1sica.<\/p>\n\n\n\n<h4 class=\"wp-block-heading\"><strong>3. DAS ATIVIDADES DE CAMPO E PR\u00c1TICAS<\/strong><\/h4>\n\n\n\n<p>3.1. Al\u00e9m das atividades de estudo e planejamento, o projeto prev\u00ea a imers\u00e3o, experi\u00eancias e viv\u00eancias, por meio de visitas t\u00e9cnicas, de estudantes nos espa\u00e7os supracitados.&nbsp;<\/p>\n\n\n\n<h4 class=\"wp-block-heading\"><strong>4. DAS VAGAS E DA BOLSA<\/strong><\/h4>\n\n\n\n<p>4.1. Ser\u00e3o selecionados:<\/p>\n\n\n\n<ul class=\"wp-block-list\">\n<li><strong>04 (quatro)<\/strong> estudantes para a modalidade <strong>BOLSISTA<\/strong>,<\/li>\n\n\n\n<li><strong>06 (seis)<\/strong> estudantes para a modalidade <strong>VOLUNT\u00c1RIO (N\u00c3O BOLSISTA)<\/strong>.<\/li>\n<\/ul>\n\n\n\n<p>4.2. O valor da bolsa \u00e9 de <strong>R$ 700,00 (setecentos reais) <\/strong>mensais;<\/p>\n\n\n\n<p>4.3. A vig\u00eancia da bolsa ter\u00e1 a dura\u00e7\u00e3o de 16\/03\/2026 a 18\/12\/2026;<\/p>\n\n\n\n<p>4.4. A carga hor\u00e1ria semanal de dedica\u00e7\u00e3o \u00e0s atividades ao projeto do bolsista \u00e9 de <strong>12 (doze) horas semanais<\/strong>, estipulada em Plano de Trabalho, com anu\u00eancia da coordena\u00e7\u00e3o do projeto;<\/p>\n\n\n\n<p>4.5. A carga hor\u00e1ria semanal de dedica\u00e7\u00e3o \u00e0s atividades ao projeto do volunt\u00e1rio ser\u00e1 negociada e estipulada em Plano de Trabalho, com anu\u00eancia da coordena\u00e7\u00e3o do projeto.<\/p>\n\n\n\n<h4 class=\"wp-block-heading\"><strong>5. DOS REQUISITOS PARA PARTICIPA\u00c7\u00c3O<\/strong><\/h4>\n\n\n\n<p>5.1. Podem participar da sele\u00e7\u00e3o de bolsistas estudantes matriculados a partir do 3\u00ba semestre;<\/p>\n\n\n\n<p>5.2. Podem participar da sele\u00e7\u00e3o de volunt\u00e1rios estudantes matriculados a partir de qualquer semestre;<\/p>\n\n\n\n<p>5.3. Ter, no caso de bolsista, disponibilidade de 12 horas semanais, sem preju\u00edzo das atividades acad\u00eamicas regulares;<\/p>\n\n\n\n<p>5.4. Ter disponibilidade para participar das visitas t\u00e9cnicas;<\/p>\n\n\n\n<p>5.5. Cumprir as regras estabelecidas e encaminhar com zelo a documenta\u00e7\u00e3o solicitada neste edital.<\/p>\n\n\n\n<h4 class=\"wp-block-heading\"><strong>6. DAS ATRIBUI\u00c7\u00d5ES<\/strong><\/h4>\n\n\n\n<p>Conforme as normas do projeto, ficam estabelecidas as seguintes atribui\u00e7\u00f5es para os discentes selecionados:<\/p>\n\n\n\n<p><strong>6.1. Atribui\u00e7\u00f5es do BOLSISTA:<\/strong><\/p>\n\n\n\n<p>6.1.1. Cumprir carga hor\u00e1ria de 12 (doze) horas semanais;<\/p>\n\n\n\n<p>6.1.2. Participar de todas as atividades previstas no projeto, conforme orienta\u00e7\u00e3o do docente coordenador:<\/p>\n\n\n\n<ol class=\"wp-block-list\">\n<li>trabalhar para o fortalecimento da E.R.E.R., planejando, executando e avaliando a\u00e7\u00f5es de ensino\/pesquisa\/extens\u00e3o entre a universidade e os espa\u00e7os em causa;<\/li>\n\n\n\n<li>estabelecer forma\u00e7\u00e3o docente em E.R.E.R. em viv\u00eancias no Neabi Diva Guimar\u00e3es nas suas rela\u00e7\u00f5es com as comunidades interna e externa, apropriando-se de elementos afro-diasp\u00f3ricos e ind\u00edgenas para forma\u00e7\u00e3o de conceitos;<\/li>\n\n\n\n<li>estudar, refletir, discutir e registrar t\u00e1ticas e estrat\u00e9gias de ensino-aprendizagem em E.R.E.R. a partir das viv\u00eancias e experi\u00eancias no projeto, visando cumprir a legisla\u00e7\u00e3o educacional antirracista vigente;<\/li>\n\n\n\n<li>realizar visitas t\u00e9cnicas nos espa\u00e7os formais e nos espa\u00e7os tradicionais de educa\u00e7\u00e3o;<\/li>\n\n\n\n<li>construir rela\u00e7\u00f5es cooperativas socioeducativas e culturais com os espa\u00e7os em causa;<\/li>\n\n\n\n<li>organizar e particular a&nbsp; II Jornada Linguagens e Artes Negras e Ind\u00edgenas, do II Encontros dos Neabis da UTFPR e Coletivos Negros e Ind\u00edgenas da UTFPR, da II FESTA DIVA Preta Ind\u00edgena;<\/li>\n\n\n\n<li>ao t\u00e9rmino, produzir relat\u00f3rio circunstanciado das atividades realizadas, apresentando e discutindo os pontos negativos e positivos,&nbsp; os resultados alcan\u00e7ados e sugest\u00f5es futuras.<\/li>\n<\/ol>\n\n\n\n<p>6.1.3. Preencher, assinar e encaminhar ao docente, coordenador do projeto, o Termo de Compromisso at\u00e9 o dia 12\/03\/2026;<\/p>\n\n\n\n<p>6.1.4. Zelar pelo patrim\u00f4nio e nome do Neabi e da UTFPR, bem como cumprir com todas as suas normas e normativas internas;<\/p>\n\n\n\n<p>6.1.5. Auxiliar na organiza\u00e7\u00e3o e participar da IV Semana Integrada das Licenciaturas da UTFPR (SIL da UTFPR); e&nbsp;<\/p>\n\n\n\n<p>6.1.6. Responder, ao t\u00e9rmino do per\u00edodo previsto para o projeto, a um formul\u00e1rio contendo quest\u00f5es objetivas e abertas, a ser elaborado pela ASLIC\/PROGRAD, relativo \u00e0s atividades desenvolvidas e \u00e0 sua experi\u00eancia como discente no projeto.<\/p>\n\n\n\n<p><strong>6.2. Atribui\u00e7\u00f5es do N\u00c3O BOLSISTA (VOLUNT\u00c1RIO):<\/strong><\/p>\n\n\n\n<p>6.2.1. Participar de todas as atividades previstas no projeto, conforme orienta\u00e7\u00e3o do docente coordenador:<\/p>\n\n\n\n<ol start=\"8\" class=\"wp-block-list\">\n<li>trabalhar para o fortalecimento da E.R.E.R., planejando, executando e avaliando a\u00e7\u00f5es de ensino\/pesquisa\/extens\u00e3o entre a universidade e os espa\u00e7os em causa;<\/li>\n\n\n\n<li>estabelecer forma\u00e7\u00e3o docente em E.R.E.R. em viv\u00eancias no Neabi Diva Guimar\u00e3es nas suas rela\u00e7\u00f5es com as comunidades interna e externa, apropriando-se de elementos afro-diasp\u00f3ricos e ind\u00edgenas para forma\u00e7\u00e3o de conceitos;<\/li>\n\n\n\n<li>estudar, refletir, discutir e registrar t\u00e1ticas e estrat\u00e9gias de ensino-aprendizagem em E.R.E.R. a partir das viv\u00eancias e experi\u00eancias no projeto, visando cumprir a legisla\u00e7\u00e3o educacional antirracista vigente;<\/li>\n\n\n\n<li>realizar visitas t\u00e9cnicas nos espa\u00e7os formais e nos espa\u00e7os tradicionais de educa\u00e7\u00e3o;<\/li>\n\n\n\n<li>construir rela\u00e7\u00f5es cooperativas socioeducativas e culturais com os espa\u00e7os em causa;<\/li>\n\n\n\n<li>&nbsp;particular da&nbsp; II Jornada Linguagens e Artes Negras e Ind\u00edgenas, do II Encontros dos Neabis da UTFPR e Coletivos Negros e Ind\u00edgenas da UTFPR e da II FESTA DIVA Preta Ind\u00edgena;<\/li>\n\n\n\n<li>ao t\u00e9rmino, produzir relat\u00f3rio circunstanciado das atividades realizadas, apresentando e discutindo os pontos negativos e positivos, os resultados alcan\u00e7ados e sugest\u00f5es futuras.<\/li>\n<\/ol>\n\n\n\n<p>6.2.2. Preencher, assinar e encaminhar ao docente, coordenador do projeto, o Termo de Compromisso (conforme Anexo III deste Edital) at\u00e9 12\/03\/2026;<\/p>\n\n\n\n<p>6.2.3. Zelar pelo patrim\u00f4nio e nome da UTFPR, bem como cumprir suas normas internas;<\/p>\n\n\n\n<p>6.2.4. Caso solicitado pelo coordenador do projeto, auxiliar na organiza\u00e7\u00e3o e participar da IV Semana Integrada das Licenciaturas da UTFPR-CT (SIL da UTFPR);<\/p>\n\n\n\n<p>6.2.5. Responder, ao t\u00e9rmino do per\u00edodo previsto para o projeto, a um formul\u00e1rio contendo quest\u00f5es objetivas e abertas, a ser elaborado pela ASLIC\/PROGRAD, relativo \u00e0s atividades desenvolvidas e \u00e0 sua experi\u00eancia como discente no projeto;<\/p>\n\n\n\n<h4 class=\"wp-block-heading\"><strong>7. DAS INSCRI\u00c7\u00d5ES<\/strong><\/h4>\n\n\n\n<p>7.1. As inscri\u00e7\u00f5es estar\u00e3o abertas no per\u00edodo de <strong>23 de fevereiro de 2026<\/strong> at\u00e9 <strong>\u00e0s 23:59 do dia\u00a0 03 de mar\u00e7o de 2026<\/strong>.<\/p>\n\n\n\n<p>7.2. Para realizar a inscri\u00e7\u00e3o, o candidato dever\u00e1 acessar o link de inscri\u00e7\u00e3o na p\u00e1gina do Edital: <a href=\"https:\/\/utfpr.curitiba.br\/neabi\/edital-01-2026-licenciando\/\">https:\/\/utfpr.curitiba.br\/neabi\/edital-01-2026-licenciando\/<\/a> ou ir diretamente pelo link <a href=\"https:\/\/forms.gle\/7jeb11VcztcB6ZTW8\" target=\"_blank\" rel=\"noreferrer noopener\">https:\/\/forms.gle\/7jeb11VcztcB6ZTW8<\/a>;&nbsp;<\/p>\n\n\n\n<p>7.3. Ao se inscrever, o candidato declara aceitar todas as condi\u00e7\u00f5es estabelecidas neste edital.<\/p>\n\n\n\n<h4 class=\"wp-block-heading\"><strong>8. DOS CRIT\u00c9RIOS DE SELE\u00c7\u00c3O<\/strong><\/h4>\n\n\n\n<p>8.1. A sele\u00e7\u00e3o dos candidatos ser\u00e1 realizada pela coordena\u00e7\u00e3o do projeto, observando os seguintes crit\u00e9rios:<\/p>\n\n\n\n<p>I &#8211; [valor 0 a 10] Coeficiente de rendimento absoluto (CRA);<\/p>\n\n\n\n<p>II &#8211; [valor 0 a 10] Documenta\u00e7\u00e3o correta + preenchimento do formul\u00e1rio + curr\u00edculo documentado seguido de comprovantes de participa\u00e7\u00e3o em projetos\/a\u00e7\u00f5es\/eventos\/organiza\u00e7\u00f5es acad\u00eamicos, culturais e\/ou comunit\u00e1rias, preferencialmente ligados \u00e0 E.R.E.R e\/ou \u00e0 Licenciatura.&nbsp;<\/p>\n\n\n\n<p><strong>ORDEM DOS DOCUMENTOS EM ORDEM:<\/strong><br>(a) Hist\u00f3rico Escolar; (b) Declara\u00e7\u00e3o de matr\u00edcula; (c) Curr\u00edculo (Lattes, se houver) documentado com (d) Comprovantes;&nbsp;<\/p>\n\n\n\n<p>III &#8211; [valor 0 a 10] Carta pedag\u00f3gica \u2013 deve ter: apresenta\u00e7\u00e3o pessoal; rela\u00e7\u00e3o entre sua trajet\u00f3ria de vida, seu curso e a E.R.E.R.; discuss\u00e3o das atividades j\u00e1 desenvolvidas nessa tem\u00e1tica e\/ou na licenciatura; propostas e expectativas da sua participa\u00e7\u00e3o neste projeto para sua futura atua\u00e7\u00e3o profissional docente.<\/p>\n\n\n\n<p><strong>8.2. Re\u00fana todos os documentos em um \u00fanico arquivo, na ordem estabelecida acima, e anexe-o ao formul\u00e1rio de inscri\u00e7\u00e3o.<\/strong><\/p>\n\n\n\n<p>8.3. A documenta\u00e7\u00e3o ser\u00e1 verificada pela banca de integrantes do Neabi Diva e sua Coordena\u00e7\u00e3o, que atribuir\u00e3o as notas e as m\u00e9dia (de 0 a 10), avaliando:<\/p>\n\n\n\n<ol class=\"wp-block-list\">\n<li>organiza\u00e7\u00e3o, capricho, exatid\u00e3o e veracidade;<\/li>\n\n\n\n<li>argumenta\u00e7\u00e3o, descri\u00e7\u00e3o e aten\u00e7\u00e3o ao solicitado na carta;<\/li>\n\n\n\n<li>respeito ao g\u00eanero carta pedag\u00f3gica e \u00e0 textualidade (coes\u00e3o e coer\u00eancia);<\/li>\n\n\n\n<li>verifica\u00e7\u00e3o da documenta\u00e7\u00e3o comprobat\u00f3ria.<\/li>\n<\/ol>\n\n\n\n<p><\/p>\n\n\n\n<h4 class=\"wp-block-heading\"><strong>9. DO RESULTADO<\/strong><\/h4>\n\n\n\n<p>9.1. O resultado da sele\u00e7\u00e3o ser\u00e1 divulgado na p\u00e1gina deste Edital no site do NEABI Diva Guimar\u00e3es: <a href=\"https:\/\/utfpr.curitiba.br\/neabi\/edital-01-2026-licenciando\/\">https:\/\/utfpr.curitiba.br\/neabi\/edital-01-2026-licenciando\/<\/a>.<\/p>\n\n\n\n<p>9.2 Em caso de desist\u00eancia ou vac\u00e2ncia durante o per\u00edodo de vig\u00eancia deste Edital, poder\u00e1 ser convocado outro candidato, respeitando a ordem publicada no resultado final.<\/p>\n\n\n\n<p>9.3. Em caso de desist\u00eancia ou vac\u00e2ncia durante o per\u00edodo de vig\u00eancia deste Edital, e a lista de espera de bolsistas estiver esgotada, volunt\u00e1rios poder\u00e3o assumir a bolsa desde que declarem aceite.&nbsp;<\/p>\n\n\n\n<p>9.4. Toda convoca\u00e7\u00e3o ser\u00e1 realizada via e-mail informado no ato de inscri\u00e7\u00e3o.<\/p>\n\n\n\n<h4 class=\"wp-block-heading\"><strong>10. DISPOSI\u00c7\u00d5ES GERAIS<\/strong><\/h4>\n\n\n\n<p>10.1. As d\u00favidas e\/ou omiss\u00f5es deste Edital ser\u00e3o dirimidas pela Coordena\u00e7\u00e3o do Projeto, pelo e-mail: <a href=\"mailto:neabi-ct@utfpr.edu.br\">neabi-ct@utfpr.edu.br<\/a>.&nbsp;<\/p>\n\n\n\n<p>10.2. A perda dos prazos implicar\u00e1 na desclassifica\u00e7\u00e3o do candidato.<\/p>\n\n\n\n<p>10.3. O presente edital entra em vigor na data de sua publica\u00e7\u00e3o.<\/p>\n\n\n\n<p>Curitiba, 21 de fevereiro de 2026<\/p>\n\n\n\n<p>Coordena\u00e7\u00e3o do Projeto<\/p>\n\n\n\n<p><\/p>\n\n\n\n<p class=\"has-text-align-center\"><strong>CRONOGRAMA DE EXECU\u00c7\u00c3O<\/strong><\/p>\n\n\n\n<figure class=\"wp-block-table\"><table class=\"has-fixed-layout\"><tbody><tr><td>SITUA\u00c7\u00c3O<\/td><td>DATAS<\/td><\/tr><tr><td>Publica\u00e7\u00e3o do Edital 00\/00 NEABI Diva<\/td><td>23\/02\/2026<\/td><\/tr><tr><td>Inscri\u00e7\u00e3o dos Candidatos<\/td><td>23\/02\/2026 at\u00e9 03\/03\/2026<\/td><\/tr><tr><td>Divulga\u00e7\u00e3o da Lista de Inscritos<\/td><td>04\/03\/2026<\/td><\/tr><tr><td>Resultado Preliminar<\/td><td>06\/03\/2026<\/td><\/tr><tr><td>Interposi\u00e7\u00e3o de Recurso ao Resultado Preliminar<\/td><td>06\/03\/2026 a 07\/03\/2026<\/td><\/tr><tr><td>Resultado da interposi\u00e7\u00e3o de Recurso quanto ao Resultado Preliminar<\/td><td>09\/03\/2026<\/td><\/tr><tr><td>Divulga\u00e7\u00e3o do Resultado Final<\/td><td>09\/03\/2026<\/td><\/tr><tr><td>Edital de Convoca\u00e7\u00e3o e solicita\u00e7\u00e3o de documentos<\/td><td>09\/03\/2026<\/td><\/tr><tr><td>Envio de documentos assinados<\/td><td>09\/03\/2026 a 11\/03\/2026<\/td><\/tr><tr><td>In\u00edcio das Atividades do bolsista selecionado<\/td><td>16\/03\/2026<\/td><\/tr><tr><td>T\u00e9rmino das Atividades do bolsista selecionado<\/td><td>18\/12\/2026<\/td><\/tr><tr><td>Entrega do Relat\u00f3rio Final para o NEABI Diva<\/td><td>18\/12\/2026<\/td><\/tr><\/tbody><\/table><\/figure>\n","protected":false},"excerpt":{"rendered":"<p>UNIVERSIDADE TECNOL\u00d3GICA FEDERAL DO PARAN\u00c1 PR\u00d3-REITORIA DE GRADUA\u00c7\u00c3O E EDUCA\u00c7\u00c3O PROFISSIONAL EDITAL N\u00ba 1\/2026 \u2013 PROGRAD LICENCIANDO\/NEABI DIVA\/DALEM\/DALIC SELE\u00c7\u00c3O DE<\/p>\n","protected":false},"author":39,"featured_media":0,"parent":0,"menu_order":0,"comment_status":"closed","ping_status":"closed","template":"","meta":{"colormag_page_container_layout":"default_layout","colormag_page_sidebar_layout":"default_layout","footnotes":""},"class_list":["post-1686","page","type-page","status-publish","hentry"],"_links":{"self":[{"href":"https:\/\/utfpr.curitiba.br\/neabi\/wp-json\/wp\/v2\/pages\/1686","targetHints":{"allow":["GET"]}}],"collection":[{"href":"https:\/\/utfpr.curitiba.br\/neabi\/wp-json\/wp\/v2\/pages"}],"about":[{"href":"https:\/\/utfpr.curitiba.br\/neabi\/wp-json\/wp\/v2\/types\/page"}],"author":[{"embeddable":true,"href":"https:\/\/utfpr.curitiba.br\/neabi\/wp-json\/wp\/v2\/users\/39"}],"replies":[{"embeddable":true,"href":"https:\/\/utfpr.curitiba.br\/neabi\/wp-json\/wp\/v2\/comments?post=1686"}],"version-history":[{"count":5,"href":"https:\/\/utfpr.curitiba.br\/neabi\/wp-json\/wp\/v2\/pages\/1686\/revisions"}],"predecessor-version":[{"id":1695,"href":"https:\/\/utfpr.curitiba.br\/neabi\/wp-json\/wp\/v2\/pages\/1686\/revisions\/1695"}],"wp:attachment":[{"href":"https:\/\/utfpr.curitiba.br\/neabi\/wp-json\/wp\/v2\/media?parent=1686"}],"curies":[{"name":"wp","href":"https:\/\/api.w.org\/{rel}","templated":true}]}}