{"id":1678,"date":"2026-02-18T15:50:54","date_gmt":"2026-02-18T18:50:54","guid":{"rendered":"https:\/\/utfpr.curitiba.br\/neabi\/?page_id=1678"},"modified":"2026-03-09T11:04:14","modified_gmt":"2026-03-09T14:04:14","slug":"edital-01-2026-licenciando","status":"publish","type":"page","link":"https:\/\/utfpr.curitiba.br\/neabi\/edital-01-2026-licenciando\/","title":{"rendered":"EDITAL 01\/2026 Licenciando"},"content":{"rendered":"\n<p><strong>EDITAL DIVA 01\/2026: SELE\u00c7\u00c3O DE BOLSISTAS E VOLUNT\u00c1RIOS PARA PROJETO LICENCIANDO DO NEABI DIVA GUIMAR\u00c3ES<\/strong><\/p>\n\n\n\n<p>A Coordena\u00e7\u00e3o do N\u00facleo de Estudos Afro-brasileiros e Ind\u00edgenas da Universidade Tecnol\u00f3gica Federal do Paran\u00e1 \u2013 Campus Curitiba (NEABI Diva Guimar\u00e3es), por meio do <a href=\"https:\/\/sei.utfpr.edu.br\/sei\/publicacoes\/controlador_publicacoes.php?acao=publicacao_visualizar&amp;id_documento=5710391&amp;id_orgao_publicacao=0\" target=\"_blank\" rel=\"noreferrer noopener\">EDITAL PROGRAD 49\/2025 Projeto Licenciando<\/a>, torna p\u00fablico que est\u00e3o abertas as inscri\u00e7\u00f5es para a sele\u00e7\u00e3o de estudantes para atuar no <strong>Projeto <em>E.R.E.R. entre Universidade, Espa\u00e7os de Povos Tradicionais e Escola: por pr\u00e1ticas docentes antirracistas<\/em><\/strong>, a fim de fortalecer a educa\u00e7\u00e3o para as rela\u00e7\u00f5es \u00e9tnico-raciais, conforme os valores civilizat\u00f3rios consolidados das Leis <a href=\"https:\/\/www.planalto.gov.br\/ccivil_03\/leis\/2003\/l10.639.htm#:~:text=L10639&amp;text=LEI%20No%2010.639%2C%20DE%209%20DE%20JANEIRO%20DE%202003.&amp;text=Altera%20a%20Lei%20no,%22%2C%20e%20d%C3%A1%20outras%20provid%C3%AAncias.\" target=\"_blank\" rel=\"noreferrer noopener\">10.639\/2003<\/a>, <a href=\"https:\/\/www.planalto.gov.br\/ccivil_03\/_ato2007-2010\/2008\/lei\/l11645.htm\" target=\"_blank\" rel=\"noreferrer noopener\">11.645\/2008<\/a> e <a href=\"https:\/\/www.planalto.gov.br\/ccivil_03\/_ato2007-2010\/2010\/lei\/l12288.htm\" target=\"_blank\" rel=\"noreferrer noopener\">12.288\/2010<\/a>.<br><\/p>\n\n\n\n<p><strong>Para ler o Edital<\/strong>, <a href=\"https:\/\/utfpr.curitiba.br\/neabi\/edital-no-1-2026\/\">clique aqui<\/a>:<\/p>\n\n\n\n<p>Inscri\u00e7\u00f5es: 23\/02\/2026 at\u00e9 03\/03\/2026<\/p>\n\n\n\n<p>Lista de Inscritos: <a href=\"https:\/\/utfpr.curitiba.br\/neabi\/inscritos-licenciando-2026\/\" target=\"_blank\" rel=\"noreferrer noopener\">clique aqui<\/a>.<\/p>\n\n\n\n<p>Resultado Preliminar: <a href=\"https:\/\/utfpr.curitiba.br\/neabi\/resultado-preliminar-licenciando\/\" target=\"_blank\" rel=\"noreferrer noopener\">clique aqui<\/a>.<\/p>\n\n\n\n<p>Resultado Final: <a href=\"https:\/\/utfpr.curitiba.br\/neabi\/resultado-final-licenciando\/\">clique aqui<\/a>.<\/p>\n\n\n\n<p>Convoca\u00e7\u00e3o e entrega de documenta\u00e7\u00e3o: 09\/03\/2026 a 11\/03\/2026<\/p>\n\n\n\n<p>In\u00edcio das atividades: 13\/03\/2026<\/p>\n\n\n\n<p>T\u00e9rmino das atividades: 18\/12\/2026<\/p>\n\n\n\n<p><strong>Toda convoca\u00e7\u00e3o ser\u00e1 realizada via e-mail. <\/strong><\/p>\n\n\n\n<p><\/p>\n","protected":false},"excerpt":{"rendered":"<p>EDITAL DIVA 01\/2026: SELE\u00c7\u00c3O DE BOLSISTAS E VOLUNT\u00c1RIOS PARA PROJETO LICENCIANDO DO NEABI DIVA GUIMAR\u00c3ES A Coordena\u00e7\u00e3o do N\u00facleo de<\/p>\n","protected":false},"author":39,"featured_media":0,"parent":0,"menu_order":0,"comment_status":"closed","ping_status":"closed","template":"","meta":{"colormag_page_container_layout":"default_layout","colormag_page_sidebar_layout":"default_layout","footnotes":""},"class_list":["post-1678","page","type-page","status-publish","hentry"],"_links":{"self":[{"href":"https:\/\/utfpr.curitiba.br\/neabi\/wp-json\/wp\/v2\/pages\/1678","targetHints":{"allow":["GET"]}}],"collection":[{"href":"https:\/\/utfpr.curitiba.br\/neabi\/wp-json\/wp\/v2\/pages"}],"about":[{"href":"https:\/\/utfpr.curitiba.br\/neabi\/wp-json\/wp\/v2\/types\/page"}],"author":[{"embeddable":true,"href":"https:\/\/utfpr.curitiba.br\/neabi\/wp-json\/wp\/v2\/users\/39"}],"replies":[{"embeddable":true,"href":"https:\/\/utfpr.curitiba.br\/neabi\/wp-json\/wp\/v2\/comments?post=1678"}],"version-history":[{"count":7,"href":"https:\/\/utfpr.curitiba.br\/neabi\/wp-json\/wp\/v2\/pages\/1678\/revisions"}],"predecessor-version":[{"id":1711,"href":"https:\/\/utfpr.curitiba.br\/neabi\/wp-json\/wp\/v2\/pages\/1678\/revisions\/1711"}],"wp:attachment":[{"href":"https:\/\/utfpr.curitiba.br\/neabi\/wp-json\/wp\/v2\/media?parent=1678"}],"curies":[{"name":"wp","href":"https:\/\/api.w.org\/{rel}","templated":true}]}}