{"id":1639,"date":"2025-12-12T15:14:34","date_gmt":"2025-12-12T18:14:34","guid":{"rendered":"https:\/\/utfpr.curitiba.br\/neabi\/?page_id=1639"},"modified":"2025-12-12T15:14:36","modified_gmt":"2025-12-12T18:14:36","slug":"edital-55-2025","status":"publish","type":"page","link":"https:\/\/utfpr.curitiba.br\/neabi\/edital-55-2025\/","title":{"rendered":"EDITAL 55\/2025"},"content":{"rendered":"\n<p>EDITAL 55\/2025 DIRGRAD-CT\/NEABI: PROGRAMA DE BOLSAS PARA APOIO \u00c0S ATIVIDADES DO N\u00daCLEO DE ESTUDOS AFRO-BRASILEIROS E IND\u00cdGENAS DA UTFPR CAMPUS CURITIBA, EDITAL DE SELE\u00c7\u00c3O DE COLABORADOR EXTERNO PARA FUN\u00c7\u00c3O DE PROFESSOR(A) COLABORADOR(A) DA EDUCA\u00c7\u00c3O B\u00c1SICA, VINCULADOS AO PROJETO DE ENSINO NEABI<\/p>\n\n\n\n<p><a href=\"https:\/\/www.utfpr.edu.br\/editais\/graduacao-e-educacao-profissional\/curitiba\/edital-55-2025-dirgrad-ct-neabi-programa-de-bolsas-para-apoio-as-atividades-do-nucleo-de-estudos-afro-brasileiros-e-indigenas-da-utfpr-campus-curitiba-edital-de-selecao-de-colaborador-externo-para-funcao-de-professor-a-colaborador-a-da-educacao-basica\" target=\"_blank\" rel=\"noreferrer noopener\">Clique aqui<\/a>.<\/p>\n\n\n\n<p><\/p>\n","protected":false},"excerpt":{"rendered":"<p>EDITAL 55\/2025 DIRGRAD-CT\/NEABI: PROGRAMA DE BOLSAS PARA APOIO \u00c0S ATIVIDADES DO N\u00daCLEO DE ESTUDOS AFRO-BRASILEIROS E IND\u00cdGENAS DA UTFPR CAMPUS<\/p>\n","protected":false},"author":39,"featured_media":0,"parent":0,"menu_order":0,"comment_status":"closed","ping_status":"closed","template":"","meta":{"colormag_page_container_layout":"default_layout","colormag_page_sidebar_layout":"default_layout","footnotes":""},"class_list":["post-1639","page","type-page","status-publish","hentry"],"_links":{"self":[{"href":"https:\/\/utfpr.curitiba.br\/neabi\/wp-json\/wp\/v2\/pages\/1639","targetHints":{"allow":["GET"]}}],"collection":[{"href":"https:\/\/utfpr.curitiba.br\/neabi\/wp-json\/wp\/v2\/pages"}],"about":[{"href":"https:\/\/utfpr.curitiba.br\/neabi\/wp-json\/wp\/v2\/types\/page"}],"author":[{"embeddable":true,"href":"https:\/\/utfpr.curitiba.br\/neabi\/wp-json\/wp\/v2\/users\/39"}],"replies":[{"embeddable":true,"href":"https:\/\/utfpr.curitiba.br\/neabi\/wp-json\/wp\/v2\/comments?post=1639"}],"version-history":[{"count":1,"href":"https:\/\/utfpr.curitiba.br\/neabi\/wp-json\/wp\/v2\/pages\/1639\/revisions"}],"predecessor-version":[{"id":1640,"href":"https:\/\/utfpr.curitiba.br\/neabi\/wp-json\/wp\/v2\/pages\/1639\/revisions\/1640"}],"wp:attachment":[{"href":"https:\/\/utfpr.curitiba.br\/neabi\/wp-json\/wp\/v2\/media?parent=1639"}],"curies":[{"name":"wp","href":"https:\/\/api.w.org\/{rel}","templated":true}]}}