{"id":1634,"date":"2025-12-12T15:15:14","date_gmt":"2025-12-12T18:15:14","guid":{"rendered":"https:\/\/utfpr.curitiba.br\/neabi\/?page_id=1634"},"modified":"2026-01-30T23:18:07","modified_gmt":"2026-01-31T02:18:07","slug":"edital-59-2025","status":"publish","type":"page","link":"https:\/\/utfpr.curitiba.br\/neabi\/edital-59-2025\/","title":{"rendered":"EDITAL 59\/2025"},"content":{"rendered":"\n<p><strong><a href=\"https:\/\/www.utfpr.edu.br\/editais\/graduacao-e-educacao-profissional\/curitiba\/edital-59-2025-dirgrad-ct-neabi-diva-guimaraes-utfpr-curitiba-selecao-de-recem-formado\" target=\"_blank\" rel=\"noreferrer noopener\">EDITAL 59\/2025 &#8211; DIRGRAD: NEABI DIVA GUIMAR\u00c3ES UTFPR CURITIBA &#8211; SELE\u00c7\u00c3O DE REC\u00c9M-FORMADO<\/a><\/strong><\/p>\n\n\n\n<p>A Coordena\u00e7\u00e3o do <a href=\"https:\/\/utfpr.curitiba.br\/neabi\/\">N\u00facleo de Estudos Afro-brasileiros e Ind\u00edgenas<\/a> da Universidade Tecnol\u00f3gica Federal do Paran\u00e1 <a href=\"https:\/\/utfpr.curitiba.br\/sejautfpr\/campus-curitiba-centro\/\" target=\"_blank\" rel=\"noreferrer noopener\">Campus Curitiba<\/a>, o Neabi Diva Guimar\u00e3es, no uso de suas atribui\u00e7\u00f5es estatut\u00e1rias e regimentais, torna p\u00fablico que est\u00e3o abertas, de acordo com o que estabelece o presente edital, o per\u00edodo de inscri\u00e7\u00f5es para a sele\u00e7\u00e3o de graduados rec\u00e9m-formados para atuar no apoio a atividades do Neabi CT.<\/p>\n\n\n\n<p>Para acessar o Edital,&nbsp;<a href=\"https:\/\/sei.utfpr.edu.br\/sei\/publicacoes\/controlador_publicacoes.php?acao=publicacao_visualizar&amp;id_documento=5920621&amp;id_orgao_publicacao=0\" target=\"_blank\" rel=\"noreferrer noopener\"><strong>clique aqui<\/strong><\/a>.<\/p>\n\n\n\n<p>Inscri\u00e7\u00f5es: ENCERRADAS.<\/p>\n\n\n\n<p>Rela\u00e7\u00e3o de Candidatos Inscritos: <a href=\"https:\/\/sei.utfpr.edu.br\/sei\/publicacoes\/controlador_publicacoes.php?acao=publicacao_visualizar&amp;id_documento=5944874&amp;id_orgao_publicacao=0\" target=\"_blank\" rel=\"noreferrer noopener\">clique aqui<\/a>.<\/p>\n\n\n\n<p>RESULTADO PRELIMINAR: <a href=\"https:\/\/sei.utfpr.edu.br\/sei\/publicacoes\/controlador_publicacoes.php?acao=publicacao_visualizar&amp;id_documento=5978447&amp;id_orgao_publicacao=0\" target=\"_blank\" rel=\"noreferrer noopener\">clique aqui<\/a>.<\/p>\n\n\n\n<p>RESULTADO FINAL: <a href=\"https:\/\/sei.utfpr.edu.br\/sei\/publicacoes\/controlador_publicacoes.php?acao=publicacao_visualizar&amp;id_documento=5984439&amp;id_orgao_publicacao=0\" target=\"_blank\" rel=\"noreferrer noopener\">clique aqui<\/a>.<\/p>\n\n\n\n<p>In\u00edcio das atividades: 01\/02\/2026.<\/p>\n\n\n\n<p><\/p>\n","protected":false},"excerpt":{"rendered":"<p>EDITAL 59\/2025 &#8211; DIRGRAD: NEABI DIVA GUIMAR\u00c3ES UTFPR CURITIBA &#8211; SELE\u00c7\u00c3O DE REC\u00c9M-FORMADO A Coordena\u00e7\u00e3o do N\u00facleo de Estudos Afro-brasileiros<\/p>\n","protected":false},"author":39,"featured_media":0,"parent":0,"menu_order":0,"comment_status":"closed","ping_status":"closed","template":"","meta":{"colormag_page_container_layout":"default_layout","colormag_page_sidebar_layout":"default_layout","footnotes":""},"class_list":["post-1634","page","type-page","status-publish","hentry"],"_links":{"self":[{"href":"https:\/\/utfpr.curitiba.br\/neabi\/wp-json\/wp\/v2\/pages\/1634","targetHints":{"allow":["GET"]}}],"collection":[{"href":"https:\/\/utfpr.curitiba.br\/neabi\/wp-json\/wp\/v2\/pages"}],"about":[{"href":"https:\/\/utfpr.curitiba.br\/neabi\/wp-json\/wp\/v2\/types\/page"}],"author":[{"embeddable":true,"href":"https:\/\/utfpr.curitiba.br\/neabi\/wp-json\/wp\/v2\/users\/39"}],"replies":[{"embeddable":true,"href":"https:\/\/utfpr.curitiba.br\/neabi\/wp-json\/wp\/v2\/comments?post=1634"}],"version-history":[{"count":11,"href":"https:\/\/utfpr.curitiba.br\/neabi\/wp-json\/wp\/v2\/pages\/1634\/revisions"}],"predecessor-version":[{"id":1670,"href":"https:\/\/utfpr.curitiba.br\/neabi\/wp-json\/wp\/v2\/pages\/1634\/revisions\/1670"}],"wp:attachment":[{"href":"https:\/\/utfpr.curitiba.br\/neabi\/wp-json\/wp\/v2\/media?parent=1634"}],"curies":[{"name":"wp","href":"https:\/\/api.w.org\/{rel}","templated":true}]}}