{"id":1547,"date":"2025-11-23T17:41:12","date_gmt":"2025-11-23T20:41:12","guid":{"rendered":"https:\/\/utfpr.curitiba.br\/neabi\/?page_id=1547"},"modified":"2025-11-25T12:36:12","modified_gmt":"2025-11-25T15:36:12","slug":"edital-51-analise-da-experiencia","status":"publish","type":"page","link":"https:\/\/utfpr.curitiba.br\/neabi\/edital-51-analise-da-experiencia\/","title":{"rendered":"EDITAL 51 AN\u00c1LISE DA EXPERI\u00caNCIA"},"content":{"rendered":"\n<p class=\"has-text-align-center\"><strong>EDITAL 51\/2025 DIRGRAD-CT<\/strong>: <strong>AN\u00c1LISE DA EXPERI\u00caNCIA &#8211; Divulga\u00e7\u00e3o da DATA\/HOR\u00c1RIO\/LOCAL<\/strong><\/p>\n\n\n\n<p class=\"has-text-align-center\"><strong>Local<\/strong>: Sala CK002<\/p>\n\n\n\n<p class=\"has-cm-color-2-color has-text-color has-link-color wp-elements-8969ba9a9348e0ac22d5b0841cceed15\"><strong><em>Obs<\/em><\/strong>: O n\u00e3o comparecimento significar\u00e1 <em>desist\u00eancia<\/em>. Em caso de necessidade, emitimos atestado de presen\u00e7a (pode-se solicit\u00e1-lo via e-mail do Neabi com anteced\u00eancia). <\/p>\n\n\n\n<p><strong>25\/11\/25 &#8211; Ter\u00e7a-feira de manh\u00e3:<\/strong><\/p>\n\n\n\n<p>08:40 \u00e0s 09:00 Gabriela Aline dos Santos Souza<\/p>\n\n\n\n<p>09:00 \u00e0s 09:20 Gabriela Jerri da Silva<\/p>\n\n\n\n<p>09:20 \u00e0s 09:40 Mirella Beatriz Pereira Alves<\/p>\n\n\n\n<p>09:40 \u00e0s 10:00 Raissa Vilafanha Miranda<\/p>\n\n\n\n<p>10:00 \u00e0s 10:20 Stephany Kauany Chemberg<\/p>\n\n\n\n<p><strong>25\/11\/25 &#8211; Ter\u00e7a-feira de tarde:<\/strong><\/p>\n\n\n\n<p>13:40 \u00e0s 14:00 Bianca Maia dos Santos<\/p>\n\n\n\n<p>14:00 \u00e0s 14:20 J\u00falio C\u00e9sar Rodrigues Lima<\/p>\n\n\n\n<p>14:20 \u00e0s 14:40 Kain\u00e3 de Souza Silva<\/p>\n\n\n\n<p>14:40 \u00e0s 15:00 Kauane Farias Ramos<\/p>\n\n\n\n<p>15:00 \u00e0s 15:20 Laura Beatriz Bezerra da Silva<\/p>\n\n\n\n<p>15:20 \u00e0s 15:40 Luiza Santana de Aguiar<\/p>\n\n\n\n<p>15:40 \u00e0s 16:00 Maykon Douglas Sousa Silva<\/p>\n\n\n\n<p>16:00 \u00e0s 16:20 Stephanie Pereira Gama<\/p>\n\n\n\n<p>16:20 \u00e0s 16:40 Vanessa de Cassia Almeida<\/p>\n\n\n\n<p>16:40 \u00e0s 17:00 Waltemberg Matos de Souza<\/p>\n\n\n\n<p><strong>26\/11\/25 &#8211; Quarta-feira de manh\u00e3:<\/strong><\/p>\n\n\n\n<p>11:00 \u00e0s 11:20 Anna Julia da Silva<\/p>\n\n\n\n<p>11:20 \u00e0s 11:40 Evelyn de Souza Paiva<\/p>\n\n\n\n<p><strong>26\/11\/25 &#8211; Quarta-feira de tarde:<\/strong><\/p>\n\n\n\n<p>13:00 \u00e0s 13:20 Adriana Souza da Costa<\/p>\n\n\n\n<p>13:20 \u00e0s 13:40 Maria Helena Alves Pereira<\/p>\n\n\n\n<p>13:40 \u00e0s 14:00 Yuri Alves Santos<\/p>\n","protected":false},"excerpt":{"rendered":"<p>EDITAL 51\/2025 DIRGRAD-CT: AN\u00c1LISE DA EXPERI\u00caNCIA &#8211; Divulga\u00e7\u00e3o da DATA\/HOR\u00c1RIO\/LOCAL Local: Sala CK002 Obs: O n\u00e3o comparecimento significar\u00e1 desist\u00eancia. Em<\/p>\n","protected":false},"author":39,"featured_media":0,"parent":0,"menu_order":0,"comment_status":"closed","ping_status":"closed","template":"","meta":{"colormag_page_container_layout":"default_layout","colormag_page_sidebar_layout":"default_layout","footnotes":""},"class_list":["post-1547","page","type-page","status-publish","hentry"],"_links":{"self":[{"href":"https:\/\/utfpr.curitiba.br\/neabi\/wp-json\/wp\/v2\/pages\/1547","targetHints":{"allow":["GET"]}}],"collection":[{"href":"https:\/\/utfpr.curitiba.br\/neabi\/wp-json\/wp\/v2\/pages"}],"about":[{"href":"https:\/\/utfpr.curitiba.br\/neabi\/wp-json\/wp\/v2\/types\/page"}],"author":[{"embeddable":true,"href":"https:\/\/utfpr.curitiba.br\/neabi\/wp-json\/wp\/v2\/users\/39"}],"replies":[{"embeddable":true,"href":"https:\/\/utfpr.curitiba.br\/neabi\/wp-json\/wp\/v2\/comments?post=1547"}],"version-history":[{"count":7,"href":"https:\/\/utfpr.curitiba.br\/neabi\/wp-json\/wp\/v2\/pages\/1547\/revisions"}],"predecessor-version":[{"id":1569,"href":"https:\/\/utfpr.curitiba.br\/neabi\/wp-json\/wp\/v2\/pages\/1547\/revisions\/1569"}],"wp:attachment":[{"href":"https:\/\/utfpr.curitiba.br\/neabi\/wp-json\/wp\/v2\/media?parent=1547"}],"curies":[{"name":"wp","href":"https:\/\/api.w.org\/{rel}","templated":true}]}}