{"id":1520,"date":"2025-11-18T00:27:04","date_gmt":"2025-11-18T03:27:04","guid":{"rendered":"https:\/\/utfpr.curitiba.br\/neabi\/?page_id=1520"},"modified":"2025-11-18T00:27:06","modified_gmt":"2025-11-18T03:27:06","slug":"exposicao-de-artes","status":"publish","type":"page","link":"https:\/\/utfpr.curitiba.br\/neabi\/exposicao-de-artes\/","title":{"rendered":"Exposi\u00e7\u00e3o de Artes"},"content":{"rendered":"\n<figure class=\"wp-block-image size-large\"><img fetchpriority=\"high\" decoding=\"async\" width=\"818\" height=\"1024\" src=\"https:\/\/utfpr-ct-static-content.s3.amazonaws.com\/utfpr.curitiba.br\/wp-content\/uploads\/sites\/181\/2025\/11\/WhatsApp-Image-2025-11-17-at-19.12.49-818x1024.jpeg\" alt=\"\" class=\"wp-image-1521\" srcset=\"https:\/\/utfpr-ct-static-content.s3.amazonaws.com\/utfpr.curitiba.br\/wp-content\/uploads\/sites\/181\/2025\/11\/WhatsApp-Image-2025-11-17-at-19.12.49-818x1024.jpeg 818w, https:\/\/utfpr-ct-static-content.s3.amazonaws.com\/utfpr.curitiba.br\/wp-content\/uploads\/sites\/181\/2025\/11\/WhatsApp-Image-2025-11-17-at-19.12.49-240x300.jpeg 240w, https:\/\/utfpr-ct-static-content.s3.amazonaws.com\/utfpr.curitiba.br\/wp-content\/uploads\/sites\/181\/2025\/11\/WhatsApp-Image-2025-11-17-at-19.12.49-768x961.jpeg 768w, https:\/\/utfpr-ct-static-content.s3.amazonaws.com\/utfpr.curitiba.br\/wp-content\/uploads\/sites\/181\/2025\/11\/WhatsApp-Image-2025-11-17-at-19.12.49.jpeg 1023w\" sizes=\"(max-width: 818px) 100vw, 818px\" \/><\/figure>\n\n\n\n<p>Atra\u00e7\u00e3o confirmada!!!<\/p>\n\n\n\n<p>A mostra re\u00fane pinturas, colagens, ilustra\u00e7\u00f5es digitais, esculturas e instala\u00e7\u00f5es que exploram a rela\u00e7\u00e3o entre m\u00fasica, g\u00eanero e negritude, abrindo caminhos para novas formas de ver, sentir e significar mundos criados a partir de viv\u00eancias negras.<\/p>\n\n\n\n<p>Durante a exposi\u00e7\u00e3o, as artistas e artites estar\u00e3o presentes em momentos espec\u00edficos para apresentar seus processos e dialogar com o p\u00fablico:<\/p>\n\n\n\n<p>\ud83c\udfa8 Lilo Passaes \u2014 10h \u00e0s 12h<br>\ud83c\udfa8 Maria Riot Sistah \u2014 14h30 \u00e0s 16h30<br>\ud83c\udfa8 Annie Carvalho \u2014 15h \u00e0s 17h<br>\ud83c\udfa8 Laura Zanon \u2014 17h \u00e0s 19h<\/p>\n\n\n\n<p>\ud83d\uddd3 Dia: 19 de novembro<br>\u23f0 Exposi\u00e7\u00e3o: 09h \u00e0s 21h<br>\ud83d\udccd Local: UTFPR Centro<\/p>\n\n\n\n<p>\ud83c\udf9f Inscri\u00e7\u00f5es e mais infos: <a href=\"https:\/\/www.even3.com.br\/festa-preta-indigena-647035\/\" target=\"_blank\" rel=\"noreferrer noopener\">https:\/\/www.even3.com.br\/festa-preta-indigena-647035\/<\/a><\/p>\n","protected":false},"excerpt":{"rendered":"<p>Atra\u00e7\u00e3o confirmada!!! A mostra re\u00fane pinturas, colagens, ilustra\u00e7\u00f5es digitais, esculturas e instala\u00e7\u00f5es que exploram a rela\u00e7\u00e3o entre m\u00fasica, g\u00eanero e<\/p>\n","protected":false},"author":39,"featured_media":0,"parent":0,"menu_order":0,"comment_status":"closed","ping_status":"closed","template":"","meta":{"colormag_page_container_layout":"default_layout","colormag_page_sidebar_layout":"default_layout","footnotes":""},"class_list":["post-1520","page","type-page","status-publish","hentry"],"_links":{"self":[{"href":"https:\/\/utfpr.curitiba.br\/neabi\/wp-json\/wp\/v2\/pages\/1520","targetHints":{"allow":["GET"]}}],"collection":[{"href":"https:\/\/utfpr.curitiba.br\/neabi\/wp-json\/wp\/v2\/pages"}],"about":[{"href":"https:\/\/utfpr.curitiba.br\/neabi\/wp-json\/wp\/v2\/types\/page"}],"author":[{"embeddable":true,"href":"https:\/\/utfpr.curitiba.br\/neabi\/wp-json\/wp\/v2\/users\/39"}],"replies":[{"embeddable":true,"href":"https:\/\/utfpr.curitiba.br\/neabi\/wp-json\/wp\/v2\/comments?post=1520"}],"version-history":[{"count":1,"href":"https:\/\/utfpr.curitiba.br\/neabi\/wp-json\/wp\/v2\/pages\/1520\/revisions"}],"predecessor-version":[{"id":1522,"href":"https:\/\/utfpr.curitiba.br\/neabi\/wp-json\/wp\/v2\/pages\/1520\/revisions\/1522"}],"wp:attachment":[{"href":"https:\/\/utfpr.curitiba.br\/neabi\/wp-json\/wp\/v2\/media?parent=1520"}],"curies":[{"name":"wp","href":"https:\/\/api.w.org\/{rel}","templated":true}]}}