{"id":1513,"date":"2025-11-18T00:21:31","date_gmt":"2025-11-18T03:21:31","guid":{"rendered":"https:\/\/utfpr.curitiba.br\/neabi\/?page_id=1513"},"modified":"2025-11-18T00:21:32","modified_gmt":"2025-11-18T03:21:32","slug":"dj-gjabs","status":"publish","type":"page","link":"https:\/\/utfpr.curitiba.br\/neabi\/dj-gjabs\/","title":{"rendered":"DJ Gjabs"},"content":{"rendered":"\n<figure class=\"wp-block-image aligncenter size-large is-resized\"><img fetchpriority=\"high\" decoding=\"async\" width=\"768\" height=\"1024\" src=\"https:\/\/utfpr-ct-static-content.s3.amazonaws.com\/utfpr.curitiba.br\/wp-content\/uploads\/sites\/181\/2025\/11\/WhatsApp-Image-2025-11-17-at-19.11.08-768x1024.jpeg\" alt=\"\" class=\"wp-image-1514\" style=\"width:395px;height:auto\" srcset=\"https:\/\/utfpr-ct-static-content.s3.amazonaws.com\/utfpr.curitiba.br\/wp-content\/uploads\/sites\/181\/2025\/11\/WhatsApp-Image-2025-11-17-at-19.11.08-768x1024.jpeg 768w, https:\/\/utfpr-ct-static-content.s3.amazonaws.com\/utfpr.curitiba.br\/wp-content\/uploads\/sites\/181\/2025\/11\/WhatsApp-Image-2025-11-17-at-19.11.08-225x300.jpeg 225w, https:\/\/utfpr-ct-static-content.s3.amazonaws.com\/utfpr.curitiba.br\/wp-content\/uploads\/sites\/181\/2025\/11\/WhatsApp-Image-2025-11-17-at-19.11.08.jpeg 960w\" sizes=\"(max-width: 768px) 100vw, 768px\" \/><\/figure>\n\n\n\n<p>Atra\u00e7\u00e3o confirmada!!!<\/p>\n\n\n\n<p>Quem chega pra elevar a vibra\u00e7\u00e3o da Festa Preta-Ind\u00edgena 2025 \u00e9 o Djabs, DJ e estudante de Comunica\u00e7\u00e3o da UTFPR que vem se destacando por transformar m\u00fasica em conex\u00e3o. Com um estilo vers\u00e1til que passeia por funk, rap, brasilidades e sonoridades alternativas, Djabs cria aquele clima de pista viva, acolhedora e cheia de movimento \u2014 do tipo que envolve o p\u00fablico pela energia e pela sensibilidade.<\/p>\n\n\n\n<p>\ud83d\uddd3 Dia: 19 de novembro<br>\u23f0 Hor\u00e1rio: 17h30<br>\ud83d\udccd Local: UTFPR Centro<\/p>\n\n\n\n<p>\ud83c\udf9f Inscri\u00e7\u00f5es e mais infos: <a href=\"https:\/\/www.even3.com.br\/festa-preta-indigena-647035\/\" target=\"_blank\" rel=\"noreferrer noopener\">https:\/\/www.even3.com.br\/festa-preta-indigena-647035\/<\/a><\/p>\n","protected":false},"excerpt":{"rendered":"<p>Atra\u00e7\u00e3o confirmada!!! Quem chega pra elevar a vibra\u00e7\u00e3o da Festa Preta-Ind\u00edgena 2025 \u00e9 o Djabs, DJ e estudante de Comunica\u00e7\u00e3o<\/p>\n","protected":false},"author":39,"featured_media":0,"parent":0,"menu_order":0,"comment_status":"closed","ping_status":"closed","template":"","meta":{"colormag_page_container_layout":"default_layout","colormag_page_sidebar_layout":"default_layout","footnotes":""},"class_list":["post-1513","page","type-page","status-publish","hentry"],"_links":{"self":[{"href":"https:\/\/utfpr.curitiba.br\/neabi\/wp-json\/wp\/v2\/pages\/1513","targetHints":{"allow":["GET"]}}],"collection":[{"href":"https:\/\/utfpr.curitiba.br\/neabi\/wp-json\/wp\/v2\/pages"}],"about":[{"href":"https:\/\/utfpr.curitiba.br\/neabi\/wp-json\/wp\/v2\/types\/page"}],"author":[{"embeddable":true,"href":"https:\/\/utfpr.curitiba.br\/neabi\/wp-json\/wp\/v2\/users\/39"}],"replies":[{"embeddable":true,"href":"https:\/\/utfpr.curitiba.br\/neabi\/wp-json\/wp\/v2\/comments?post=1513"}],"version-history":[{"count":1,"href":"https:\/\/utfpr.curitiba.br\/neabi\/wp-json\/wp\/v2\/pages\/1513\/revisions"}],"predecessor-version":[{"id":1515,"href":"https:\/\/utfpr.curitiba.br\/neabi\/wp-json\/wp\/v2\/pages\/1513\/revisions\/1515"}],"wp:attachment":[{"href":"https:\/\/utfpr.curitiba.br\/neabi\/wp-json\/wp\/v2\/media?parent=1513"}],"curies":[{"name":"wp","href":"https:\/\/api.w.org\/{rel}","templated":true}]}}