{"id":1509,"date":"2025-11-18T00:18:14","date_gmt":"2025-11-18T03:18:14","guid":{"rendered":"https:\/\/utfpr.curitiba.br\/neabi\/?page_id=1509"},"modified":"2025-11-18T00:22:22","modified_gmt":"2025-11-18T03:22:22","slug":"batalha-de-rima","status":"publish","type":"page","link":"https:\/\/utfpr.curitiba.br\/neabi\/batalha-de-rima\/","title":{"rendered":"Batalha de rima"},"content":{"rendered":"\n<figure class=\"wp-block-image aligncenter size-large is-resized\"><img fetchpriority=\"high\" decoding=\"async\" width=\"818\" height=\"1024\" src=\"https:\/\/utfpr-ct-static-content.s3.amazonaws.com\/utfpr.curitiba.br\/wp-content\/uploads\/sites\/181\/2025\/11\/WhatsApp-Image-2025-11-17-at-17.53.54-818x1024.jpeg\" alt=\"\" class=\"wp-image-1510\" style=\"width:403px;height:auto\" srcset=\"https:\/\/utfpr-ct-static-content.s3.amazonaws.com\/utfpr.curitiba.br\/wp-content\/uploads\/sites\/181\/2025\/11\/WhatsApp-Image-2025-11-17-at-17.53.54-818x1024.jpeg 818w, https:\/\/utfpr-ct-static-content.s3.amazonaws.com\/utfpr.curitiba.br\/wp-content\/uploads\/sites\/181\/2025\/11\/WhatsApp-Image-2025-11-17-at-17.53.54-240x300.jpeg 240w, https:\/\/utfpr-ct-static-content.s3.amazonaws.com\/utfpr.curitiba.br\/wp-content\/uploads\/sites\/181\/2025\/11\/WhatsApp-Image-2025-11-17-at-17.53.54-768x961.jpeg 768w, https:\/\/utfpr-ct-static-content.s3.amazonaws.com\/utfpr.curitiba.br\/wp-content\/uploads\/sites\/181\/2025\/11\/WhatsApp-Image-2025-11-17-at-17.53.54.jpeg 1023w\" sizes=\"(max-width: 818px) 100vw, 818px\" \/><\/figure>\n\n\n\n<p>A Festa Preta-Ind\u00edgena 2025 abre espa\u00e7o pro verdadeiro pulso da quebrada: uma Batalha de Rima que chega pra incendiar o campus com muita arte, flow, improviso e identidade. A cultura hip hop toma conta da UTFPR \u00e0s 15h, trazendo MCs que carregam viv\u00eancia, consci\u00eancia e ritmo na ponta da l\u00edngua. \u00c9 rima atravessando corpo, territ\u00f3rio, resist\u00eancia e criatividade \u2014 tudo no improviso, tudo no calor do momento, tudo pra arrepiar quem colar.<\/p>\n\n\n\n<p>No palco, o coletivo Dream House comanda a energia e d\u00e1 passagem para nomes que t\u00e3o movimentando a cena com autenticidade e presen\u00e7a. \u00c9 confronto art\u00edstico, \u00e9 troca, \u00e9 poesia em velocidade m\u00e1xima, \u00e9 juventude preta ocupando espa\u00e7o e fazendo barulho do jeito que sabe: com palavra, t\u00e9cnica e alma.<\/p>\n\n\n\n<p>\ud83d\uddd3 Dia: 19 de novembro<br>\u23f0 Hor\u00e1rio: 15h00<br>\ud83d\udccd Local: UTFPR Centro<\/p>\n\n\n\n<p>\ud83c\udf9f Inscri\u00e7\u00f5es e mais infos: <a href=\"https:\/\/www.even3.com.br\/festa-preta-indigena-647035\/\" target=\"_blank\" rel=\"noreferrer noopener\">https:\/\/www.even3.com.br\/festa-preta-indigena-647035\/<\/a><\/p>\n","protected":false},"excerpt":{"rendered":"<p>A Festa Preta-Ind\u00edgena 2025 abre espa\u00e7o pro verdadeiro pulso da quebrada: uma Batalha de Rima que chega pra incendiar o<\/p>\n","protected":false},"author":39,"featured_media":0,"parent":0,"menu_order":0,"comment_status":"closed","ping_status":"closed","template":"","meta":{"colormag_page_container_layout":"default_layout","colormag_page_sidebar_layout":"default_layout","footnotes":""},"class_list":["post-1509","page","type-page","status-publish","hentry"],"_links":{"self":[{"href":"https:\/\/utfpr.curitiba.br\/neabi\/wp-json\/wp\/v2\/pages\/1509","targetHints":{"allow":["GET"]}}],"collection":[{"href":"https:\/\/utfpr.curitiba.br\/neabi\/wp-json\/wp\/v2\/pages"}],"about":[{"href":"https:\/\/utfpr.curitiba.br\/neabi\/wp-json\/wp\/v2\/types\/page"}],"author":[{"embeddable":true,"href":"https:\/\/utfpr.curitiba.br\/neabi\/wp-json\/wp\/v2\/users\/39"}],"replies":[{"embeddable":true,"href":"https:\/\/utfpr.curitiba.br\/neabi\/wp-json\/wp\/v2\/comments?post=1509"}],"version-history":[{"count":2,"href":"https:\/\/utfpr.curitiba.br\/neabi\/wp-json\/wp\/v2\/pages\/1509\/revisions"}],"predecessor-version":[{"id":1517,"href":"https:\/\/utfpr.curitiba.br\/neabi\/wp-json\/wp\/v2\/pages\/1509\/revisions\/1517"}],"wp:attachment":[{"href":"https:\/\/utfpr.curitiba.br\/neabi\/wp-json\/wp\/v2\/media?parent=1509"}],"curies":[{"name":"wp","href":"https:\/\/api.w.org\/{rel}","templated":true}]}}