{"id":1505,"date":"2025-11-16T22:42:18","date_gmt":"2025-11-17T01:42:18","guid":{"rendered":"https:\/\/utfpr.curitiba.br\/neabi\/?page_id=1505"},"modified":"2025-11-16T22:42:20","modified_gmt":"2025-11-17T01:42:20","slug":"dj-babs","status":"publish","type":"page","link":"https:\/\/utfpr.curitiba.br\/neabi\/dj-babs\/","title":{"rendered":"DJ Babs"},"content":{"rendered":"\n<figure class=\"wp-block-image aligncenter size-large is-resized\"><img fetchpriority=\"high\" decoding=\"async\" width=\"768\" height=\"1024\" src=\"https:\/\/utfpr-ct-static-content.s3.amazonaws.com\/utfpr.curitiba.br\/wp-content\/uploads\/sites\/181\/2025\/11\/WhatsApp-Image-2025-11-14-at-21.37.51-768x1024.jpeg\" alt=\"\" class=\"wp-image-1506\" style=\"width:392px;height:auto\" srcset=\"https:\/\/utfpr-ct-static-content.s3.amazonaws.com\/utfpr.curitiba.br\/wp-content\/uploads\/sites\/181\/2025\/11\/WhatsApp-Image-2025-11-14-at-21.37.51-768x1024.jpeg 768w, https:\/\/utfpr-ct-static-content.s3.amazonaws.com\/utfpr.curitiba.br\/wp-content\/uploads\/sites\/181\/2025\/11\/WhatsApp-Image-2025-11-14-at-21.37.51-225x300.jpeg 225w, https:\/\/utfpr-ct-static-content.s3.amazonaws.com\/utfpr.curitiba.br\/wp-content\/uploads\/sites\/181\/2025\/11\/WhatsApp-Image-2025-11-14-at-21.37.51.jpeg 960w\" sizes=\"(max-width: 768px) 100vw, 768px\" \/><\/figure>\n\n\n\n<p>Atra\u00e7\u00e3o confirmada!!!<\/p>\n\n\n\n<p>A Festa Preta-Ind\u00edgena 2025 vai tremer com o set vibrante da DJ Babs, estudante da UTFPR e uma das vozes mais potentes da cena musical curitibana! Com ra\u00edzes no hip hop e dom\u00ednio no turntablism, Babs chega com aquele open format cheio de groove, transitando entre rap, black music, brasilidades, funk, house, afrohouse, garage e muito mais, sempre entregando pista quente, t\u00e9cnica e conex\u00e3o real com o p\u00fablico.<\/p>\n\n\n\n<p>J\u00e1 passou por grandes palcos como a Pedreira Paulo Leminski, \u00d3pera de Arame e festivais como o Coolritiba, al\u00e9m de incendiar casas como Tangie, +55, James e 41Brooklyn. Agora, ela desembarca na Festa Preta-Ind\u00edgena pra mostrar que o som tamb\u00e9m \u00e9 territ\u00f3rio de identidade, liberdade e energia coletiva.<\/p>\n\n\n\n<p>\ud83d\uddd3 Dia: 19 de novembro<br>\u23f0 Hor\u00e1rio: 21h30<br>\ud83d\udccd Local: UTFPR Centro<\/p>\n","protected":false},"excerpt":{"rendered":"<p>Atra\u00e7\u00e3o confirmada!!! A Festa Preta-Ind\u00edgena 2025 vai tremer com o set vibrante da DJ Babs, estudante da UTFPR e uma<\/p>\n","protected":false},"author":39,"featured_media":0,"parent":0,"menu_order":0,"comment_status":"closed","ping_status":"closed","template":"","meta":{"colormag_page_container_layout":"default_layout","colormag_page_sidebar_layout":"default_layout","footnotes":""},"class_list":["post-1505","page","type-page","status-publish","hentry"],"_links":{"self":[{"href":"https:\/\/utfpr.curitiba.br\/neabi\/wp-json\/wp\/v2\/pages\/1505","targetHints":{"allow":["GET"]}}],"collection":[{"href":"https:\/\/utfpr.curitiba.br\/neabi\/wp-json\/wp\/v2\/pages"}],"about":[{"href":"https:\/\/utfpr.curitiba.br\/neabi\/wp-json\/wp\/v2\/types\/page"}],"author":[{"embeddable":true,"href":"https:\/\/utfpr.curitiba.br\/neabi\/wp-json\/wp\/v2\/users\/39"}],"replies":[{"embeddable":true,"href":"https:\/\/utfpr.curitiba.br\/neabi\/wp-json\/wp\/v2\/comments?post=1505"}],"version-history":[{"count":1,"href":"https:\/\/utfpr.curitiba.br\/neabi\/wp-json\/wp\/v2\/pages\/1505\/revisions"}],"predecessor-version":[{"id":1507,"href":"https:\/\/utfpr.curitiba.br\/neabi\/wp-json\/wp\/v2\/pages\/1505\/revisions\/1507"}],"wp:attachment":[{"href":"https:\/\/utfpr.curitiba.br\/neabi\/wp-json\/wp\/v2\/media?parent=1505"}],"curies":[{"name":"wp","href":"https:\/\/api.w.org\/{rel}","templated":true}]}}