{"id":1496,"date":"2025-11-16T22:35:46","date_gmt":"2025-11-17T01:35:46","guid":{"rendered":"https:\/\/utfpr.curitiba.br\/neabi\/?page_id=1496"},"modified":"2025-11-16T22:35:48","modified_gmt":"2025-11-17T01:35:48","slug":"oficina-de-artesanato-e-grafismo-indigena","status":"publish","type":"page","link":"https:\/\/utfpr.curitiba.br\/neabi\/oficina-de-artesanato-e-grafismo-indigena\/","title":{"rendered":"Oficina de artesanato e grafismo indigena"},"content":{"rendered":"\n<figure class=\"wp-block-image size-large is-resized\"><img fetchpriority=\"high\" decoding=\"async\" width=\"768\" height=\"1024\" src=\"https:\/\/utfpr-ct-static-content.s3.amazonaws.com\/utfpr.curitiba.br\/wp-content\/uploads\/sites\/181\/2025\/11\/oficina-urukurea-768x1024.jpeg\" alt=\"\" class=\"wp-image-1499\" style=\"width:380px;height:auto\" srcset=\"https:\/\/utfpr-ct-static-content.s3.amazonaws.com\/utfpr.curitiba.br\/wp-content\/uploads\/sites\/181\/2025\/11\/oficina-urukurea-768x1024.jpeg 768w, https:\/\/utfpr-ct-static-content.s3.amazonaws.com\/utfpr.curitiba.br\/wp-content\/uploads\/sites\/181\/2025\/11\/oficina-urukurea-225x300.jpeg 225w, https:\/\/utfpr-ct-static-content.s3.amazonaws.com\/utfpr.curitiba.br\/wp-content\/uploads\/sites\/181\/2025\/11\/oficina-urukurea.jpeg 960w\" sizes=\"(max-width: 768px) 100vw, 768px\" \/><\/figure>\n\n\n\n<p>Na Festa Preta-Ind\u00edgena 2025, vem colocar a m\u00e3o na massa e o cora\u00e7\u00e3o na cultura!<br>A Oficina de Artesanato Ind\u00edgena \u00e9 um espa\u00e7o de troca e aprendizado sobre o grafismo, onde cada tra\u00e7o carrega hist\u00f3ria, sabedoria e identidade dos povos origin\u00e1rios. Nesta viv\u00eancia, voc\u00ea vai aprender na pr\u00e1tica como o grafismo se manifesta no artesanato ind\u00edgena nas formas, nos s\u00edmbolos e nas cores que contam hist\u00f3rias ancestrais.<\/p>\n\n\n\n<p>Mais do que uma oficina, \u00e9 um convite para conhecer e valorizar a for\u00e7a da arte ind\u00edgena como express\u00e3o viva de resist\u00eancia e mem\u00f3ria.<\/p>\n\n\n\n<p>\ud83d\udcc5 Data: 19 de novembro<br>\ud83d\udd53 Hor\u00e1rio: 14h30<br>\ud83d\udccd Local: UTFPR Centro<br>\ud83d\udcab Gratuita e aberta ao p\u00fablico!<\/p>\n\n\n\n<p><a href=\"https:\/\/www.even3.com.br\/festa-preta-indigena-647035\" target=\"_blank\" rel=\"noreferrer noopener\">https:\/\/www.even3.com.br\/festa-preta-indigena-647035<\/a><\/p>\n","protected":false},"excerpt":{"rendered":"<p>Na Festa Preta-Ind\u00edgena 2025, vem colocar a m\u00e3o na massa e o cora\u00e7\u00e3o na cultura!A Oficina de Artesanato Ind\u00edgena \u00e9<\/p>\n","protected":false},"author":39,"featured_media":0,"parent":0,"menu_order":0,"comment_status":"closed","ping_status":"closed","template":"","meta":{"colormag_page_container_layout":"default_layout","colormag_page_sidebar_layout":"default_layout","footnotes":""},"class_list":["post-1496","page","type-page","status-publish","hentry"],"_links":{"self":[{"href":"https:\/\/utfpr.curitiba.br\/neabi\/wp-json\/wp\/v2\/pages\/1496","targetHints":{"allow":["GET"]}}],"collection":[{"href":"https:\/\/utfpr.curitiba.br\/neabi\/wp-json\/wp\/v2\/pages"}],"about":[{"href":"https:\/\/utfpr.curitiba.br\/neabi\/wp-json\/wp\/v2\/types\/page"}],"author":[{"embeddable":true,"href":"https:\/\/utfpr.curitiba.br\/neabi\/wp-json\/wp\/v2\/users\/39"}],"replies":[{"embeddable":true,"href":"https:\/\/utfpr.curitiba.br\/neabi\/wp-json\/wp\/v2\/comments?post=1496"}],"version-history":[{"count":1,"href":"https:\/\/utfpr.curitiba.br\/neabi\/wp-json\/wp\/v2\/pages\/1496\/revisions"}],"predecessor-version":[{"id":1500,"href":"https:\/\/utfpr.curitiba.br\/neabi\/wp-json\/wp\/v2\/pages\/1496\/revisions\/1500"}],"wp:attachment":[{"href":"https:\/\/utfpr.curitiba.br\/neabi\/wp-json\/wp\/v2\/media?parent=1496"}],"curies":[{"name":"wp","href":"https:\/\/api.w.org\/{rel}","templated":true}]}}