{"id":1459,"date":"2025-11-12T21:34:20","date_gmt":"2025-11-13T00:34:20","guid":{"rendered":"https:\/\/utfpr.curitiba.br\/neabi\/?page_id=1459"},"modified":"2025-12-05T21:24:28","modified_gmt":"2025-12-06T00:24:28","slug":"acervo-publico-carol-dartora","status":"publish","type":"page","link":"https:\/\/utfpr.curitiba.br\/neabi\/acervo-publico-carol-dartora\/","title":{"rendered":"Acervo Carol Dartora"},"content":{"rendered":"\n<p>O nomeamos assim este Acervo para homenagear sua patrocinadora, a <a href=\"https:\/\/www.camara.leg.br\/deputados\/220704\" target=\"_blank\" rel=\"noreferrer noopener\">Deputada Federal Professora Carol Dartora<\/a>, via emenda parlamentar. S\u00e3o, atualmente, 183 t\u00edtulos no <em>campus <\/em>Curitiba, isso sem contar os t\u00edtulos adquiridos para outros Neabis dos outros 12 <em>campi<\/em>.<\/p>\n\n\n\n<p>O <strong>Acervo Carlos Dartora<\/strong> \u00e9 constitu\u00eddo de t\u00edtulos nacionais e internacionais no escopo tem\u00e1tico da Educa\u00e7\u00e3o das Rela\u00e7\u00f5es \u00c9tnico-raciais, conforme valores civilizat\u00f3rios emanados das Leis <a href=\"https:\/\/www.planalto.gov.br\/ccivil_03\/leis\/2003\/l10.639.htm#:~:text=LEI%20No%2010.639%2C%20DE%209%20DE%20JANEIRO%20DE%202003.&amp;text=Altera%20a%20Lei%20no,%22%2C%20e%20d%C3%A1%20outras%20provid%C3%AAncias.\" target=\"_blank\" rel=\"noreferrer noopener\">10.639\/2003<\/a>, <a href=\"https:\/\/www.planalto.gov.br\/ccivil_03\/_ato2007-2010\/2008\/lei\/l11645.htm\" target=\"_blank\" rel=\"noreferrer noopener\">11.645\/2008<\/a> e <a href=\"https:\/\/www.planalto.gov.br\/ccivil_03\/_ato2007-2010\/2010\/lei\/l12288.htm\" target=\"_blank\" rel=\"noreferrer noopener\">12.288\/2010<\/a>.<\/p>\n\n\n\n<p>Os livros e dicion\u00e1rios abaixo relacionados est\u00e3o na <a href=\"https:\/\/www.utfpr.edu.br\/bibliotecas\/sobre\/biblioteca-curitiba-sede-centro\" target=\"_blank\" rel=\"noreferrer noopener\">Biblioteca da UTFPR Campus Curitiba Sede Centro<\/a> (para consultar e localizar de itens no acervo, <a href=\"https:\/\/www.utfpr.edu.br\/bibliotecas\" target=\"_blank\" rel=\"noreferrer noopener\">clique aqui<\/a>):<\/p>\n\n\n\n<p>Sugest\u00f5es de t\u00edtulos para o acervo, <a href=\"https:\/\/forms.gle\/VfSS2AomQzoJPb8V6\" target=\"_blank\" rel=\"noreferrer noopener\">clique aqui<\/a>.<\/p>\n\n\n\n<figure class=\"wp-block-table\"><table class=\"has-fixed-layout\"><tbody><tr><td>O Genoc\u00eddio Negro Brasileiro<\/td><td>Abdias Nascimento<\/td><td>Perspectiva<\/td><\/tr><tr><td>Genoc\u00eddio do Negro Brasileiro: Processo de Um Racismo Mascarado<\/td><td>Abdias Nascimento<\/td><td>Perspectiva<\/td><\/tr><tr><td>The History of Black Studies<\/td><td>Abdul Alkalimat<\/td><td>Pluto Press<\/td><\/tr><tr><td>Sair da grande noite: Ensaio sobre a \u00c1frica descolonizada<\/td><td>Achille Mbembe<\/td><td>Vozes<\/td><\/tr><tr><td>Para Educar Crian\u00e7as Feministas<\/td><td>Adichie, Chimamanda Ngozi<\/td><td>Companhia das Letras<\/td><\/tr><tr><td>Perigo de Uma Hist\u00f3ria \u00danica<\/td><td>Adichie, Chimamanda Ngozi<\/td><td>Companhia das Letras<\/td><\/tr><tr><td>Sejamos Todos Feministas<\/td><td>Adichie, Chimamanda Ngozi<\/td><td>Companhia das Letras<\/td><\/tr><tr><td>Futuro Ancestral<\/td><td>Ailton Krenak<\/td><td>Companhia das Letras<\/td><\/tr><tr><td>Ideias Para Adiar o Fim do Mundo<\/td><td>Ailton Krenak<\/td><td>Companhia das Letras<\/td><\/tr><tr><td>Defeito de Cor<\/td><td>Ana Maria Gon\u00e7alves<\/td><td>Record<\/td><\/tr><tr><td>Mythes et r\u00e9alit\u00e9s de l&#8217;identit\u00e9 culturelle africaine<\/td><td>Andr\u00e9-Julien Mbem<\/td><td>Editions L&#8217;Harmattan<\/td><\/tr><tr><td>N\u00e3o Trocaria Minha Jornada Por Nada<\/td><td>Angelou, Maya<\/td><td>Nova Fronteira<\/td><\/tr><tr><td>Colloquial Yoruba: The Complete Course for Beginners<\/td><td>Antonia Yetunde Folarin Schleicher<\/td><td>Routledge<\/td><\/tr><tr><td>J\u00e9 K`\u00c1 Ka Yor\u00f9b\u00e1: An Intermediate Course<\/td><td>Antonia Y\u00e9t\u00fand\u00e9 Fol\u00e1r\u00ecn Schleicher<\/td><td>Yale University Press<\/td><\/tr><tr><td>Yoruba-English\/ English-Yoruba Dictionary &amp; Phrasebook<\/td><td>Aquilina Mawadza&nbsp;(Series Editor),&nbsp;Clement Odoje<\/td><td>Hippocrene Books<\/td><\/tr><tr><td>Notas de Um Filho Nativo<\/td><td>Baldwin, James<\/td><td>Companhia das Letras<\/td><\/tr><tr><td>Como Ser Um Educador Antirracista: Para Familiares e Professores<\/td><td>B\u00e1rbara Carine Soares Pinheiro<\/td><td>Planeta<\/td><\/tr><tr><td>Candombl\u00e9 da Bahia: Resist\u00eancia e Identidade de Um Povo de F\u00e9<\/td><td>Barreto, Jos\u00e9 de Jesus<\/td><td>Solisluna Editora<\/td><\/tr><tr><td>O Negro Visto Por Ele Mesmo: Ensaios, Entrevistas e Prosa<\/td><td>Beatriz Nascimento<\/td><td>Ubu<\/td><\/tr><tr><td>Ensinando comunidade: uma pedagogia da esperan\u00e7a<\/td><td>Bell Hooks<\/td><td>Elefante<\/td><\/tr><tr><td>Dicion\u00e1rio Yorub\u00e1-Portugu\u00eas<\/td><td>Beniste, Jos\u00e9<\/td><td>Editora Bertrand Brasil<\/td><\/tr><tr><td>Pacto da Branquitude<\/td><td>Bento, Cida<\/td><td>Companhia das Letras<\/td><\/tr><tr><td>Racismos: Das Cruzadas ao s\u00e9culo XX<\/td><td>Bethencourt, Francisco<\/td><td>Companhia das Letras<\/td><\/tr><tr><td>Luiz Gama contra o Imperio: a luta pelo Direito no Brasil da Escravid\u00e3o<\/td><td>Bruno Rodrigues de Lima<\/td><td>Contracorrente<\/td><\/tr><tr><td>A Produ\u00e7\u00e3o do Espa\u00e7o Urbano: Agentes e Processos, Escalas e Desafios<\/td><td>Carlos, Ana Fani A. ;&nbsp; Souza, Marcelo Lopes de;&nbsp; Sposito, Maria Encarna\u00e7\u00e3o B.<\/td><td>Editora Contexto<\/td><\/tr><tr><td>Racismo, Sexismo e Desigualdade no Brasil<\/td><td>Carneiro, Sueli<\/td><td>Selo Negro<\/td><\/tr><tr><td>Quarto de Despejo: Di\u00e1rio de Uma Favelada<\/td><td>Carolina Maria de Jesus<\/td><td>\u00c1tica<\/td><\/tr><tr><td>Casa de Alvenaria Volume 1<\/td><td>Carolina Maria de Jesus<\/td><td>Companhia das Letras<\/td><\/tr><tr><td>Casa de Alvenaria Volume 2<\/td><td>Carolina Maria de Jesus<\/td><td>Companhia das Letras<\/td><\/tr><tr><td>O Silenciamento da Cultura Africana, Afro-brasileira e Ind\u00edgena no Livro Did\u00e1tico de Hist\u00f3ria<\/td><td>Castanheira, C\u00e1ssio Silva<\/td><td>Paco<\/td><\/tr><tr><td>Racismo e Antirracismo na Educa\u00e7\u00e3o: Repensando Nossa Escola<\/td><td>Cavalleiro, Eliane<\/td><td>Selo Negro<\/td><\/tr><tr><td>Discurso Sobre o Colonialismo<\/td><td>C\u00e9saire, Aim\u00e9<\/td><td>Veneta<\/td><\/tr><tr><td>The Fishermen: A Novel&nbsp;<\/td><td>Chigozie Obioma<\/td><td>Back Bay Books<\/td><\/tr><tr><td>Americanah<\/td><td>Chimamanda Ngozi Adichie<\/td><td>Companhia das Letras<\/td><\/tr><tr><td>Hibisco Roxo<\/td><td>Chimamanda Ngozi Adichie<\/td><td>Companhia das Letras<\/td><\/tr><tr><td>Frantz Fanon<\/td><td>Ciriez, Fr\u00e9d\u00e9ric; Lamy, Romain<\/td><td>Veneta<\/td><\/tr><tr><td>What Do Science, Technology, and Innovation Mean from Africa?<\/td><td>Clapperton Chakanets Mavhunga<\/td><td>The MIT Press<\/td><\/tr><tr><td>Dicion\u00e1rio da Escravid\u00e3o Negra no Brasil<\/td><td>Clovis Moura<\/td><td>Edusp<\/td><\/tr><tr><td>Dial\u00e9tica Radical do Brasil Negro<\/td><td>Clovis Moura<\/td><td>Anita Garibaldi<\/td><\/tr><tr><td>OS QUILOMBOS E A REBELI\u00c3O NEGRA<\/td><td>Clovis Moura<\/td><td>Editora Dandara<\/td><\/tr><tr><td>HIST\u00d3RIA DO NEGRO BRASILEIRO<\/td><td>Clovis Moura<\/td><td>Editora Dandara<\/td><\/tr><tr><td>BRASIL: AS RAIZES DO PROTESTO NEGRO<\/td><td>Clovis Moura<\/td><td>Editora Dandara<\/td><\/tr><tr><td>Can\u00e7\u00e3o Para Ninar Menino Grande<\/td><td>Concei\u00e7\u00e3o Evaristo<\/td><td>Pallas<\/td><\/tr><tr><td>Ponci\u00e1 Vic\u00eancio<\/td><td>Concei\u00e7\u00e3o Evaristo<\/td><td>Pallas<\/td><\/tr><tr><td>Becos da Mem\u00f3ria<\/td><td>Concei\u00e7\u00e3o Evaristo<\/td><td>Pallas<\/td><\/tr><tr><td>Hist\u00f3rias de leves enganos e parecen\u00e7as<\/td><td>Concei\u00e7\u00e3o Evaristo<\/td><td>Mal\u00ea<\/td><\/tr><tr><td>Macab\u00e9a Flor de Mulungu<\/td><td>Concei\u00e7\u00e3o Evaristo<\/td><td>Oficina Raquel<\/td><\/tr><tr><td>Notas de Hist\u00f3ria e Cultura Afro-brasileiras<\/td><td>Costa, Hilton; Silva, Paulo Vin\u00edcius Baptista da<\/td><td>Ed. da UEPG<\/td><\/tr><tr><td>Mulheres, Ra\u00e7a e Classe<\/td><td>Davis, Angela<\/td><td>Boitempo<\/td><\/tr><tr><td>A d\u00edvida impag\u00e1vel: Uma cr\u00edtica feminista, racial e anticolonial do capitalismo<\/td><td>Denise Ferreira da Silva et al.<\/td><td>Zahar<\/td><\/tr><tr><td>Cartas Para Minha Av\u00f3<\/td><td>Djamila Ribeiro<\/td><td>Companhia das Letras<\/td><\/tr><tr><td>Racismo sem racistas: O racismo da cegueira de cor e a persist\u00eancia da desigualdade na Am\u00e9rica<\/td><td>Eduardo Bonilla-Silva<\/td><td>Perspectiva<\/td><\/tr><tr><td>\u00c1gua de Barrela<\/td><td>Eliana Alves Cruz<\/td><td>Mal\u00ea<\/td><\/tr><tr><td>Do Sil\u00eancio do Lar ao Sil\u00eancio Escolar: Racismo, Preconceito e Discrimina\u00e7\u00e3o na Educa\u00e7\u00e3o Infantil<\/td><td>Eliane Cavalleiro<\/td><td>Contexto<\/td><\/tr><tr><td>Amoras<\/td><td>Emicida<\/td><td>Companhia das Letrinhas<\/td><\/tr><tr><td>Olhos D&#8217;\u00e1gua<\/td><td>Evaristo, Concei\u00e7\u00e3o<\/td><td>Pallas, Biblioteca Nacional<\/td><\/tr><tr><td>Poemas da Recorda\u00e7\u00e3o e Outros Movimentos<\/td><td>Evaristo, Concei\u00e7\u00e3o<\/td><td>Editora Mal\u00ea<\/td><\/tr><tr><td>Pedagogia da Circularidade: Ensinagens de Terreiro<\/td><td>Ferreira, T\u00e1ssio<\/td><td>Telha<\/td><\/tr><tr><td>\u00c1frica no Brasil: A Forma\u00e7\u00e3o da L\u00edngua Portuguesa<\/td><td>Fiorin, Jos\u00e9 Luiz; Petter, Margarida<\/td><td>Contexto<\/td><\/tr><tr><td>Dicion\u00e1rio das Rela\u00e7\u00f5es \u00c9tnico-Raciais Contempor\u00e2neas<\/td><td>Fl\u00e1rio Rios, Alex Ratts, M\u00e1rico dos Santos<\/td><td>Perspectiva<\/td><\/tr><tr><td>O Negro no Mundo dos Brancos<\/td><td>Florestan Fernandes<\/td><td>Global Editora<\/td><\/tr><tr><td>L&#8217;Afrique et le monde : histoires renou\u00e9es<\/td><td>Fran\u00e7ois-Xavier Fauvelle-Aymar, Anne Lafont<\/td><td>La D\u00e9couverte<\/td><\/tr><tr><td>Enciclop\u00e9dia Negra: Biografias Afro-brasileiras<\/td><td>Gomes, Fl\u00e1vio dos Santos; Lauriano, Jaime; Schwarcz, Lilia Moritz<\/td><td>Companhia das Letras<\/td><\/tr><tr><td>Dicion\u00e1rio da Escravid\u00e3o e Liberdade<\/td><td>Gomes, Fl\u00e1vio dos Santos; Schwarcz, Lilia Moritz<\/td><td>Companhia das Letras<\/td><\/tr><tr><td>Escravid\u00e3o: Volume 1: do primeiro leil\u00e3o de cativos em Portugal at\u00e9 a morte de Zumbi dos Palmares<\/td><td>Gomes, Laurentino<\/td><td>Globo Livros<\/td><\/tr><tr><td>Escravid\u00e3o &#8211; Volume 2: Da corrida do ouro em Minas Gerais at\u00e9 a chegada da corte de dom Jo\u00e3o ao Brasil<\/td><td>Gomes, Laurentino<\/td><td>Globo Livros<\/td><\/tr><tr><td>Escravid\u00e3o &#8211; Volume 3: Da Independ\u00eancia do Brasil \u00e0 Lei \u00c1urea<\/td><td>Gomes, Laurentino<\/td><td>Globo Livros<\/td><\/tr><tr><td>O Movimento Negro Educador: Saberes Constru\u00eddos nas Lutas Por Emancipa\u00e7\u00e3o<\/td><td>Gomes, Nilma Lino<\/td><td>Vozes<\/td><\/tr><tr><td>Saberes das Lutas do Movimento Negro Educador<\/td><td>Gomes, Nilma Lino (Org.)<\/td><td>Vozes<\/td><\/tr><tr><td>Por Um Feminismo Afro-latino-americano<\/td><td>Gonzalez, L\u00e9lia<\/td><td>Zahar<\/td><\/tr><tr><td>Decolonialidade: pontos e contrapontos na Educa\u00e7\u00e3o Lingu\u00edstica Cr\u00edtica<\/td><td>Grassinete C. de Albuquerque Oliveira<\/td><td>Pontes Editores<\/td><\/tr><tr><td>O desejo dos outros: uma etnografia dos sonhos Yanomami<\/td><td>Hanna Limulja<\/td><td>Ubu<\/td><\/tr><tr><td>Espa\u00e7os de Esperan\u00e7a<\/td><td>Harvey, David<\/td><td>Edi\u00e7\u00f5es Loyola<\/td><\/tr><tr><td>Measuring time: a novel<\/td><td>Helon Habila<\/td><td>W. W. Norton &amp; Company<\/td><\/tr><tr><td>Oil on Water<\/td><td>Helon Habila<\/td><td>Penguin Books<\/td><\/tr><tr><td>The granta book of the African short story<\/td><td>Helon Habila<\/td><td>Granta Books<\/td><\/tr><tr><td>The Norton Anthology of African American Literature (Third Edition) (Vol. Vol 1 + Vol 2)<\/td><td>Henry Louis Gates Jr.&nbsp;(Editor),&nbsp;Valerie Smith&nbsp;(Editor)<\/td><td>W. W. Norton &amp; Company<\/td><\/tr><tr><td>O Feminismo \u00e9 Para Todo Mundo: Pol\u00edticas Arrebatadoras<\/td><td>Hooks, Bell<\/td><td>Rosa dos Tempos<\/td><\/tr><tr><td>Teoria Feminista: Da Margem ao Centro<\/td><td>Hooks, Bell<\/td><td>Perspectiva<\/td><\/tr><tr><td>Olhares Negros: Ra\u00e7a e Representa\u00e7\u00e3o<\/td><td>Hooks, Bell<\/td><td>Editora Elefante<\/td><\/tr><tr><td>Cor do Inconsciente: Significa\u00e7\u00f5es do Corpo Negro<\/td><td>Isildinha Baptista Nogueira<\/td><td>Perspectiva<\/td><\/tr><tr><td>Giovanni&#8217;s room<\/td><td>James Baldwin<\/td><td>Grupo Penguin Random House<\/td><\/tr><tr><td>Cinquenta Tons de Racismo: Mesti\u00e7agem e Polariza\u00e7\u00e3o Racial no Brasil<\/td><td>Jana\u00edna Bastos<\/td><td>Matrix<\/td><\/tr><tr><td>Picture Freedom: Remaking Black Visuality in the Early Nineteenth Century (America and the Long 19th Century, 20)<\/td><td>Jasmine Nichole Cobb<\/td><td>NYU Press<\/td><\/tr><tr><td>Avesso da Pele<\/td><td>Jeferson Ten\u00f3rio<\/td><td>Companhia das Letras<\/td><\/tr><tr><td>Changing the Face of Engineering: The African American Experience<\/td><td>John Brooks Slaughter&nbsp;(Editor),&nbsp;Yu Tao&nbsp;(Editor)<\/td><td>Johns Hopkins University Press<\/td><\/tr><tr><td>O Princ\u00edpio Responsabilidade: Ensaio de Uma \u00c9tica Para a Civiliza\u00e7\u00e3o Tecnol\u00f3gica<\/td><td>Jonas, Hans<\/td><td>Contraponto Editora<\/td><\/tr><tr><td>Of black study<\/td><td>Joshua Myers&nbsp;<\/td><td>Pluto Press<\/td><\/tr><tr><td>Preconceito: Uma Hist\u00f3ria<\/td><td>Karnal, Leandro; Fernandes,<\/td><td>Companhia das Letras<\/td><\/tr><tr><td>Mem\u00f3rias da Planta\u00e7\u00e3o: Epis\u00f3dios de Racismo Cotidiano<\/td><td>Kilomba, Grada<\/td><td>Cobog\u00f3<\/td><\/tr><tr><td>Queda do C\u00e9u<\/td><td>Kopenawa, Davi<\/td><td>Companhia das Letras<\/td><\/tr><tr><td>Vida N\u00e3o \u00c9 \u00datil<\/td><td>Krenak, Ailton<\/td><td>Companhia das Letras<\/td><\/tr><tr><td>Arte dos mundos negros: hist\u00f3ria, teoria, cr\u00edtica<\/td><td>Lafont, Anne<\/td><td>Bazar do Tempo<\/td><\/tr><tr><td>Brasil: Uma Biografia: Com Novo P\u00f3s-Escrito<\/td><td>Lilia Moritz Schwarcz<\/td><td>Companhia das Letras<\/td><\/tr><tr><td>Espet\u00e1culo das Ra\u00e7as<\/td><td>Lilia Moritz Schwarcz<\/td><td>Companhia das Letras<\/td><\/tr><tr><td>Novo Dicion\u00e1rio Banto do Brasil<\/td><td>Lopes, Nei<\/td><td>Pallas Editora<\/td><\/tr><tr><td>Vamos Falar de Racismo: 100 Perguntas Para Discutir Preconceito e Gerar Conscientiza\u00e7\u00e3o<\/td><td>Loras, Alexandra; Oliveira, Maur\u00edcio<\/td><td>Matrix<\/td><\/tr><tr><td>Primeiras trovas burlescas de Getulino<\/td><td>Luiz Gama<\/td><td>Martins Fontes<\/td><\/tr><tr><td>Liberdade (1880-1882). Obras completas de Luiz Gama.<\/td><td>Luiz Gama<\/td><td>Hedra<\/td><\/tr><tr><td>Direito (1870\u20131875): Obras Completas de Luiz Gama<\/td><td>Luiz Gama<\/td><td>Hedra<\/td><\/tr><tr><td>Democracia (1866\u20131869): Obras Completas de Luiz Gama<\/td><td>Luiz Gama<\/td><td>Hedra<\/td><\/tr><tr><td>Crime (1877\u20131879): Obras Completas de Luiz Gama<\/td><td>Luiz Gama<\/td><td>Hedra<\/td><\/tr><tr><td>Autores Negros: 7 Melhores Contos<\/td><td>Luiz Gama,&nbsp; Gon\u00e7alves Dias, August Nemo,&nbsp; Paula Brito,&nbsp; Auta de Souza<\/td><td>Tacet Books<\/td><\/tr><tr><td>Angola Janga. Uma hist\u00f3ria de palmares<\/td><td>Marcelo d&#8217; Salete<\/td><td>Veneta<\/td><\/tr><tr><td>Mukanda Tiodora<\/td><td>Marcelo D\u2019Salete<\/td><td>Veneta<\/td><\/tr><tr><td>Contribui\u00e7\u00f5es da Psicologia Social Para o Entendimento do Racismo Brasileiro<\/td><td>Marcus Eug\u00eanio Oliveira Lima<\/td><td>Blucher<\/td><\/tr><tr><td>Para Entender a Crise Urbana<\/td><td>Maricato, Erm\u00ednia<\/td><td>Editora Express\u00e3o Popular<\/td><\/tr><tr><td>Racismo Woke<\/td><td>McWorther, John<\/td><td>Avis Rara<\/td><\/tr><tr><td>Preto: hist\u00f3ria de uma cor<\/td><td>Michel Pastoureau<\/td><td>Editora Senac SP \/Imprensa Oficial<\/td><\/tr><tr><td>Negritude: Usos e Sentidos<\/td><td>Munanga, Kabengele<\/td><td>Aut\u00eantica Editora<\/td><\/tr><tr><td>Nos limites da Lei. A escravid\u00e3o contempor\u00e2nea no interior de S\u00e3o Paulo (1191-2010).<\/td><td>Nauber Gavski da Silva.<\/td><td>&nbsp;Coedi\u00e7\u00e3o EDUSP<\/td><\/tr><tr><td>Filosofias africanas, uma introdu\u00e7\u00e3o<\/td><td>Nei Lopes, Luiz Ant\u00f4nio Somas<\/td><td>Civiliza\u00e7\u00e3o Brasileira<\/td><\/tr><tr><td>Tornar-se Negro ou As Vicissitudes da Identidade do Negro Brasileiro em Ascens\u00e3o Social<\/td><td>Neusa Santos Souza<\/td><td>Zahar<\/td><\/tr><tr><td>O racismo e o negro no Brasil: quest\u00f5es para a psican\u00e1lise<\/td><td>Noemi Moritz Kon, Maria L\u00facia da Silva, Cristiane Curi Abud<\/td><td>Perspectiva<\/td><\/tr><tr><td>Popula\u00e7\u00e3o Negra, Escravismo e Educa\u00e7\u00e3o no Brasil&nbsp; [on-line]<\/td><td>Nogueira, Vera L\u00facia (Org.)<\/td><td>Mazza Edi\u00e7\u00f5es<\/td><\/tr><tr><td>Le Manifeste afro-d\u00e9colonial<\/td><td>Norman Ajari<\/td><td>Seuil<\/td><\/tr><tr><td>L&#8217;\u00e9gyptien pharaonique: une langue n\u00e9gro-africaine<\/td><td>OBENGA Th\u00e9ophile<\/td><td>Pr\u00e9sence Africaine<\/td><\/tr><tr><td>Educa\u00e7\u00e3o e Africanidade: Propostas Pr\u00e1ticas e Did\u00e1ticas Para a Forma\u00e7\u00e3o de Professores Sobre a Lei 10.639\/2003<\/td><td>Oliveira, Alexsandra Flavia Bezerra de; Nunes, C\u00edcera; Cunha Junior, Henrique; Domingos, Reginaldo Ferreira<\/td><td>Editora CRV<\/td><\/tr><tr><td>Ensinar Hist\u00f3ria Afro-brasileira e Ind\u00edgena no S\u00e9culo XXI: A Diversidade em Debate<\/td><td>Osvaldo Mariotto Cerezer<\/td><td>Appris<\/td><\/tr><tr><td>As Andorinhas<\/td><td>Paulina Chiziane<\/td><td>Nandyala<\/td><\/tr><tr><td>Ensino de Hist\u00f3ria e Culturas Afro-brasileiras e Ind\u00edgenas<\/td><td>Pereira, Amilcar Araujo; Monteiro, Ana Maria (Org.)<\/td><td>Pallas Editora<\/td><\/tr><tr><td>Introdu\u00e7\u00e3o \u00e0 Lingu\u00edstica Africana<\/td><td>Petter, Margarida<\/td><td>Contexto<\/td><\/tr><tr><td>Querido Estudante Negro<\/td><td>Pinheiro, B\u00e1rbara Carine Soares<\/td><td>Planeta<\/td><\/tr><tr><td>N\u00e3o Somos Como Eles<\/td><td>Pride, Christine; Piazza, Jo<\/td><td>Companhia Editora Nacional<\/td><\/tr><tr><td>Os Donos do Poder: Forma\u00e7\u00e3o do Patronato Pol\u00edtico<\/td><td>Raymundo Faoro<\/td><td>Companhia das Letras<\/td><\/tr><tr><td>Revoltas Escravas no Brasil<\/td><td>Reis, Jo\u00e3o Jos\u00e9; Gomes, Fl\u00e1vio Santos<\/td><td>Companhia das Letras<\/td><\/tr><tr><td>Black Archives: A Photographic Celebration of Black Life<\/td><td>Renata Cherlise<\/td><td>Tem Speed Press<\/td><\/tr><tr><td>Pequeno Manual Antirracista<\/td><td>Ribeiro, Djamila<\/td><td>Companhia das Letras<\/td><\/tr><tr><td>Quem Tem Medo do Feminismo Negro?<\/td><td>Ribeiro, Djamila<\/td><td>Companhia das Letras<\/td><\/tr><tr><td>Uma Nova hist\u00f3ria, feita de hist\u00f3rias: personalidades negras invisibilizadas da hist\u00f3ria do Brasil<\/td><td>Ribeiro, Djamila; Almeida, Lizandra Magon de<\/td><td>Janda\u00edra<\/td><\/tr><tr><td>Freedom Dreams: The Black Radical Imagination<\/td><td>Robin D.G. Kelley&nbsp;(Author),&nbsp;Aja Monet&nbsp;(Foreword)<\/td><td>Beacon Press<\/td><\/tr><tr><td>Pedagogia das Encruzilhadas<\/td><td>Rufino, Luiz<\/td><td>M\u00f3rula<\/td><\/tr><tr><td>Ponta-cabe\u00e7a: Educa\u00e7\u00e3o, Jogo de Corpo e Outras Mandingas<\/td><td>Rufino, Luiz<\/td><td>M\u00f3rula<\/td><\/tr><tr><td>Fogo no Mato: A Ci\u00eancia Encantada das Macumbas<\/td><td>Rufino, Luiz; Simas, Luiz Antonio<\/td><td>M\u00f3rula<\/td><\/tr><tr><td>\u00c1gua Funda<\/td><td>Ruth Guimar\u00e3es<\/td><td>Editora 34<\/td><\/tr><tr><td>Contos negros<\/td><td>Ruth Guimar\u00e3es<\/td><td>Faro<\/td><\/tr><tr><td>Contos \u00edndios<\/td><td>Ruth Guimar\u00e3es<\/td><td>Faro<\/td><\/tr><tr><td>Les \u00e9pines de la vie. Roman<\/td><td>Safi\u00e9tou Ndiaye safietou<\/td><td>L&#8217;Harmattan<\/td><\/tr><tr><td>Terra D\u00e1, A Terra Quer<\/td><td>Santos, Ant\u00f4nio Bispo dos<\/td><td>Ubu<\/td><\/tr><tr><td>Pardos: A Vis\u00e3o das Pessoas Pardas Pelo Estado Brasileiro<\/td><td>Santos, Denis Moura dos<\/td><td>Appris<\/td><\/tr><tr><td>Racismo Brasileiro: Uma Hist\u00f3ria da Forma\u00e7\u00e3o do Pa\u00eds<\/td><td>Santos, Yna\u00ea Lopes dos<\/td><td>Todavia<\/td><\/tr><tr><td>Sobre o Autoritarismo Brasileiro<\/td><td>Schwarcz, Lilia Moritz<\/td><td>Companhia das Letras<\/td><\/tr><tr><td>A Volta Inversa na \u00c1rvore do Esquecimento e nas Pr\u00e1ticas de Branqueamento: Pr\u00e1ticas Pedag\u00f3gicas Escolares em Hist\u00f3ria e Cultura Afro-brasileira<\/td><td>Silva, Claudilene Maria da<\/td><td>CRV<\/td><\/tr><tr><td>O Que N\u00e3o Te Contaram Sobre o Movimento Antirracista<\/td><td>Silva, Patricia; Freitas, Geisiane<\/td><td>Avis Rara<\/td><\/tr><tr><td>Mother to mother<\/td><td>Sindiwe Magona<\/td><td>Beacon Press<\/td><\/tr><tr><td>Terreiro e a Cidade: A Forma Social Negro-brasileira<\/td><td>Sodr\u00e9, Muniz<\/td><td>Editora MAUAD X<\/td><\/tr><tr><td>Letramentos de Reexist\u00eancia: Poesia, Grafite, M\u00fasica, Dan\u00e7a: Hip-hop<\/td><td>Souza, Ana L\u00facia Silva<\/td><td>Par\u00e1bola Editorial<\/td><\/tr><tr><td>A Faithful Account of the Race: African American Historical Writing in Nineteenth-Century America<\/td><td>Stephen G. Hall<\/td><td>The University of North Carolina Press<\/td><\/tr><tr><td>Dispositivo de Racialidade: A Constru\u00e7\u00e3o do Outro Como N\u00e3o Ser Como Fundamento do Ser<\/td><td>Sueli Carneiro<\/td><td>Companhia das Letras<\/td><\/tr><tr><td>Racismo Algor\u00edtmico: Intelig\u00eancia Artificial e Discrimina\u00e7\u00e3o das Redes Digitais<\/td><td>Tarc\u00edzio Silva<\/td><td>Edi\u00e7\u00f5es SESC<\/td><\/tr><tr><td>Contornos do (in)vis\u00edvel: racismo e est\u00e9tica na pintura brasileira (1850-1940)<\/td><td>Tatiana Lotierzo<\/td><td>Edusp<\/td><\/tr><tr><td>Racismo e discurso na Am\u00e9rica Latina<\/td><td>Teun A. van Dijk<\/td><td>Contexto<\/td><\/tr><tr><td>Outra Educa\u00e7\u00e3o \u00e9 Poss\u00edvel: Feminismo, Antirracismo e Inclus\u00e3o em Sala de Aula<\/td><td>Tolentino, Luana<\/td><td>Mazza Edi\u00e7\u00f5es<\/td><\/tr><tr><td>Amada<\/td><td>Toni Morrison<\/td><td>Companhia das Letras<\/td><\/tr><tr><td>A fonte da autoestima: ensaios, discursos e reflex\u00f5es<\/td><td>Toni Morrison<\/td><td>Companhia das Letras<\/td><\/tr><tr><td>Exu: Um Deus Afro-atl\u00e2ntico no Brasil<\/td><td>Vagner Gon\u00e7alves da Silva<\/td><td>EDUSP<\/td><\/tr><tr><td>Cidade Contempor\u00e2nea: Segrega\u00e7\u00e3o Espacial<\/td><td>Vasconcelos, Pedro de Almeida; Corr\u00eaa, Roberto Lobato; Pintaudi, Silvana<\/td><td>Editora Contexto<\/td><\/tr><tr><td>Beyond Blackface: African Americans and the Creation of American Popular Culture, 1890-1930 (H. Eugene and Lillian Youngs Lehman Series)<\/td><td>W. Fitzhugh Brundage<\/td><td>The University of North Carolina Press<\/td><\/tr><tr><td>S\u00e9culo de Favela<\/td><td>Zaluar, Alba Maria; Souza, Marcos Alvito Pereira de<\/td><td>Editora FGV<\/td><\/tr><tr><td>Nigeria Jones<\/td><td>Zoboi, Ibi<\/td><td>Harpper Collins<\/td><\/tr><\/tbody><\/table><\/figure>\n\n\n\n<p><\/p>\n","protected":false},"excerpt":{"rendered":"<p>O nomeamos assim este Acervo para homenagear sua patrocinadora, a Deputada Federal Professora Carol Dartora, via emenda parlamentar. S\u00e3o, atualmente,<\/p>\n","protected":false},"author":39,"featured_media":0,"parent":0,"menu_order":0,"comment_status":"closed","ping_status":"closed","template":"","meta":{"colormag_page_container_layout":"default_layout","colormag_page_sidebar_layout":"default_layout","footnotes":""},"class_list":["post-1459","page","type-page","status-publish","hentry"],"_links":{"self":[{"href":"https:\/\/utfpr.curitiba.br\/neabi\/wp-json\/wp\/v2\/pages\/1459","targetHints":{"allow":["GET"]}}],"collection":[{"href":"https:\/\/utfpr.curitiba.br\/neabi\/wp-json\/wp\/v2\/pages"}],"about":[{"href":"https:\/\/utfpr.curitiba.br\/neabi\/wp-json\/wp\/v2\/types\/page"}],"author":[{"embeddable":true,"href":"https:\/\/utfpr.curitiba.br\/neabi\/wp-json\/wp\/v2\/users\/39"}],"replies":[{"embeddable":true,"href":"https:\/\/utfpr.curitiba.br\/neabi\/wp-json\/wp\/v2\/comments?post=1459"}],"version-history":[{"count":10,"href":"https:\/\/utfpr.curitiba.br\/neabi\/wp-json\/wp\/v2\/pages\/1459\/revisions"}],"predecessor-version":[{"id":1624,"href":"https:\/\/utfpr.curitiba.br\/neabi\/wp-json\/wp\/v2\/pages\/1459\/revisions\/1624"}],"wp:attachment":[{"href":"https:\/\/utfpr.curitiba.br\/neabi\/wp-json\/wp\/v2\/media?parent=1459"}],"curies":[{"name":"wp","href":"https:\/\/api.w.org\/{rel}","templated":true}]}}