{"id":1442,"date":"2025-11-11T16:38:24","date_gmt":"2025-11-11T19:38:24","guid":{"rendered":"https:\/\/utfpr.curitiba.br\/neabi\/?page_id=1442"},"modified":"2025-11-11T16:38:26","modified_gmt":"2025-11-11T19:38:26","slug":"oficina-de-manuseio-com-a-terra","status":"publish","type":"page","link":"https:\/\/utfpr.curitiba.br\/neabi\/oficina-de-manuseio-com-a-terra\/","title":{"rendered":"Oficina de Manuseio com a Terra"},"content":{"rendered":"\n<figure class=\"wp-block-image size-large is-resized\"><img fetchpriority=\"high\" decoding=\"async\" width=\"768\" height=\"1024\" src=\"https:\/\/utfpr-ct-static-content.s3.amazonaws.com\/utfpr.curitiba.br\/wp-content\/uploads\/sites\/181\/2025\/11\/Oficina-de-Manuseio-com-a-Terra-768x1024.jpg\" alt=\"\" class=\"wp-image-1444\" style=\"width:382px;height:auto\" srcset=\"https:\/\/utfpr-ct-static-content.s3.amazonaws.com\/utfpr.curitiba.br\/wp-content\/uploads\/sites\/181\/2025\/11\/Oficina-de-Manuseio-com-a-Terra-768x1024.jpg 768w, https:\/\/utfpr-ct-static-content.s3.amazonaws.com\/utfpr.curitiba.br\/wp-content\/uploads\/sites\/181\/2025\/11\/Oficina-de-Manuseio-com-a-Terra-225x300.jpg 225w, https:\/\/utfpr-ct-static-content.s3.amazonaws.com\/utfpr.curitiba.br\/wp-content\/uploads\/sites\/181\/2025\/11\/Oficina-de-Manuseio-com-a-Terra.jpg 960w\" sizes=\"(max-width: 768px) 100vw, 768px\" \/><\/figure>\n\n\n\n<p>Nesta viv\u00eancia, vamos relembrar o uso ancestral da terra como fonte de vida e adubo natural, aprendendo sobre a reciclagem da mat\u00e9ria org\u00e2nica e a produ\u00e7\u00e3o do adubo l\u00edquido (chorume) uma pr\u00e1tica tradicional transmitida pelos povos ind\u00edgenas, que mant\u00e9m o solo f\u00e9rtil e equilibrado.<\/p>\n\n\n\n<p>Durante a oficina, vamos reconhecer mudas, conversar sobre plantas frut\u00edferas e esp\u00e9cies de diferentes biomas, e aprender a criar novas mudas a partir da poda, fortalecendo o cultivo sustent\u00e1vel e a produ\u00e7\u00e3o de alimentos a partir das \u00e1rvores frut\u00edferas.<\/p>\n\n\n\n<p>Cada participante levar\u00e1 consigo uma nova planta, solo adubado com microbiota viva e adubo l\u00edquido natural, celebrando a terra como territ\u00f3rio de cuidado, resist\u00eancia e renova\u00e7\u00e3o.<\/p>\n\n\n\n<p>E o melhor: todos os materiais ser\u00e3o fornecidos gratuitamente!<\/p>\n\n\n\n<p>\ud83d\uddd3 Dia: 19 de novembro<br>\u23f0 Hor\u00e1rio: 16h<br>\ud83d\udccd Local: UTFPR Centro<br>\ud83d\udd17 Inscri\u00e7\u00f5es e mais infos: <a href=\"https:\/\/www.even3.com.br\/festa-preta-indigena-647035\" target=\"_blank\" rel=\"noreferrer noopener\">https:\/\/www.even3.com.br\/festa-preta-indigena-647035<\/a><\/p>\n","protected":false},"excerpt":{"rendered":"<p>Nesta viv\u00eancia, vamos relembrar o uso ancestral da terra como fonte de vida e adubo natural, aprendendo sobre a reciclagem<\/p>\n","protected":false},"author":39,"featured_media":0,"parent":0,"menu_order":0,"comment_status":"closed","ping_status":"closed","template":"","meta":{"colormag_page_container_layout":"default_layout","colormag_page_sidebar_layout":"default_layout","footnotes":""},"class_list":["post-1442","page","type-page","status-publish","hentry"],"_links":{"self":[{"href":"https:\/\/utfpr.curitiba.br\/neabi\/wp-json\/wp\/v2\/pages\/1442","targetHints":{"allow":["GET"]}}],"collection":[{"href":"https:\/\/utfpr.curitiba.br\/neabi\/wp-json\/wp\/v2\/pages"}],"about":[{"href":"https:\/\/utfpr.curitiba.br\/neabi\/wp-json\/wp\/v2\/types\/page"}],"author":[{"embeddable":true,"href":"https:\/\/utfpr.curitiba.br\/neabi\/wp-json\/wp\/v2\/users\/39"}],"replies":[{"embeddable":true,"href":"https:\/\/utfpr.curitiba.br\/neabi\/wp-json\/wp\/v2\/comments?post=1442"}],"version-history":[{"count":1,"href":"https:\/\/utfpr.curitiba.br\/neabi\/wp-json\/wp\/v2\/pages\/1442\/revisions"}],"predecessor-version":[{"id":1445,"href":"https:\/\/utfpr.curitiba.br\/neabi\/wp-json\/wp\/v2\/pages\/1442\/revisions\/1445"}],"wp:attachment":[{"href":"https:\/\/utfpr.curitiba.br\/neabi\/wp-json\/wp\/v2\/media?parent=1442"}],"curies":[{"name":"wp","href":"https:\/\/api.w.org\/{rel}","templated":true}]}}