{"id":1438,"date":"2025-11-11T16:33:27","date_gmt":"2025-11-11T19:33:27","guid":{"rendered":"https:\/\/utfpr.curitiba.br\/neabi\/?page_id=1438"},"modified":"2025-11-11T16:33:28","modified_gmt":"2025-11-11T19:33:28","slug":"oficina-de-maquiagem-kaingang","status":"publish","type":"page","link":"https:\/\/utfpr.curitiba.br\/neabi\/oficina-de-maquiagem-kaingang\/","title":{"rendered":"Oficina de Maquiagem Kaingang"},"content":{"rendered":"\n<figure class=\"wp-block-image size-large is-resized\"><img fetchpriority=\"high\" decoding=\"async\" width=\"768\" height=\"1024\" src=\"https:\/\/utfpr-ct-static-content.s3.amazonaws.com\/utfpr.curitiba.br\/wp-content\/uploads\/sites\/181\/2025\/11\/Oficina-de-artesanato-768x1024.jpg\" alt=\"\" class=\"wp-image-1439\" style=\"width:362px;height:auto\" srcset=\"https:\/\/utfpr-ct-static-content.s3.amazonaws.com\/utfpr.curitiba.br\/wp-content\/uploads\/sites\/181\/2025\/11\/Oficina-de-artesanato-768x1024.jpg 768w, https:\/\/utfpr-ct-static-content.s3.amazonaws.com\/utfpr.curitiba.br\/wp-content\/uploads\/sites\/181\/2025\/11\/Oficina-de-artesanato-225x300.jpg 225w, https:\/\/utfpr-ct-static-content.s3.amazonaws.com\/utfpr.curitiba.br\/wp-content\/uploads\/sites\/181\/2025\/11\/Oficina-de-artesanato.jpg 960w\" sizes=\"(max-width: 768px) 100vw, 768px\" \/><\/figure>\n\n\n\n<p>Atra\u00e7\u00e3o confirmada!!!<\/p>\n\n\n\n<p>Com a ministrante Jovina Kaingang, lideran\u00e7a e educadora ind\u00edgena, a Oficina de Artesanato Kaingang convida voc\u00ea a conhecer um pouco da arte tradicional do povo Kaingang por meio da confec\u00e7\u00e3o de colares e pulseiras com contas e sementes naturais. Uma viv\u00eancia que une criatividade, cultura e ancestralidade, valorizando os saberes ind\u00edgenas e o fazer manual como forma de express\u00e3o e identidade. Cada cria\u00e7\u00e3o carrega o saber ancestral, a for\u00e7a das mulheres Kaingang e a conex\u00e3o com a floresta, revelando a arte como express\u00e3o viva de um modo de exist\u00eancia.<\/p>\n\n\n\n<p>\ud83d\uddd3 Data: 19 de novembro de 2025<br>\u23f0 Hor\u00e1rio: 11h30<br>\ud83d\udc65 P\u00fablico: 14+<br>\ud83d\udccd Local: UTFPR Centro<\/p>\n\n\n\n<p>\ud83c\udf9f Fa\u00e7a sua inscri\u00e7\u00e3o pela bio ou pelo link abaixo: <a href=\"https:\/\/www.even3.com.br\/festa-preta-indigena-647035\" target=\"_blank\" rel=\"noreferrer noopener\">https:\/\/www.even3.com.br\/festa-preta-indigena-647035<\/a><\/p>\n","protected":false},"excerpt":{"rendered":"<p>Atra\u00e7\u00e3o confirmada!!! Com a ministrante Jovina Kaingang, lideran\u00e7a e educadora ind\u00edgena, a Oficina de Artesanato Kaingang convida voc\u00ea a conhecer<\/p>\n","protected":false},"author":39,"featured_media":0,"parent":0,"menu_order":0,"comment_status":"closed","ping_status":"closed","template":"","meta":{"colormag_page_container_layout":"default_layout","colormag_page_sidebar_layout":"default_layout","footnotes":""},"class_list":["post-1438","page","type-page","status-publish","hentry"],"_links":{"self":[{"href":"https:\/\/utfpr.curitiba.br\/neabi\/wp-json\/wp\/v2\/pages\/1438","targetHints":{"allow":["GET"]}}],"collection":[{"href":"https:\/\/utfpr.curitiba.br\/neabi\/wp-json\/wp\/v2\/pages"}],"about":[{"href":"https:\/\/utfpr.curitiba.br\/neabi\/wp-json\/wp\/v2\/types\/page"}],"author":[{"embeddable":true,"href":"https:\/\/utfpr.curitiba.br\/neabi\/wp-json\/wp\/v2\/users\/39"}],"replies":[{"embeddable":true,"href":"https:\/\/utfpr.curitiba.br\/neabi\/wp-json\/wp\/v2\/comments?post=1438"}],"version-history":[{"count":1,"href":"https:\/\/utfpr.curitiba.br\/neabi\/wp-json\/wp\/v2\/pages\/1438\/revisions"}],"predecessor-version":[{"id":1440,"href":"https:\/\/utfpr.curitiba.br\/neabi\/wp-json\/wp\/v2\/pages\/1438\/revisions\/1440"}],"wp:attachment":[{"href":"https:\/\/utfpr.curitiba.br\/neabi\/wp-json\/wp\/v2\/media?parent=1438"}],"curies":[{"name":"wp","href":"https:\/\/api.w.org\/{rel}","templated":true}]}}