{"id":1429,"date":"2025-11-11T16:27:29","date_gmt":"2025-11-11T19:27:29","guid":{"rendered":"https:\/\/utfpr.curitiba.br\/neabi\/?page_id=1429"},"modified":"2025-11-11T16:27:31","modified_gmt":"2025-11-11T19:27:31","slug":"apresentacao-cultural-dj-meliante","status":"publish","type":"page","link":"https:\/\/utfpr.curitiba.br\/neabi\/apresentacao-cultural-dj-meliante\/","title":{"rendered":"Apresenta\u00e7\u00e3o Cultural &#8211; DJ Meliante"},"content":{"rendered":"\n<figure class=\"wp-block-image size-large is-resized\"><img fetchpriority=\"high\" decoding=\"async\" width=\"768\" height=\"1024\" src=\"https:\/\/utfpr-ct-static-content.s3.amazonaws.com\/utfpr.curitiba.br\/wp-content\/uploads\/sites\/181\/2025\/11\/Apresentacao-Cultural-DJ-Meliante-768x1024.jpg\" alt=\"\" class=\"wp-image-1430\" style=\"width:404px;height:auto\" srcset=\"https:\/\/utfpr-ct-static-content.s3.amazonaws.com\/utfpr.curitiba.br\/wp-content\/uploads\/sites\/181\/2025\/11\/Apresentacao-Cultural-DJ-Meliante-768x1024.jpg 768w, https:\/\/utfpr-ct-static-content.s3.amazonaws.com\/utfpr.curitiba.br\/wp-content\/uploads\/sites\/181\/2025\/11\/Apresentacao-Cultural-DJ-Meliante-225x300.jpg 225w, https:\/\/utfpr-ct-static-content.s3.amazonaws.com\/utfpr.curitiba.br\/wp-content\/uploads\/sites\/181\/2025\/11\/Apresentacao-Cultural-DJ-Meliante.jpg 960w\" sizes=\"(max-width: 768px) 100vw, 768px\" \/><\/figure>\n\n\n\n<p>Atra\u00e7\u00e3o confirmada!!!<\/p>\n\n\n\n<p>Fazendo parte da nossa Apresenta\u00e7\u00e3o Cultural, a DJ Meliante chega trazendo batidas que atravessam fronteiras e carregam hist\u00f3rias. Durante a adolesc\u00eancia, o Funk e o Rap foram suas v\u00e1lvulas de escape, caminhos que redefiniram seu senso de pertencimento e moldaram sua identidade art\u00edstica. Hoje, aos 26 anos, ela conduz uma pesquisa sonora potente, explorando subg\u00eaneros como mandela, tuim, beat bolha, kuduro, afrobeat, grime, trap e drill. Sua discotecagem \u00e9 um convite \u00e0 celebra\u00e7\u00e3o e \u00e0 liberdade, pulsando a for\u00e7a das periferias e das culturas negras e ind\u00edgenas que inspiram a Festa Preta-Ind\u00edgena.<\/p>\n\n\n\n<p>\ud83d\uddd3 Data: 19 de novembro de 2025<br>\u23f0 Hor\u00e1rio: 19h30<br>\ud83d\udccd Local: UTFPR Centro<\/p>\n\n\n\n<p>\ud83c\udf9f Mais informa\u00e7\u00f5es e inscri\u00e7\u00f5es: <a href=\"https:\/\/www.even3.com.br\/festa-preta-indigena-647035\" target=\"_blank\" rel=\"noreferrer noopener\">https:\/\/www.even3.com.br\/festa-preta-indigena-647035<\/a><\/p>\n\n\n\n<p><\/p>\n","protected":false},"excerpt":{"rendered":"<p>Atra\u00e7\u00e3o confirmada!!! Fazendo parte da nossa Apresenta\u00e7\u00e3o Cultural, a DJ Meliante chega trazendo batidas que atravessam fronteiras e carregam hist\u00f3rias.<\/p>\n","protected":false},"author":39,"featured_media":0,"parent":0,"menu_order":0,"comment_status":"closed","ping_status":"closed","template":"","meta":{"colormag_page_container_layout":"default_layout","colormag_page_sidebar_layout":"default_layout","footnotes":""},"class_list":["post-1429","page","type-page","status-publish","hentry"],"_links":{"self":[{"href":"https:\/\/utfpr.curitiba.br\/neabi\/wp-json\/wp\/v2\/pages\/1429","targetHints":{"allow":["GET"]}}],"collection":[{"href":"https:\/\/utfpr.curitiba.br\/neabi\/wp-json\/wp\/v2\/pages"}],"about":[{"href":"https:\/\/utfpr.curitiba.br\/neabi\/wp-json\/wp\/v2\/types\/page"}],"author":[{"embeddable":true,"href":"https:\/\/utfpr.curitiba.br\/neabi\/wp-json\/wp\/v2\/users\/39"}],"replies":[{"embeddable":true,"href":"https:\/\/utfpr.curitiba.br\/neabi\/wp-json\/wp\/v2\/comments?post=1429"}],"version-history":[{"count":1,"href":"https:\/\/utfpr.curitiba.br\/neabi\/wp-json\/wp\/v2\/pages\/1429\/revisions"}],"predecessor-version":[{"id":1431,"href":"https:\/\/utfpr.curitiba.br\/neabi\/wp-json\/wp\/v2\/pages\/1429\/revisions\/1431"}],"wp:attachment":[{"href":"https:\/\/utfpr.curitiba.br\/neabi\/wp-json\/wp\/v2\/media?parent=1429"}],"curies":[{"name":"wp","href":"https:\/\/api.w.org\/{rel}","templated":true}]}}