{"id":1423,"date":"2025-11-11T16:21:55","date_gmt":"2025-11-11T19:21:55","guid":{"rendered":"https:\/\/utfpr.curitiba.br\/neabi\/?page_id=1423"},"modified":"2025-11-11T16:21:57","modified_gmt":"2025-11-11T19:21:57","slug":"oficina-de-teatro","status":"publish","type":"page","link":"https:\/\/utfpr.curitiba.br\/neabi\/oficina-de-teatro\/","title":{"rendered":"Oficina de Teatro"},"content":{"rendered":"\n<figure class=\"wp-block-image size-large is-resized\"><img fetchpriority=\"high\" decoding=\"async\" width=\"818\" height=\"1024\" src=\"https:\/\/utfpr-ct-static-content.s3.amazonaws.com\/utfpr.curitiba.br\/wp-content\/uploads\/sites\/181\/2025\/11\/Oficina-de-Teatro-818x1024.jpg\" alt=\"\" class=\"wp-image-1424\" style=\"width:401px;height:auto\" srcset=\"https:\/\/utfpr-ct-static-content.s3.amazonaws.com\/utfpr.curitiba.br\/wp-content\/uploads\/sites\/181\/2025\/11\/Oficina-de-Teatro-818x1024.jpg 818w, https:\/\/utfpr-ct-static-content.s3.amazonaws.com\/utfpr.curitiba.br\/wp-content\/uploads\/sites\/181\/2025\/11\/Oficina-de-Teatro-240x300.jpg 240w, https:\/\/utfpr-ct-static-content.s3.amazonaws.com\/utfpr.curitiba.br\/wp-content\/uploads\/sites\/181\/2025\/11\/Oficina-de-Teatro-768x961.jpg 768w, https:\/\/utfpr-ct-static-content.s3.amazonaws.com\/utfpr.curitiba.br\/wp-content\/uploads\/sites\/181\/2025\/11\/Oficina-de-Teatro.jpg 1023w\" sizes=\"(max-width: 818px) 100vw, 818px\" \/><\/figure>\n\n\n\n<p>Atra\u00e7\u00e3o confirmada!!!<\/p>\n\n\n\n<p>Com o ministrante Murilo Marochi, a oficina P\u00c9S PELAS M\u00c3OS \u00e9 um projeto que convoca a criatividade atrav\u00e9s de pr\u00e1ticas teatrais, corporeidade e improvisa\u00e7\u00e3o. A viv\u00eancia prop\u00f5e um mergulho na express\u00e3o livre, explorando jogos, movimentos e din\u00e2micas que despertam a consci\u00eancia corporal, a espontaneidade e a presen\u00e7a c\u00eanica. \u00c9 um projeto pensado especialmente para iniciantes no teatro e aberto para todes.<\/p>\n\n\n\n<p>\ud83d\uddd3 Data: 19 de novembro de 2025<br>\u23f0 Hor\u00e1rio: 12h00<br>\ud83d\udc65 P\u00fablico: a partir de 14 anos<br>\ud83d\udccd Local: UTFPR Centro<\/p>\n\n\n\n<p>Inscri\u00e7\u00f5es: <a href=\"https:\/\/www.even3.com.br\/festa-preta-indigena-647035\" target=\"_blank\" rel=\"noreferrer noopener\">https:\/\/www.even3.com.br\/festa-preta-indigena-647035<\/a><\/p>\n\n\n\n<p><\/p>\n","protected":false},"excerpt":{"rendered":"<p>Atra\u00e7\u00e3o confirmada!!! Com o ministrante Murilo Marochi, a oficina P\u00c9S PELAS M\u00c3OS \u00e9 um projeto que convoca a criatividade atrav\u00e9s<\/p>\n","protected":false},"author":39,"featured_media":0,"parent":0,"menu_order":0,"comment_status":"closed","ping_status":"closed","template":"","meta":{"colormag_page_container_layout":"default_layout","colormag_page_sidebar_layout":"default_layout","footnotes":""},"class_list":["post-1423","page","type-page","status-publish","hentry"],"_links":{"self":[{"href":"https:\/\/utfpr.curitiba.br\/neabi\/wp-json\/wp\/v2\/pages\/1423","targetHints":{"allow":["GET"]}}],"collection":[{"href":"https:\/\/utfpr.curitiba.br\/neabi\/wp-json\/wp\/v2\/pages"}],"about":[{"href":"https:\/\/utfpr.curitiba.br\/neabi\/wp-json\/wp\/v2\/types\/page"}],"author":[{"embeddable":true,"href":"https:\/\/utfpr.curitiba.br\/neabi\/wp-json\/wp\/v2\/users\/39"}],"replies":[{"embeddable":true,"href":"https:\/\/utfpr.curitiba.br\/neabi\/wp-json\/wp\/v2\/comments?post=1423"}],"version-history":[{"count":1,"href":"https:\/\/utfpr.curitiba.br\/neabi\/wp-json\/wp\/v2\/pages\/1423\/revisions"}],"predecessor-version":[{"id":1425,"href":"https:\/\/utfpr.curitiba.br\/neabi\/wp-json\/wp\/v2\/pages\/1423\/revisions\/1425"}],"wp:attachment":[{"href":"https:\/\/utfpr.curitiba.br\/neabi\/wp-json\/wp\/v2\/media?parent=1423"}],"curies":[{"name":"wp","href":"https:\/\/api.w.org\/{rel}","templated":true}]}}