{"id":1419,"date":"2025-11-11T16:16:24","date_gmt":"2025-11-11T19:16:24","guid":{"rendered":"https:\/\/utfpr.curitiba.br\/neabi\/?page_id=1419"},"modified":"2025-11-11T16:16:26","modified_gmt":"2025-11-11T19:16:26","slug":"aquilomball-house-of-felines","status":"publish","type":"page","link":"https:\/\/utfpr.curitiba.br\/neabi\/aquilomball-house-of-felines\/","title":{"rendered":"AQUILOMBALL \u2014 House of Felines"},"content":{"rendered":"\n<figure class=\"wp-block-image size-large is-resized\"><img fetchpriority=\"high\" decoding=\"async\" width=\"818\" height=\"1024\" src=\"https:\/\/utfpr-ct-static-content.s3.amazonaws.com\/utfpr.curitiba.br\/wp-content\/uploads\/sites\/181\/2025\/11\/d5ea03e9-25dc-4fba-adca-931f195472c1-818x1024.jpg\" alt=\"\" class=\"wp-image-1420\" style=\"width:375px;height:auto\" srcset=\"https:\/\/utfpr-ct-static-content.s3.amazonaws.com\/utfpr.curitiba.br\/wp-content\/uploads\/sites\/181\/2025\/11\/d5ea03e9-25dc-4fba-adca-931f195472c1-818x1024.jpg 818w, https:\/\/utfpr-ct-static-content.s3.amazonaws.com\/utfpr.curitiba.br\/wp-content\/uploads\/sites\/181\/2025\/11\/d5ea03e9-25dc-4fba-adca-931f195472c1-240x300.jpg 240w, https:\/\/utfpr-ct-static-content.s3.amazonaws.com\/utfpr.curitiba.br\/wp-content\/uploads\/sites\/181\/2025\/11\/d5ea03e9-25dc-4fba-adca-931f195472c1-768x961.jpg 768w, https:\/\/utfpr-ct-static-content.s3.amazonaws.com\/utfpr.curitiba.br\/wp-content\/uploads\/sites\/181\/2025\/11\/d5ea03e9-25dc-4fba-adca-931f195472c1.jpg 1023w\" sizes=\"(max-width: 818px) 100vw, 818px\" \/><\/figure>\n\n\n\n<p>Atra\u00e7\u00e3o confirmada!!!<\/p>\n\n\n\n<p><strong>AQUILOMBALL \u2014 House of Felines \ud83d\udc06<\/strong><\/p>\n\n\n\n<p>O palco da Festa Preta-Ind\u00edgena 2025 vai tremer com a Aquilomball, uma Ballroom tem\u00e1tica criada para exaltar e valorizar o povo preto e ind\u00edgena atrav\u00e9s da arte, da performance e da celebra\u00e7\u00e3o de identidades dissidentes!<\/p>\n\n\n\n<p>\ud83d\uddd3 Data: 19 de novembro de 2025<br>\u23f0 Hor\u00e1rio: 20h<br>\ud83d\udccd Local: UTFPR Centro<\/p>\n\n\n\n<p><a href=\"https:\/\/www.instagram.com\/p\/DQo9-WtDjIa\/?igsh=cmdhYWRicHRqZjg=\" target=\"_blank\" rel=\"noreferrer noopener\">https:\/\/www.instagram.com\/p\/DQo9-WtDjIa\/?igsh=cmdhYWRicHRqZjg=<\/a><\/p>\n\n\n\n<p><\/p>\n","protected":false},"excerpt":{"rendered":"<p>Atra\u00e7\u00e3o confirmada!!! AQUILOMBALL \u2014 House of Felines \ud83d\udc06 O palco da Festa Preta-Ind\u00edgena 2025 vai tremer com a Aquilomball, uma<\/p>\n","protected":false},"author":39,"featured_media":0,"parent":0,"menu_order":0,"comment_status":"closed","ping_status":"closed","template":"","meta":{"colormag_page_container_layout":"default_layout","colormag_page_sidebar_layout":"default_layout","footnotes":""},"class_list":["post-1419","page","type-page","status-publish","hentry"],"_links":{"self":[{"href":"https:\/\/utfpr.curitiba.br\/neabi\/wp-json\/wp\/v2\/pages\/1419","targetHints":{"allow":["GET"]}}],"collection":[{"href":"https:\/\/utfpr.curitiba.br\/neabi\/wp-json\/wp\/v2\/pages"}],"about":[{"href":"https:\/\/utfpr.curitiba.br\/neabi\/wp-json\/wp\/v2\/types\/page"}],"author":[{"embeddable":true,"href":"https:\/\/utfpr.curitiba.br\/neabi\/wp-json\/wp\/v2\/users\/39"}],"replies":[{"embeddable":true,"href":"https:\/\/utfpr.curitiba.br\/neabi\/wp-json\/wp\/v2\/comments?post=1419"}],"version-history":[{"count":1,"href":"https:\/\/utfpr.curitiba.br\/neabi\/wp-json\/wp\/v2\/pages\/1419\/revisions"}],"predecessor-version":[{"id":1421,"href":"https:\/\/utfpr.curitiba.br\/neabi\/wp-json\/wp\/v2\/pages\/1419\/revisions\/1421"}],"wp:attachment":[{"href":"https:\/\/utfpr.curitiba.br\/neabi\/wp-json\/wp\/v2\/media?parent=1419"}],"curies":[{"name":"wp","href":"https:\/\/api.w.org\/{rel}","templated":true}]}}