{"id":1415,"date":"2025-11-11T16:11:28","date_gmt":"2025-11-11T19:11:28","guid":{"rendered":"https:\/\/utfpr.curitiba.br\/neabi\/?page_id=1415"},"modified":"2025-11-11T16:13:21","modified_gmt":"2025-11-11T19:13:21","slug":"oficina-de-danca","status":"publish","type":"page","link":"https:\/\/utfpr.curitiba.br\/neabi\/oficina-de-danca\/","title":{"rendered":"Oficina de Dan\u00e7a"},"content":{"rendered":"\n<figure class=\"wp-block-image size-large is-resized\"><img fetchpriority=\"high\" decoding=\"async\" width=\"758\" height=\"1024\" src=\"https:\/\/utfpr-ct-static-content.s3.amazonaws.com\/utfpr.curitiba.br\/wp-content\/uploads\/sites\/181\/2025\/11\/oficina-de-danca-758x1024.jpg\" alt=\"\" class=\"wp-image-1416\" style=\"width:366px;height:auto\" srcset=\"https:\/\/utfpr-ct-static-content.s3.amazonaws.com\/utfpr.curitiba.br\/wp-content\/uploads\/sites\/181\/2025\/11\/oficina-de-danca-758x1024.jpg 758w, https:\/\/utfpr-ct-static-content.s3.amazonaws.com\/utfpr.curitiba.br\/wp-content\/uploads\/sites\/181\/2025\/11\/oficina-de-danca-222x300.jpg 222w, https:\/\/utfpr-ct-static-content.s3.amazonaws.com\/utfpr.curitiba.br\/wp-content\/uploads\/sites\/181\/2025\/11\/oficina-de-danca-768x1038.jpg 768w, https:\/\/utfpr-ct-static-content.s3.amazonaws.com\/utfpr.curitiba.br\/wp-content\/uploads\/sites\/181\/2025\/11\/oficina-de-danca-1137x1536.jpg 1137w, https:\/\/utfpr-ct-static-content.s3.amazonaws.com\/utfpr.curitiba.br\/wp-content\/uploads\/sites\/181\/2025\/11\/oficina-de-danca-1516x2048.jpg 1516w, https:\/\/utfpr-ct-static-content.s3.amazonaws.com\/utfpr.curitiba.br\/wp-content\/uploads\/sites\/181\/2025\/11\/oficina-de-danca.jpg 1895w\" sizes=\"(max-width: 758px) 100vw, 758px\" \/><\/figure>\n\n\n\n<p>Com o ministrante Silvester Neto, a oficina RESGATE prop\u00f5e um encontro potente com o corpo, a ancestralidade e a cultura. A viv\u00eancia mistura dan\u00e7a afro, cultura Ballroom e Hip-Hop, explorando movimentos, respira\u00e7\u00e3o e brincadeiras corporais que despertam consci\u00eancia, criatividade e presen\u00e7a.<\/p>\n\n\n\n<p>\ud83d\uddd3 Data: 19 de novembro de 2025<br>\u23f0 Hor\u00e1rio: 11h30<br>\ud83d\udc65 P\u00fablico: a partir de 14 anos<br>\ud83d\udccd Local: UTFPR Centro<\/p>\n\n\n\n<p>Inscri\u00e7\u00f5es: <a href=\"https:\/\/www.even3.com.br\/festa-preta-indigena-647035\" target=\"_blank\" rel=\"noreferrer noopener\">https:\/\/www.even3.com.br\/festa-preta-indigena-647035<\/a><\/p>\n\n\n\n<p><\/p>\n","protected":false},"excerpt":{"rendered":"<p>Com o ministrante Silvester Neto, a oficina RESGATE prop\u00f5e um encontro potente com o corpo, a ancestralidade e a cultura.<\/p>\n","protected":false},"author":39,"featured_media":0,"parent":0,"menu_order":0,"comment_status":"closed","ping_status":"closed","template":"","meta":{"colormag_page_container_layout":"default_layout","colormag_page_sidebar_layout":"default_layout","footnotes":""},"class_list":["post-1415","page","type-page","status-publish","hentry"],"_links":{"self":[{"href":"https:\/\/utfpr.curitiba.br\/neabi\/wp-json\/wp\/v2\/pages\/1415","targetHints":{"allow":["GET"]}}],"collection":[{"href":"https:\/\/utfpr.curitiba.br\/neabi\/wp-json\/wp\/v2\/pages"}],"about":[{"href":"https:\/\/utfpr.curitiba.br\/neabi\/wp-json\/wp\/v2\/types\/page"}],"author":[{"embeddable":true,"href":"https:\/\/utfpr.curitiba.br\/neabi\/wp-json\/wp\/v2\/users\/39"}],"replies":[{"embeddable":true,"href":"https:\/\/utfpr.curitiba.br\/neabi\/wp-json\/wp\/v2\/comments?post=1415"}],"version-history":[{"count":1,"href":"https:\/\/utfpr.curitiba.br\/neabi\/wp-json\/wp\/v2\/pages\/1415\/revisions"}],"predecessor-version":[{"id":1417,"href":"https:\/\/utfpr.curitiba.br\/neabi\/wp-json\/wp\/v2\/pages\/1415\/revisions\/1417"}],"wp:attachment":[{"href":"https:\/\/utfpr.curitiba.br\/neabi\/wp-json\/wp\/v2\/media?parent=1415"}],"curies":[{"name":"wp","href":"https:\/\/api.w.org\/{rel}","templated":true}]}}