{"id":1410,"date":"2025-11-10T21:58:32","date_gmt":"2025-11-11T00:58:32","guid":{"rendered":"https:\/\/utfpr.curitiba.br\/neabi\/?page_id=1410"},"modified":"2025-11-11T16:24:11","modified_gmt":"2025-11-11T19:24:11","slug":"oficina-de-croche","status":"publish","type":"page","link":"https:\/\/utfpr.curitiba.br\/neabi\/oficina-de-croche\/","title":{"rendered":"Oficina de Croch\u00ea"},"content":{"rendered":"\n<figure class=\"wp-block-image size-large is-resized\"><img fetchpriority=\"high\" decoding=\"async\" width=\"768\" height=\"1024\" src=\"https:\/\/utfpr-ct-static-content.s3.amazonaws.com\/utfpr.curitiba.br\/wp-content\/uploads\/sites\/181\/2025\/11\/WhatsApp-Image-2025-11-10-at-19.57.53-768x1024.jpeg\" alt=\"\" class=\"wp-image-1411\" style=\"width:430px;height:auto\" srcset=\"https:\/\/utfpr-ct-static-content.s3.amazonaws.com\/utfpr.curitiba.br\/wp-content\/uploads\/sites\/181\/2025\/11\/WhatsApp-Image-2025-11-10-at-19.57.53-768x1024.jpeg 768w, https:\/\/utfpr-ct-static-content.s3.amazonaws.com\/utfpr.curitiba.br\/wp-content\/uploads\/sites\/181\/2025\/11\/WhatsApp-Image-2025-11-10-at-19.57.53-225x300.jpeg 225w, https:\/\/utfpr-ct-static-content.s3.amazonaws.com\/utfpr.curitiba.br\/wp-content\/uploads\/sites\/181\/2025\/11\/WhatsApp-Image-2025-11-10-at-19.57.53.jpeg 960w\" sizes=\"(max-width: 768px) 100vw, 768px\" \/><\/figure>\n\n\n\n<p>Atra\u00e7\u00e3o confirmada!!!<\/p>\n\n\n\n<p>Se voc\u00ea ama croch\u00ea ou sempre quis aprender, essa \u00e9 a sua chance! Na Festa Preta-Ind\u00edgena 2025, a oficina de croch\u00ea chega pra despertar a criatividade e celebrar o fazer manual como arte e express\u00e3o. Nessa viv\u00eancia, vamos aprender os pontos b\u00e1sicos do croch\u00ea e criar um porta-copo inspirado na Vit\u00f3ria-R\u00e9gia, planta s\u00edmbolo da Amaz\u00f4nia e da for\u00e7a da natureza.<\/p>\n\n\n\n<p>Mais do que uma atividade artesanal, essa oficina \u00e9 um convite pra desacelerar, conectar-se com os fios, com a hist\u00f3ria e com o territ\u00f3rio amaz\u00f4nico que inspira toda a festa.<\/p>\n\n\n\n<p>\ud83d\uddd3 Dia: 19 de novembro<br>\u23f0 Hor\u00e1rio: 13h<br>\ud83d\udccd Local: UTFPR Centro<br>\ud83d\udd17 Inscri\u00e7\u00f5es e mais infos: <a href=\"https:\/\/www.even3.com.br\/festa-preta-indigena-647035\" target=\"_blank\" rel=\"noreferrer noopener\">https:\/\/www.even3.com.br\/festa-preta-indigena-647035<\/a><\/p>\n\n\n\n<p><\/p>\n","protected":false},"excerpt":{"rendered":"<p>Atra\u00e7\u00e3o confirmada!!! Se voc\u00ea ama croch\u00ea ou sempre quis aprender, essa \u00e9 a sua chance! Na Festa Preta-Ind\u00edgena 2025, a<\/p>\n","protected":false},"author":39,"featured_media":0,"parent":0,"menu_order":0,"comment_status":"closed","ping_status":"closed","template":"","meta":{"colormag_page_container_layout":"default_layout","colormag_page_sidebar_layout":"default_layout","footnotes":""},"class_list":["post-1410","page","type-page","status-publish","hentry"],"_links":{"self":[{"href":"https:\/\/utfpr.curitiba.br\/neabi\/wp-json\/wp\/v2\/pages\/1410","targetHints":{"allow":["GET"]}}],"collection":[{"href":"https:\/\/utfpr.curitiba.br\/neabi\/wp-json\/wp\/v2\/pages"}],"about":[{"href":"https:\/\/utfpr.curitiba.br\/neabi\/wp-json\/wp\/v2\/types\/page"}],"author":[{"embeddable":true,"href":"https:\/\/utfpr.curitiba.br\/neabi\/wp-json\/wp\/v2\/users\/39"}],"replies":[{"embeddable":true,"href":"https:\/\/utfpr.curitiba.br\/neabi\/wp-json\/wp\/v2\/comments?post=1410"}],"version-history":[{"count":3,"href":"https:\/\/utfpr.curitiba.br\/neabi\/wp-json\/wp\/v2\/pages\/1410\/revisions"}],"predecessor-version":[{"id":1427,"href":"https:\/\/utfpr.curitiba.br\/neabi\/wp-json\/wp\/v2\/pages\/1410\/revisions\/1427"}],"wp:attachment":[{"href":"https:\/\/utfpr.curitiba.br\/neabi\/wp-json\/wp\/v2\/media?parent=1410"}],"curies":[{"name":"wp","href":"https:\/\/api.w.org\/{rel}","templated":true}]}}