{"id":1262,"date":"2025-11-07T00:39:50","date_gmt":"2025-11-07T03:39:50","guid":{"rendered":"https:\/\/utfpr.curitiba.br\/neabi\/?page_id=1262"},"modified":"2025-11-16T22:41:09","modified_gmt":"2025-11-17T01:41:09","slug":"sarau-literario-festa-2025","status":"publish","type":"page","link":"https:\/\/utfpr.curitiba.br\/neabi\/sarau-literario-festa-2025\/","title":{"rendered":"Sarau Liter\u00e1rio Festa 2025"},"content":{"rendered":"\n<p>O <strong>Sarau Liter\u00e1rio<\/strong> da <a href=\"https:\/\/utfpr.curitiba.br\/neabi\/i-festa-preta-indigena\/\"><strong>Festa Preta-Ind\u00edgena 2025<\/strong><\/a> ser\u00e1 um encontro de vozes, ancestralidades e narrativas que se cruzam na for\u00e7a da palavra viva. \u00c9 o momento em que poesia, oralidade e mem\u00f3ria se unem para celebrar as hist\u00f3rias que moldam nossas exist\u00eancias pretas e ind\u00edgenas, reafirmando a literatura como um espa\u00e7o de cura, partilha e luta.<\/p>\n\n\n\n<p>E pra deixar esse momento ainda mais potente, teremos com&#8230;<\/p>\n\n\n\n<p><strong><a href=\"https:\/\/www.google.com\/search?q=Ol%C3%ADvio+Jekup%C3%A9&amp;oq=Ol%C3%ADvio+Jekup%C3%A9&amp;gs_lcrp=EgZjaHJvbWUyDAgAEEUYORjjAhiABDIHCAEQLhiABDIHCAIQABiABDIHCAMQABiABDIHCAQQABiABDIHCAUQABiABDIICAYQABgWGB4yCAgHEAAYFhgeMggICBAAGBYYHjIICAkQABgWGB7SAQc0ODNqMGoxqAIAsAIA&amp;sourceid=chrome&amp;ie=UTF-8\" target=\"_blank\" rel=\"noreferrer noopener\">Ol\u00edvio Jekup\u00e9<\/a><\/strong>, trazendo novas hist\u00f3rias e reflex\u00f5es sobre o papel da palavra na preserva\u00e7\u00e3o das culturas origin\u00e1rias.<\/p>\n\n\n\n<figure class=\"wp-block-image aligncenter size-large is-resized\"><a href=\"https:\/\/www.instagram.com\/p\/DQu3_zcjxtI\/?igsh=OWhvaTJ3M2VsdXNu\" target=\"_blank\" rel=\" noreferrer noopener\"><img fetchpriority=\"high\" decoding=\"async\" width=\"768\" height=\"1024\" src=\"https:\/\/utfpr-ct-static-content.s3.amazonaws.com\/utfpr.curitiba.br\/wp-content\/uploads\/sites\/181\/2025\/11\/sarau-oliviojekupe-PHOTO-2025-11-06-20-02-28-768x1024.jpg\" alt=\"\" class=\"wp-image-1265\" style=\"width:248px;height:auto\" srcset=\"https:\/\/utfpr-ct-static-content.s3.amazonaws.com\/utfpr.curitiba.br\/wp-content\/uploads\/sites\/181\/2025\/11\/sarau-oliviojekupe-PHOTO-2025-11-06-20-02-28-768x1024.jpg 768w, https:\/\/utfpr-ct-static-content.s3.amazonaws.com\/utfpr.curitiba.br\/wp-content\/uploads\/sites\/181\/2025\/11\/sarau-oliviojekupe-PHOTO-2025-11-06-20-02-28-225x300.jpg 225w, https:\/\/utfpr-ct-static-content.s3.amazonaws.com\/utfpr.curitiba.br\/wp-content\/uploads\/sites\/181\/2025\/11\/sarau-oliviojekupe-PHOTO-2025-11-06-20-02-28.jpg 960w\" sizes=\"(max-width: 768px) 100vw, 768px\" \/><\/a><\/figure>\n\n\n\n<p><\/p>\n\n\n\n<p>Para fortalecer ainda mais esse momento, teremos a presen\u00e7a inspiradora de <strong>Flor\u00eancio Rekayg Fernandes<\/strong>, lideran\u00e7a Kaingang, pesquisador e defensor incans\u00e1vel da educa\u00e7\u00e3o e cultura ind\u00edgena. Sua participa\u00e7\u00e3o traz a pot\u00eancia de saberes que atravessam gera\u00e7\u00f5es, iluminando a import\u00e2ncia da palavra como territ\u00f3rio de identidade e continuidade dos povos origin\u00e1rios.<\/p>\n\n\n\n<figure class=\"wp-block-image aligncenter size-large is-resized\"><img decoding=\"async\" width=\"768\" height=\"1024\" src=\"https:\/\/utfpr-ct-static-content.s3.amazonaws.com\/utfpr.curitiba.br\/wp-content\/uploads\/sites\/181\/2025\/11\/sarau-Rekayg-Fernandes-768x1024.jpeg\" alt=\"\" class=\"wp-image-1502\" style=\"width:299px;height:auto\" srcset=\"https:\/\/utfpr-ct-static-content.s3.amazonaws.com\/utfpr.curitiba.br\/wp-content\/uploads\/sites\/181\/2025\/11\/sarau-Rekayg-Fernandes-768x1024.jpeg 768w, https:\/\/utfpr-ct-static-content.s3.amazonaws.com\/utfpr.curitiba.br\/wp-content\/uploads\/sites\/181\/2025\/11\/sarau-Rekayg-Fernandes-225x300.jpeg 225w, https:\/\/utfpr-ct-static-content.s3.amazonaws.com\/utfpr.curitiba.br\/wp-content\/uploads\/sites\/181\/2025\/11\/sarau-Rekayg-Fernandes.jpeg 960w\" sizes=\"(max-width: 768px) 100vw, 768px\" \/><\/figure>\n\n\n\n<p>Atra\u00e7\u00e3o confirmada!!!<\/p>\n\n\n\n<p>E para fortalecer ainda mais esse momento, teremos a presen\u00e7a inspiradora de <strong>Flor\u00eancio Rekayg Fernandes<\/strong>, lideran\u00e7a Kaingang, pesquisador e defensor incans\u00e1vel da educa\u00e7\u00e3o e cultura ind\u00edgena. Sua participa\u00e7\u00e3o traz a pot\u00eancia de saberes que atravessam gera\u00e7\u00f5es, iluminando a import\u00e2ncia da palavra como territ\u00f3rio de identidade e continuidade dos povos origin\u00e1rios.<\/p>\n\n\n\n<p>\ud83d\uddd3 Dia: 19 de novembro<br>\u23f0 Hor\u00e1rio: 15h<br>\ud83d\udccd Local: UTFPR Centro<\/p>\n","protected":false},"excerpt":{"rendered":"<p>O Sarau Liter\u00e1rio da Festa Preta-Ind\u00edgena 2025 ser\u00e1 um encontro de vozes, ancestralidades e narrativas que se cruzam na for\u00e7a<\/p>\n","protected":false},"author":39,"featured_media":0,"parent":0,"menu_order":0,"comment_status":"closed","ping_status":"closed","template":"","meta":{"colormag_page_container_layout":"default_layout","colormag_page_sidebar_layout":"default_layout","footnotes":""},"class_list":["post-1262","page","type-page","status-publish","hentry"],"_links":{"self":[{"href":"https:\/\/utfpr.curitiba.br\/neabi\/wp-json\/wp\/v2\/pages\/1262","targetHints":{"allow":["GET"]}}],"collection":[{"href":"https:\/\/utfpr.curitiba.br\/neabi\/wp-json\/wp\/v2\/pages"}],"about":[{"href":"https:\/\/utfpr.curitiba.br\/neabi\/wp-json\/wp\/v2\/types\/page"}],"author":[{"embeddable":true,"href":"https:\/\/utfpr.curitiba.br\/neabi\/wp-json\/wp\/v2\/users\/39"}],"replies":[{"embeddable":true,"href":"https:\/\/utfpr.curitiba.br\/neabi\/wp-json\/wp\/v2\/comments?post=1262"}],"version-history":[{"count":5,"href":"https:\/\/utfpr.curitiba.br\/neabi\/wp-json\/wp\/v2\/pages\/1262\/revisions"}],"predecessor-version":[{"id":1504,"href":"https:\/\/utfpr.curitiba.br\/neabi\/wp-json\/wp\/v2\/pages\/1262\/revisions\/1504"}],"wp:attachment":[{"href":"https:\/\/utfpr.curitiba.br\/neabi\/wp-json\/wp\/v2\/media?parent=1262"}],"curies":[{"name":"wp","href":"https:\/\/api.w.org\/{rel}","templated":true}]}}