{"id":1228,"date":"2025-11-06T17:54:01","date_gmt":"2025-11-06T20:54:01","guid":{"rendered":"https:\/\/utfpr.curitiba.br\/neabi\/?page_id=1228"},"modified":"2025-11-09T21:06:07","modified_gmt":"2025-11-10T00:06:07","slug":"projetos","status":"publish","type":"page","link":"https:\/\/utfpr.curitiba.br\/neabi\/projetos\/","title":{"rendered":"Pesquisa\/Ensino\/Extens\u00e3o"},"content":{"rendered":"\n<p class=\"has-large-font-size\"><strong>1. PESQUISA<\/strong><\/p>\n\n\n\n<p><strong>1.1 Grupos de Pesquisa<\/strong>:<\/p>\n\n\n\n<p>1.1.1. Grupo de Pesquisa <strong>N\u00facleo de Estudos Afro-brasileiros e Ind\u00edgenas da UTFPR<\/strong>, Diret\u00f3rio de Grupos de Pesquisa do CNPQ: <a href=\"http:\/\/dgp.cnpq.br\/dgp\/espelhogrupo\/9046541961030842\" target=\"_blank\" rel=\"noreferrer noopener\">http:\/\/dgp.cnpq.br\/dgp\/espelhogrupo\/9046541961030842<\/a>.<\/p>\n\n\n\n<p>1.2. Projetos de Pesquisa:<\/p>\n\n\n\n<p>1.3. Trabalhos de Conclus\u00e3o de Curso:<\/p>\n\n\n\n<p><\/p>\n\n\n\n<p class=\"has-large-font-size\"><strong>2. ENSINO<\/strong><\/p>\n\n\n\n<p><strong>2.1. Disciplinas na Gradua\u00e7\u00e3o<\/strong>:<\/p>\n\n\n\n<p>2.1.1. LEM7CC Educa\u00e7\u00e3o para as Rela\u00e7\u00f5es \u00c9tnico-Raciais &#8211; disciplina extensinista do DALEM-CT.<\/p>\n\n\n\n<p><em>Ofertas<\/em>: 2024\/2, 2025\/2, 2026\/1.<\/p>\n\n\n\n<p><\/p>\n\n\n\n<p><strong>1.2. Projetos de Ensino:<\/strong><\/p>\n\n\n\n<p><\/p>\n\n\n\n<p class=\"has-large-font-size\"><strong>3. EXTENS\u00c3O<\/strong><\/p>\n\n\n\n<p>3.2. <strong>Projetos de Pesquisa<\/strong>:<\/p>\n\n\n\n<p>2.1. <strong>Projetos de Extens\u00e3o<\/strong>:<\/p>\n","protected":false},"excerpt":{"rendered":"<p>1. PESQUISA 1.1 Grupos de Pesquisa: 1.1.1. Grupo de Pesquisa N\u00facleo de Estudos Afro-brasileiros e Ind\u00edgenas da UTFPR, Diret\u00f3rio de<\/p>\n","protected":false},"author":39,"featured_media":0,"parent":0,"menu_order":0,"comment_status":"closed","ping_status":"closed","template":"","meta":{"colormag_page_container_layout":"default_layout","colormag_page_sidebar_layout":"default_layout","footnotes":""},"class_list":["post-1228","page","type-page","status-publish","hentry"],"_links":{"self":[{"href":"https:\/\/utfpr.curitiba.br\/neabi\/wp-json\/wp\/v2\/pages\/1228","targetHints":{"allow":["GET"]}}],"collection":[{"href":"https:\/\/utfpr.curitiba.br\/neabi\/wp-json\/wp\/v2\/pages"}],"about":[{"href":"https:\/\/utfpr.curitiba.br\/neabi\/wp-json\/wp\/v2\/types\/page"}],"author":[{"embeddable":true,"href":"https:\/\/utfpr.curitiba.br\/neabi\/wp-json\/wp\/v2\/users\/39"}],"replies":[{"embeddable":true,"href":"https:\/\/utfpr.curitiba.br\/neabi\/wp-json\/wp\/v2\/comments?post=1228"}],"version-history":[{"count":20,"href":"https:\/\/utfpr.curitiba.br\/neabi\/wp-json\/wp\/v2\/pages\/1228\/revisions"}],"predecessor-version":[{"id":1399,"href":"https:\/\/utfpr.curitiba.br\/neabi\/wp-json\/wp\/v2\/pages\/1228\/revisions\/1399"}],"wp:attachment":[{"href":"https:\/\/utfpr.curitiba.br\/neabi\/wp-json\/wp\/v2\/media?parent=1228"}],"curies":[{"name":"wp","href":"https:\/\/api.w.org\/{rel}","templated":true}]}}