{"id":1165,"date":"2025-11-03T11:14:31","date_gmt":"2025-11-03T14:14:31","guid":{"rendered":"https:\/\/utfpr.curitiba.br\/neabi\/?page_id=1165"},"modified":"2026-02-02T21:35:53","modified_gmt":"2026-02-03T00:35:53","slug":"edital-51-2025-dirgrad","status":"publish","type":"page","link":"https:\/\/utfpr.curitiba.br\/neabi\/edital-51-2025-dirgrad\/","title":{"rendered":"Edital 51\/2025"},"content":{"rendered":"\n<p><strong>EDITAL 51\/2025 \u2013 DIRGRAD: PROGRAMA DE BOLSAS PARA APOIO \u00c0S ATIVIDADES DO N\u00daCLEO DE ESTUDOS AFRO-BRASILEIROS E IND\u00cdGENAS DA UTFPR, CAMPUS CURITIBA<\/strong><\/p>\n\n\n\n<p><\/p>\n\n\n\n<p>A Coordena\u00e7\u00e3o do <a href=\"https:\/\/utfpr.curitiba.br\/neabi\/\">N\u00facleo de Estudos Afro-brasileiros e Ind\u00edgenas<\/a> do\u00a0<a href=\"https:\/\/www.utfpr.edu.br\/campus\/curitiba\/\" target=\"_blank\" rel=\"noreferrer noopener\">campus Curitiba<\/a>\u00a0(NEABI-CT) da Universidade Tecnol\u00f3gica Federal do Paran\u00e1 (<a href=\"https:\/\/www.utfpr.edu.br\/\" target=\"_blank\" rel=\"noreferrer noopener\">UTFPR<\/a>), no uso de suas atribui\u00e7\u00f5es estatut\u00e1rias e regimentais, torna p\u00fablico que est\u00e1 aberto, de acordo com o que estabelece o presente edital, o per\u00edodo de inscri\u00e7\u00f5es para a sele\u00e7\u00e3o de estudante bolsista para atuar no apoio \u00e0s atividades do NEABI-CT.<\/p>\n\n\n\n<p><strong>Inscri\u00e7\u00f5es<\/strong> <strong>PRORROGADAS<\/strong>: at\u00e9 13\/11\/2025. Para acessar o Edital <strong>RETIFICADO<\/strong>,&nbsp;<a href=\"https:\/\/www.utfpr.edu.br\/editais\/graduacao-e-educacao-profissional\/curitiba\/edital-51-2025-dirgrad-programa-de-bolsas-para-apoio-as-atividades-do-nucleo-de-estudos-afro-brasileiros-e-indigenas-da-utfpr-campus-curitiba\" target=\"_blank\" rel=\"noreferrer noopener\"><strong>clique aqui<\/strong><\/a>.<\/p>\n\n\n\n<p>Rela\u00e7\u00e3o de Candidatos Inscritos: (at\u00e9 18h de 14\/11\/2025): <a href=\"https:\/\/utfpr.curitiba.br\/neabi\/relacao-de-inscritos-edital-51-25\/\">clique aqui<\/a>.<\/p>\n\n\n\n<p>Resultado da Pr\u00e9-Sele\u00e7\u00e3o (at\u00e9 19\/11\/2025): <a href=\"https:\/\/sei.utfpr.edu.br\/sei\/publicacoes\/controlador_publicacoes.php?acao=publicacao_visualizar&amp;id_documento=5862125&amp;id_orgao_publicacao=0\" target=\"_blank\" rel=\"noreferrer noopener\">clique aqui<\/a>.<\/p>\n\n\n\n<p>Divulga\u00e7\u00e3o de Data\/Hor\u00e1rio\/Local da An\u00e1lise da Experi\u00eancia (24 a 27\/11\/25): <a href=\"https:\/\/utfpr.curitiba.br\/neabi\/edital-51-analise-da-experiencia\/\">clique aqui<\/a>.<\/p>\n\n\n\n<p><strong>RESULTADO PRELIMINAR<\/strong>&nbsp;(28\/11\/2025): <a href=\"https:\/\/sei.utfpr.edu.br\/sei\/publicacoes\/controlador_publicacoes.php?acao=publicacao_visualizar&amp;id_documento=5881004&amp;id_orgao_publicacao=0\" target=\"_blank\" rel=\"noreferrer noopener\"><strong>clique aqui<\/strong><\/a>.<\/p>\n\n\n\n<p><strong>RESULTADO FINAL<\/strong> (01\/12\/2025): <a href=\"https:\/\/sei.utfpr.edu.br\/sei\/publicacoes\/controlador_publicacoes.php?acao=publicacao_visualizar&amp;id_documento=5890705&amp;id_orgao_publicacao=0\" target=\"_blank\" rel=\"noreferrer noopener\"><strong>clique aqui<\/strong><\/a>.<\/p>\n\n\n\n<p><strong>As convoca\u00e7\u00f5es para assumir as bolsas acontecer\u00e3o por e-mail e publicadas aqui.<\/strong><\/p>\n\n\n\n<p>1a CHAMADA <a href=\"https:\/\/drive.google.com\/file\/d\/1vDh-NCCk_8OV5BOi9_xQFcGfKmfectaT\/view?usp=sharing\" target=\"_blank\" rel=\"noreferrer noopener\">clique aqui.<\/a><\/p>\n\n\n\n<p>2a CHAMADA <a href=\"https:\/\/drive.google.com\/file\/d\/1wUwB5a3Y8eTDzs1aYLObYVnfnc8A9QOW\/view?usp=drive_link\" target=\"_blank\" rel=\"noreferrer noopener\">clique aqui<\/a>.<\/p>\n\n\n\n<p class=\"has-small-font-size\"><em>Atualizado em 02\/02\/2026 \u00e0s 21:35.<\/em><\/p>\n","protected":false},"excerpt":{"rendered":"<p>EDITAL 51\/2025 \u2013 DIRGRAD: PROGRAMA DE BOLSAS PARA APOIO \u00c0S ATIVIDADES DO N\u00daCLEO DE ESTUDOS AFRO-BRASILEIROS E IND\u00cdGENAS DA UTFPR,<\/p>\n","protected":false},"author":39,"featured_media":0,"parent":0,"menu_order":0,"comment_status":"closed","ping_status":"closed","template":"","meta":{"colormag_page_container_layout":"default_layout","colormag_page_sidebar_layout":"default_layout","footnotes":""},"class_list":["post-1165","page","type-page","status-publish","hentry"],"_links":{"self":[{"href":"https:\/\/utfpr.curitiba.br\/neabi\/wp-json\/wp\/v2\/pages\/1165","targetHints":{"allow":["GET"]}}],"collection":[{"href":"https:\/\/utfpr.curitiba.br\/neabi\/wp-json\/wp\/v2\/pages"}],"about":[{"href":"https:\/\/utfpr.curitiba.br\/neabi\/wp-json\/wp\/v2\/types\/page"}],"author":[{"embeddable":true,"href":"https:\/\/utfpr.curitiba.br\/neabi\/wp-json\/wp\/v2\/users\/39"}],"replies":[{"embeddable":true,"href":"https:\/\/utfpr.curitiba.br\/neabi\/wp-json\/wp\/v2\/comments?post=1165"}],"version-history":[{"count":28,"href":"https:\/\/utfpr.curitiba.br\/neabi\/wp-json\/wp\/v2\/pages\/1165\/revisions"}],"predecessor-version":[{"id":1672,"href":"https:\/\/utfpr.curitiba.br\/neabi\/wp-json\/wp\/v2\/pages\/1165\/revisions\/1672"}],"wp:attachment":[{"href":"https:\/\/utfpr.curitiba.br\/neabi\/wp-json\/wp\/v2\/media?parent=1165"}],"curies":[{"name":"wp","href":"https:\/\/api.w.org\/{rel}","templated":true}]}}