{"id":1163,"date":"2025-10-28T15:41:52","date_gmt":"2025-10-28T18:41:52","guid":{"rendered":"https:\/\/utfpr.curitiba.br\/neabi\/?page_id=1163"},"modified":"2025-11-18T16:37:34","modified_gmt":"2025-11-18T19:37:34","slug":"i-festa-preta-indigena","status":"publish","type":"page","link":"https:\/\/utfpr.curitiba.br\/neabi\/i-festa-preta-indigena\/","title":{"rendered":"I Festa Preta-Ind\u00edgena"},"content":{"rendered":"\n<figure class=\"wp-block-image aligncenter size-full is-resized\"><img fetchpriority=\"high\" decoding=\"async\" width=\"1280\" height=\"720\" src=\"https:\/\/utfpr-ct-static-content.s3.amazonaws.com\/utfpr.curitiba.br\/wp-content\/uploads\/sites\/181\/2025\/11\/0def6c4f-f4a7-45b0-96a0-1978c6707b78.jpg\" alt=\"\" class=\"wp-image-1470\" style=\"width:724px;height:auto\" srcset=\"https:\/\/utfpr-ct-static-content.s3.amazonaws.com\/utfpr.curitiba.br\/wp-content\/uploads\/sites\/181\/2025\/11\/0def6c4f-f4a7-45b0-96a0-1978c6707b78.jpg 1280w, https:\/\/utfpr-ct-static-content.s3.amazonaws.com\/utfpr.curitiba.br\/wp-content\/uploads\/sites\/181\/2025\/11\/0def6c4f-f4a7-45b0-96a0-1978c6707b78-300x169.jpg 300w, https:\/\/utfpr-ct-static-content.s3.amazonaws.com\/utfpr.curitiba.br\/wp-content\/uploads\/sites\/181\/2025\/11\/0def6c4f-f4a7-45b0-96a0-1978c6707b78-1024x576.jpg 1024w, https:\/\/utfpr-ct-static-content.s3.amazonaws.com\/utfpr.curitiba.br\/wp-content\/uploads\/sites\/181\/2025\/11\/0def6c4f-f4a7-45b0-96a0-1978c6707b78-768x432.jpg 768w\" sizes=\"(max-width: 1280px) 100vw, 1280px\" \/><\/figure>\n\n\n\n<p>A <strong>Festa Preta-Ind\u00edgena: &#8220;Ser feliz \u00e9 a nossa revolu\u00e7\u00e3o, \u00e9 aquilombar&#8221;<\/strong> \u00e9 um evento que quer comemorar as vit\u00f3rias, saberes e produ\u00e7\u00f5es dos povos negros e ind\u00edgenas sobretudo de Curitiba e Regi\u00e3o Metropolitana.<\/p>\n\n\n\n<p><strong>Acontecer\u00e1 no dia 19 de novembro de 2025, das 9h00 \u00e0s 22h00, na UTFPR Campus Sete de Setembro<\/strong>.<\/p>\n\n\n\n<p>A programa\u00e7\u00e3o est\u00e1 organizada em tr\u00eas eixos:<\/p>\n\n\n\n<p>(1) Feiras e Exposi\u00e7\u00f5es;<br>(2) Oficinas; e<br>(3) Atividades Culturais.<\/p>\n\n\n\n<p>Confira, abaixo, a programa\u00e7\u00e3o especial feita pensando em cada um desses eixos!<\/p>\n\n\n\n<p class=\"has-text-align-center has-text-color has-link-color has-large-font-size wp-elements-34975680e5b1ff312471f420de3dc457\" style=\"color:#f52e18\"><strong>(1) Feiras e Exposi\u00e7\u00f5es:<\/strong><\/p>\n\n\n\n<p class=\"has-text-align-center has-cm-color-5-color has-text-color has-link-color wp-elements-11a0a9b8499ed923940a82e43500cdc0\"><strong>Feira <a href=\"https:\/\/coletivo.uniafro.site\/\" target=\"_blank\" rel=\"noreferrer noopener\">UNIAFRO<\/a><br><\/strong>P\u00e1tio Central &#8211; 9h00 \u00e0s 20h00<\/p>\n\n\n\n<p class=\"has-text-align-center has-cm-color-5-color has-text-color has-link-color wp-elements-7aede8cff13e2204b5c711807195aed6\"><strong>Feira <a href=\"https:\/\/www.instagram.com\/cpcicuritiba\/\" target=\"_blank\" rel=\"noreferrer noopener\">Casa de Passagem e Cultura Ind\u00edgena de Curitiba<\/a><br><\/strong>P\u00e1tio Central &#8211; 9h00 \u00e0s 20h00<\/p>\n\n\n\n<p class=\"has-text-align-center has-link-color wp-elements-02dfe6b3fec327d55a0b72ce672423e9\"><strong><a href=\"https:\/\/utfpr.curitiba.br\/neabi\/exposicao-de-artes\/\"><strong>Exposi\u00e7\u00e3o de Artes<\/strong><br><\/a><\/strong>Aqu\u00e1rio &#8211; 9h00 \u00e0s 20h00<\/p>\n\n\n\n<p class=\"has-text-align-center has-text-color has-link-color has-large-font-size wp-elements-0def06660a947440e661233b663a3df6\" style=\"color:#f52e18\"><strong>(2) Oficinas<\/strong><\/p>\n\n\n\n<p class=\"has-text-align-center has-link-color wp-elements-1bb273828305d30db844d6178bde6f5f\"><strong><a href=\"https:\/\/utfpr.curitiba.br\/neabi\/oficina-de-maquiagem\/\" target=\"_blank\" rel=\"noreferrer noopener\">Oficina de maquiagem<\/a><br><\/strong>Sala CB-007 &#8211; 10h00 \u00e0s 11h00<\/p>\n\n\n\n<p class=\"has-text-align-center has-link-color wp-elements-54df1b28ec3a7b9327d24916d641830a\"><strong><a href=\"https:\/\/utfpr.curitiba.br\/neabi\/oficina-de-maquiagem-kaingang\/\">Oficina de artesanato Kaingang<br><\/a><\/strong>Sala CB-007 &#8211; 11h30 \u00e0s 12h30<\/p>\n\n\n\n<p class=\"has-text-align-center has-link-color wp-elements-2ff5186ca89188861f40f27889f150b1\"><strong><a href=\"https:\/\/utfpr.curitiba.br\/neabi\/oficina-de-danca\/\">Oficina de dan\u00e7a<br><\/a><\/strong>Sala CN-013 (TUT) &#8211; 13h30 \u00e0s 14h30<\/p>\n\n\n\n<p class=\"has-text-align-center has-link-color wp-elements-536322e874b1a81addd23d4171a629bd\"><strong><a href=\"https:\/\/utfpr.curitiba.br\/neabi\/oficina-de-croche\/\">Oficina de croch\u00ea<br><\/a><\/strong>Sala CA-106 (DAMAT) &#8211; 13h00 \u00e0s 14h00<\/p>\n\n\n\n<p class=\"has-text-align-center has-link-color wp-elements-ba1311dffcf90b6e535162f8551060e7\"><strong><a href=\"https:\/\/utfpr.curitiba.br\/neabi\/oficina-de-teatro\/\">Oficina de teatro<\/a><br><\/strong>Sala CN-013 (TUT) &#8211; 12h00 \u00e0s 13h00<\/p>\n\n\n\n<p class=\"has-text-align-center has-link-color wp-elements-e60eda0b84223bb7ebfe8f591ddc10c9\"><strong><a href=\"https:\/\/utfpr.curitiba.br\/neabi\/oficina-de-artesanato-e-grafismo-indigena\/\">Oficina de artesanato e grafismo ind\u00edgena<br><\/a><\/strong>Sala CA-106 (DAMAT) &#8211; 14h30 \u00e0s 15h30<\/p>\n\n\n\n<p class=\"has-text-align-center has-link-color wp-elements-3eab7010ceb850b592cc2059d977eec9\"><strong><a href=\"https:\/\/utfpr.curitiba.br\/neabi\/oficina-de-manuseio-com-a-terra\/\" data-type=\"link\" data-id=\"https:\/\/utfpr.curitiba.br\/neabi\/oficina-de-manuseio-com-a-terra\/\">Oficina de Mudas de Plantas e Manuseio da Terra<\/a><br><\/strong>Queijos &#8211; 16h00 \u00e0s 17h00<\/p>\n\n\n\n<p class=\"has-text-align-center has-text-color has-link-color has-large-font-size wp-elements-d5c599ce3b2043a6b925a929d46835e9\" style=\"color:#f52e18\"><strong>(3) Atividades Culturais<\/strong><\/p>\n\n\n\n<p class=\"has-text-align-center has-cm-color-5-color has-text-color has-link-color wp-elements-5b289a830b5c5f520c73f38be901f361\"><strong><a href=\"https:\/\/www.instagram.com\/alaafia_educa\/\" data-type=\"link\" data-id=\"https:\/\/www.instagram.com\/alaafia_educa\/\" target=\"_blank\" rel=\"noreferrer noopener\">M\u00edstica &#8211; B\u00e0ba Fl\u00e1vio<\/a><br><\/strong>UTFPR &#8211; 9h00 \u00e0s 9h30<\/p>\n\n\n\n<p class=\"has-text-align-center has-cm-color-5-color has-text-color has-link-color wp-elements-926de0037199ce73e95393b80c9e8f63\"><strong>CineDiva &#8211; Exibi\u00e7\u00e3o do Filme Zumbi do Palmares<br><\/strong>Sala CI-003 (Sala Multimeios) &#8211; 10h00 \u00e0s 11h00<\/p>\n\n\n\n<p class=\"has-text-align-center has-cm-color-5-color has-text-color has-link-color wp-elements-48b6bb152b4895cdf686c6352c12aa13\"><strong>Apresenta\u00e7\u00e3o musical &#8211; Julio Rodrigues<br><\/strong>Queijos &#8211; 12h00 \u00e0s 12h30<\/p>\n\n\n\n<p class=\"has-text-align-center has-cm-color-5-color has-text-color has-link-color wp-elements-f9e131cf90cd908be464297bc38f2e5e\"><strong>Roda de Samba<br><\/strong>Audit\u00f3rio &#8211; 13h00 \u00e0s 14h00<\/p>\n\n\n\n<p class=\"has-text-align-center has-cm-color-5-color has-text-color has-link-color wp-elements-ed8336f51ec8bb4eeccbadeb885a0735\"><strong>Apresenta\u00e7\u00e3o musical &#8211; Crian\u00e7as &#8211; Kakan\u00e9 Por\u00e1<br><\/strong>Audit\u00f3rio &#8211; 14h00 \u00e0s 14h30<\/p>\n\n\n\n<p class=\"has-text-align-center has-link-color wp-elements-e611fe284b83795a3a861710be35ae05\"><strong><a href=\"https:\/\/utfpr.curitiba.br\/neabi\/sarau-literario-festa-2025\/\">Sarau Liter\u00e1rio<\/a><br><\/strong>Audit\u00f3rio &#8211; 15h00 \u00e0s 16h30<\/p>\n\n\n\n<p class=\"has-text-align-center has-link-color wp-elements-a7249766c383ab76b992cebc45e4b575\"><strong><a href=\"https:\/\/utfpr.curitiba.br\/neabi\/batalha-de-rima\/\">Batalha de rima<br><\/a><\/strong>Mini Gin\u00e1sio &#8211; 15h00 \u00e0s 17h00<\/p>\n\n\n\n<p class=\"has-text-align-center\"><strong>CineDiva &#8211; Exibi\u00e7\u00e3o do filme <em>Kiriku e a Feiticeira<\/em><br><\/strong>CA-106 (DAMAT) &#8211; 16h00 \u00e0s 17h30<\/p>\n\n\n\n<p class=\"has-text-align-center\"><strong>Slam Dandara<br><\/strong>Mini Gin\u00e1sio &#8211; 18h30 \u00e0s 19h00<\/p>\n\n\n\n<p class=\"has-text-align-center\"><strong>Samba de terreiro<br><\/strong>Mini Gin\u00e1sio &#8211; 19h00 \u00e0s 19h30<\/p>\n\n\n\n<p class=\"has-text-align-center has-link-color wp-elements-3e0643b46302949f272085476aa37ee1\"><strong><a href=\"https:\/\/utfpr.curitiba.br\/neabi\/aquilomball-house-of-felines\/\">DJs e Ballroom<\/a><\/strong> &#8211; Mini Gin\u00e1sio<\/p>\n\n\n\n<p class=\"has-text-align-center has-link-color wp-elements-bd7d652931ffa8a6a4664d97fac62906\"><a href=\"https:\/\/utfpr.curitiba.br\/neabi\/dj-gjabs\/\"><em>DJ Gjabs<\/em><\/a> &#8211; 18h00 &#8211; 18h30<strong><a href=\"https:\/\/utfpr.curitiba.br\/neabi\/aquilomball-house-of-felines\/\"><br><\/a><\/strong><a href=\"https:\/\/utfpr.curitiba.br\/neabi\/apresentacao-cultural-dj-meliante\/\"><em>DJ Melina<\/em><\/a> &#8211; 19h30 &#8211; 20h00<br><a href=\"https:\/\/utfpr.curitiba.br\/neabi\/apresentacao-cultural-dj-berga\/\"><em>DJ Berga<\/em><\/a> &#8211; 21h30 &#8211; 22h00<br><a href=\"https:\/\/utfpr.curitiba.br\/neabi\/dj-babs\/\"><em>DJ Babs<\/em><\/a> &#8211; 22h00 &#8211; 22h30<\/p>\n\n\n\n<p class=\"has-text-align-center has-link-color wp-elements-cf7ae719a67900487d48e6d53585a441\"><a href=\"https:\/\/utfpr.curitiba.br\/neabi\/aquilomball-house-of-felines\/\" data-type=\"link\" data-id=\"https:\/\/utfpr.curitiba.br\/neabi\/aquilomball-house-of-felines\/\"><strong>Ballroom<\/strong><\/a> &#8211; 20h00 &#8211; 21h30<\/p>\n\n\n\n<p><\/p>\n","protected":false},"excerpt":{"rendered":"<p>A Festa Preta-Ind\u00edgena: &#8220;Ser feliz \u00e9 a nossa revolu\u00e7\u00e3o, \u00e9 aquilombar&#8221; \u00e9 um evento que quer comemorar as vit\u00f3rias, saberes<\/p>\n","protected":false},"author":39,"featured_media":0,"parent":0,"menu_order":0,"comment_status":"closed","ping_status":"closed","template":"","meta":{"colormag_page_container_layout":"default_layout","colormag_page_sidebar_layout":"default_layout","footnotes":""},"class_list":["post-1163","page","type-page","status-publish","hentry"],"_links":{"self":[{"href":"https:\/\/utfpr.curitiba.br\/neabi\/wp-json\/wp\/v2\/pages\/1163","targetHints":{"allow":["GET"]}}],"collection":[{"href":"https:\/\/utfpr.curitiba.br\/neabi\/wp-json\/wp\/v2\/pages"}],"about":[{"href":"https:\/\/utfpr.curitiba.br\/neabi\/wp-json\/wp\/v2\/types\/page"}],"author":[{"embeddable":true,"href":"https:\/\/utfpr.curitiba.br\/neabi\/wp-json\/wp\/v2\/users\/39"}],"replies":[{"embeddable":true,"href":"https:\/\/utfpr.curitiba.br\/neabi\/wp-json\/wp\/v2\/comments?post=1163"}],"version-history":[{"count":44,"href":"https:\/\/utfpr.curitiba.br\/neabi\/wp-json\/wp\/v2\/pages\/1163\/revisions"}],"predecessor-version":[{"id":1531,"href":"https:\/\/utfpr.curitiba.br\/neabi\/wp-json\/wp\/v2\/pages\/1163\/revisions\/1531"}],"wp:attachment":[{"href":"https:\/\/utfpr.curitiba.br\/neabi\/wp-json\/wp\/v2\/media?parent=1163"}],"curies":[{"name":"wp","href":"https:\/\/api.w.org\/{rel}","templated":true}]}}