{"id":1131,"date":"2025-10-07T20:42:56","date_gmt":"2025-10-07T23:42:56","guid":{"rendered":"https:\/\/utfpr.curitiba.br\/neabi\/?page_id=1131"},"modified":"2025-11-25T13:01:25","modified_gmt":"2025-11-25T16:01:25","slug":"ii-simposio-politicas-de-acoes-afirmativas-implementacao-construcao-e-processo","status":"publish","type":"page","link":"https:\/\/utfpr.curitiba.br\/neabi\/ii-simposio-politicas-de-acoes-afirmativas-implementacao-construcao-e-processo\/","title":{"rendered":"II Simp\u00f3sio Pol\u00edticas de A\u00e7\u00f5es Afirmativas: implementa\u00e7\u00e3o, constru\u00e7\u00e3o e processo"},"content":{"rendered":"\n<p class=\"has-text-align-left has-black-color has-text-color has-link-color wp-elements-4763d6a94f6521c625352c53045752bb\"><strong>12 e 13 de novembro de 2025, UTFPR Curitiba <em>campus <\/em>Sete de Setembro<\/strong><\/p>\n\n\n\n<p class=\"has-vivid-red-color has-text-color has-link-color wp-elements-c396517bd8e46070a352d9854bf3df49\"><strong>1\u00ba DIA (12\/11)<\/strong><\/p>\n\n\n\n<p>13h30 at\u00e9 15h: <strong>Mesa de Abertura<\/strong> <strong><em>O desenvolvimento das pol\u00edticas e a\u00e7\u00f5es afirmativas na pr\u00e1tica, desafios e perspectivas<\/em><\/strong>, com Everton Lozano (Reitor da UTFPR); <a href=\"https:\/\/www.camara.leg.br\/deputados\/220704\" target=\"_blank\" rel=\"noreferrer noopener\">Deputada Federal\u00a0Carol Dartora<\/a>; Adilson Pereira dos Santos (Presidente da <a href=\"https:\/\/abpn.org.br\/\" target=\"_blank\" rel=\"noreferrer noopener\">Associa\u00e7\u00e3o Brasileira de Pesquisadores\/as Negros\/as<\/a>); Amanda Crispim (Presidenta dos Neabis da UTFPR); Walker Douglas Pincerati, Representante da Comiss\u00e3o Operacional das Bancas de Heteroidentifica\u00e7\u00e3o; Atena Gabriela Silva Souza, Presidenta do <a href=\"https:\/\/www.instagram.com\/dceutfpr.curitiba\/\" target=\"_blank\" rel=\"noreferrer noopener\">DCE UTFPR Curitiba<\/a>; Paulo Daniel Batista de Sousa (Diretor Geral do <a href=\"https:\/\/www.utfpr.edu.br\/campus\/curitiba\/\" target=\"_blank\" rel=\"noreferrer noopener\">Campus Curitiba<\/a>); Jos\u00e9 Augusto Fabri (Pr\u00f3-Reitor de Gradua\u00e7\u00e3o e Educa\u00e7\u00e3o Profissional); Michele Potrick (<a href=\"https:\/\/www.utfpr.edu.br\/estrutura\/pesquisa-e-pos-graduacao\" target=\"_blank\" rel=\"noreferrer noopener\">Pr\u00f3-Reitora de Pesquisa e P\u00f3s-Gradua\u00e7\u00e3o da UTFPR<\/a>); Francis Kanashiro Meneghetti (<a href=\"https:\/\/www.utfpr.edu.br\/estrutura\/relacoes-empresariais-e-comunitarias\/pro-reitoria-de-relacoes-empresariais-e-comunitarias\" target=\"_blank\" rel=\"noreferrer noopener\">Pr\u00f3-Reitor de Rela\u00e7\u00f5es Empresariais e Comunit\u00e1rias da UTFPR<\/a>); Tatiane Agostinho Martins (Assessora de Assuntos Estudantis na Organiza\u00e7\u00e3o da Pr\u00f3-Reitoria de Assuntos Estudantis); Elzimar Andrade (Diretora de Gest\u00e3o de Pessoas da UTFPR). <em>Media\u00e7\u00e3o<\/em>: Jos\u00e9 L\u00facio de Machado.<\/p>\n\n\n\n<p>15h at\u00e9 16h: <strong>Mesa-Redonda<\/strong> <strong><em>Os desafios de implanta\u00e7\u00e3o das pol\u00edticas  envolvimento das Pol\u00edticas e A\u00e7\u00f5es Afirmativas no Estado do Paran\u00e1<\/em><\/strong>, com Alo\u00edsio Nascimento (Presidente do Conselho Estadual de Promo\u00e7\u00e3o da Igualdade Racial do Paran\u00e1 &#8211; <a href=\"https:\/\/www.consepir.pr.gov.br\/\" target=\"_blank\" rel=\"noreferrer noopener\">CONSEPIR<\/a>), Gednilson de Freitas Lima (Coordenador Educacional na Prefeitura Municipal de Francisco Beltr\u00e3o, Secretaria Municipal de Educa\u00e7\u00e3o e Cultura), Gehad Ismail Hajar (Coordenador do <a href=\"https:\/\/utfpr.curitiba.br\/neabi\/grupo-de-pesquisa-de-estudos-de-heteroidentificacao-da-utfpr-gpeh-utfpr\/\" target=\"_blank\" rel=\"noreferrer noopener\">GPEH-UTFPR<\/a>), <em>media\u00e7\u00e3o<\/em>: Jos\u00e9 Lucio de Machado (<a href=\"https:\/\/www.utfpr.edu.br\/campus\/franciscobeltrao\" target=\"_blank\" rel=\"noreferrer noopener\">UTFPR-FB<\/a>, CoPHe-UTFPR e Neabi UTFPR-FB). <em>Media\u00e7\u00e3o<\/em>: Jos\u00e9 L\u00facio de Machado.<\/p>\n\n\n\n<p class=\"has-vivid-red-color has-text-color has-link-color wp-elements-de4ffd34d47a2b767cafadd85a4af96a\"><strong>2\u00ba DIA (13\/11)<\/strong>: <\/p>\n\n\n\n<p>13h30 at\u00e9 17h: <strong>Mesa-Redonda <em>A legisla\u00e7\u00e3o e os procedimentos para atua\u00e7\u00e3o para atua\u00e7\u00e3o das bancas de heteroidentifica\u00e7\u00e3o<\/em><\/strong>, com St\u00e9phanie Louise In\u00e1cio Castro, Anderson Uria, Adilson Pereira dos Santos (<a href=\"https:\/\/ufop.br\/mostrar-em\/pagina-inicial\" target=\"_blank\" rel=\"noreferrer noopener\">UFOP<\/a>) e Delton Aparecido Felipe Maring\u00e1 (<a href=\"https:\/\/www.uem.br\/\" target=\"_blank\" rel=\"noreferrer noopener\">UEM<\/a>), <em>media\u00e7\u00e3o<\/em>: Jussara Marques de Medeiros (<a href=\"https:\/\/www.utfpr.edu.br\/\" target=\"_blank\" rel=\"noreferrer noopener\">UTFPR<\/a>, CoPHe-UTFPR e <a href=\"https:\/\/utfpr.curitiba.br\/neabi\/\">Neabi Diva Guimar\u00e3es<\/a>).<\/p>\n\n\n\n<p>14h00 at\u00e9 17h: <strong>Mesa-Redonda <em>A voz dos estudantes de Coletivos nas Pol\u00edticas de A\u00e7\u00f5es Afirmativas<\/em><\/strong>, com Gabriela Ferreira (estudante de Engenharia Ambiental e Sanit\u00e1ria) &#8211; Representante do Coletivo de Meio Ambiente e Sustentabilidade da UTFPR, Waltemberg Souza (estudante de Engenharia Ambiental e Sanit\u00e1ria) &#8211; Representante do Coletivo Negro Enedina Alves da UTFPR, Alon Coutinho &#8211; Presidente do Coletivo Negrex (rede que representa todos os estudantes negros do curso de Medicina de Curitiba), Maraiza Nayara Mancio (estudante de Psicologia) &#8211; Representante do Coletivo Negres formado por estudantes negros da PUCPR, Jo\u00e3o Gabriel (estudante de Comunica\u00e7\u00e3o Organizacional) &#8211; Presidente do Centro Acad\u00eamico de Comunica\u00e7\u00e3o da UTFPR, Bianca Santos (estudante de Radiologia) &#8211; Bolsista do N\u00facleo de Estudos Afro-brasileiros e Ind\u00edgenas da UTFPR, <em>media\u00e7\u00e3o<\/em>: Erick Brasil Lopes (estudante de Letras Ingl\u00eas e integrante do Neabi Diva G)<\/p>\n","protected":false},"excerpt":{"rendered":"<p>12 e 13 de novembro de 2025, UTFPR Curitiba campus Sete de Setembro 1\u00ba DIA (12\/11) 13h30 at\u00e9 15h: Mesa<\/p>\n","protected":false},"author":39,"featured_media":0,"parent":0,"menu_order":0,"comment_status":"closed","ping_status":"closed","template":"","meta":{"colormag_page_container_layout":"default_layout","colormag_page_sidebar_layout":"default_layout","footnotes":""},"class_list":["post-1131","page","type-page","status-publish","hentry"],"_links":{"self":[{"href":"https:\/\/utfpr.curitiba.br\/neabi\/wp-json\/wp\/v2\/pages\/1131","targetHints":{"allow":["GET"]}}],"collection":[{"href":"https:\/\/utfpr.curitiba.br\/neabi\/wp-json\/wp\/v2\/pages"}],"about":[{"href":"https:\/\/utfpr.curitiba.br\/neabi\/wp-json\/wp\/v2\/types\/page"}],"author":[{"embeddable":true,"href":"https:\/\/utfpr.curitiba.br\/neabi\/wp-json\/wp\/v2\/users\/39"}],"replies":[{"embeddable":true,"href":"https:\/\/utfpr.curitiba.br\/neabi\/wp-json\/wp\/v2\/comments?post=1131"}],"version-history":[{"count":19,"href":"https:\/\/utfpr.curitiba.br\/neabi\/wp-json\/wp\/v2\/pages\/1131\/revisions"}],"predecessor-version":[{"id":1573,"href":"https:\/\/utfpr.curitiba.br\/neabi\/wp-json\/wp\/v2\/pages\/1131\/revisions\/1573"}],"wp:attachment":[{"href":"https:\/\/utfpr.curitiba.br\/neabi\/wp-json\/wp\/v2\/media?parent=1131"}],"curies":[{"name":"wp","href":"https:\/\/api.w.org\/{rel}","templated":true}]}}