{"id":112,"date":"2024-11-01T23:24:42","date_gmt":"2024-11-02T02:24:42","guid":{"rendered":"https:\/\/utfpr.curitiba.br\/neabi\/?page_id=112"},"modified":"2025-06-05T22:58:16","modified_gmt":"2025-06-06T01:58:16","slug":"eventos","status":"publish","type":"page","link":"https:\/\/utfpr.curitiba.br\/neabi\/eventos\/","title":{"rendered":"Atividades 2024"},"content":{"rendered":"<p>28 e 29 de Novembro de 2024 &#8211; <a href=\"https:\/\/utfpr.curitiba.br\/neabi\/i-encontro-dos-neabis-da-utfpr-e-i-encontro-dos-coletivos-de-estudantes-negros-da-utfpr-em-apucarana-2024\/\" data-type=\"page\" data-id=\"119\">I Encontro dos NEABIs da UTFPR e I Encontro dos Coletivos de Estudantes Negros da UTFPR<\/a><\/p>\n<p><!-- \/wp:post-content --><!-- wp:paragraph --><\/p>\n<p>18 e 19 de Novembro de 2024 &#8211; <a href=\"https:\/\/utfpr.curitiba.br\/neabi\/politicas-de-acoes-afirmativas-reflexoes-sobre-as-bancas-de-heteroidentificacao\/\">Pol\u00edticas de A\u00e7\u00f5es Afirmativas: Reflex\u00f5es sobre as Bancas de Heteroidentifica\u00e7\u00e3o<\/a><\/p>\n<p><!-- \/wp:paragraph --><!-- wp:paragraph --><\/p>\n<p>25 e 26 de Outubro de 2024 &#8211; <a href=\"https:\/\/utfpr.curitiba.br\/neabi\/i-seminario-de-raca-e-tecnologia-2024\/\">I Semin\u00e1rio de Ra\u00e7a e Tecnologia<\/a><\/p>\n<p>\u00a0<\/p>\n<p><!-- \/wp:paragraph --><\/p>\n\n<!-- wp:paragraph -->\n<p><\/p>\n<!-- \/wp:paragraph -->","protected":false},"excerpt":{"rendered":"<p>28 e 29 de Novembro de 2024 &#8211; I Encontro dos NEABIs da UTFPR e I Encontro dos Coletivos de<\/p>\n","protected":false},"author":39,"featured_media":0,"parent":0,"menu_order":0,"comment_status":"closed","ping_status":"closed","template":"","meta":{"colormag_page_container_layout":"default_layout","colormag_page_sidebar_layout":"default_layout","footnotes":""},"class_list":["post-112","page","type-page","status-publish","hentry"],"_links":{"self":[{"href":"https:\/\/utfpr.curitiba.br\/neabi\/wp-json\/wp\/v2\/pages\/112","targetHints":{"allow":["GET"]}}],"collection":[{"href":"https:\/\/utfpr.curitiba.br\/neabi\/wp-json\/wp\/v2\/pages"}],"about":[{"href":"https:\/\/utfpr.curitiba.br\/neabi\/wp-json\/wp\/v2\/types\/page"}],"author":[{"embeddable":true,"href":"https:\/\/utfpr.curitiba.br\/neabi\/wp-json\/wp\/v2\/users\/39"}],"replies":[{"embeddable":true,"href":"https:\/\/utfpr.curitiba.br\/neabi\/wp-json\/wp\/v2\/comments?post=112"}],"version-history":[{"count":16,"href":"https:\/\/utfpr.curitiba.br\/neabi\/wp-json\/wp\/v2\/pages\/112\/revisions"}],"predecessor-version":[{"id":740,"href":"https:\/\/utfpr.curitiba.br\/neabi\/wp-json\/wp\/v2\/pages\/112\/revisions\/740"}],"wp:attachment":[{"href":"https:\/\/utfpr.curitiba.br\/neabi\/wp-json\/wp\/v2\/media?parent=112"}],"curies":[{"name":"wp","href":"https:\/\/api.w.org\/{rel}","templated":true}]}}