{"id":1026,"date":"2025-09-26T00:25:12","date_gmt":"2025-09-26T03:25:12","guid":{"rendered":"https:\/\/utfpr.curitiba.br\/neabi\/?page_id=1026"},"modified":"2025-09-27T15:43:48","modified_gmt":"2025-09-27T18:43:48","slug":"ii-encontro-2025-oficina-2","status":"publish","type":"page","link":"https:\/\/utfpr.curitiba.br\/neabi\/ii-encontro-2025-oficina-2\/","title":{"rendered":"II Encontros 2025 Oficina 2"},"content":{"rendered":"\n<p class=\"has-small-font-size\"><a href=\"https:\/\/utfpr.curitiba.br\/neabi\/ii-encontro-dos-neabis-da-utfpr\">Voltar para Programa\u00e7\u00e3o Geral<\/a><\/p>\n\n\n\n<p><strong>Oficina 2<\/strong> &#8211; <em>Oficina de Samba de Roda: Corporeidade e Vozes Negras em Resist\u00eancia<\/em>, por Daniel Cruz Neto<sup>1<\/sup>, Ana Cec\u00edlia Santana de Oliveira<sup>2<\/sup>, Gabriel de Sousa Muniz<sup>3<\/sup>, Glaucia Maria Bressan<sup>4<\/sup> , Elis\u00e2ngela Ap. da Silva Lizzi <sup>5<\/sup><\/p>\n\n\n\n<p style=\"font-size:10px\"><sup>1<\/sup>Graduando em Engenharia El\u00e9trica, Membro NEABI-CP, UTFPR-CP, danielneto@alunos.utfpr.edu.br<\/p>\n\n\n\n<p style=\"font-size:10px\"><sup>2<\/sup>Graduando em Engenharia de Software, UTFPR-CP, anacecilia@alunos.utfpr.edu.br<\/p>\n\n\n\n<p style=\"font-size:10px\"><sup>3<\/sup>Graduando em Engenharia de Computa\u00e7\u00e3o, UTFPR-CP, gabrielsouzamuniz@alunos.utfpr.edu.br<\/p>\n\n\n\n<p style=\"font-size:10px\"><sup>4 <\/sup>Professor Associada, DAMAT, PPGBIOINFO, PPGAB, Membro NEABI-CP e Coordenadora do Coletivo Prazer Feminismo,UTFPR &#8211; Campus Corn\u00e9lio Proc\u00f3pio, Brasil, <a href=\"mailto:glauciabressan@utfpr.edu.br\">glauciabressan@utfpr.edu.br<\/a>&nbsp;<\/p>\n\n\n\n<p style=\"font-size:10px\"><sup>5<\/sup>Professor Adjunta, DAMAT, PPGBIOINFO, PPGAB, Membro NEABI-CP e Coordenadora do Coletivo Ubuntu ,UTFPR &#8211; Campus Corn\u00e9lio Proc\u00f3pio, Brasil, <a href=\"mailto:elisangelalizzi@utfpr.edu.br\">elisangelalizzi@utfpr.edu.br<\/a><\/p>\n\n\n\n<p><strong>Resumo<\/strong>:Introdu\u00e7\u00e3o: A oficina de samba de roda, realizada pelo Coletivo Ubuntu Negras Ra\u00edzes, promove uma viv\u00eancia cultural que valoriza o samba enquanto heran\u00e7a afro-brasileira e express\u00e3o de resist\u00eancia coletiva. Nascido nos terreiros e quintais do rec\u00f4ncavo baiano, ligado \u00e0s religi\u00f5es de matriz africana, o samba expandiu-se como linguagem da di\u00e1spora, atravessou o per\u00edodo de repress\u00e3o cultural e floresceu at\u00e9 se tornar a maior festa popular brasileira: o carnaval, festa do povo negro. Metodologia da a\u00e7\u00e3o: Nesta atividade, os(as) participantes s\u00e3o convidados(as) a experimentar a roda por meio de palmas r\u00edtmicas, instrumentos tradicionais (atabaque, reco-reco, agog\u00f4, pandeiro), cantigas de chamada e resposta e movimentos corporais que traduzem a circularidade e a coletividade do samba. Al\u00e9m disso, a atividade contempla a introdu\u00e7\u00e3o hist\u00f3rica do samba, sua rela\u00e7\u00e3o com a di\u00e1spora e a import\u00e2ncia dos homens e mulheres negras na constru\u00e7\u00e3o desse legado, sambadeiras (os) e sambistas, em que cada gesto reafirma a for\u00e7a da tradi\u00e7\u00e3o oral e a espiritualidade ancestral, e refor\u00e7ando que o samba \u00e9 a voz que resiste \u00e0s tentativas de silenciamento hist\u00f3rico, resist\u00eancia passiva. Encerrada com roda coletiva e cantorias tradicionais, a atividade reafirma o samba de roda como pr\u00e1tica de educa\u00e7\u00e3o sens\u00edvel, sensorial, decolonial e inclusiva, conectando saberes populares e acad\u00eamicos. Resultados esperados: O samba de roda ser\u00e1 apresentado como linguagem coletiva e corpo em movimento, onde articula m\u00fasica, canto, dan\u00e7a e oralidade, configurando-se como espa\u00e7o de celebra\u00e7\u00e3o, resist\u00eancia e ancestralidade. \u00c9 um lembrete potente de que a dan\u00e7a n\u00e3o exige performance e evoca sabedoria do nosso corpo em movimento. Nesse sentido, \u00e9 tanto rito quanto celebra\u00e7\u00e3o: corpo, canto e ancestralidade que se reinventam em festa, reafirmando o samba como patrim\u00f4nio da resist\u00eancia negra e como voz coletiva que o tempo n\u00e3o silenciou. A inova\u00e7\u00e3o social vem da for\u00e7a coletiva e de conectar sabedoria ancestral com saberes acad\u00eamicos.<\/p>\n\n\n\n<p><strong>Palavras chaves:<\/strong> samba de roda; voz; corporeidade; resist\u00eancia.<\/p>\n\n\n\n<p><strong>REFER\u00caNCIAS:<\/strong><\/p>\n\n\n\n<p>AZEVEDO, A. M. SAMBA: um ritmo negro de resist\u00eancia. Revista do Instituto de estudos<\/p>\n\n\n\n<p>Brasileiros, n.70, p.44-58, 2018.<\/p>\n\n\n\n<p>BARBOSA, J. 1975-Nelson Sargento: os 100 anos de um rizoma do samba. \/ Juliana Barbosa. Curitiba : Syntagma Editores, 2024.<\/p>\n\n\n\n<p><strong>N\u00daMERO DE VAGAS: 30 VAGAS<\/strong><\/p>\n\n\n\n<p><strong>ESPA\u00c7O SOLICITADO: SALA DE AULA OU ESPA\u00c7O ABERTO&nbsp;<\/strong><\/p>\n\n\n\n<p><strong>OBSERVA\u00c7\u00d5ES:&nbsp; CAIXA DE SOM E ALEGRIA.<\/strong><\/p>\n","protected":false},"excerpt":{"rendered":"<p>Voltar para Programa\u00e7\u00e3o Geral Oficina 2 &#8211; Oficina de Samba de Roda: Corporeidade e Vozes Negras em Resist\u00eancia, por Daniel<\/p>\n","protected":false},"author":39,"featured_media":979,"parent":0,"menu_order":0,"comment_status":"closed","ping_status":"closed","template":"","meta":{"colormag_page_container_layout":"default_layout","colormag_page_sidebar_layout":"default_layout","footnotes":""},"class_list":["post-1026","page","type-page","status-publish","has-post-thumbnail","hentry"],"_links":{"self":[{"href":"https:\/\/utfpr.curitiba.br\/neabi\/wp-json\/wp\/v2\/pages\/1026","targetHints":{"allow":["GET"]}}],"collection":[{"href":"https:\/\/utfpr.curitiba.br\/neabi\/wp-json\/wp\/v2\/pages"}],"about":[{"href":"https:\/\/utfpr.curitiba.br\/neabi\/wp-json\/wp\/v2\/types\/page"}],"author":[{"embeddable":true,"href":"https:\/\/utfpr.curitiba.br\/neabi\/wp-json\/wp\/v2\/users\/39"}],"replies":[{"embeddable":true,"href":"https:\/\/utfpr.curitiba.br\/neabi\/wp-json\/wp\/v2\/comments?post=1026"}],"version-history":[{"count":6,"href":"https:\/\/utfpr.curitiba.br\/neabi\/wp-json\/wp\/v2\/pages\/1026\/revisions"}],"predecessor-version":[{"id":1119,"href":"https:\/\/utfpr.curitiba.br\/neabi\/wp-json\/wp\/v2\/pages\/1026\/revisions\/1119"}],"wp:featuredmedia":[{"embeddable":true,"href":"https:\/\/utfpr.curitiba.br\/neabi\/wp-json\/wp\/v2\/media\/979"}],"wp:attachment":[{"href":"https:\/\/utfpr.curitiba.br\/neabi\/wp-json\/wp\/v2\/media?parent=1026"}],"curies":[{"name":"wp","href":"https:\/\/api.w.org\/{rel}","templated":true}]}}