{"id":1005,"date":"2025-09-26T00:12:29","date_gmt":"2025-09-26T03:12:29","guid":{"rendered":"https:\/\/utfpr.curitiba.br\/neabi\/?page_id=1005"},"modified":"2025-09-27T15:43:04","modified_gmt":"2025-09-27T18:43:04","slug":"ii-encontro-2025-oficina-1","status":"publish","type":"page","link":"https:\/\/utfpr.curitiba.br\/neabi\/ii-encontro-2025-oficina-1\/","title":{"rendered":"II Encontros 2025 Oficina 1"},"content":{"rendered":"\n<p class=\"has-small-font-size\"><a href=\"https:\/\/utfpr.curitiba.br\/neabi\/ii-encontro-dos-neabis-da-utfpr\">Voltar para Programa\u00e7\u00e3o Geral<\/a><\/p>\n\n\n\n<p><strong>Oficina 1<\/strong>&nbsp;\u2013&nbsp;<em>Oficina de Capoeira Angola: Mestres, Ancestralidade e Resist\u00eancia Coletiva<\/em>, por Daniel Cruz Neto<sup>1<\/sup>, Ana Cec\u00edlia Santana de Oliveira<sup>2<\/sup>, Gabriel de Sousa Muniz<sup>3<\/sup>, Glaucia Maria Bressan<sup>4<\/sup> , Elis\u00e2ngela Ap. da Silva Lizzi <sup>5<\/sup><\/p>\n\n\n\n<p style=\"font-size:10px\"><sup>1<\/sup>Graduando em Engenharia El\u00e9trica, Membro NEABI-CP, UTFPR-CP, danielneto@alunos.utfpr.edu.br<\/p>\n\n\n\n<p style=\"font-size:10px\"><sup>2<\/sup>Graduando em Engenharia de Software, UTFPR-CP, anacecilia@alunos.utfpr.edu.br<\/p>\n\n\n\n<p style=\"font-size:10px\"><sup>3<\/sup>Graduando em Engenharia de Computa\u00e7\u00e3o, UTFPR-CP, gabrielsouzamuniz@alunos.utfpr.edu.br<\/p>\n\n\n\n<p style=\"font-size:10px\"><sup>4 <\/sup>Professor Associada, DAMAT, PPGBIOINFO, PPGAB, Membro NEABI-CP e Coordenadora do Coletivo Prazer Feminismo,UTFPR &#8211; Campus Corn\u00e9lio Proc\u00f3pio, Brasil, <a href=\"mailto:glauciabressan@utfpr.edu.br\">glauciabressan@utfpr.edu.br<\/a>&nbsp;<\/p>\n\n\n\n<p style=\"font-size:10px\"><sup>5<\/sup>Professor Adjunta, DAMAT, PPGBIOINFO, PPGAB, Membro NEABI-CP e Coordenadora do Coletivo Ubuntu ,UTFPR &#8211; Campus Corn\u00e9lio Proc\u00f3pio, Brasil, <a href=\"mailto:elisangelalizzi@utfpr.edu.br\">elisangelalizzi@utfpr.edu.br<\/a><\/p>\n\n\n\n<p><strong>Resumo<\/strong>: Introdu\u00e7\u00e3o: A oficina de Capoeira Angola \u00e9 conduzida pelo Coletivo Ubuntu Negras Ra\u00edzes, onde se prop\u00f5e uma imers\u00e3o na tradi\u00e7\u00e3o ancestral afro-brasileira, entendendo a capoeira como pr\u00e1tica cultural, pedag\u00f3gica e pol\u00edtica de resist\u00eancia. Sob o princ\u00edpio de Ubuntu, \u201csou o que sou pelo que n\u00f3s somos\u201d, a atividade resgata a mem\u00f3ria da capoeira enquanto forma de luta contra a escravid\u00e3o, criminalizada at\u00e9 1937, mas mantida viva pelos corpos negros que a transmitiram como saber coletivo, em diversas ramifica\u00e7\u00f5es (luta regional bahiana, capoeira angola e capoeira contempor\u00e2nea). Metodologia da a\u00e7\u00e3o: A viv\u00eancia pr\u00e1tica envolve alongamentos, ginga, movimentos b\u00e1sicos (a\u00fa, meia-lua de frente, esquiva, rabo de arrai\u00e1) e forma\u00e7\u00e3o da roda com musicalidade (ladainhas, louva\u00e7\u00e3o e corridos). A oficina reconhece a contribui\u00e7\u00e3o de grandes mestres, como Mestre Pastinha (guardi\u00e3o da Angola), Mestre Bimba (criador da Regional), bem como tantos outros que transformaram a capoeira em instrumento de liberta\u00e7\u00e3o e identidade. Ao mesmo tempo, destaca-se o papel das mestras contempor\u00e2neas, Jararaca, Janja, Geg\u00ea, Di, que rompem fronteiras hist\u00f3ricas de exclus\u00e3o, reafirmando que<strong> <\/strong>mulher na roda \u00e9 para jogar, e n\u00e3o para enfeitar<strong>.<\/strong> Assim, a roda de capoeira se afirma como microcosmo do Ubuntu<strong>,<\/strong> espa\u00e7o de coletividade, energia circular, di\u00e1logo e afirma\u00e7\u00e3o da corporeidade negra. Resultados esperados: A oficina reafirma a capoeira como espa\u00e7o de descompress\u00e3o e patrim\u00f4nio cultural vivo, no qual tradi\u00e7\u00e3o e transforma\u00e7\u00e3o caminham juntas, e onde a mem\u00f3ria ancestral encontra novas formas de resist\u00eancia, equidade de g\u00eanero e afirma\u00e7\u00e3o identit\u00e1ria no presente. No \u00e2mbito acad\u00eamico \u00e9 resposta de inova\u00e7\u00e3o social e retomada de ancestralidade, pois o espa\u00e7o acad\u00eamico tamb\u00e9m \u00e9 nosso, nossos corpos est\u00e3o presentes nesse ambiente e nossas identidades vividas.<\/p>\n\n\n\n<p><strong>Palavras chaves:<\/strong> capoeira angola; corpo em movimento; di\u00e1spora africana; resist\u00eancia<\/p>\n\n\n\n<p><strong>REFER\u00caNCIAS:<\/strong><\/p>\n\n\n\n<p>ALMEIDA, Bira. Capoeira: A Brazilian Art Form: History, Philosophy, and Practice. Berkeley: North Atlantic Books, 1986.<\/p>\n\n\n\n<p>DINIZ, Fl\u00e1via Cachineski. Capoeira Angola: identidade e tr\u00e2nsito musical. 2011.<\/p>\n\n\n\n<p>NASCIMENTO, Abdias. O quilombismo. Editora Perspectiva SA, 2020.<\/p>\n\n\n\n<p>OLIVEIRA, Jos\u00e9 L. (Mestre Bola Sete). A capoeira angola na Bahia. Salvador: EGBA; Funda\u00e7\u00e3o das Artes, 1989.<\/p>\n\n\n\n<p><strong>N\u00daMERO DE VAGAS: 30 VAGAS<\/strong><\/p>\n\n\n\n<p><strong>ESPA\u00c7O SOLICITADO: SALA DE AULA OU ESPA\u00c7O ABERTO&nbsp;<\/strong><\/p>\n\n\n\n<p><strong>OBSERVA\u00c7\u00d5ES:&nbsp; CAIXA DE SOM E ALEGRIA.<\/strong><\/p>\n\n\n\n<p><\/p>\n","protected":false},"excerpt":{"rendered":"<p>Voltar para Programa\u00e7\u00e3o Geral Oficina 1&nbsp;\u2013&nbsp;Oficina de Capoeira Angola: Mestres, Ancestralidade e Resist\u00eancia Coletiva, por Daniel Cruz Neto1, Ana Cec\u00edlia<\/p>\n","protected":false},"author":39,"featured_media":979,"parent":0,"menu_order":0,"comment_status":"closed","ping_status":"closed","template":"","meta":{"colormag_page_container_layout":"default_layout","colormag_page_sidebar_layout":"default_layout","footnotes":""},"class_list":["post-1005","page","type-page","status-publish","has-post-thumbnail","hentry"],"_links":{"self":[{"href":"https:\/\/utfpr.curitiba.br\/neabi\/wp-json\/wp\/v2\/pages\/1005","targetHints":{"allow":["GET"]}}],"collection":[{"href":"https:\/\/utfpr.curitiba.br\/neabi\/wp-json\/wp\/v2\/pages"}],"about":[{"href":"https:\/\/utfpr.curitiba.br\/neabi\/wp-json\/wp\/v2\/types\/page"}],"author":[{"embeddable":true,"href":"https:\/\/utfpr.curitiba.br\/neabi\/wp-json\/wp\/v2\/users\/39"}],"replies":[{"embeddable":true,"href":"https:\/\/utfpr.curitiba.br\/neabi\/wp-json\/wp\/v2\/comments?post=1005"}],"version-history":[{"count":11,"href":"https:\/\/utfpr.curitiba.br\/neabi\/wp-json\/wp\/v2\/pages\/1005\/revisions"}],"predecessor-version":[{"id":1118,"href":"https:\/\/utfpr.curitiba.br\/neabi\/wp-json\/wp\/v2\/pages\/1005\/revisions\/1118"}],"wp:featuredmedia":[{"embeddable":true,"href":"https:\/\/utfpr.curitiba.br\/neabi\/wp-json\/wp\/v2\/media\/979"}],"wp:attachment":[{"href":"https:\/\/utfpr.curitiba.br\/neabi\/wp-json\/wp\/v2\/media?parent=1005"}],"curies":[{"name":"wp","href":"https:\/\/api.w.org\/{rel}","templated":true}]}}