{"id":72,"date":"2021-03-08T17:36:20","date_gmt":"2021-03-08T20:36:20","guid":{"rendered":"https:\/\/mbatelecom.ct.utfpr.edu.br\/?page_id=72"},"modified":"2025-03-26T08:31:15","modified_gmt":"2025-03-26T11:31:15","slug":"contato","status":"publish","type":"page","link":"https:\/\/utfpr.curitiba.br\/mbatelecom\/contato\/","title":{"rendered":"Contato"},"content":{"rendered":"\t\t<div data-elementor-type=\"wp-page\" data-elementor-id=\"72\" class=\"elementor elementor-72\">\n\t\t\t\t\t\t<section class=\"elementor-section elementor-top-section elementor-element elementor-element-4760f4f9 elementor-section-boxed elementor-section-height-default elementor-section-height-default\" data-id=\"4760f4f9\" data-element_type=\"section\" data-e-type=\"section\">\n\t\t\t\t\t\t<div class=\"elementor-container elementor-column-gap-default\">\n\t\t\t\t\t<div class=\"elementor-column elementor-col-100 elementor-top-column elementor-element elementor-element-7ec6ab65\" data-id=\"7ec6ab65\" data-element_type=\"column\" data-e-type=\"column\">\n\t\t\t<div class=\"elementor-widget-wrap elementor-element-populated\">\n\t\t\t\t\t\t<div class=\"elementor-element elementor-element-1450e2b3 elementor-widget elementor-widget-text-editor\" data-id=\"1450e2b3\" data-element_type=\"widget\" data-e-type=\"widget\" data-widget_type=\"text-editor.default\">\n\t\t\t\t<div class=\"elementor-widget-container\">\n\t\t\t\t\t\t\t\t\t<div class=\"wp-block-columns\">\n<h4 style=\"text-align: left\"><strong>CONTATO<\/strong><\/h4>\n<p><\/p>\n<div class=\"wp-block-column is-vertically-aligned-center is-layout-flow wp-block-column-is-layout-flow\" style=\"flex-basis: 33.33%\">\n<p><\/p>\n<figure class=\"wp-block-image aligncenter size-large\"><img decoding=\"async\" width=\"232\" height=\"165\" class=\"wp-image-48\" src=\"https:\/\/utfpr-ct-static-content.s3.amazonaws.com\/utfpr.curitiba.br\/wp-content\/uploads\/sites\/17\/2021\/03\/imagem20colada201100x366-crop-u287211.jpg\" alt=\"\"><\/figure>\n<p><\/p>\n<\/div>\n<div class=\"wp-block-column\" style=\"flex-basis: 66.66%\">\n<p id=\"u801-3\" class=\"has-text-align-center\">Departamento Acad\u00eamico de Eletr\u00f4nica<br>Av. Sete de Setembro 3165. Rebou\u00e7as.<br>CEP: 80230-901 \u2013 Curitiba \u2013 Paran\u00e1.<\/p>\n<p><\/p>\n<p><\/p>\n<p id=\"u801-10\" class=\"has-text-align-center\">Coordenador: Prof. MSc. Alexandre Jorge Miziara<br>whatsapp: +55 47 99934 0123<\/p>\n<p><\/p>\n<p><\/p>\n<p id=\"u801-10\" class=\"has-text-align-center\">e-mail:&nbsp;<a href=\"mailto:amiziara@utfpr.edu.br\" target=\"_blank\" rel=\"noreferrer noopener\">amiziara@utfpr.edu.br<\/a><\/p>\n<p><\/p>\n<p><\/p>\n<\/div><p><br><\/p>\n<\/div>\n<p><!-- \/wp:columns --><\/p>\n<p><!-- wp:html --><\/p>\n<p><!-- \/wp:html --><\/p>\t\t\t\t\t\t\t\t<\/div>\n\t\t\t\t<\/div>\n\t\t\t\t\t<\/div>\n\t\t<\/div>\n\t\t\t\t\t<\/div>\n\t\t<\/section>\n\t\t\t\t<\/div>\n\t\t","protected":false},"excerpt":{"rendered":"<p>CONTATO Coordenador: Prof. MSc. Alexandre Jorge Miziarawhatsapp: +55 47 99934 0123 e-mail:&nbsp;amiziara@utfpr.edu.br<\/p>\n","protected":false},"author":1,"featured_media":0,"parent":0,"menu_order":0,"comment_status":"closed","ping_status":"closed","template":"","meta":{"colormag_page_container_layout":"no_sidebar_full_width","colormag_page_sidebar_layout":"no_sidebar","footnotes":""},"class_list":["post-72","page","type-page","status-publish","hentry"],"_links":{"self":[{"href":"https:\/\/utfpr.curitiba.br\/mbatelecom\/wp-json\/wp\/v2\/pages\/72","targetHints":{"allow":["GET"]}}],"collection":[{"href":"https:\/\/utfpr.curitiba.br\/mbatelecom\/wp-json\/wp\/v2\/pages"}],"about":[{"href":"https:\/\/utfpr.curitiba.br\/mbatelecom\/wp-json\/wp\/v2\/types\/page"}],"author":[{"embeddable":true,"href":"https:\/\/utfpr.curitiba.br\/mbatelecom\/wp-json\/wp\/v2\/users\/1"}],"replies":[{"embeddable":true,"href":"https:\/\/utfpr.curitiba.br\/mbatelecom\/wp-json\/wp\/v2\/comments?post=72"}],"version-history":[{"count":26,"href":"https:\/\/utfpr.curitiba.br\/mbatelecom\/wp-json\/wp\/v2\/pages\/72\/revisions"}],"predecessor-version":[{"id":1022,"href":"https:\/\/utfpr.curitiba.br\/mbatelecom\/wp-json\/wp\/v2\/pages\/72\/revisions\/1022"}],"wp:attachment":[{"href":"https:\/\/utfpr.curitiba.br\/mbatelecom\/wp-json\/wp\/v2\/media?parent=72"}],"curies":[{"name":"wp","href":"https:\/\/api.w.org\/{rel}","templated":true}]}}