{"id":637,"date":"2024-08-07T11:13:29","date_gmt":"2024-08-07T14:13:29","guid":{"rendered":"https:\/\/utfpr.curitiba.br\/mbagetic\/?page_id=637"},"modified":"2025-04-15T13:09:02","modified_gmt":"2025-04-15T16:09:02","slug":"depoimentos","status":"publish","type":"page","link":"https:\/\/utfpr.curitiba.br\/mbagetic\/depoimentos\/","title":{"rendered":"Depoimentos"},"content":{"rendered":"\t\t<div data-elementor-type=\"wp-page\" data-elementor-id=\"637\" class=\"elementor elementor-637\">\n\t\t\t\t\t\t<section class=\"elementor-section elementor-top-section elementor-element elementor-element-9103874 elementor-section-boxed elementor-section-height-default elementor-section-height-default\" data-id=\"9103874\" data-element_type=\"section\" data-e-type=\"section\">\n\t\t\t\t\t\t<div class=\"elementor-container elementor-column-gap-default\">\n\t\t\t\t\t<div class=\"elementor-column elementor-col-33 elementor-top-column elementor-element elementor-element-d070e36\" data-id=\"d070e36\" data-element_type=\"column\" data-e-type=\"column\">\n\t\t\t<div class=\"elementor-widget-wrap elementor-element-populated\">\n\t\t\t\t\t\t<div class=\"elementor-element elementor-element-5913cc4 elementor-widget elementor-widget-text-editor\" data-id=\"5913cc4\" data-element_type=\"widget\" data-e-type=\"widget\" data-widget_type=\"text-editor.default\">\n\t\t\t\t<div class=\"elementor-widget-container\">\n\t\t\t\t\t\t\t\t\t<h4>Depoimentos<\/h4>\t\t\t\t\t\t\t\t<\/div>\n\t\t\t\t<\/div>\n\t\t\t\t<div class=\"elementor-element elementor-element-48da898 elementor-widget elementor-widget-text-editor\" data-id=\"48da898\" data-element_type=\"widget\" data-e-type=\"widget\" data-widget_type=\"text-editor.default\">\n\t\t\t\t<div class=\"elementor-widget-container\">\n\t\t\t\t\t\t\t\t\t<p>O MBA GETIC (Gest\u00e3o de Tecnologia da Informa\u00e7\u00e3o e Comunica\u00e7\u00e3o) na UTFPR foi transformadora, um divisor de \u00e1guas na minha trajet\u00f3ria profissional. O ambiente de aprendizado din\u00e2mico e desafiador somado a expertise dos professores altamente qualificados e atualizados com o mercado s\u00e3o um cap\u00edtulo a parte. A p\u00f3s-gradua\u00e7\u00e3o me proporcionou uma das mais incr\u00edveis experi\u00eancias de educa\u00e7\u00e3o que j\u00e1 tive, e os benef\u00edcios desse investimento em conhecimento refletem positivamente todos os dias na minha vida profissional.<br \/>Para os que buscam uma forma\u00e7\u00e3o de qualidade e quer se destacar na sua \u00e1rea, a UTFPR \u00e9 a escolha certa. Recomendo sem medo.<br \/>Edson Praczyk<\/p>\t\t\t\t\t\t\t\t<\/div>\n\t\t\t\t<\/div>\n\t\t\t\t\t<\/div>\n\t\t<\/div>\n\t\t\t\t<div class=\"elementor-column elementor-col-33 elementor-top-column elementor-element elementor-element-592e9c0\" data-id=\"592e9c0\" data-element_type=\"column\" data-e-type=\"column\">\n\t\t\t<div class=\"elementor-widget-wrap\">\n\t\t\t\t\t\t\t<\/div>\n\t\t<\/div>\n\t\t\t\t<div class=\"elementor-column elementor-col-33 elementor-top-column elementor-element elementor-element-0b31e93\" data-id=\"0b31e93\" data-element_type=\"column\" data-e-type=\"column\">\n\t\t\t<div class=\"elementor-widget-wrap\">\n\t\t\t\t\t\t\t<\/div>\n\t\t<\/div>\n\t\t\t\t\t<\/div>\n\t\t<\/section>\n\t\t\t\t<\/div>\n\t\t","protected":false},"excerpt":{"rendered":"<p>Depoimentos O MBA GETIC (Gest\u00e3o de Tecnologia da Informa\u00e7\u00e3o e Comunica\u00e7\u00e3o) na UTFPR foi transformadora, um divisor de \u00e1guas na<\/p>\n","protected":false},"author":107,"featured_media":0,"parent":0,"menu_order":0,"comment_status":"closed","ping_status":"closed","template":"","meta":{"colormag_page_container_layout":"default_layout","colormag_page_sidebar_layout":"default_layout","footnotes":""},"class_list":["post-637","page","type-page","status-publish","hentry"],"_links":{"self":[{"href":"https:\/\/utfpr.curitiba.br\/mbagetic\/wp-json\/wp\/v2\/pages\/637","targetHints":{"allow":["GET"]}}],"collection":[{"href":"https:\/\/utfpr.curitiba.br\/mbagetic\/wp-json\/wp\/v2\/pages"}],"about":[{"href":"https:\/\/utfpr.curitiba.br\/mbagetic\/wp-json\/wp\/v2\/types\/page"}],"author":[{"embeddable":true,"href":"https:\/\/utfpr.curitiba.br\/mbagetic\/wp-json\/wp\/v2\/users\/107"}],"replies":[{"embeddable":true,"href":"https:\/\/utfpr.curitiba.br\/mbagetic\/wp-json\/wp\/v2\/comments?post=637"}],"version-history":[{"count":10,"href":"https:\/\/utfpr.curitiba.br\/mbagetic\/wp-json\/wp\/v2\/pages\/637\/revisions"}],"predecessor-version":[{"id":1050,"href":"https:\/\/utfpr.curitiba.br\/mbagetic\/wp-json\/wp\/v2\/pages\/637\/revisions\/1050"}],"wp:attachment":[{"href":"https:\/\/utfpr.curitiba.br\/mbagetic\/wp-json\/wp\/v2\/media?parent=637"}],"curies":[{"name":"wp","href":"https:\/\/api.w.org\/{rel}","templated":true}]}}