{"id":55,"date":"2021-03-08T14:16:03","date_gmt":"2021-03-08T17:16:03","guid":{"rendered":"https:\/\/mbagetic.ct.utfpr.edu.br\/?page_id=55"},"modified":"2025-03-26T08:37:34","modified_gmt":"2025-03-26T11:37:34","slug":"sobre-o-curso-de-especializacao-getic","status":"publish","type":"page","link":"https:\/\/utfpr.curitiba.br\/mbagetic\/","title":{"rendered":""},"content":{"rendered":"\t\t<div data-elementor-type=\"wp-page\" data-elementor-id=\"55\" class=\"elementor elementor-55\">\n\t\t\t\t\t\t<section class=\"elementor-section elementor-top-section elementor-element elementor-element-49886fd4 elementor-section-boxed elementor-section-height-default elementor-section-height-default\" data-id=\"49886fd4\" data-element_type=\"section\" data-e-type=\"section\">\n\t\t\t\t\t\t<div class=\"elementor-container elementor-column-gap-default\">\n\t\t\t\t\t<div class=\"elementor-column elementor-col-100 elementor-top-column elementor-element elementor-element-b764448\" data-id=\"b764448\" data-element_type=\"column\" data-e-type=\"column\">\n\t\t\t<div class=\"elementor-widget-wrap elementor-element-populated\">\n\t\t\t\t\t\t<div class=\"elementor-element elementor-element-3da589c2 elementor-widget elementor-widget-text-editor\" data-id=\"3da589c2\" data-element_type=\"widget\" data-e-type=\"widget\" data-widget_type=\"text-editor.default\">\n\t\t\t\t<div class=\"elementor-widget-container\">\n\t\t\t\t\t\t\t\t\t<h2 style=\"text-align: center\"><span style=\"text-decoration: underline;color: #00ccff\"><a style=\"color: #00ccff;text-decoration: underline\" href=\"https:\/\/photos.onedrive.com\/share\/B6506C80D9142537!s341467c609294a20b7518c4434a764d0?cid=B6506C80D9142537&amp;resId=B6506C80D9142537!s341467c609294a20b7518c4434a764d0&amp;ithint=video&amp;e=8icGVz&amp;migratedtospo=true&amp;redeem=aHR0cHM6Ly8xZHJ2Lm1zL3YvYy9iNjUwNmM4MGQ5MTQyNTM3L0VjWm5GRFFwQ1NCS3QxR01SRFNuWk5BQi1IWk1pYUkxbkl0OF9MeVNpVkoxVmc_ZT04aWNHVno\" target=\"_blank\" rel=\"noopener\">SOBRE O CURSO DE ESPECIALIZA\u00c7\u00c3O <strong>GETIC<\/strong><\/a><\/span><\/h2>\n<p><!-- \/wp:heading --><!-- wp:paragraph --><\/p>\n<p>Com o crescimento acelerado da quantidade de redes de computadores, web sites corporativos e o com\u00e9rcio eletr\u00f4nico, infraestruturas de suporte \u00e0s organiza\u00e7\u00f5es, surge a necessidade de Cursos de Especializa\u00e7\u00e3o Interdisciplinares visando racionalizar, planejar e executar estrat\u00e9gias de gest\u00e3o. Estes cursos t\u00eam por finalidade o alinhamento de metas das organiza\u00e7\u00f5es com as necessidades da \u00e1rea de tecnologia da informa\u00e7\u00e3o e comunica\u00e7\u00e3o, atentos \u00e0s mudan\u00e7as r\u00e1pidas de comportamento dos consumidores em mercados cada vez mais competitivos e complexos.<\/p>\n<p><!-- \/wp:paragraph --><!-- wp:columns --><\/p>\n<div>\n<p><!-- wp:column {\"width\":\"100%\"} --><\/p>\n<div style=\"flex-basis: 100%\">\n<p><!-- wp:columns --><\/p>\n<div>\n<p><!-- wp:column --><\/p>\n<div>\n<p><!-- wp:image {\"align\":\"center\",\"id\":56,\"sizeSlug\":\"large\",\"linkDestination\":\"none\"} --><\/p>\n<div>\u00a0<\/div>\n<p><!-- \/wp:image --><!-- wp:heading {\"textAlign\":\"center\",\"level\":6,\"align\":\"wide\"} --><\/p>\n<h6>OBJETIVOS<img decoding=\"async\" style=\"font-family: inherit;font-size: 16px;font-style: inherit;font-weight: inherit;color: var( --e-global-color-text );text-align: center\" src=\"https:\/\/utfpr-ct-static-content.s3.amazonaws.com\/utfpr.curitiba.br\/wp-content\/uploads\/sites\/16\/2021\/03\/global42-u27261.png\" alt=\"\" \/><\/h6>\n<p><!-- \/wp:heading --><!-- wp:paragraph {\"align\":\"left\"} --><\/p>\n<p>Oferecer \u00e0 comunidade um curso de capacita\u00e7\u00e3o para tomar boas decis\u00f5es e conduzir ou participar de projetos estrat\u00e9gicos, envolvendo Tecnologia da Informa\u00e7\u00e3o nas organiza\u00e7\u00f5es.<\/p>\n<p><!-- \/wp:paragraph --><!-- wp:paragraph --><\/p>\n<p>Tem como objetivo suprir lacunas na forma\u00e7\u00e3o de engenheiros, tecn\u00f3logos e outros profissionais para a atua\u00e7\u00e3o em atividades administrativas e gerenciais, desenvolvendo sua capacidade de lideran\u00e7a, criatividade, empreendedorismo e trabalho em equipe, muito valorizadas atualmente, quando acompanhadas de conhecimento t\u00e9cnico espec\u00edfico.<\/p>\n<p><!-- \/wp:paragraph --><!-- wp:paragraph --><\/p>\n<p>Analisar as compet\u00eancias implicadas no planejamento, cria\u00e7\u00e3o e inova\u00e7\u00e3o de estrat\u00e9gias na \u00e1rea de tecnologia da informa\u00e7\u00e3o e comunica\u00e7\u00e3o.<\/p>\n<p><!-- \/wp:paragraph --><\/p>\n<\/div>\n<p><!-- \/wp:column --><!-- wp:column --><\/p>\n<div>\n<p><!-- wp:image {\"align\":\"center\",\"id\":57,\"sizeSlug\":\"large\",\"linkDestination\":\"none\"} --><\/p>\n<div>\u00a0<\/div>\n<p><!-- \/wp:image --><!-- wp:heading {\"textAlign\":\"center\",\"level\":6} --><\/p>\n<h6>P\u00daBLICO ALVO<img decoding=\"async\" style=\"font-family: inherit;font-size: 16px;font-style: inherit;font-weight: inherit;color: var( --e-global-color-text );text-align: center\" src=\"https:\/\/utfpr-ct-static-content.s3.amazonaws.com\/utfpr.curitiba.br\/wp-content\/uploads\/sites\/16\/2021\/03\/businessman266-u27321.png\" alt=\"\" \/><\/h6>\n<p><!-- \/wp:heading --><!-- wp:paragraph --><\/p>\n<p>Empres\u00e1rios, Gerentes, coordenadores, consultores e todos os profissionais de n\u00edvel superior que atuam ou pretendem atuar como gestores de neg\u00f3cios e informa\u00e7\u00e3o ou, ainda, que necessitem aprimorar seu desempenho num ambiente corporativo amplamente envolvido com as tecnologias da informa\u00e7\u00e3o e comunica\u00e7\u00e3o.<\/p>\n<p><!-- \/wp:paragraph --><\/p>\n<\/div>\n<p><!-- \/wp:column --><!-- wp:column --><\/p>\n<div>\n<p><!-- wp:image {\"align\":\"center\",\"id\":58,\"sizeSlug\":\"large\",\"linkDestination\":\"none\"} --><\/p>\n<div>\u00a0<\/div>\n<p><!-- \/wp:image --><!-- wp:heading {\"textAlign\":\"center\",\"level\":6} --><\/p>\n<h6><img decoding=\"async\" style=\"font-family: inherit;font-size: 16px;font-style: inherit;font-weight: inherit;color: var( --e-global-color-text );text-align: center\" src=\"https:\/\/utfpr-ct-static-content.s3.amazonaws.com\/utfpr.curitiba.br\/wp-content\/uploads\/sites\/16\/2021\/03\/office42-u27381.png\" alt=\"\" \/>\u00a0INSTALA\u00c7\u00d5ES E EQUIPAMENTOS<\/h6>\n<p><!-- \/wp:heading --><!-- wp:paragraph --><\/p>\n<p>As aulas ser\u00e3o ministradas \u00e0s <strong>ter\u00e7as<\/strong>\u00a0e <strong>quintas-feiras<\/strong>, \u00a0de modo remoto online. Para acesso, ser\u00e3o disponibilizados links do Google Meet.<\/p>\n<p><!-- \/wp:paragraph --><!-- wp:spacer {\"height\":50} --><\/p>\n<div style=\"height: 50px\" aria-hidden=\"true\">\u00a0<\/div>\n<p><!-- \/wp:spacer --><!-- wp:image {\"align\":\"center\",\"id\":61,\"sizeSlug\":\"large\",\"linkDestination\":\"none\"} --><\/p>\n<div>\n<figure><img decoding=\"async\" src=\"https:\/\/utfpr-ct-static-content.s3.amazonaws.com\/utfpr.curitiba.br\/wp-content\/uploads\/sites\/16\/2021\/03\/achievement1-u27441.png\" alt=\"\" \/><span style=\"font-size: 16px;color: var( --e-global-color-text )\">\u00a0<\/span><\/figure>\n<\/div>\n<\/div>\n<\/div>\n<div>\n<div style=\"flex-basis: 33.33%\">\n<p><!-- \/wp:image --><\/p>\n<\/div>\n<p><!-- \/wp:column --><!-- wp:column {\"width\":\"66.66%\"} --><\/p>\n<div style=\"flex-basis: 66.66%\">\n<p><!-- wp:heading {\"textAlign\":\"center\",\"level\":3} --><\/p>\n<h4><span style=\"color: #3366ff\"><a style=\"text-decoration: underline;color: #3366ff\" href=\"https:\/\/drive.google.com\/file\/d\/1pYfSveZXwxFJJSd0rcJqH4_eUWxxEAMz\/view?usp=drive_link\" target=\"_blank\" rel=\"noopener\">CRONOGRAMA<\/a>\u00a0 \u00a0<\/span><img fetchpriority=\"high\" decoding=\"async\" style=\"font-family: inherit;font-size: 16px;font-style: inherit;font-weight: inherit;color: var( --e-global-color-text );text-align: center\" src=\"https:\/\/utfpr-ct-static-content.s3.amazonaws.com\/utfpr.curitiba.br\/wp-content\/uploads\/sites\/16\/2021\/03\/imagem20colada202290x1527-crop-u29161.jpg\" alt=\"\" width=\"253\" height=\"600\" \/><\/h4>\n<p><!-- \/wp:heading --><!-- wp:table {\"align\":\"center\",\"className\":\"is-style-stripes\"} --><\/p>\n<h3><strong><span style=\"text-decoration: underline\">ATEN\u00c7\u00c3O: AS INSCRI\u00c7\u00d5ES EST\u00c3O ABERTAS!<\/span><\/strong><\/h3>\n<p><!-- \/wp:table --><!-- wp:spacer {\"height\":20} --><\/p>\n<div style=\"height: 20px\" aria-hidden=\"true\">\u00a0<\/div>\n<p><!-- \/wp:spacer --><!-- wp:columns --><\/p>\n<div>\n<p><!-- wp:column --><\/p>\n<div>\n<p><!-- wp:image {\"align\":\"center\",\"id\":67,\"width\":64,\"height\":64,\"sizeSlug\":\"large\",\"linkDestination\":\"none\"} --><\/p>\n<div>\u00a0<\/div>\n<p><!-- \/wp:image --><!-- wp:paragraph --><\/p>\n<p>A carga hor\u00e1ria total do curso \u00e9 de, no m\u00ednimo, <strong>360 horas<\/strong>, sendo que as aulas s\u00e3o ministradas nas ter\u00e7as e quintas-feiras, em regime remoto online. Mais informa\u00e7\u00f5es pelo telefone:\u00a0<i style=\"color: var( --e-global-color-text );font-weight: inherit\"><span style=\"font-weight: bold\">(47) 99934-0123<\/span><\/i>.\u00a0<img decoding=\"async\" style=\"font-family: inherit;font-style: inherit;font-weight: inherit;color: var( --e-global-color-text );text-align: center\" src=\"https:\/\/utfpr-ct-static-content.s3.amazonaws.com\/utfpr.curitiba.br\/wp-content\/uploads\/sites\/16\/2021\/03\/vagas.png\" alt=\"\" width=\"64\" height=\"64\" \/><span style=\"font-size: 16px;font-style: normal;font-weight: 400;color: var( --e-global-color-text );font-family: 'Open Sans', serif\">\u00a0<\/span><\/p>\n<\/div>\n<div>\n<p><!-- \/wp:paragraph --><!-- wp:paragraph --><\/p>\n<p><img decoding=\"async\" style=\"font-family: inherit;font-style: inherit;font-weight: inherit;color: var( --e-global-color-text );text-align: center\" src=\"https:\/\/utfpr-ct-static-content.s3.amazonaws.com\/utfpr.curitiba.br\/wp-content\/uploads\/sites\/16\/2021\/03\/duracao.png\" alt=\"\" \/>\u00a0No momento, o curso encontra-se com as inscri\u00e7\u00f5es abertas e o cronograma j\u00e1 est\u00e1 dispon\u00edvel.<\/p>\n<p><!-- \/wp:paragraph --><\/p>\n<\/div>\n<p><!-- \/wp:column --><!-- wp:column --><\/p>\n<div>\n<p><!-- wp:image {\"align\":\"center\",\"id\":69,\"sizeSlug\":\"large\",\"linkDestination\":\"none\"} --><\/p>\n<div>\u00a0<\/div>\n<p><!-- \/wp:image --><!-- wp:paragraph --><\/p>\n<p>INSCRI\u00c7\u00c3O: R$50,00<\/p>\n<p><!-- \/wp:paragraph --><!-- wp:paragraph --><\/p>\n<p>MATR\u00cdCULA: R$429,00<\/p>\n<p>PARCELAS: Ser\u00e3o 20 parcelas, no valor de R$ 429,00 cada.\u00a0<img decoding=\"async\" style=\"font-family: inherit;font-style: inherit;font-weight: inherit;color: var( --e-global-color-text );text-align: center\" src=\"https:\/\/utfpr-ct-static-content.s3.amazonaws.com\/utfpr.curitiba.br\/wp-content\/uploads\/sites\/16\/2021\/03\/valores.png\" alt=\"\" \/><\/p>\n<p><span style=\"text-decoration: underline\"><em>Obs: Pagamentos \u00e0 vista ter\u00e3o 10% de desconto.<\/em><\/span><\/p>\n<p><!-- \/wp:paragraph --><\/p>\n<\/div>\n<p><!-- \/wp:column --><\/p>\n<\/div>\n<p><!-- \/wp:columns --><\/p>\n<\/div>\n<p><!-- \/wp:column --><\/p>\n<\/div>\n<p><!-- \/wp:columns --><!-- wp:separator {\"color\":\"black\",\"className\":\"is-style-wide\"} --><\/p>\n<div style=\"flex-basis: 100%\">\u00a0<\/div>\n<hr \/>\n<p><!-- \/wp:separator --><!-- wp:group --><\/p>\n<div>\n<p><!-- wp:columns --><\/p>\n<div>\n<p><!-- wp:column {\"width\":\"66.66%\"} --><\/p>\n<div style=\"flex-basis: 66.66%\">\n<p><!-- wp:heading {\"textAlign\":\"center\",\"level\":3} --><\/p>\n<h3>COORDENA\u00c7\u00c3O DO CURSO<\/h3>\n<p><!-- \/wp:heading --><!-- wp:columns --><\/p>\n<div>\n<p><!-- wp:column --><\/p>\n<div>\n<p><!-- wp:image {\"align\":\"center\",\"id\":118,\"sizeSlug\":\"large\",\"linkDestination\":\"none\"} --><\/p>\n<div>\n<figure><img decoding=\"async\" src=\"https:\/\/utfpr-ct-static-content.s3.amazonaws.com\/utfpr.curitiba.br\/wp-content\/uploads\/sites\/16\/2021\/03\/imagem20colada201100x366-crop-u28721.jpg\" alt=\"\" \/><\/figure>\n<\/div>\n<p><!-- \/wp:image --><\/p>\n<\/div>\n<p><!-- \/wp:column --><!-- wp:column --><\/p>\n<div>\n<p><!-- wp:paragraph --><\/p>\n<p>Departamento Acad\u00eamico de Eletr\u00f4nica &#8211; DAELN.<br \/>Av. Sete de Setembro 3165. Rebou\u00e7as.<br \/>CEP: 80230-901 \u2013 Curitiba \u2013 Paran\u00e1.<\/p>\n<p><!-- \/wp:paragraph --><!-- wp:paragraph --><\/p>\n<p>Coordenador: Prof. MSc. Alexandre Jorge Miziara<br \/>E-mail:\u00a0<a href=\"mailto:amiziara@utfpr.edu.br\" target=\"_blank\" rel=\"noreferrer noopener\">amiziara@utfpr.edu.br<\/a><\/p>\n<p><!-- \/wp:paragraph --><!-- wp:paragraph --><\/p>\n<p>Secret\u00e1ria: Rina Mattoso de Oliveira<br \/>E-mail:\u00a0<a href=\"mailto:rina@utfpr.edu.br\" target=\"_blank\" rel=\"noreferrer noopener\" data-type=\"mailto\" data-id=\"mailto:reneudojunior@utfpr.edu.br\">rina@utfpr.edu.br<\/a><\/p>\n<p><!-- \/wp:paragraph --><!-- wp:paragraph --><\/p>\n<p><i style=\"font-weight: inherit;color: var( --e-global-color-text )\">OBS: Informa\u00e7\u00f5es adicionais podem ser obtidas via <u>Whatsapp<\/u>\u00a0atrav\u00e9s do n\u00famero <b>(47) 99934-0123<\/b>.<\/i><\/p>\n<p><!-- \/wp:paragraph --><\/p>\n<\/div>\n<p><!-- \/wp:column --><\/p>\n<\/div>\n<p><!-- \/wp:columns --><\/p>\n<\/div>\n<p><!-- \/wp:column --><!-- wp:column {\"width\":\"33.33%\"} --><\/p>\n<div style=\"flex-basis: 33.33%\">\n<p><!-- wp:image {\"align\":\"center\",\"id\":75,\"sizeSlug\":\"large\",\"linkDestination\":\"none\"} --><\/p>\n<div>\n<figure><img decoding=\"async\" src=\"https:\/\/utfpr-ct-static-content.s3.amazonaws.com\/utfpr.curitiba.br\/wp-content\/uploads\/sites\/16\/2021\/03\/imagem20colada20620x413-crop-u28191.jpg\" alt=\"\" \/><\/figure>\n<\/div>\n<p><!-- \/wp:image --><\/p>\n<\/div>\n<p><!-- \/wp:column --><\/p>\n<\/div>\n<p><!-- \/wp:columns --><\/p>\n<\/div>\n<p><!-- \/wp:group --><\/p>\n<\/div>\n<p><!-- \/wp:column --><\/p>\n<\/div>\n<p><!-- \/wp:columns --><!-- wp:paragraph --><\/p>\n<p><!-- \/wp:paragraph --><\/p>\t\t\t\t\t\t\t\t<\/div>\n\t\t\t\t<\/div>\n\t\t\t\t<div class=\"elementor-element elementor-element-ad4a0d9 elementor-widget__width-auto elementor-view-stacked elementor-widget-tablet__width-initial elementor-shape-circle elementor-widget elementor-widget-icon\" data-id=\"ad4a0d9\" data-element_type=\"widget\" data-e-type=\"widget\" data-widget_type=\"icon.default\">\n\t\t\t\t<div class=\"elementor-widget-container\">\n\t\t\t\t\t\t\t<div class=\"elementor-icon-wrapper\">\n\t\t\t<a class=\"elementor-icon elementor-animation-grow\" href=\"https:\/\/www.linkedin.com\/in\/mba-getic-utfpr-41b1b7270\/\" target=\"_blank\">\n\t\t\t<i aria-hidden=\"true\" class=\"fab fa-linkedin-in\"><\/i>\t\t\t<\/a>\n\t\t<\/div>\n\t\t\t\t\t\t<\/div>\n\t\t\t\t<\/div>\n\t\t\t\t<div class=\"elementor-element elementor-element-44eeec1 elementor-widget__width-auto elementor-view-stacked elementor-widget-tablet__width-initial elementor-shape-circle elementor-widget elementor-widget-icon\" data-id=\"44eeec1\" data-element_type=\"widget\" data-e-type=\"widget\" data-widget_type=\"icon.default\">\n\t\t\t\t<div class=\"elementor-widget-container\">\n\t\t\t\t\t\t\t<div class=\"elementor-icon-wrapper\">\n\t\t\t<a class=\"elementor-icon elementor-animation-grow\" href=\"https:\/\/www.instagram.com\/mbagetic.utfpr\/\" target=\"_blank\">\n\t\t\t<i aria-hidden=\"true\" class=\"icon icon-instagram-1\"><\/i>\t\t\t<\/a>\n\t\t<\/div>\n\t\t\t\t\t\t<\/div>\n\t\t\t\t<\/div>\n\t\t\t\t<div class=\"elementor-element elementor-element-04e1f17 elementor-view-stacked elementor-fixed elementor-widget__width-auto elementor-shape-circle elementor-widget elementor-widget-icon\" data-id=\"04e1f17\" data-element_type=\"widget\" data-e-type=\"widget\" data-settings=\"{&quot;_position&quot;:&quot;fixed&quot;,&quot;_animation&quot;:&quot;none&quot;}\" data-widget_type=\"icon.default\">\n\t\t\t\t<div class=\"elementor-widget-container\">\n\t\t\t\t\t\t\t<div class=\"elementor-icon-wrapper\">\n\t\t\t<a class=\"elementor-icon elementor-animation-grow\" href=\"https:\/\/api.whatsapp.com\/send?phone=554799340123&#038;text=Ol%C3%A1!%20Gostaria%20de%20maiores%20informa%C3%A7%C3%B5es%20sobre%20o%20MBA%20em%20Getic!\" target=\"_blank\">\n\t\t\t<i aria-hidden=\"true\" class=\"fab fa-whatsapp\"><\/i>\t\t\t<\/a>\n\t\t<\/div>\n\t\t\t\t\t\t<\/div>\n\t\t\t\t<\/div>\n\t\t\t\t\t<\/div>\n\t\t<\/div>\n\t\t\t\t\t<\/div>\n\t\t<\/section>\n\t\t\t\t<\/div>\n\t\t","protected":false},"excerpt":{"rendered":"<p>SOBRE O CURSO DE ESPECIALIZA\u00c7\u00c3O GETIC Com o crescimento acelerado da quantidade de redes de computadores, web sites corporativos e<\/p>\n","protected":false},"author":1,"featured_media":0,"parent":0,"menu_order":0,"comment_status":"closed","ping_status":"closed","template":"","meta":{"colormag_page_container_layout":"no_sidebar_full_width","colormag_page_sidebar_layout":"no_sidebar","footnotes":""},"class_list":["post-55","page","type-page","status-publish","hentry"],"_links":{"self":[{"href":"https:\/\/utfpr.curitiba.br\/mbagetic\/wp-json\/wp\/v2\/pages\/55","targetHints":{"allow":["GET"]}}],"collection":[{"href":"https:\/\/utfpr.curitiba.br\/mbagetic\/wp-json\/wp\/v2\/pages"}],"about":[{"href":"https:\/\/utfpr.curitiba.br\/mbagetic\/wp-json\/wp\/v2\/types\/page"}],"author":[{"embeddable":true,"href":"https:\/\/utfpr.curitiba.br\/mbagetic\/wp-json\/wp\/v2\/users\/1"}],"replies":[{"embeddable":true,"href":"https:\/\/utfpr.curitiba.br\/mbagetic\/wp-json\/wp\/v2\/comments?post=55"}],"version-history":[{"count":327,"href":"https:\/\/utfpr.curitiba.br\/mbagetic\/wp-json\/wp\/v2\/pages\/55\/revisions"}],"predecessor-version":[{"id":1031,"href":"https:\/\/utfpr.curitiba.br\/mbagetic\/wp-json\/wp\/v2\/pages\/55\/revisions\/1031"}],"wp:attachment":[{"href":"https:\/\/utfpr.curitiba.br\/mbagetic\/wp-json\/wp\/v2\/media?parent=55"}],"curies":[{"name":"wp","href":"https:\/\/api.w.org\/{rel}","templated":true}]}}