{"id":105,"date":"2021-03-08T15:15:28","date_gmt":"2021-03-08T18:15:28","guid":{"rendered":"https:\/\/mbagetic.ct.utfpr.edu.br\/?page_id=105"},"modified":"2025-04-15T13:45:15","modified_gmt":"2025-04-15T16:45:15","slug":"contato","status":"publish","type":"page","link":"https:\/\/utfpr.curitiba.br\/mbagetic\/contato\/","title":{"rendered":"Contato"},"content":{"rendered":"\t\t<div data-elementor-type=\"wp-page\" data-elementor-id=\"105\" class=\"elementor elementor-105\">\n\t\t\t\t\t\t<section class=\"elementor-section elementor-top-section elementor-element elementor-element-4535c099 elementor-section-boxed elementor-section-height-default elementor-section-height-default\" data-id=\"4535c099\" data-element_type=\"section\" data-e-type=\"section\">\n\t\t\t\t\t\t<div class=\"elementor-container elementor-column-gap-default\">\n\t\t\t\t\t<div class=\"elementor-column elementor-col-100 elementor-top-column elementor-element elementor-element-73b21e7e\" data-id=\"73b21e7e\" data-element_type=\"column\" data-e-type=\"column\">\n\t\t\t<div class=\"elementor-widget-wrap elementor-element-populated\">\n\t\t\t\t\t\t<div class=\"elementor-element elementor-element-7abf89a6 elementor-widget elementor-widget-text-editor\" data-id=\"7abf89a6\" data-element_type=\"widget\" data-e-type=\"widget\" data-widget_type=\"text-editor.default\">\n\t\t\t\t<div class=\"elementor-widget-container\">\n\t\t\t\t\t\t\t\t\t<div class=\"wp-block-columns\">\n<div class=\"wp-block-column is-vertically-aligned-center\" style=\"flex-basis: 33.33%\">\n<h5>Contato<\/h5>\n<figure class=\"wp-block-image aligncenter size-large is-resized\"><img decoding=\"async\" width=\"232\" height=\"165\" class=\"wp-image-118\" style=\"width: 232px;height: 165px\" src=\"https:\/\/utfpr-ct-static-content.s3.amazonaws.com\/utfpr.curitiba.br\/wp-content\/uploads\/sites\/16\/2021\/03\/imagem20colada201100x366-crop-u28721.jpg\" alt=\"\" \/><\/figure>\n<p><!-- \/wp:columns --><\/p>\n<\/div>\n<div class=\"wp-block-column\" style=\"flex-basis: 66.66%\">\n<p id=\"u801-3\" class=\"has-text-align-center\">Departamento Acad\u00eamico de Eletr\u00f4nica<br \/>Av. Sete de Setembro 3165. Rebou\u00e7as.<br \/>CEP: 80230-901 \u2013 Curitiba \u2013 Paran\u00e1.<\/p>\n<p><!-- \/wp:paragraph --><!-- wp:paragraph {\"align\":\"center\"} --><\/p>\n<p id=\"u801-10\" class=\"has-text-align-center\">Coordenador: Prof. MSc. Alexandre Jorge Miziara<\/p>\n<p><!-- \/wp:paragraph --><!-- wp:paragraph {\"align\":\"center\"} --><\/p>\n<p id=\"u801-10\" class=\"has-text-align-center\">whatsapp: +55 47 99934 0123<br \/>e-mail:\u00a0<a href=\"mailto:amiziara@utfpr.edu.br\" target=\"_blank\" rel=\"noreferrer noopener\">amiziara@utfpr.edu.br <\/a><\/p>\n<p><!-- \/wp:paragraph --><!-- wp:paragraph {\"align\":\"center\"} --><\/p>\n<\/div>\n<p><br \/><!-- \/wp:column --><\/p>\n<\/div>\n<p><!-- \/wp:columns --><!-- wp:html \/--><\/p>\t\t\t\t\t\t\t\t<\/div>\n\t\t\t\t<\/div>\n\t\t\t\t\t<\/div>\n\t\t<\/div>\n\t\t\t\t\t<\/div>\n\t\t<\/section>\n\t\t\t\t<\/div>\n\t\t","protected":false},"excerpt":{"rendered":"<p>Contato Departamento Acad\u00eamico de Eletr\u00f4nicaAv. Sete de Setembro 3165. Rebou\u00e7as.CEP: 80230-901 \u2013 Curitiba \u2013 Paran\u00e1. Coordenador: Prof. MSc. Alexandre Jorge<\/p>\n","protected":false},"author":1,"featured_media":0,"parent":0,"menu_order":0,"comment_status":"closed","ping_status":"closed","template":"","meta":{"colormag_page_container_layout":"default_layout","colormag_page_sidebar_layout":"default_layout","footnotes":""},"class_list":["post-105","page","type-page","status-publish","hentry"],"_links":{"self":[{"href":"https:\/\/utfpr.curitiba.br\/mbagetic\/wp-json\/wp\/v2\/pages\/105","targetHints":{"allow":["GET"]}}],"collection":[{"href":"https:\/\/utfpr.curitiba.br\/mbagetic\/wp-json\/wp\/v2\/pages"}],"about":[{"href":"https:\/\/utfpr.curitiba.br\/mbagetic\/wp-json\/wp\/v2\/types\/page"}],"author":[{"embeddable":true,"href":"https:\/\/utfpr.curitiba.br\/mbagetic\/wp-json\/wp\/v2\/users\/1"}],"replies":[{"embeddable":true,"href":"https:\/\/utfpr.curitiba.br\/mbagetic\/wp-json\/wp\/v2\/comments?post=105"}],"version-history":[{"count":26,"href":"https:\/\/utfpr.curitiba.br\/mbagetic\/wp-json\/wp\/v2\/pages\/105\/revisions"}],"predecessor-version":[{"id":1061,"href":"https:\/\/utfpr.curitiba.br\/mbagetic\/wp-json\/wp\/v2\/pages\/105\/revisions\/1061"}],"wp:attachment":[{"href":"https:\/\/utfpr.curitiba.br\/mbagetic\/wp-json\/wp\/v2\/media?parent=105"}],"curies":[{"name":"wp","href":"https:\/\/api.w.org\/{rel}","templated":true}]}}