{"id":9,"date":"2023-07-24T22:32:09","date_gmt":"2023-07-25T01:32:09","guid":{"rendered":"https:\/\/utfpr.lsda.online\/mbagestaoempresaria\/?page_id=9"},"modified":"2023-07-24T22:32:09","modified_gmt":"2023-07-25T01:32:09","slug":"disciplinas-2","status":"publish","type":"page","link":"https:\/\/utfpr.curitiba.br\/mbagestaoempresarial\/disciplinas-2\/","title":{"rendered":"Disciplinas"},"content":{"rendered":"\t\t<div data-elementor-type=\"wp-page\" data-elementor-id=\"9\" class=\"elementor elementor-9\">\n\t\t\t\t\t\t<section class=\"elementor-section elementor-top-section elementor-element elementor-element-8064ea3 elementor-section-boxed elementor-section-height-default elementor-section-height-default\" data-id=\"8064ea3\" data-element_type=\"section\" data-e-type=\"section\">\n\t\t\t\t\t\t<div class=\"elementor-container elementor-column-gap-default\">\n\t\t\t\t\t<div class=\"elementor-column elementor-col-100 elementor-top-column elementor-element elementor-element-976ba1e\" data-id=\"976ba1e\" data-element_type=\"column\" data-e-type=\"column\">\n\t\t\t<div class=\"elementor-widget-wrap elementor-element-populated\">\n\t\t\t\t\t\t<div class=\"elementor-element elementor-element-b630550 elementor-widget elementor-widget-text-editor\" data-id=\"b630550\" data-element_type=\"widget\" data-e-type=\"widget\" data-widget_type=\"text-editor.default\">\n\t\t\t\t<div class=\"elementor-widget-container\">\n\t\t\t\t\t\t\t\t\t<p><b>Coaching, Desenvolvimento de Plano de Vida e Carreira<\/b><\/p><p><b>Docente:\u00a0 Msc. Gianfranco Muncinelli<\/b><\/p><p><b>Carga hor\u00e1ria: 30h<\/b><\/p><p><span style=\"font-weight: 400;\">Gest\u00e3o do autoconhecimento; Identifica\u00e7\u00e3o dos perfis profissionais; A import\u00e2ncia de elementos emocionais por meio da intelig\u00eancia emocional; Explorando a personalidade em prol de melhores resultados; Ferramentas de coaching versus desenvolvimento humano; T\u00e9cnicas de feedback; Elevando o seu n\u00edvel de empregabilidade: Plano de desenvolvimento individual versus Gest\u00e3o de carreira.<\/span><\/p><p><b>Contabilidade Empresarial<\/b><\/p><p><b>Docente: Dr. Ant\u00f4nio G. de Oliveira<\/b><\/p><p><b>Carga hor\u00e1ria: 30h<\/b><\/p><p><span style=\"font-weight: 400;\">Patrim\u00f4nio: bens, direitos e obriga\u00e7\u00f5es (opera\u00e7\u00f5es de financiamento e de investimento) das organiza\u00e7\u00f5es. Processo\/procedimentos\/t\u00e9cnicas cont\u00e1beis: princ\u00edpios cont\u00e1beis, apura\u00e7\u00e3o de resultados e situa\u00e7\u00e3o patrimonial da empresa; Principais demonstra\u00e7\u00f5es financeiras: balan\u00e7o patrimonial, demonstra\u00e7\u00e3o do resultado do exerc\u00edcio, demonstra\u00e7\u00e3o dos lucros ou preju\u00edzos acumulados, demonstra\u00e7\u00e3o dos fluxos de caixa e demonstra\u00e7\u00e3o do valor adicionado. An\u00e1lise das demonstra\u00e7\u00f5es financeiras: an\u00e1lise horizontal, an\u00e1lise vertical e an\u00e1lise de \u00edndices (estrutura, financeira, rentabilidade e de opera\u00e7\u00f5es).<\/span><\/p><p><b>Design Thinking<\/b><\/p><p><b>Docente: Dra. Rosangela de F\u00e1tima Stankowitz<\/b><\/p><p><b>Carga hor\u00e1ria: 30h<\/b><\/p><p><span style=\"font-weight: 400;\">Ferramentas e metodologias para criatividade: T\u00e9cnicas de Pensamento Divergente, T\u00e9cnicas de Pensamento Convergente; Storytelling, Observa\u00e7\u00e3o e entrevistas, Persona; Design Thinking: gera\u00e7\u00e3o de ideias e aplicabilidade. Prototipagem. Pitch: como vender a sua ideia.<\/span><\/p><p><b>Economia empresarial aplicada<\/b><\/p><p><b>Docente: Dr. Rog\u00e9rio Allon Duenhas<\/b><\/p><p><b>Carga hor\u00e1ria: 30h<\/b><\/p><p><span style=\"font-weight: 400;\">Fundamentos de economia; Conceitos macro e microecon\u00f4micos; Pol\u00edtica fiscal; Pol\u00edtica monet\u00e1ria e de cr\u00e9dito; Estrutura das contas nacionais; A moeda e o sistema financeiro; Infla\u00e7\u00e3o e \u00edndices de pre\u00e7os; Balan\u00e7o de pagamentos; Mensura\u00e7\u00e3o da atividade econ\u00f4mica; Oferta de produtos e servi\u00e7os e demanda agregadas; Demanda efetiva e crescimento econ\u00f4mico; O papel dos pre\u00e7os, da renda e da tecnologia no produto e no processo produtivo; Forma\u00e7\u00e3o de pre\u00e7os em mercados competitivos e pouco ou n\u00e3o competitivos; An\u00e1lise de cen\u00e1rios; Crescimento e desenvolvimento brasileiro, seus efeitos e as decis\u00f5es empresariais.<\/span><\/p><p><b>Ecossistema Empreendedor<\/b><\/p><p><b>Docente: Esp. Luiz Gustavo Comeli<\/b><\/p><p><b>Carga hor\u00e1ria: 30h<\/b><\/p><p><span style=\"font-weight: 400;\">Apresenta\u00e7\u00e3o do ecossistema empreendedor no mundo, no Brasil e em Curitiba; Conceitos de startup, investidor anjo, Objetivos de desenvolvimento sustent\u00e1vel (ODS\/Onu), Pitch: conceito, origem, conte\u00fado, tipos; Como preparar um pitch. Apresenta\u00e7\u00e3o de pitch. Workshop de Empreendedorismo.<\/span><\/p><p><b>Finan\u00e7as Corporativas<\/b><\/p><p><b>Docente: Dr. Ant\u00f4nio Barbosa Lemes Junior<\/b><\/p><p><b>Carga hor\u00e1ria: 30h<\/b><\/p><p><span style=\"font-weight: 400;\">Decis\u00e3o de financiamento: Vis\u00e3o e fun\u00e7\u00f5es das finan\u00e7as corporativas; Custo de capital e estrutura de capital: custo de capital pr\u00f3prio; custo de capital de terceiros e custo m\u00e9dio ponderado de capital; Decis\u00e3o de investimento de capital; Or\u00e7amento de capital: fluxo de caixa livre; M\u00e9todos de avalia\u00e7\u00e3o de projetos: payback simples, payback descontado, valor presente l\u00edquido, taxa interna de retorno e taxa interna de retorno modificada. Decis\u00e3o de dividendos: A teoria de dividendos; Pol\u00edticas de dividendos; Rela\u00e7\u00f5es com investidores.<\/span><\/p><p><b>Gest\u00e3o de Custos e Tributos na Forma\u00e7\u00e3o de Pre\u00e7os<\/b><\/p><p><b>Docente: Msc. Michel Sarraff<\/b><\/p><p><b>Carga hor\u00e1ria: 30h<\/b><\/p><p><span style=\"font-weight: 400;\">Regimes de tributa\u00e7\u00e3o para o imposto de renda da pessoa Jur\u00eddica (IRPJ) e da contribui\u00e7\u00e3o social sobre o lucro l\u00edquido da pessoa jur\u00eddica (CSLL); Lucro real (trimestral e anual); Lucro presumido e arbitrado; Supersimples; Sistema tribut\u00e1rio nacional; Imunidade e isen\u00e7\u00e3o tribut\u00e1ria; Incid\u00eancias e al\u00edquotas dos tributos principais sobre vendas, patrim\u00f4nio, movimenta\u00e7\u00e3o financeira, faturamento, lucro e sal\u00e1rios; Vis\u00e3o gerencial de custos: classifica\u00e7\u00f5es e an\u00e1lises; M\u00e9todos de custeio e a rela\u00e7\u00e3o entre estrutura e estrat\u00e9gia organizacional; O custo Brasil e a forma\u00e7\u00e3o do pre\u00e7o de venda.<\/span><\/p><p><b>Gest\u00e3o de Marketing<\/b><\/p><p><b>Docente: Dra. Aurea C. Magalh\u00e3es Niada<\/b><\/p><p><b>Carga hor\u00e1ria: 30h<\/b><\/p><p><span style=\"font-weight: 400;\">Fundamentos de marketing; A fun\u00e7\u00e3o do marketing nas organiza\u00e7\u00f5es e na sociedade; A gest\u00e3o de marketing como ferramenta competitiva; Conceitos b\u00e1sicos de marketing; Composto de marketing e as alternativas estrat\u00e9gicas; Comportamento do consumidor: fatores de influ\u00eancia e a tomada de decis\u00e3o de compra; Mensura\u00e7\u00e3o e estrutura\u00e7\u00e3o de mercados; Segmenta\u00e7\u00e3o e sele\u00e7\u00e3o de mercado-alvo; Diferencia\u00e7\u00e3o e posicionamento; Sistema de informa\u00e7\u00f5es e marketing; Marketing de servi\u00e7os; Marketing de pequenas e m\u00e9dias empresas; An\u00e1lise dos cen\u00e1rios do mercado brasileiro e as tend\u00eancias do marketing contempor\u00e2neo; Elabora\u00e7\u00e3o de estrat\u00e9gias e planos de marketing.<\/span><\/p><p><b>Gest\u00e3o de Pessoal e Desenvolvimento em Equipes<\/b><\/p><p><b>Docente: Dr. Leonardo Tonon<\/b><\/p><p><b>Carga hor\u00e1ria: 30h<\/b><\/p><p><span style=\"font-weight: 400;\">O papel da gest\u00e3o de pessoas e seu papel integrativo aos objetivos organizacionais; Processos de dire\u00e7\u00e3o: gest\u00e3o de conflito, comunica\u00e7\u00e3o, motiva\u00e7\u00e3o, lideran\u00e7a e clima organizacional; Grupos e Equipes (autogerenci\u00e1veis e de alto desempenho); Subsistemas de Gest\u00e3o de Pessoas: planejamento, recrutamento, sele\u00e7\u00e3o, de miss\u00e3o, avalia\u00e7\u00e3o de desempenho, treinamento, desenvolvimento e prepara\u00e7\u00e3o para a aposentadoria. Gest\u00e3o por Compet\u00eancias.<\/span><\/p><p><b>Gest\u00e3o de Processos Organizacionais<\/b><\/p><p><b>Docente: Dr. Leonardo Tonon<\/b><\/p><p><b>Carga hor\u00e1ria: 30h<\/b><\/p><p><span style=\"font-weight: 400;\">Lean Thinking; Balanced Score Card (BSC); Hoshin Kanri; Impacto nos Stakeholders; Critical to x (CTx); Requisitos; Avalia\u00e7\u00e3o comparativa; Medidas de Desempenho Empresarial; Medidas Financeiras Comuns; Business Process Management (BPM).<\/span><\/p><p><b>Gest\u00e3o de Projetos<\/b><\/p><p><b>Docente: Msc. Wanderson Steal Paris<\/b><\/p><p><b>Carga hor\u00e1ria: 30h<\/b><\/p><p><span style=\"font-weight: 400;\">Gerenciamento de projetos (PMBOK): Conceitos de projeto e de ger\u00eancia de projeto; O papel do gerente de projetos; Ciclo de vida do Projeto; Processos da ger\u00eancia de projetos; Ger\u00eancia da integra\u00e7\u00e3o do projeto; Ger\u00eancia do escopo do projeto; Ger\u00eancia do tempo do projeto; Ger\u00eancia da qualidade do projeto; Ger\u00eancia dos recursos humanos do projeto; Ger\u00eancia das comunica\u00e7\u00f5es do projeto; Ger\u00eancia dos custos; Ger\u00eancia dos riscos do projeto; Ger\u00eancia das aquisi\u00e7\u00f5es do projeto; Gerenciamento das partes interessadas<\/span><\/p><p><b>Inova\u00e7\u00e3o Empresarial<\/b><\/p><p><b>Docente: Esp. Luiz Gustavo Comeli<\/b><\/p><p><b>Carga hor\u00e1ria: 30h<\/b><\/p><p><span style=\"font-weight: 400;\">No\u00e7\u00f5es de Empreendedorismo e Inova\u00e7\u00e3o. Empreendedorismo no Brasil. Business Model Canvas. Plano de Neg\u00f3cios. Incubadoras e Aceleradoras. Startups<\/span><\/p>\t\t\t\t\t\t\t\t<\/div>\n\t\t\t\t<\/div>\n\t\t\t\t\t<\/div>\n\t\t<\/div>\n\t\t\t\t\t<\/div>\n\t\t<\/section>\n\t\t\t\t<\/div>\n\t\t","protected":false},"excerpt":{"rendered":"<p>Coaching, Desenvolvimento de Plano de Vida e Carreira Docente:\u00a0 Msc. Gianfranco Muncinelli Carga hor\u00e1ria: 30h Gest\u00e3o do autoconhecimento; Identifica\u00e7\u00e3o dos perfis profissionais; A import\u00e2ncia de elementos emocionais por meio da intelig\u00eancia emocional; Explorando a personalidade em prol de melhores resultados; Ferramentas de coaching versus desenvolvimento humano; T\u00e9cnicas de feedback; Elevando o seu n\u00edvel de empregabilidade: [&hellip;]<\/p>\n","protected":false},"author":117,"featured_media":0,"parent":0,"menu_order":0,"comment_status":"closed","ping_status":"closed","template":"","meta":{"footnotes":""},"class_list":["post-9","page","type-page","status-publish","hentry"],"_links":{"self":[{"href":"https:\/\/utfpr.curitiba.br\/mbagestaoempresarial\/wp-json\/wp\/v2\/pages\/9","targetHints":{"allow":["GET"]}}],"collection":[{"href":"https:\/\/utfpr.curitiba.br\/mbagestaoempresarial\/wp-json\/wp\/v2\/pages"}],"about":[{"href":"https:\/\/utfpr.curitiba.br\/mbagestaoempresarial\/wp-json\/wp\/v2\/types\/page"}],"author":[{"embeddable":true,"href":"https:\/\/utfpr.curitiba.br\/mbagestaoempresarial\/wp-json\/wp\/v2\/users\/117"}],"replies":[{"embeddable":true,"href":"https:\/\/utfpr.curitiba.br\/mbagestaoempresarial\/wp-json\/wp\/v2\/comments?post=9"}],"version-history":[{"count":0,"href":"https:\/\/utfpr.curitiba.br\/mbagestaoempresarial\/wp-json\/wp\/v2\/pages\/9\/revisions"}],"wp:attachment":[{"href":"https:\/\/utfpr.curitiba.br\/mbagestaoempresarial\/wp-json\/wp\/v2\/media?parent=9"}],"curies":[{"name":"wp","href":"https:\/\/api.w.org\/{rel}","templated":true}]}}