{"id":224,"date":"2023-07-13T02:05:54","date_gmt":"2023-07-13T05:05:54","guid":{"rendered":"https:\/\/utfpr.lsda.online\/?page_id=82"},"modified":"2023-09-11T14:37:36","modified_gmt":"2023-09-11T17:37:36","slug":"inscreva-se","status":"publish","type":"page","link":"https:\/\/utfpr.curitiba.br\/mbagestaoempresarial\/inscreva-se\/","title":{"rendered":"Inscreva-se"},"content":{"rendered":"\t\t<div data-elementor-type=\"wp-page\" data-elementor-id=\"224\" class=\"elementor elementor-224\">\n\t\t\t\t\t\t<section class=\"elementor-section elementor-top-section elementor-element elementor-element-62eda89 elementor-section-boxed elementor-section-height-default elementor-section-height-default\" data-id=\"62eda89\" data-element_type=\"section\" data-e-type=\"section\" data-settings=\"{&quot;background_background&quot;:&quot;classic&quot;}\">\n\t\t\t\t\t\t<div class=\"elementor-container elementor-column-gap-default\">\n\t\t\t\t\t<div class=\"elementor-column elementor-col-100 elementor-top-column elementor-element elementor-element-2f29a44\" data-id=\"2f29a44\" data-element_type=\"column\" data-e-type=\"column\">\n\t\t\t<div class=\"elementor-widget-wrap elementor-element-populated\">\n\t\t\t\t\t\t<div class=\"elementor-element elementor-element-b7e8a09 elementor-widget elementor-widget-heading\" data-id=\"b7e8a09\" data-element_type=\"widget\" data-e-type=\"widget\" data-widget_type=\"heading.default\">\n\t\t\t\t<div class=\"elementor-widget-container\">\n\t\t\t\t\t<h2 class=\"elementor-heading-title elementor-size-default\">Inscreva-se<\/h2>\t\t\t\t<\/div>\n\t\t\t\t<\/div>\n\t\t\t\t\t<\/div>\n\t\t<\/div>\n\t\t\t\t\t<\/div>\n\t\t<\/section>\n\t\t\t\t<section class=\"elementor-section elementor-top-section elementor-element elementor-element-2e70328 elementor-section-boxed elementor-section-height-default elementor-section-height-default\" data-id=\"2e70328\" data-element_type=\"section\" data-e-type=\"section\">\n\t\t\t\t\t\t<div class=\"elementor-container elementor-column-gap-default\">\n\t\t\t\t\t<div class=\"elementor-column elementor-col-50 elementor-top-column elementor-element elementor-element-9b3df4d\" data-id=\"9b3df4d\" data-element_type=\"column\" data-e-type=\"column\">\n\t\t\t<div class=\"elementor-widget-wrap elementor-element-populated\">\n\t\t\t\t\t\t<div class=\"elementor-element elementor-element-cf79a11 elementor-widget__width-initial elementor-widget-mobile__width-inherit elementor-widget elementor-widget-text-editor\" data-id=\"cf79a11\" data-element_type=\"widget\" data-e-type=\"widget\" data-widget_type=\"text-editor.default\">\n\t\t\t\t<div class=\"elementor-widget-container\">\n\t\t\t\t\t\t\t\t\t<p>Per\u00edodo de Inscri\u00e7\u00e3o 15\/11\/2022 \u00e0 24\/02\/2023<\/p><p><br \/>Resultado da classifica\u00e7\u00e3o 27\/02\/2023<\/p><p><br \/>Interposi\u00e7\u00e3o de Recurso 28\/02\/2023 \u00e0 01\/03\/2023<\/p><p><br \/>Per\u00edodo de Matr\u00edcula 02\/03\/2023 \u00e0 08\/03\/2023<\/p><p><br \/>Segunda chamada para matr\u00edcula 09\/03\/2023 \u00e0 10\/03\/2023<\/p>\t\t\t\t\t\t\t\t<\/div>\n\t\t\t\t<\/div>\n\t\t\t\t\t<\/div>\n\t\t<\/div>\n\t\t\t\t<div class=\"elementor-column elementor-col-50 elementor-top-column elementor-element elementor-element-d6deb76\" data-id=\"d6deb76\" data-element_type=\"column\" data-e-type=\"column\" data-settings=\"{&quot;background_background&quot;:&quot;classic&quot;}\">\n\t\t\t<div class=\"elementor-widget-wrap elementor-element-populated\">\n\t\t\t\t\t\t<div class=\"elementor-element elementor-element-b13e7bf elementor-widget elementor-widget-heading\" data-id=\"b13e7bf\" data-element_type=\"widget\" data-e-type=\"widget\" data-widget_type=\"heading.default\">\n\t\t\t\t<div class=\"elementor-widget-container\">\n\t\t\t\t\t<h2 class=\"elementor-heading-title elementor-size-default\">Formul\u00e1rio de contato<\/h2>\t\t\t\t<\/div>\n\t\t\t\t<\/div>\n\t\t\t\t<div class=\"elementor-element elementor-element-c4b3850 elementor-widget elementor-widget-shortcode\" data-id=\"c4b3850\" data-element_type=\"widget\" data-e-type=\"widget\" data-widget_type=\"shortcode.default\">\n\t\t\t\t<div class=\"elementor-widget-container\">\n\t\t\t\t\t\t\t<div class=\"elementor-shortcode\">[contact-form-7 id=\"252\" title=\"Inscri\u00e7\u00f5es\"]<\/div>\n\t\t\t\t\t\t<\/div>\n\t\t\t\t<\/div>\n\t\t\t\t\t<\/div>\n\t\t<\/div>\n\t\t\t\t\t<\/div>\n\t\t<\/section>\n\t\t\t\t<section class=\"elementor-section elementor-top-section elementor-element elementor-element-7c50941 elementor-hidden-desktop elementor-hidden-tablet elementor-hidden-mobile elementor-section-boxed elementor-section-height-default elementor-section-height-default\" data-id=\"7c50941\" data-element_type=\"section\" data-e-type=\"section\">\n\t\t\t\t\t\t<div class=\"elementor-container elementor-column-gap-default\">\n\t\t\t\t\t<div class=\"elementor-column elementor-col-50 elementor-top-column elementor-element elementor-element-5a688d5\" data-id=\"5a688d5\" data-element_type=\"column\" data-e-type=\"column\">\n\t\t\t<div class=\"elementor-widget-wrap elementor-element-populated\">\n\t\t\t\t\t\t<div class=\"elementor-element elementor-element-a32b030 elementor-widget__width-initial elementor-widget-mobile__width-inherit elementor-widget elementor-widget-text-editor\" data-id=\"a32b030\" data-element_type=\"widget\" data-e-type=\"widget\" data-widget_type=\"text-editor.default\">\n\t\t\t\t<div class=\"elementor-widget-container\">\n\t\t\t\t\t\t\t\t\t<p>Per\u00edodo de Inscri\u00e7\u00e3o 15\/11\/2022 \u00e0 24\/02\/2023<\/p><p><br \/>Resultado da classifica\u00e7\u00e3o 27\/02\/2023<\/p><p><br \/>Interposi\u00e7\u00e3o de Recurso 28\/02\/2023 \u00e0 01\/03\/2023<\/p><p><br \/>Per\u00edodo de Matr\u00edcula 02\/03\/2023 \u00e0 08\/03\/2023<\/p><p><br \/>Segunda chamada para matr\u00edcula 09\/03\/2023 \u00e0 10\/03\/2023<\/p>\t\t\t\t\t\t\t\t<\/div>\n\t\t\t\t<\/div>\n\t\t\t\t\t<\/div>\n\t\t<\/div>\n\t\t\t\t<div class=\"elementor-column elementor-col-50 elementor-top-column elementor-element elementor-element-92c144d\" data-id=\"92c144d\" data-element_type=\"column\" data-e-type=\"column\" data-settings=\"{&quot;background_background&quot;:&quot;classic&quot;}\">\n\t\t\t<div class=\"elementor-widget-wrap elementor-element-populated\">\n\t\t\t\t\t\t<div class=\"elementor-element elementor-element-caca0bf elementor-widget elementor-widget-heading\" data-id=\"caca0bf\" data-element_type=\"widget\" data-e-type=\"widget\" data-widget_type=\"heading.default\">\n\t\t\t\t<div class=\"elementor-widget-container\">\n\t\t\t\t\t<h2 class=\"elementor-heading-title elementor-size-default\">Formul\u00e1rio de contato<\/h2>\t\t\t\t<\/div>\n\t\t\t\t<\/div>\n\t\t\t\t<div class=\"elementor-element elementor-element-de4c050 elementor-widget elementor-widget-shortcode\" data-id=\"de4c050\" data-element_type=\"widget\" data-e-type=\"widget\" data-widget_type=\"shortcode.default\">\n\t\t\t\t<div class=\"elementor-widget-container\">\n\t\t\t\t\t\t\t<div class=\"elementor-shortcode\">[contact-form-7 id=\"252\" title=\"Inscri\u00e7\u00f5es\"]<\/div>\n\t\t\t\t\t\t<\/div>\n\t\t\t\t<\/div>\n\t\t\t\t\t<\/div>\n\t\t<\/div>\n\t\t\t\t\t<\/div>\n\t\t<\/section>\n\t\t\t\t<\/div>\n\t\t","protected":false},"excerpt":{"rendered":"<p>\/*! elementor &#8211; v3.15.0 &#8211; 20-08-2023 *\/ .elementor-heading-title{padding:0;margin:0;line-height:1}.elementor-widget-heading .elementor-heading-title[class*=elementor-size-]&gt;a{color:inherit;font-size:inherit;line-height:inherit}.elementor-widget-heading .elementor-heading-title.elementor-size-small{font-size:15px}.elementor-widget-heading .elementor-heading-title.elementor-size-medium{font-size:19px}.elementor-widget-heading .elementor-heading-title.elementor-size-large{font-size:29px}.elementor-widget-heading .elementor-heading-title.elementor-size-xl{font-size:39px}.elementor-widget-heading .elementor-heading-title.elementor-size-xxl{font-size:59px} Inscreva-se Per\u00edodo de Inscri\u00e7\u00e3o 15\/11\/2022 \u00e0 24\/02\/2023 Resultado da classifica\u00e7\u00e3o 27\/02\/2023 Interposi\u00e7\u00e3o de Recurso 28\/02\/2023 \u00e0 01\/03\/2023 Per\u00edodo de Matr\u00edcula 02\/03\/2023 \u00e0 08\/03\/2023 Segunda chamada para matr\u00edcula 09\/03\/2023 \u00e0 10\/03\/2023 Formul\u00e1rio de contato [contact-form-7 id=&#8221;252&#8243; title=&#8221;Inscri\u00e7\u00f5es&#8221;] Per\u00edodo de Inscri\u00e7\u00e3o 15\/11\/2022 \u00e0 [&hellip;]<\/p>\n","protected":false},"author":117,"featured_media":0,"parent":0,"menu_order":0,"comment_status":"closed","ping_status":"closed","template":"","meta":{"footnotes":""},"class_list":["post-224","page","type-page","status-publish","hentry"],"_links":{"self":[{"href":"https:\/\/utfpr.curitiba.br\/mbagestaoempresarial\/wp-json\/wp\/v2\/pages\/224","targetHints":{"allow":["GET"]}}],"collection":[{"href":"https:\/\/utfpr.curitiba.br\/mbagestaoempresarial\/wp-json\/wp\/v2\/pages"}],"about":[{"href":"https:\/\/utfpr.curitiba.br\/mbagestaoempresarial\/wp-json\/wp\/v2\/types\/page"}],"author":[{"embeddable":true,"href":"https:\/\/utfpr.curitiba.br\/mbagestaoempresarial\/wp-json\/wp\/v2\/users\/117"}],"replies":[{"embeddable":true,"href":"https:\/\/utfpr.curitiba.br\/mbagestaoempresarial\/wp-json\/wp\/v2\/comments?post=224"}],"version-history":[{"count":12,"href":"https:\/\/utfpr.curitiba.br\/mbagestaoempresarial\/wp-json\/wp\/v2\/pages\/224\/revisions"}],"predecessor-version":[{"id":267,"href":"https:\/\/utfpr.curitiba.br\/mbagestaoempresarial\/wp-json\/wp\/v2\/pages\/224\/revisions\/267"}],"wp:attachment":[{"href":"https:\/\/utfpr.curitiba.br\/mbagestaoempresarial\/wp-json\/wp\/v2\/media?parent=224"}],"curies":[{"name":"wp","href":"https:\/\/api.w.org\/{rel}","templated":true}]}}