{"id":20,"date":"2025-03-19T22:22:45","date_gmt":"2025-03-20T01:22:45","guid":{"rendered":"https:\/\/utfpr.curitiba.br\/mba-preditiva-i4\/?page_id=20"},"modified":"2025-06-25T18:14:51","modified_gmt":"2025-06-25T21:14:51","slug":"inscricoes-e-processo-seletivo","status":"publish","type":"page","link":"https:\/\/utfpr.curitiba.br\/mba-preditiva-i4\/inscricoes-e-processo-seletivo\/","title":{"rendered":"Inscri\u00e7\u00f5es e Processo Seletivo"},"content":{"rendered":"\n<p class=\"has-medium-font-size\"><strong>MBA em T\u00e9cnicas de Manuten\u00e7\u00e3o Preditiva para a Ind\u00fastria 4.0<\/strong><\/p>\n\n\n\n<p>\u2981&nbsp;<strong>Modalidade<\/strong>: H\u00edbrida (EAD + Presencial em Laborat\u00f3rios)<br>\u2981 Carga Hor\u00e1ria: 360 horas.<br>\u2981 Diferenciais: Ensino baseado em tecnologia, corpo docente qualificado e foco nas t\u00e9cnicas preditivas e &nbsp;Ind\u00fastria 4.0.<\/p>\n\n\n\n<p><strong>Inscri\u00e7\u00f5es abertas!<\/strong>&nbsp;Confira o edital e garanta sua vaga.<\/p>\n\n\n\n<p><a href=\"https:\/\/utfpr-ct-static-content.s3.amazonaws.com\/utfpr.curitiba.br\/wp-content\/uploads\/sites\/196\/2025\/06\/SEI-4987212-Edital-09-2025-MBA-em-Tecnicas-de-Manutencao-Preditiva-i4.0-3.pdf\" data-type=\"link\" data-id=\"https:\/\/utfpr-ct-static-content.s3.amazonaws.com\/utfpr.curitiba.br\/wp-content\/uploads\/sites\/196\/2025\/06\/SEI-4987212-Edital-09-2025-MBA-em-Tecnicas-de-Manutencao-Preditiva-i4.0-3.pdf\" target=\"_blank\" rel=\"noreferrer noopener\">EDITAL N\u00ba 09\/2025 &#8211; TURMA 1 2025<\/a><br><a href=\"http:\/\/conveniar.funtefpr.org.br\/eventos\/Forms\/Servicos\/EventoDados.aspx?action=1999\" data-type=\"link\" data-id=\"http:\/\/conveniar.funtefpr.org.br\/eventos\/Forms\/Servicos\/EventoDados.aspx?action=1999\" target=\"_blank\" rel=\"noreferrer noopener\">FA\u00c7A SUA INSCRI\u00c7\u00c3O AQUI<\/a><\/p>\n\n\n\n<p><strong>Como se inscrever:<\/strong><\/p>\n\n\n\n<p>\u2981 Leia atentamente o edital do curso.<br>\u2981 Preencha o formul\u00e1rio de inscri\u00e7\u00e3o no site da FUNTEF (Funda\u00e7\u00e3o de Apoio \u00e0 Educa\u00e7\u00e3o, Pesquisa e Desenvolvimento Cient\u00edfico e Tecnol\u00f3gico da Universidade Tecnol\u00f3gica Federal do Paran\u00e1 \u2013 UTFPR).<br>\u2981 Envie a documenta\u00e7\u00e3o exigida pela plataforma da FUNTEF.<br>\u2981 Aguarde a sele\u00e7\u00e3o e resultado.<\/p>\n\n\n\n<p><strong>Crit\u00e9rios de Sele\u00e7\u00e3o:<\/strong><\/p>\n\n\n\n<p>\u2981 Ordem de inscri\u00e7\u00e3o<br>\u2981 Idade mais avan\u00e7ada (crit\u00e9rio de desempate)<\/p>\n\n\n\n<p><strong>CONFIRA AQUI RESULTADO DA SELE\u00c7\u00c3O<\/strong><\/p>\n\n\n\n<p>Resultado ainda n\u00e3o publicado.<\/p>\n","protected":false},"excerpt":{"rendered":"<p>MBA em T\u00e9cnicas de Manuten\u00e7\u00e3o Preditiva para a Ind\u00fastria 4.0 \u2981&nbsp;Modalidade: H\u00edbrida (EAD + Presencial em Laborat\u00f3rios)\u2981 Carga Hor\u00e1ria: 360 horas.\u2981 Diferenciais: Ensino baseado em tecnologia, corpo docente qualificado e foco nas t\u00e9cnicas preditivas e &nbsp;Ind\u00fastria 4.0. Inscri\u00e7\u00f5es abertas!&nbsp;Confira o &hellip; <a href=\"https:\/\/utfpr.curitiba.br\/mba-preditiva-i4\/inscricoes-e-processo-seletivo\/\">Continue lendo <span class=\"meta-nav\">&rarr;<\/span><\/a><\/p>\n","protected":false},"author":16,"featured_media":0,"parent":0,"menu_order":0,"comment_status":"closed","ping_status":"closed","template":"","meta":{"footnotes":""},"class_list":["post-20","page","type-page","status-publish","hentry"],"_links":{"self":[{"href":"https:\/\/utfpr.curitiba.br\/mba-preditiva-i4\/wp-json\/wp\/v2\/pages\/20","targetHints":{"allow":["GET"]}}],"collection":[{"href":"https:\/\/utfpr.curitiba.br\/mba-preditiva-i4\/wp-json\/wp\/v2\/pages"}],"about":[{"href":"https:\/\/utfpr.curitiba.br\/mba-preditiva-i4\/wp-json\/wp\/v2\/types\/page"}],"author":[{"embeddable":true,"href":"https:\/\/utfpr.curitiba.br\/mba-preditiva-i4\/wp-json\/wp\/v2\/users\/16"}],"replies":[{"embeddable":true,"href":"https:\/\/utfpr.curitiba.br\/mba-preditiva-i4\/wp-json\/wp\/v2\/comments?post=20"}],"version-history":[{"count":10,"href":"https:\/\/utfpr.curitiba.br\/mba-preditiva-i4\/wp-json\/wp\/v2\/pages\/20\/revisions"}],"predecessor-version":[{"id":174,"href":"https:\/\/utfpr.curitiba.br\/mba-preditiva-i4\/wp-json\/wp\/v2\/pages\/20\/revisions\/174"}],"wp:attachment":[{"href":"https:\/\/utfpr.curitiba.br\/mba-preditiva-i4\/wp-json\/wp\/v2\/media?parent=20"}],"curies":[{"name":"wp","href":"https:\/\/api.w.org\/{rel}","templated":true}]}}