{"id":18,"date":"2025-03-19T22:22:24","date_gmt":"2025-03-20T01:22:24","guid":{"rendered":"https:\/\/utfpr.curitiba.br\/mba-preditiva-i4\/?page_id=18"},"modified":"2025-03-20T21:02:30","modified_gmt":"2025-03-21T00:02:30","slug":"estrutura-administrativa","status":"publish","type":"page","link":"https:\/\/utfpr.curitiba.br\/mba-preditiva-i4\/estrutura-administrativa\/","title":{"rendered":"Estrutura Administrativa"},"content":{"rendered":"\n<p class=\"has-medium-font-size\"><strong>Ana Paula Seciuk<\/strong><\/p>\n\n\n\n<figure class=\"wp-block-table\"><table class=\"has-fixed-layout\"><tbody><tr><td class=\"has-text-align-center\" data-align=\"center\"><br><img fetchpriority=\"high\" decoding=\"async\" width=\"2000\" height=\"2007\" class=\"wp-image-94\" style=\"width: 200px\" src=\"https:\/\/utfpr-ct-static-content.s3.amazonaws.com\/utfpr.curitiba.br\/wp-content\/uploads\/sites\/196\/2025\/03\/ana.jpg\" alt=\"\" srcset=\"https:\/\/utfpr-ct-static-content.s3.amazonaws.com\/utfpr.curitiba.br\/wp-content\/uploads\/sites\/196\/2025\/03\/ana.jpg 2000w, https:\/\/utfpr-ct-static-content.s3.amazonaws.com\/utfpr.curitiba.br\/wp-content\/uploads\/sites\/196\/2025\/03\/ana-300x300.jpg 300w, https:\/\/utfpr-ct-static-content.s3.amazonaws.com\/utfpr.curitiba.br\/wp-content\/uploads\/sites\/196\/2025\/03\/ana-1020x1024.jpg 1020w, https:\/\/utfpr-ct-static-content.s3.amazonaws.com\/utfpr.curitiba.br\/wp-content\/uploads\/sites\/196\/2025\/03\/ana-150x150.jpg 150w, https:\/\/utfpr-ct-static-content.s3.amazonaws.com\/utfpr.curitiba.br\/wp-content\/uploads\/sites\/196\/2025\/03\/ana-768x771.jpg 768w, https:\/\/utfpr-ct-static-content.s3.amazonaws.com\/utfpr.curitiba.br\/wp-content\/uploads\/sites\/196\/2025\/03\/ana-1531x1536.jpg 1531w, https:\/\/utfpr-ct-static-content.s3.amazonaws.com\/utfpr.curitiba.br\/wp-content\/uploads\/sites\/196\/2025\/03\/ana-299x300.jpg 299w\" sizes=\"(max-width: 2000px) 100vw, 2000px\" \/><\/td><td><strong>Secret\u00e1ria do curso<\/strong><br><br>Atua tamb\u00e9m como chefe do Departamento de Rela\u00e7\u00f5es Interinstitucionais na UTFPR.<br><br><a href=\"https:\/\/www.linkedin.com\/in\/paula-seciuk-44004033\/\"><strong>https:\/\/www.linkedin.com\/in\/paula-seciuk-44004033\/<\/strong><\/a><\/td><\/tr><\/tbody><\/table><\/figure>\n\n\n\n<p><strong>Endere\u00e7o:<\/strong><\/p>\n\n\n\n<p>UTFPR \u2013 Universidade Tecnol\u00f3gica Federal do Paran\u00e1<br>DAELT-CT \u2013 Departamento Acad\u00eamico de Eletrot\u00e9cnica<br>UTFPR \u2013 CAMPUS CURITIBA \u2013 SEDE CENTRO<br>DAELT \u2013 Departamento Acad\u00eamico de Eletrot\u00e9cnica<br>Av. Sete de Setembro, 3165 \u2013 Bairro Rebou\u00e7as<br>CEP 80230-901 \u2013 Curitiba \u2013 PR \u2013 Brasil<br>Telefone Geral UTFPR -CT: (41) 3310-4545<\/p>\n","protected":false},"excerpt":{"rendered":"<p>Ana Paula Seciuk Secret\u00e1ria do curso Atua tamb\u00e9m como chefe do Departamento de Rela\u00e7\u00f5es Interinstitucionais na UTFPR. https:\/\/www.linkedin.com\/in\/paula-seciuk-44004033\/ Endere\u00e7o: UTFPR \u2013 Universidade Tecnol\u00f3gica Federal do Paran\u00e1DAELT-CT \u2013 Departamento Acad\u00eamico de Eletrot\u00e9cnicaUTFPR \u2013 CAMPUS CURITIBA \u2013 SEDE CENTRODAELT \u2013 Departamento Acad\u00eamico &hellip; <a href=\"https:\/\/utfpr.curitiba.br\/mba-preditiva-i4\/estrutura-administrativa\/\">Continue lendo <span class=\"meta-nav\">&rarr;<\/span><\/a><\/p>\n","protected":false},"author":16,"featured_media":0,"parent":0,"menu_order":0,"comment_status":"closed","ping_status":"closed","template":"","meta":{"footnotes":""},"class_list":["post-18","page","type-page","status-publish","hentry"],"_links":{"self":[{"href":"https:\/\/utfpr.curitiba.br\/mba-preditiva-i4\/wp-json\/wp\/v2\/pages\/18","targetHints":{"allow":["GET"]}}],"collection":[{"href":"https:\/\/utfpr.curitiba.br\/mba-preditiva-i4\/wp-json\/wp\/v2\/pages"}],"about":[{"href":"https:\/\/utfpr.curitiba.br\/mba-preditiva-i4\/wp-json\/wp\/v2\/types\/page"}],"author":[{"embeddable":true,"href":"https:\/\/utfpr.curitiba.br\/mba-preditiva-i4\/wp-json\/wp\/v2\/users\/16"}],"replies":[{"embeddable":true,"href":"https:\/\/utfpr.curitiba.br\/mba-preditiva-i4\/wp-json\/wp\/v2\/comments?post=18"}],"version-history":[{"count":4,"href":"https:\/\/utfpr.curitiba.br\/mba-preditiva-i4\/wp-json\/wp\/v2\/pages\/18\/revisions"}],"predecessor-version":[{"id":97,"href":"https:\/\/utfpr.curitiba.br\/mba-preditiva-i4\/wp-json\/wp\/v2\/pages\/18\/revisions\/97"}],"wp:attachment":[{"href":"https:\/\/utfpr.curitiba.br\/mba-preditiva-i4\/wp-json\/wp\/v2\/media?parent=18"}],"curies":[{"name":"wp","href":"https:\/\/api.w.org\/{rel}","templated":true}]}}