{"id":12,"date":"2025-03-19T22:19:21","date_gmt":"2025-03-20T01:19:21","guid":{"rendered":"https:\/\/utfpr.curitiba.br\/mba-preditiva-i4\/?page_id=12"},"modified":"2025-06-17T18:57:01","modified_gmt":"2025-06-17T21:57:01","slug":"sobre-o-curso-e-informacoes","status":"publish","type":"page","link":"https:\/\/utfpr.curitiba.br\/mba-preditiva-i4\/","title":{"rendered":"Sobre o Curso e Informa\u00e7\u00f5es"},"content":{"rendered":"\n<p>O MBA em T\u00e9cnicas de Manuten\u00e7\u00e3o Preditiva para a Ind\u00fastria 4.0 da UTFPR \u00e9 um curso de p\u00f3s-gradua\u00e7\u00e3o lato sensu direcionado ao desenvolvimento de compet\u00eancias avan\u00e7adas no monitoramento e na gest\u00e3o de ativos industriais, com \u00eanfase na aplica\u00e7\u00e3o de t\u00e9cnicas preditivas voltadas \u00e0 Ind\u00fastria 4.0.<br><br>Com foco na moderniza\u00e7\u00e3o e na efici\u00eancia dos processos de manuten\u00e7\u00e3o, o programa aborda t\u00f3picos essenciais como o uso de dados operacionais para diagn\u00f3stico e progn\u00f3stico de falhas, a integra\u00e7\u00e3o de ferramentas como IoT, Data Analytics e Machine Learning, a simula\u00e7\u00e3o e o monitoramento em tempo real de sistemas industriais, al\u00e9m da an\u00e1lise de confiabilidade e estat\u00edstica aplicada. Tamb\u00e9m promove o desenvolvimento de compet\u00eancias estrat\u00e9gicas para decis\u00f5es assertivas e inova\u00e7\u00e3o na gest\u00e3o da manuten\u00e7\u00e3o.<br><br>O curso oferece uma abordagem pr\u00e1tica e alinhada \u00e0s demandas da ind\u00fastria moderna, impulsionando a produtividade e a competitividade nas organiza\u00e7\u00f5es.<\/p>\n\n\n\n<p><strong>Modalidade:<\/strong> H\u00edbrida (atividades \u00e0 dist\u00e2ncia e pr\u00e1ticas presenciais em laborat\u00f3rio)<br><strong>Carga hor\u00e1ria total:<\/strong> 360 horas (140h EAD s\u00edncronas + 260h presenciais)<br><br><strong>Destaques do curso:<\/strong><\/p>\n\n\n\n<ul class=\"wp-block-list\">\n<li>Aplicabilidade pr\u00e1tica com aulas em laborat\u00f3rio<\/li>\n\n\n\n<li>Enfoque em t\u00e9cnicas preditivas (termografia, vibra\u00e7\u00e3o, an\u00e1lise de \u00f3leo, etc.)<\/li>\n\n\n\n<li>Disciplinas sobre IoT, Machine Learning, Data Analytics e Confiabilidade<\/li>\n\n\n\n<li>Sem exig\u00eancia de TCC (Trabalho de Conclus\u00e3o de Curso)<\/li>\n<\/ul>\n\n\n\n<p><strong>P\u00fablico-Alvo:<\/strong><\/p>\n\n\n\n<ul class=\"wp-block-list\">\n<li>Engenheiros, tecn\u00f3logos, administradores e gestores de manuten\u00e7\u00e3o e processos industriais.<\/li>\n\n\n\n<li>Profissionais que desejam aplicar tecnologias da Ind\u00fastria 4.0 na implementa\u00e7\u00e3o de t\u00e9cnicas preditivas e no monitoramento inteligente de ativos industriais.<\/li>\n<\/ul>\n\n\n\n<p><strong>Objetivos Espec\u00edficos:<\/strong><\/p>\n\n\n\n<ul class=\"wp-block-list\">\n<li>Capacitar profissionais para <strong>antecipar falhas<\/strong> por meio de <strong>t\u00e9cnicas preditivas avan\u00e7adas<\/strong>.<\/li>\n\n\n\n<li>Apresentar sistemas de <strong>monitoramento em tempo real<\/strong>, com foco na <strong>redu\u00e7\u00e3o de custos e aumento da disponibilidade operacional<\/strong>.<\/li>\n\n\n\n<li>Aplicar tecnologias da <strong>Ind\u00fastria 4.0<\/strong> para evoluir da manuten\u00e7\u00e3o convencional para a <strong>manuten\u00e7\u00e3o inteligente<\/strong>.<\/li>\n\n\n\n<li>Desenvolver compet\u00eancias para <strong>analisar dados t\u00e9cnicos<\/strong> e tomar <strong>decis\u00f5es r\u00e1pidas, seguras e baseadas em evid\u00eancias<\/strong>.<\/li>\n<\/ul>\n\n\n\n<p><strong>Entre em contato para mais informa\u00e7\u00f5es:<\/strong><\/p>\n\n\n\n<p>Email do curso para informa\u00e7\u00f5es:<a href=\"mailto:mbaengeman-ct@utfpr.edu.br\"><strong>mbaengeman-ct@utfpr.edu.br<\/strong><\/a><br>WhatsApp para informa\u00e7\u00f5es do Curso:<strong> (41) 99900-0950<\/strong><\/p>\n\n\n\n<p><strong>Siga as nossas redes sociais<\/strong><\/p>\n\n\n\n<p><a href=\"https:\/\/www.instagram.com\/utfpr_mba_tec_preditivas_i4.0\/\" target=\"_blank\" rel=\"noreferrer noopener\"><img fetchpriority=\"high\" decoding=\"async\" width=\"320\" height=\"320\" class=\"wp-image-134\" style=\"width: 30px\" src=\"https:\/\/utfpr-ct-static-content.s3.amazonaws.com\/utfpr.curitiba.br\/wp-content\/uploads\/sites\/196\/2025\/06\/insta_logo.png\" alt=\"\" srcset=\"https:\/\/utfpr-ct-static-content.s3.amazonaws.com\/utfpr.curitiba.br\/wp-content\/uploads\/sites\/196\/2025\/06\/insta_logo.png 320w, https:\/\/utfpr-ct-static-content.s3.amazonaws.com\/utfpr.curitiba.br\/wp-content\/uploads\/sites\/196\/2025\/06\/insta_logo-300x300.png 300w, https:\/\/utfpr-ct-static-content.s3.amazonaws.com\/utfpr.curitiba.br\/wp-content\/uploads\/sites\/196\/2025\/06\/insta_logo-150x150.png 150w\" sizes=\"(max-width: 320px) 100vw, 320px\" \/><\/a> <strong><a href=\"https:\/\/www.youtube.com\/@UniManUTFPRct\" data-type=\"link\" data-id=\"https:\/\/www.youtube.com\/@UniManUTFPRct\" target=\"_blank\" rel=\"noreferrer noopener\"><img decoding=\"async\" width=\"640\" height=\"443\" class=\"wp-image-143\" style=\"width: 44px\" src=\"https:\/\/utfpr-ct-static-content.s3.amazonaws.com\/utfpr.curitiba.br\/wp-content\/uploads\/sites\/196\/2025\/06\/LOGO_YOUTUBE.png\" alt=\"\" srcset=\"https:\/\/utfpr-ct-static-content.s3.amazonaws.com\/utfpr.curitiba.br\/wp-content\/uploads\/sites\/196\/2025\/06\/LOGO_YOUTUBE.png 640w, https:\/\/utfpr-ct-static-content.s3.amazonaws.com\/utfpr.curitiba.br\/wp-content\/uploads\/sites\/196\/2025\/06\/LOGO_YOUTUBE-300x208.png 300w, https:\/\/utfpr-ct-static-content.s3.amazonaws.com\/utfpr.curitiba.br\/wp-content\/uploads\/sites\/196\/2025\/06\/LOGO_YOUTUBE-433x300.png 433w\" sizes=\"(max-width: 640px) 100vw, 640px\" \/><\/a><\/strong> <a href=\"http:\/\/daelt.ct.utfpr.edu.br\" data-type=\"link\" data-id=\"daelt.ct.utfpr.edu.br\" target=\"_blank\" rel=\"noreferrer noopener\"><img decoding=\"async\" width=\"310\" height=\"228\" class=\"wp-image-146\" style=\"width: 44px\" src=\"https:\/\/utfpr-ct-static-content.s3.amazonaws.com\/utfpr.curitiba.br\/wp-content\/uploads\/sites\/196\/2025\/06\/image.png\" alt=\"\" srcset=\"https:\/\/utfpr-ct-static-content.s3.amazonaws.com\/utfpr.curitiba.br\/wp-content\/uploads\/sites\/196\/2025\/06\/image.png 310w, https:\/\/utfpr-ct-static-content.s3.amazonaws.com\/utfpr.curitiba.br\/wp-content\/uploads\/sites\/196\/2025\/06\/image-300x221.png 300w\" sizes=\"(max-width: 310px) 100vw, 310px\" \/><\/a><\/p>\n\n\n\n<p><\/p>\n","protected":false},"excerpt":{"rendered":"<p>O MBA em T\u00e9cnicas de Manuten\u00e7\u00e3o Preditiva para a Ind\u00fastria 4.0 da UTFPR \u00e9 um curso de p\u00f3s-gradua\u00e7\u00e3o lato sensu direcionado ao desenvolvimento de compet\u00eancias avan\u00e7adas no monitoramento e na gest\u00e3o de ativos industriais, com \u00eanfase na aplica\u00e7\u00e3o de t\u00e9cnicas &hellip; <a href=\"https:\/\/utfpr.curitiba.br\/mba-preditiva-i4\/\">Continue lendo <span class=\"meta-nav\">&rarr;<\/span><\/a><\/p>\n","protected":false},"author":16,"featured_media":0,"parent":0,"menu_order":0,"comment_status":"closed","ping_status":"closed","template":"","meta":{"footnotes":""},"class_list":["post-12","page","type-page","status-publish","hentry"],"_links":{"self":[{"href":"https:\/\/utfpr.curitiba.br\/mba-preditiva-i4\/wp-json\/wp\/v2\/pages\/12","targetHints":{"allow":["GET"]}}],"collection":[{"href":"https:\/\/utfpr.curitiba.br\/mba-preditiva-i4\/wp-json\/wp\/v2\/pages"}],"about":[{"href":"https:\/\/utfpr.curitiba.br\/mba-preditiva-i4\/wp-json\/wp\/v2\/types\/page"}],"author":[{"embeddable":true,"href":"https:\/\/utfpr.curitiba.br\/mba-preditiva-i4\/wp-json\/wp\/v2\/users\/16"}],"replies":[{"embeddable":true,"href":"https:\/\/utfpr.curitiba.br\/mba-preditiva-i4\/wp-json\/wp\/v2\/comments?post=12"}],"version-history":[{"count":13,"href":"https:\/\/utfpr.curitiba.br\/mba-preditiva-i4\/wp-json\/wp\/v2\/pages\/12\/revisions"}],"predecessor-version":[{"id":149,"href":"https:\/\/utfpr.curitiba.br\/mba-preditiva-i4\/wp-json\/wp\/v2\/pages\/12\/revisions\/149"}],"wp:attachment":[{"href":"https:\/\/utfpr.curitiba.br\/mba-preditiva-i4\/wp-json\/wp\/v2\/media?parent=12"}],"curies":[{"name":"wp","href":"https:\/\/api.w.org\/{rel}","templated":true}]}}