{"id":19,"date":"2025-02-08T18:48:33","date_gmt":"2025-02-08T21:48:33","guid":{"rendered":"https:\/\/utfpr.curitiba.br\/mba-manutencao-4\/?page_id=19"},"modified":"2025-06-17T19:06:34","modified_gmt":"2025-06-17T22:06:34","slug":"apresentacao","status":"publish","type":"page","link":"https:\/\/utfpr.curitiba.br\/mba-manutencao-4\/","title":{"rendered":"Sobre o Curso e Informa\u00e7\u00f5es"},"content":{"rendered":"\n<p>O <strong>MBA em Engenharia de Manuten\u00e7\u00e3o 4.0<\/strong> da UTFPR \u00e9 uma especializa\u00e7\u00e3o de alto n\u00edvel voltada para a <strong>gest\u00e3o inteligente de ativos na era da Ind\u00fastria 4.0<\/strong>. O curso capacita profissionais para <strong>otimizar processos industriais<\/strong>, utilizando <strong>automa\u00e7\u00e3o avan\u00e7ada<\/strong>, <strong>an\u00e1lise preditiva<\/strong> e <strong>tecnologias emergentes<\/strong>.<\/p>\n\n\n\n<p>Com foco na <strong>moderniza\u00e7\u00e3o e efici\u00eancia operacional<\/strong>, o programa aborda temas essenciais como <strong>gest\u00e3o automatizada da manuten\u00e7\u00e3o<\/strong>, <strong>Data Science aplicada a processos industriais<\/strong>, <strong>simula\u00e7\u00e3o de tarefas e processos com softwares especializados<\/strong>, <strong>an\u00e1lise de risco e confiabilidade de ativos<\/strong> e o desenvolvimento de <strong>soft skills estrat\u00e9gicas<\/strong> para lideran\u00e7a e inova\u00e7\u00e3o.<\/p>\n\n\n\n<p>O curso proporciona uma abordagem pr\u00e1tica e inovadora para impulsionar a produtividade e competitividade industrial.<\/p>\n\n\n\n<p><strong>P\u00fablico-Alvo:<\/strong><\/p>\n\n\n\n<ul class=\"wp-block-list\">\n<li>Engenheiros, tecn\u00f3logos, administradores e gestores de manuten\u00e7\u00e3o e processos industriais.<\/li>\n\n\n\n<li>Profissionais interessados em aplicar as tecnologias da Ind\u00fastria 4.0 na gest\u00e3o de Manuten\u00e7\u00e3o (<em>Smart Maintenance<\/em>)<\/li>\n<\/ul>\n\n\n\n<p><strong>Objetivos Espec\u00edficos:<\/strong><\/p>\n\n\n\n<ul class=\"wp-block-list\">\n<li>Desenvolver gest\u00e3o eficiente de ativos industriais.<\/li>\n\n\n\n<li>Desenvolver conceitos avan\u00e7adas de <strong>PCM, Smart RCM e Manuten\u00e7\u00e3o Preditiva<\/strong>.<\/li>\n\n\n\n<li>Utilizar <strong>Machine Learning e Big Data<\/strong> para otimiza\u00e7\u00e3o dos processos de gest\u00e3o da manuten\u00e7\u00e3o e opera\u00e7\u00e3o.<\/li>\n\n\n\n<li>Aplicar softwares de simula\u00e7\u00e3o e processos, estrutura e analisar os dados para tomada de decis\u00e3o eficaz.<\/li>\n<\/ul>\n\n\n\n<p><strong>Entre em contato para mais informa\u00e7\u00f5es:<\/strong><\/p>\n\n\n\n<p>Email do curso para informa\u00e7\u00f5es:<a href=\"mailto:mbaengeman-ct@utfpr.edu.br\"><strong>mbaengeman-ct@utfpr.edu.br<\/strong><\/a><strong><\/strong><\/p>\n\n\n\n<p>WhatsApp para informa\u00e7\u00f5es do Curso:<strong> (41) 99900-0950<\/strong><\/p>\n\n\n\n<p><strong>Siga as nossas redes sociais<\/strong><\/p>\n\n\n\n<p><a href=\"https:\/\/www.instagram.com\/utfpr_mba_eng_manutencao_4.0\/\" data-type=\"link\" data-id=\"https:\/\/www.instagram.com\/utfpr_mba_eng_manutencao_4.0\/\" target=\"_blank\" rel=\"noreferrer noopener\"><img fetchpriority=\"high\" decoding=\"async\" width=\"320\" height=\"320\" class=\"wp-image-381\" style=\"width: 40px\" src=\"https:\/\/utfpr-ct-static-content.s3.amazonaws.com\/utfpr.curitiba.br\/wp-content\/uploads\/sites\/197\/2025\/06\/insta_logo.png\" alt=\"\" srcset=\"https:\/\/utfpr-ct-static-content.s3.amazonaws.com\/utfpr.curitiba.br\/wp-content\/uploads\/sites\/197\/2025\/06\/insta_logo.png 320w, https:\/\/utfpr-ct-static-content.s3.amazonaws.com\/utfpr.curitiba.br\/wp-content\/uploads\/sites\/197\/2025\/06\/insta_logo-300x300.png 300w, https:\/\/utfpr-ct-static-content.s3.amazonaws.com\/utfpr.curitiba.br\/wp-content\/uploads\/sites\/197\/2025\/06\/insta_logo-150x150.png 150w\" sizes=\"(max-width: 320px) 100vw, 320px\" \/><\/a> <a href=\"https:\/\/www.youtube.com\/@UniManUTFPRct\" data-type=\"link\" data-id=\"https:\/\/www.youtube.com\/@UniManUTFPRct\" target=\"_blank\" rel=\"noreferrer noopener\"><img decoding=\"async\" width=\"640\" height=\"443\" class=\"wp-image-379\" style=\"width: 55px\" src=\"https:\/\/utfpr-ct-static-content.s3.amazonaws.com\/utfpr.curitiba.br\/wp-content\/uploads\/sites\/197\/2025\/06\/LOGO_YOUTUBE.png\" alt=\"\" srcset=\"https:\/\/utfpr-ct-static-content.s3.amazonaws.com\/utfpr.curitiba.br\/wp-content\/uploads\/sites\/197\/2025\/06\/LOGO_YOUTUBE.png 640w, https:\/\/utfpr-ct-static-content.s3.amazonaws.com\/utfpr.curitiba.br\/wp-content\/uploads\/sites\/197\/2025\/06\/LOGO_YOUTUBE-300x208.png 300w, https:\/\/utfpr-ct-static-content.s3.amazonaws.com\/utfpr.curitiba.br\/wp-content\/uploads\/sites\/197\/2025\/06\/LOGO_YOUTUBE-433x300.png 433w\" sizes=\"(max-width: 640px) 100vw, 640px\" \/><\/a> <a href=\"http:\/\/daelt.ct.utfpr.edu.br\" data-type=\"link\" data-id=\"daelt.ct.utfpr.edu.br\" target=\"_blank\" rel=\"noreferrer noopener\"><img decoding=\"async\" width=\"310\" height=\"228\" class=\"wp-image-380\" style=\"width: 55px\" src=\"https:\/\/utfpr-ct-static-content.s3.amazonaws.com\/utfpr.curitiba.br\/wp-content\/uploads\/sites\/197\/2025\/06\/logo_daelt.jpg\" alt=\"\" srcset=\"https:\/\/utfpr-ct-static-content.s3.amazonaws.com\/utfpr.curitiba.br\/wp-content\/uploads\/sites\/197\/2025\/06\/logo_daelt.jpg 310w, https:\/\/utfpr-ct-static-content.s3.amazonaws.com\/utfpr.curitiba.br\/wp-content\/uploads\/sites\/197\/2025\/06\/logo_daelt-300x221.jpg 300w\" sizes=\"(max-width: 310px) 100vw, 310px\" \/><\/a><\/p>\n\n\n\n<p><\/p>\n","protected":false},"excerpt":{"rendered":"<p>O MBA em Engenharia de Manuten\u00e7\u00e3o 4.0 da UTFPR \u00e9 uma especializa\u00e7\u00e3o de alto n\u00edvel voltada para a gest\u00e3o inteligente de ativos na era da Ind\u00fastria 4.0. O curso capacita profissionais para otimizar processos industriais, utilizando automa\u00e7\u00e3o avan\u00e7ada, an\u00e1lise preditiva e tecnologias emergentes. Com foco na moderniza\u00e7\u00e3o e efici\u00eancia operacional, o programa aborda temas essenciais [&hellip;]<\/p>\n","protected":false},"author":16,"featured_media":0,"parent":0,"menu_order":0,"comment_status":"closed","ping_status":"closed","template":"","meta":{"footnotes":""},"class_list":["post-19","page","type-page","status-publish","hentry"],"_links":{"self":[{"href":"https:\/\/utfpr.curitiba.br\/mba-manutencao-4\/wp-json\/wp\/v2\/pages\/19","targetHints":{"allow":["GET"]}}],"collection":[{"href":"https:\/\/utfpr.curitiba.br\/mba-manutencao-4\/wp-json\/wp\/v2\/pages"}],"about":[{"href":"https:\/\/utfpr.curitiba.br\/mba-manutencao-4\/wp-json\/wp\/v2\/types\/page"}],"author":[{"embeddable":true,"href":"https:\/\/utfpr.curitiba.br\/mba-manutencao-4\/wp-json\/wp\/v2\/users\/16"}],"replies":[{"embeddable":true,"href":"https:\/\/utfpr.curitiba.br\/mba-manutencao-4\/wp-json\/wp\/v2\/comments?post=19"}],"version-history":[{"count":11,"href":"https:\/\/utfpr.curitiba.br\/mba-manutencao-4\/wp-json\/wp\/v2\/pages\/19\/revisions"}],"predecessor-version":[{"id":389,"href":"https:\/\/utfpr.curitiba.br\/mba-manutencao-4\/wp-json\/wp\/v2\/pages\/19\/revisions\/389"}],"wp:attachment":[{"href":"https:\/\/utfpr.curitiba.br\/mba-manutencao-4\/wp-json\/wp\/v2\/media?parent=19"}],"curies":[{"name":"wp","href":"https:\/\/api.w.org\/{rel}","templated":true}]}}