{"id":450,"date":"2022-06-27T17:11:52","date_gmt":"2022-06-27T20:11:52","guid":{"rendered":"https:\/\/utfpr.curitiba.br\/manualmoodle\/?page_id=450"},"modified":"2022-06-28T16:35:00","modified_gmt":"2022-06-28T19:35:00","slug":"suporte","status":"publish","type":"page","link":"https:\/\/utfpr.curitiba.br\/manualmoodle\/suporte\/","title":{"rendered":""},"content":{"rendered":"\t\t<div data-elementor-type=\"wp-page\" data-elementor-id=\"450\" class=\"elementor elementor-450\">\n\t\t\t\t\t\t<section class=\"elementor-section elementor-top-section elementor-element elementor-element-9ef1fdc elementor-section-boxed elementor-section-height-default elementor-section-height-default\" data-id=\"9ef1fdc\" data-element_type=\"section\" data-e-type=\"section\">\n\t\t\t\t\t\t<div class=\"elementor-container elementor-column-gap-default\">\n\t\t\t\t\t<div class=\"elementor-column elementor-col-100 elementor-top-column elementor-element elementor-element-cc59236\" data-id=\"cc59236\" data-element_type=\"column\" data-e-type=\"column\">\n\t\t\t<div class=\"elementor-widget-wrap elementor-element-populated\">\n\t\t\t\t\t\t<div class=\"elementor-element elementor-element-3d77025 elementor-widget elementor-widget-spacer\" data-id=\"3d77025\" data-element_type=\"widget\" data-e-type=\"widget\" data-widget_type=\"spacer.default\">\n\t\t\t\t<div class=\"elementor-widget-container\">\n\t\t\t\t\t\t\t<div class=\"elementor-spacer\">\n\t\t\t<div class=\"elementor-spacer-inner\"><\/div>\n\t\t<\/div>\n\t\t\t\t\t\t<\/div>\n\t\t\t\t<\/div>\n\t\t\t\t\t<\/div>\n\t\t<\/div>\n\t\t\t\t\t<\/div>\n\t\t<\/section>\n\t\t\t\t<section class=\"elementor-section elementor-top-section elementor-element elementor-element-f1414f3 elementor-section-boxed elementor-section-height-default elementor-section-height-default\" data-id=\"f1414f3\" data-element_type=\"section\" data-e-type=\"section\">\n\t\t\t\t\t\t<div class=\"elementor-container elementor-column-gap-default\">\n\t\t\t\t\t<div class=\"elementor-column elementor-col-100 elementor-top-column elementor-element elementor-element-dc8b06f\" data-id=\"dc8b06f\" data-element_type=\"column\" data-e-type=\"column\">\n\t\t\t<div class=\"elementor-widget-wrap elementor-element-populated\">\n\t\t\t\t\t\t<div class=\"elementor-element elementor-element-57dbe13 elementor-widget elementor-widget-heading\" data-id=\"57dbe13\" data-element_type=\"widget\" data-e-type=\"widget\" data-widget_type=\"heading.default\">\n\t\t\t\t<div class=\"elementor-widget-container\">\n\t\t\t\t\t<h2 class=\"elementor-heading-title elementor-size-default\">Possui alguma d\u00favida ou sugest\u00e3o para aprimorar este conte\u00fado?<\/h2>\t\t\t\t<\/div>\n\t\t\t\t<\/div>\n\t\t\t\t<div class=\"elementor-element elementor-element-c2f03bf elementor-widget elementor-widget-heading\" data-id=\"c2f03bf\" data-element_type=\"widget\" data-e-type=\"widget\" data-widget_type=\"heading.default\">\n\t\t\t\t<div class=\"elementor-widget-container\">\n\t\t\t\t\t<h5 class=\"elementor-heading-title elementor-size-default\">N\u00f3s queremos te ouvir! Preencha o formul\u00e1rio abaixo e logo entraremos em contato.<\/h5>\t\t\t\t<\/div>\n\t\t\t\t<\/div>\n\t\t\t\t\t<\/div>\n\t\t<\/div>\n\t\t\t\t\t<\/div>\n\t\t<\/section>\n\t\t\t\t<section class=\"elementor-section elementor-top-section elementor-element elementor-element-6630110 elementor-section-boxed elementor-section-height-default elementor-section-height-default\" data-id=\"6630110\" data-element_type=\"section\" data-e-type=\"section\">\n\t\t\t\t\t\t<div class=\"elementor-container elementor-column-gap-default\">\n\t\t\t\t\t<div class=\"elementor-column elementor-col-100 elementor-top-column elementor-element elementor-element-8b9b3de\" data-id=\"8b9b3de\" data-element_type=\"column\" data-e-type=\"column\">\n\t\t\t<div class=\"elementor-widget-wrap elementor-element-populated\">\n\t\t\t\t\t\t<div class=\"elementor-element elementor-element-c92eb64 elementor-widget elementor-widget-shortcode\" data-id=\"c92eb64\" data-element_type=\"widget\" data-e-type=\"widget\" data-widget_type=\"shortcode.default\">\n\t\t\t\t<div class=\"elementor-widget-container\">\n\t\t\t\t\t\t\t<div class=\"elementor-shortcode\">[contact-form-7 id=\"459\" title=\"Ajuda\"]<\/div>\n\t\t\t\t\t\t<\/div>\n\t\t\t\t<\/div>\n\t\t\t\t\t<\/div>\n\t\t<\/div>\n\t\t\t\t\t<\/div>\n\t\t<\/section>\n\t\t\t\t<\/div>\n\t\t","protected":false},"excerpt":{"rendered":"<p>Possui alguma d\u00favida ou sugest\u00e3o para aprimorar este conte\u00fado? N\u00f3s queremos te ouvir! Preencha o formul\u00e1rio abaixo e logo entraremos em contato. [contact-form-7 id=&#8221;459&#8243; title=&#8221;Ajuda&#8221;]<\/p>\n","protected":false},"author":85,"featured_media":0,"parent":0,"menu_order":0,"comment_status":"closed","ping_status":"closed","template":"","meta":{"site-sidebar-layout":"default","site-content-layout":"","ast-site-content-layout":"default","site-content-style":"default","site-sidebar-style":"default","ast-global-header-display":"","ast-banner-title-visibility":"","ast-main-header-display":"","ast-hfb-above-header-display":"","ast-hfb-below-header-display":"","ast-hfb-mobile-header-display":"","site-post-title":"","ast-breadcrumbs-content":"","ast-featured-img":"","footer-sml-layout":"","ast-disable-related-posts":"","theme-transparent-header-meta":"","adv-header-id-meta":"","stick-header-meta":"","header-above-stick-meta":"","header-main-stick-meta":"","header-below-stick-meta":"","astra-migrate-meta-layouts":"default","ast-page-background-enabled":"default","ast-page-background-meta":{"desktop":{"background-color":"var(--ast-global-color-4)","background-image":"","background-repeat":"repeat","background-position":"center center","background-size":"auto","background-attachment":"scroll","background-type":"","background-media":"","overlay-type":"","overlay-color":"","overlay-opacity":"","overlay-gradient":""},"tablet":{"background-color":"","background-image":"","background-repeat":"repeat","background-position":"center center","background-size":"auto","background-attachment":"scroll","background-type":"","background-media":"","overlay-type":"","overlay-color":"","overlay-opacity":"","overlay-gradient":""},"mobile":{"background-color":"","background-image":"","background-repeat":"repeat","background-position":"center center","background-size":"auto","background-attachment":"scroll","background-type":"","background-media":"","overlay-type":"","overlay-color":"","overlay-opacity":"","overlay-gradient":""}},"ast-content-background-meta":{"desktop":{"background-color":"var(--ast-global-color-5)","background-image":"","background-repeat":"repeat","background-position":"center center","background-size":"auto","background-attachment":"scroll","background-type":"","background-media":"","overlay-type":"","overlay-color":"","overlay-opacity":"","overlay-gradient":""},"tablet":{"background-color":"var(--ast-global-color-5)","background-image":"","background-repeat":"repeat","background-position":"center center","background-size":"auto","background-attachment":"scroll","background-type":"","background-media":"","overlay-type":"","overlay-color":"","overlay-opacity":"","overlay-gradient":""},"mobile":{"background-color":"var(--ast-global-color-5)","background-image":"","background-repeat":"repeat","background-position":"center center","background-size":"auto","background-attachment":"scroll","background-type":"","background-media":"","overlay-type":"","overlay-color":"","overlay-opacity":"","overlay-gradient":""}},"footnotes":""},"class_list":["post-450","page","type-page","status-publish","hentry"],"yoast_head":"<!-- This site is optimized with the Yoast SEO plugin v27.4 - https:\/\/yoast.com\/product\/yoast-seo-wordpress\/ -->\n<title>- Manual Moodle UTFPR<\/title>\n<meta name=\"robots\" content=\"index, follow, max-snippet:-1, max-image-preview:large, max-video-preview:-1\" \/>\n<link rel=\"canonical\" href=\"https:\/\/utfpr.curitiba.br\/manualmoodle\/suporte\/\" \/>\n<meta property=\"og:locale\" content=\"pt_BR\" \/>\n<meta property=\"og:type\" content=\"article\" \/>\n<meta property=\"og:title\" content=\"- Manual Moodle UTFPR\" \/>\n<meta property=\"og:description\" content=\"Possui alguma d\u00favida ou sugest\u00e3o para aprimorar este conte\u00fado? N\u00f3s queremos te ouvir! Preencha o formul\u00e1rio abaixo e logo entraremos em contato. [contact-form-7 id=&#8221;459&#8243; title=&#8221;Ajuda&#8221;]\" \/>\n<meta property=\"og:url\" content=\"https:\/\/utfpr.curitiba.br\/manualmoodle\/suporte\/\" \/>\n<meta property=\"og:site_name\" content=\"Manual Moodle UTFPR\" \/>\n<meta property=\"article:modified_time\" content=\"2022-06-28T19:35:00+00:00\" \/>\n<meta name=\"twitter:card\" content=\"summary_large_image\" \/>\n<script type=\"application\/ld+json\" class=\"yoast-schema-graph\">{\"@context\":\"https:\\\/\\\/schema.org\",\"@graph\":[{\"@type\":\"WebPage\",\"@id\":\"https:\\\/\\\/utfpr.curitiba.br\\\/manualmoodle\\\/suporte\\\/\",\"url\":\"https:\\\/\\\/utfpr.curitiba.br\\\/manualmoodle\\\/suporte\\\/\",\"name\":\"- Manual Moodle UTFPR\",\"isPartOf\":{\"@id\":\"https:\\\/\\\/utfpr.curitiba.br\\\/manualmoodle\\\/#website\"},\"datePublished\":\"2022-06-27T20:11:52+00:00\",\"dateModified\":\"2022-06-28T19:35:00+00:00\",\"inLanguage\":\"pt-BR\",\"potentialAction\":[{\"@type\":\"ReadAction\",\"target\":[\"https:\\\/\\\/utfpr.curitiba.br\\\/manualmoodle\\\/suporte\\\/\"]}]},{\"@type\":\"WebSite\",\"@id\":\"https:\\\/\\\/utfpr.curitiba.br\\\/manualmoodle\\\/#website\",\"url\":\"https:\\\/\\\/utfpr.curitiba.br\\\/manualmoodle\\\/\",\"name\":\"Manual Moodle UTFPR\",\"description\":\"ajuda moodle Universidade tecnol\u00f3gica federal do paran\u00e1\",\"publisher\":{\"@id\":\"https:\\\/\\\/utfpr.curitiba.br\\\/manualmoodle\\\/#organization\"},\"potentialAction\":[{\"@type\":\"SearchAction\",\"target\":{\"@type\":\"EntryPoint\",\"urlTemplate\":\"https:\\\/\\\/utfpr.curitiba.br\\\/manualmoodle\\\/?s={search_term_string}\"},\"query-input\":{\"@type\":\"PropertyValueSpecification\",\"valueRequired\":true,\"valueName\":\"search_term_string\"}}],\"inLanguage\":\"pt-BR\"},{\"@type\":\"Organization\",\"@id\":\"https:\\\/\\\/utfpr.curitiba.br\\\/manualmoodle\\\/#organization\",\"name\":\"Manual Moodle criado pela UTFPR\",\"alternateName\":\"manual utiliza\u00e7ao cria\u00e7ao moodle utfpr\",\"url\":\"https:\\\/\\\/utfpr.curitiba.br\\\/manualmoodle\\\/\",\"logo\":{\"@type\":\"ImageObject\",\"inLanguage\":\"pt-BR\",\"@id\":\"https:\\\/\\\/utfpr.curitiba.br\\\/manualmoodle\\\/#\\\/schema\\\/logo\\\/image\\\/\",\"url\":\"https:\\\/\\\/utfpr-ct-static-content.s3.amazonaws.com\\\/utfpr.curitiba.br\\\/wp-content\\\/uploads\\\/sites\\\/121\\\/2022\\\/06\\\/LogotipoManualMoodle-4.svg\",\"contentUrl\":\"https:\\\/\\\/utfpr-ct-static-content.s3.amazonaws.com\\\/utfpr.curitiba.br\\\/wp-content\\\/uploads\\\/sites\\\/121\\\/2022\\\/06\\\/LogotipoManualMoodle-4.svg\",\"width\":740,\"height\":98,\"caption\":\"Manual Moodle criado pela UTFPR\"},\"image\":{\"@id\":\"https:\\\/\\\/utfpr.curitiba.br\\\/manualmoodle\\\/#\\\/schema\\\/logo\\\/image\\\/\"}}]}<\/script>\n<!-- \/ Yoast SEO plugin. -->","yoast_head_json":{"title":"- Manual Moodle UTFPR","robots":{"index":"index","follow":"follow","max-snippet":"max-snippet:-1","max-image-preview":"max-image-preview:large","max-video-preview":"max-video-preview:-1"},"canonical":"https:\/\/utfpr.curitiba.br\/manualmoodle\/suporte\/","og_locale":"pt_BR","og_type":"article","og_title":"- Manual Moodle UTFPR","og_description":"Possui alguma d\u00favida ou sugest\u00e3o para aprimorar este conte\u00fado? N\u00f3s queremos te ouvir! Preencha o formul\u00e1rio abaixo e logo entraremos em contato. [contact-form-7 id=&#8221;459&#8243; title=&#8221;Ajuda&#8221;]","og_url":"https:\/\/utfpr.curitiba.br\/manualmoodle\/suporte\/","og_site_name":"Manual Moodle UTFPR","article_modified_time":"2022-06-28T19:35:00+00:00","twitter_card":"summary_large_image","schema":{"@context":"https:\/\/schema.org","@graph":[{"@type":"WebPage","@id":"https:\/\/utfpr.curitiba.br\/manualmoodle\/suporte\/","url":"https:\/\/utfpr.curitiba.br\/manualmoodle\/suporte\/","name":"- Manual Moodle UTFPR","isPartOf":{"@id":"https:\/\/utfpr.curitiba.br\/manualmoodle\/#website"},"datePublished":"2022-06-27T20:11:52+00:00","dateModified":"2022-06-28T19:35:00+00:00","inLanguage":"pt-BR","potentialAction":[{"@type":"ReadAction","target":["https:\/\/utfpr.curitiba.br\/manualmoodle\/suporte\/"]}]},{"@type":"WebSite","@id":"https:\/\/utfpr.curitiba.br\/manualmoodle\/#website","url":"https:\/\/utfpr.curitiba.br\/manualmoodle\/","name":"Manual Moodle UTFPR","description":"ajuda moodle Universidade tecnol\u00f3gica federal do paran\u00e1","publisher":{"@id":"https:\/\/utfpr.curitiba.br\/manualmoodle\/#organization"},"potentialAction":[{"@type":"SearchAction","target":{"@type":"EntryPoint","urlTemplate":"https:\/\/utfpr.curitiba.br\/manualmoodle\/?s={search_term_string}"},"query-input":{"@type":"PropertyValueSpecification","valueRequired":true,"valueName":"search_term_string"}}],"inLanguage":"pt-BR"},{"@type":"Organization","@id":"https:\/\/utfpr.curitiba.br\/manualmoodle\/#organization","name":"Manual Moodle criado pela UTFPR","alternateName":"manual utiliza\u00e7ao cria\u00e7ao moodle utfpr","url":"https:\/\/utfpr.curitiba.br\/manualmoodle\/","logo":{"@type":"ImageObject","inLanguage":"pt-BR","@id":"https:\/\/utfpr.curitiba.br\/manualmoodle\/#\/schema\/logo\/image\/","url":"https:\/\/utfpr-ct-static-content.s3.amazonaws.com\/utfpr.curitiba.br\/wp-content\/uploads\/sites\/121\/2022\/06\/LogotipoManualMoodle-4.svg","contentUrl":"https:\/\/utfpr-ct-static-content.s3.amazonaws.com\/utfpr.curitiba.br\/wp-content\/uploads\/sites\/121\/2022\/06\/LogotipoManualMoodle-4.svg","width":740,"height":98,"caption":"Manual Moodle criado pela UTFPR"},"image":{"@id":"https:\/\/utfpr.curitiba.br\/manualmoodle\/#\/schema\/logo\/image\/"}}]}},"_links":{"self":[{"href":"https:\/\/utfpr.curitiba.br\/manualmoodle\/wp-json\/wp\/v2\/pages\/450","targetHints":{"allow":["GET"]}}],"collection":[{"href":"https:\/\/utfpr.curitiba.br\/manualmoodle\/wp-json\/wp\/v2\/pages"}],"about":[{"href":"https:\/\/utfpr.curitiba.br\/manualmoodle\/wp-json\/wp\/v2\/types\/page"}],"author":[{"embeddable":true,"href":"https:\/\/utfpr.curitiba.br\/manualmoodle\/wp-json\/wp\/v2\/users\/85"}],"replies":[{"embeddable":true,"href":"https:\/\/utfpr.curitiba.br\/manualmoodle\/wp-json\/wp\/v2\/comments?post=450"}],"version-history":[{"count":12,"href":"https:\/\/utfpr.curitiba.br\/manualmoodle\/wp-json\/wp\/v2\/pages\/450\/revisions"}],"predecessor-version":[{"id":538,"href":"https:\/\/utfpr.curitiba.br\/manualmoodle\/wp-json\/wp\/v2\/pages\/450\/revisions\/538"}],"wp:attachment":[{"href":"https:\/\/utfpr.curitiba.br\/manualmoodle\/wp-json\/wp\/v2\/media?parent=450"}],"curies":[{"name":"wp","href":"https:\/\/api.w.org\/{rel}","templated":true}]}}