{"id":434,"date":"2023-02-16T17:01:51","date_gmt":"2023-02-16T20:01:51","guid":{"rendered":"https:\/\/utfpr.curitiba.br\/lus\/?page_id=434"},"modified":"2023-02-16T17:03:28","modified_gmt":"2023-02-16T20:03:28","slug":"boas-vindas","status":"publish","type":"page","link":"https:\/\/utfpr.curitiba.br\/lus\/","title":{"rendered":"Boas vindas"},"content":{"rendered":"\n<p class=\"has-medium-font-size\"><strong>Seja bem-vindo(a) ao site do Laborat\u00f3rio de Ultrassom e Instrumenta\u00e7\u00e3o M\u00e9dica (LUS) da UTFPR.<\/strong><\/p>\n\n\n\n<p>Interessado em ingressar no laborat\u00f3rio?<\/p>\n\n\n\n<p>Somos um laborat\u00f3rio de desenvolvimento de tecnologia. Nosso foco principal \u00e9 desenvolver sistemas para aquisi\u00e7\u00e3o e forma\u00e7\u00e3o de imagens. Estamos particularmente interessados no desenvolvimento de tecnologias de imagem e t\u00e9cnicas para orienta\u00e7\u00e3o de imagem. Se voc\u00ea gosta de trabalhar com sinais, escrever c\u00f3digo, construir e testar dispositivos ou trabalhar na interface entre hardware e software, este laborat\u00f3rio pode ser adequado para voc\u00ea.<\/p>\n\n\n\n<p>Universidade Tecnol\u00f3gica Federal do Paran\u00e1 \u2013 Campus Curitiba, Sede Centro \u2013 Bloco D, CPGEI<\/p>\n\n\n\n<p>Av. Sete de Setembro, 3165, Rebou\u00e7as \u2013 Curitiba, Paran\u00e1 \u2013 CEP: 80230-901<\/p>\n\n\n\n<p>E-mail: amauriassef@utfpr.edu.br \/ joaquim@utfpr.edu.br<\/p>\n","protected":false},"excerpt":{"rendered":"<p>Seja bem-vindo(a) ao site do Laborat\u00f3rio de Ultrassom e Instrumenta\u00e7\u00e3o M\u00e9dica (LUS) da UTFPR. Interessado em ingressar no laborat\u00f3rio? Somos um laborat\u00f3rio de desenvolvimento de tecnologia. Nosso foco principal \u00e9 desenvolver sistemas para aquisi\u00e7\u00e3o e forma\u00e7\u00e3o de imagens. Estamos particularmente interessados no desenvolvimento de tecnologias de imagem e t\u00e9cnicas para orienta\u00e7\u00e3o de imagem. Se voc\u00ea [&hellip;]<\/p>\n","protected":false},"author":153,"featured_media":0,"parent":0,"menu_order":0,"comment_status":"closed","ping_status":"closed","template":"","meta":{"footnotes":""},"class_list":["post-434","page","type-page","status-publish","czr-hentry"],"_links":{"self":[{"href":"https:\/\/utfpr.curitiba.br\/lus\/wp-json\/wp\/v2\/pages\/434","targetHints":{"allow":["GET"]}}],"collection":[{"href":"https:\/\/utfpr.curitiba.br\/lus\/wp-json\/wp\/v2\/pages"}],"about":[{"href":"https:\/\/utfpr.curitiba.br\/lus\/wp-json\/wp\/v2\/types\/page"}],"author":[{"embeddable":true,"href":"https:\/\/utfpr.curitiba.br\/lus\/wp-json\/wp\/v2\/users\/153"}],"replies":[{"embeddable":true,"href":"https:\/\/utfpr.curitiba.br\/lus\/wp-json\/wp\/v2\/comments?post=434"}],"version-history":[{"count":2,"href":"https:\/\/utfpr.curitiba.br\/lus\/wp-json\/wp\/v2\/pages\/434\/revisions"}],"predecessor-version":[{"id":437,"href":"https:\/\/utfpr.curitiba.br\/lus\/wp-json\/wp\/v2\/pages\/434\/revisions\/437"}],"wp:attachment":[{"href":"https:\/\/utfpr.curitiba.br\/lus\/wp-json\/wp\/v2\/media?parent=434"}],"curies":[{"name":"wp","href":"https:\/\/api.w.org\/{rel}","templated":true}]}}