{"id":142,"date":"2022-12-21T16:36:01","date_gmt":"2022-12-21T19:36:01","guid":{"rendered":"https:\/\/utfpr.curitiba.br\/lus\/?page_id=142"},"modified":"2024-05-20T16:47:13","modified_gmt":"2024-05-20T19:47:13","slug":"teses","status":"publish","type":"page","link":"https:\/\/utfpr.curitiba.br\/lus\/teses\/","title":{"rendered":"Teses"},"content":{"rendered":"\n<h3 class=\"wp-block-heading\">Em andamento<\/h3>\n\n\n\n<ul class=\"wp-block-list\">\n<li>Gilson Maekawa Kanashiro. <strong>Otimiza\u00e7\u00e3o de t\u00e9cnicas de processamento de imagens doppler ultrafast em tempo real visando um sistema de ultrassom embarcado<\/strong>. In\u00edcio: 2022. Tese (Doutorado em Engenharia El\u00e9trica e Inform\u00e1tica Industrial) &#8211; Universidade Tecnol\u00f3gica Federal do Paran\u00e1. Orientador: Joaquim Miguel Maia.<\/li>\n\n\n\n<li>Jonathan de Oliveira. <strong>Sistema de sensoriamento multicanal simult\u00e2neo atrav\u00e9s da combina\u00e7\u00e3o das t\u00e9cnicas de EMG, MMG e SMG com imagens de ultrassom em modo B e elastrogr\u00e1ficas para caracteriza\u00e7\u00e3o da contra\u00e7\u00e3o muscular<\/strong>. In\u00edcio: 2020. Tese (Doutorado em Tecnologia em Sa\u00fade) &#8211; Pontif\u00edcia Universidade Cat\u00f3lica do Paran\u00e1, Conselho Nacional de Desenvolvimento Cient\u00edfico e Tecnol\u00f3gico. Coorientador: Amauri Amorin Assef.<\/li>\n\n\n\n<li>Larissa Comar Neves.<strong> Implementa\u00e7\u00e3o de beamformers adaptativos para gera\u00e7\u00e3o de imagens de elastografia com ondas planas<\/strong>. In\u00edcio: 2020. Tese (Doutorado em Engenharia El\u00e9trica e Inform\u00e1tica Industrial) &#8211; Universidade Tecnol\u00f3gica Federal do Paran\u00e1. Orientador: Joaquim Miguel Maia.<\/li>\n\n\n\n<li>Michel Andrey Freitas De Souza Kohler. <strong>Estudo da gera\u00e7\u00e3o de imagens utilizando as t\u00e9cnicas de excita\u00e7\u00e3o codificada e composi\u00e7\u00e3o coerente de onda plana em plataforma aberta de ultrassom<\/strong>. In\u00edcio: 2021. Tese (Doutorado em Engenharia El\u00e9trica e Inform\u00e1tica Industrial) &#8211; Universidade Tecnol\u00f3gica Federal do Paran\u00e1. Orientador: Amauri Amorin Assef.<\/li>\n\n\n\n<li>Thiago Mathias De Oliveira. <strong>Desenvolvimento De Tecnologias Assistivas Para Tratamento Da Linguagem Oral<\/strong>. In\u00edcio: 2021. Tese (Doutorado em Programa de P\u00f3s-Grad. em Eng. El\u00e9trica e Inform\u00e1tica Industrial (CPGEI)) &#8211; Universidade Tecnol\u00f3gica Federal do Paran\u00e1. Orientador: Amauri Amorin Assef.<\/li>\n<\/ul>\n\n\n\n<h3 class=\"wp-block-heading\">2022<\/h3>\n\n\n\n<ul class=\"wp-block-list\">\n<li>Ana Paula Christakis Costa. <strong><a href=\"https:\/\/repositorio.utfpr.edu.br\/jspui\/handle\/1\/30395\" data-type=\"URL\" data-id=\"https:\/\/repositorio.utfpr.edu.br\/jspui\/handle\/1\/30395\" target=\"_blank\" rel=\"noreferrer noopener\">Correla\u00e7\u00e3o termogr\u00e1fica em pacientes com s\u00edndrome fibromialgica e hipotireoidismo<\/a><\/strong>. 2022. Tese (Doutorado em Engenharia El\u00e9trica e Inform\u00e1tica Industrial) &#8211; Universidade Tecnol\u00f3gica Federal do Paran\u00e1, Coordena\u00e7\u00e3o de Aperfei\u00e7oamento de Pessoal de N\u00edvel Superior. Orientador: Joaquim Miguel Maia.<\/li>\n<\/ul>\n\n\n\n<h3 class=\"wp-block-heading\">2020<\/h3>\n\n\n\n<ul class=\"wp-block-list\">\n<li>Rosalba da Costa. <strong><a rel=\"noreferrer noopener\" href=\"https:\/\/repositorio.utfpr.edu.br\/jspui\/handle\/1\/5056\" data-type=\"URL\" data-id=\"https:\/\/repositorio.utfpr.edu.br\/jspui\/handle\/1\/5056\" target=\"_blank\">Novo m\u00e9todo para detec\u00e7\u00e3o de falhas em estruturas de alum\u00ednio utilizando-se imped\u00e2ncia el\u00e9trica de cer\u00e2micas piezoel\u00e9tricas e atenua\u00e7\u00e3o das ondas ultrass\u00f4nicas<\/a><\/strong>. 2020. Tese (Doutorado em Engenharia El\u00e9trica e Inform\u00e1tica Industrial) &#8211; Universidade Tecnol\u00f3gica Federal do Paran\u00e1, . Orientador: Joaquim Miguel Maia.<\/li>\n<\/ul>\n\n\n\n<h3 class=\"wp-block-heading\">2019<\/h3>\n\n\n\n<ul class=\"wp-block-list\">\n<li>Karina da Silva Siqueira. <strong><a href=\"https:\/\/repositorio.utfpr.edu.br\/jspui\/handle\/1\/4735\" data-type=\"URL\" data-id=\"https:\/\/repositorio.utfpr.edu.br\/jspui\/handle\/1\/4735\" target=\"_blank\" rel=\"noreferrer noopener\">Ultrassom terap\u00eautico de alta pot\u00eancia no tratamento da lipodistrofia localizada abdominal &#8211; Ensaio cl\u00ednico randomizado duplo cego<\/a><\/strong>. 2019. Tese (Doutorado em Engenharia El\u00e9trica e Inform\u00e1tica Industrial) &#8211; Universidade Tecnol\u00f3gica Federal do Paran\u00e1, Coordena\u00e7\u00e3o de Aperfei\u00e7oamento de Pessoal de N\u00edvel Superior. Orientador: Joaquim Miguel Maia.<\/li>\n\n\n\n<li>Rubem Petry Carbente. <strong><a href=\"https:\/\/repositorio.utfpr.edu.br\/jspui\/handle\/1\/4194\" data-type=\"URL\" data-id=\"https:\/\/repositorio.utfpr.edu.br\/jspui\/handle\/1\/4194\" target=\"_blank\" rel=\"noreferrer noopener\">Implementa\u00e7\u00e3o de mapas elastogr\u00e1ficos utilizando filtro mediano em uma plataforma de arquitetura aberta<\/a><\/strong>. 2019. Tese (Doutorado em Engenharia El\u00e9trica e Inform\u00e1tica Industrial) &#8211; Universidade Tecnol\u00f3gica Federal do Paran\u00e1, . Orientador: Joaquim Miguel Maia.<\/li>\n<\/ul>\n\n\n\n<h3 class=\"wp-block-heading\">2018<\/h3>\n\n\n\n<ul class=\"wp-block-list\">\n<li>Ac\u00e1cio Jos\u00e9 Zimbico. <a href=\"https:\/\/repositorio.utfpr.edu.br\/jspui\/handle\/1\/3818\" data-type=\"URL\" data-id=\"https:\/\/repositorio.utfpr.edu.br\/jspui\/handle\/1\/3818\" target=\"_blank\" rel=\"noreferrer noopener\"><strong>Bayesian-based beamformer with Wiener post-filter for adaptive processing of Ultrasound Image using Coherent Plane Wave Compounding<\/strong><\/a>. 2018. Tese (Doutorado em Engenharia El\u00e9trica e Inform\u00e1tica Industrial) &#8211; Universidade Tecnol\u00f3gica Federal do Paran\u00e1, Coordena\u00e7\u00e3o de Aperfei\u00e7oamento de Pessoal de N\u00edvel Superior. Coorientador: Joaquim Miguel Maia.<\/li>\n\n\n\n<li>Carlos Toshiyuki Matsumi. <strong><a href=\"https:\/\/repositorio.utfpr.edu.br\/jspui\/handle\/1\/3928\" data-type=\"URL\" data-id=\"https:\/\/repositorio.utfpr.edu.br\/jspui\/handle\/1\/3928\" target=\"_blank\" rel=\"noreferrer noopener\">Gera\u00e7\u00e3o e caracteriza\u00e7\u00e3o de microbolhas monodispersas com revestimento lip\u00eddico utilizando dispositivos de entroncamento microflu\u00eddicos<\/a><\/strong>. 2018. Tese (Doutorado em Engenharia El\u00e9trica e Inform\u00e1tica Industrial) &#8211; Universidade Tecnol\u00f3gica Federal do Paran\u00e1, . Coorientador: Joaquim Miguel Maia.<\/li>\n\n\n\n<li>Nivaldo Theodoro Schiefler Junior. <strong><a href=\"https:\/\/repositorio.utfpr.edu.br\/jspui\/handle\/1\/3930\" data-type=\"URL\" data-id=\"https:\/\/repositorio.utfpr.edu.br\/jspui\/handle\/1\/3930\" target=\"_blank\" rel=\"noreferrer noopener\">Gera\u00e7\u00e3o de imagens por ultrasson utilizando as t\u00e9cnicas sparse arrays e plane wave<\/a><\/strong>. 2018. Tese (Doutorado em Engenharia El\u00e9trica e Inform\u00e1tica Industrial) &#8211; Universidade Tecnol\u00f3gica Federal do Paran\u00e1, Coordena\u00e7\u00e3o de Aperfei\u00e7oamento de Pessoal de N\u00edvel Superior. Orientador: Joaquim Miguel Maia.<\/li>\n\n\n\n<li>Paulo Roberto Bueno. <strong><a href=\"https:\/\/repositorio.utfpr.edu.br\/jspui\/handle\/1\/3787\" data-type=\"URL\" data-id=\"https:\/\/repositorio.utfpr.edu.br\/jspui\/handle\/1\/3787\" target=\"_blank\" rel=\"noreferrer noopener\">Reconstru\u00e7\u00e3o Paralela de Imagens de Ultrassom Atrav\u00e9s de Problemas Inversos Usando GPUs<\/a><\/strong>. 2018. Tese (Doutorado em Engenharia El\u00e9trica e Inform\u00e1tica Industrial) &#8211; Universidade Tecnol\u00f3gica Federal do Paran\u00e1, . Coorientador: Joaquim Miguel Maia.<\/li>\n<\/ul>\n","protected":false},"excerpt":{"rendered":"<p>Em andamento 2022 2020 2019 2018<\/p>\n","protected":false},"author":153,"featured_media":0,"parent":0,"menu_order":0,"comment_status":"closed","ping_status":"closed","template":"","meta":{"footnotes":""},"class_list":["post-142","page","type-page","status-publish","czr-hentry"],"_links":{"self":[{"href":"https:\/\/utfpr.curitiba.br\/lus\/wp-json\/wp\/v2\/pages\/142","targetHints":{"allow":["GET"]}}],"collection":[{"href":"https:\/\/utfpr.curitiba.br\/lus\/wp-json\/wp\/v2\/pages"}],"about":[{"href":"https:\/\/utfpr.curitiba.br\/lus\/wp-json\/wp\/v2\/types\/page"}],"author":[{"embeddable":true,"href":"https:\/\/utfpr.curitiba.br\/lus\/wp-json\/wp\/v2\/users\/153"}],"replies":[{"embeddable":true,"href":"https:\/\/utfpr.curitiba.br\/lus\/wp-json\/wp\/v2\/comments?post=142"}],"version-history":[{"count":3,"href":"https:\/\/utfpr.curitiba.br\/lus\/wp-json\/wp\/v2\/pages\/142\/revisions"}],"predecessor-version":[{"id":487,"href":"https:\/\/utfpr.curitiba.br\/lus\/wp-json\/wp\/v2\/pages\/142\/revisions\/487"}],"wp:attachment":[{"href":"https:\/\/utfpr.curitiba.br\/lus\/wp-json\/wp\/v2\/media?parent=142"}],"curies":[{"name":"wp","href":"https:\/\/api.w.org\/{rel}","templated":true}]}}