{"id":140,"date":"2022-12-21T16:35:48","date_gmt":"2022-12-21T19:35:48","guid":{"rendered":"https:\/\/utfpr.curitiba.br\/lus\/?page_id=140"},"modified":"2024-05-20T16:46:05","modified_gmt":"2024-05-20T19:46:05","slug":"dissertacoes","status":"publish","type":"page","link":"https:\/\/utfpr.curitiba.br\/lus\/dissertacoes\/","title":{"rendered":"Disserta\u00e7\u00f5es"},"content":{"rendered":"\n<h3 class=\"wp-block-heading has-text-align-left\">Em andamento<\/h3>\n\n\n\n<ul class=\"wp-block-list\">\n<li>M\u00e1rio Kyohi Takahasi. <strong>Avalia\u00e7\u00e3o de t\u00e9cnicas para caracteriza\u00e7\u00e3o de materiais por ultrassom<\/strong>. In\u00edcio: 2024. Disserta\u00e7\u00e3o (Mestrado em Engenharia El\u00e9trica e Inform\u00e1tica Industrial) &#8211; Universidade Tecnol\u00f3gica Federal do Paran\u00e1. Orientador: Joaquim Miguel Maia.<\/li>\n\n\n\n<li>Matheus Tadashi Natume. <strong>Sistema baseado em hardware program\u00e1vel para caracteriza\u00e7\u00e3o de materiais por ultrassom<\/strong>. In\u00edcio: 2024. Disserta\u00e7\u00e3o (Mestrado em Engenharia El\u00e9trica e Inform\u00e1tica Industrial) &#8211; Universidade Tecnol\u00f3gica Federal do Paran\u00e1. Orientador: Joaquim Miguel Maia.<\/li>\n\n\n\n<li>Jenifer Andressa Camillo de Oliveira. <strong>Firmware para sistema de caracteriza\u00e7\u00e3o de materiais por ultrassom<\/strong>. In\u00edcio: 2024. Disserta\u00e7\u00e3o (Mestrado em Engenharia El\u00e9trica e Inform\u00e1tica Industrial) &#8211; Universidade Tecnol\u00f3gica Federal do Paran\u00e1. Orientador: Joaquim Miguel Maia.<\/li>\n\n\n\n<li>Marcos Luiz Cliton Bezerra. <strong>Modelo para predi\u00e7\u00e3o de Sepse baseado em machine learning<\/strong>. In\u00edcio: 2023. Disserta\u00e7\u00e3o (Mestrado profissional em Engenharia Biom\u00e9dica) &#8211; Universidade Tecnol\u00f3gica Federal do Paran\u00e1. Coorientador: Joaquim Miguel Maia.<\/li>\n\n\n\n<li>Lucas Fernandes Silvestre. <strong>Avalia\u00e7\u00e3o de qualidade de equipamentos de fisioterapia<\/strong>. In\u00edcio: 2022. Disserta\u00e7\u00e3o (Mestrado em Engenharia El\u00e9trica e Inform\u00e1tica Industrial) &#8211; Universidade Tecnol\u00f3gica Federal do Paran\u00e1. Orientador: Joaquim Miguel Maia.<\/li>\n\n\n\n<li>Paula Leticia Souza de Moura. <strong>Sistema para teste de transdutores matriciais multielementos de ultrassom<\/strong>. In\u00edcio: 2023. Disserta\u00e7\u00e3o (Mestrado em Programa de P\u00f3s-Grad. em Eng. El\u00e9trica e Inform\u00e1tica Industrial (CPGEI)) &#8211; Universidade Tecnol\u00f3gica Federal do Paran\u00e1. Orientador: Amauri Amorin Assef.<\/li>\n\n\n\n<li>Rojelio De Bairro. <strong>Ferramenta de aux\u00edlio ao diagn\u00f3stico por imagem de ultrassom em dispositivos m\u00f3veis<\/strong>. In\u00edcio: 2021. Disserta\u00e7\u00e3o (Mestrado em Engenharia El\u00e9trica e Inform\u00e1tica Industrial) &#8211; Universidade Tecnol\u00f3gica Federal do Paran\u00e1. Orientador: Amauri Amorin Assef.<\/li>\n<\/ul>\n\n\n\n<h3 class=\"wp-block-heading\">2023<\/h3>\n\n\n\n<ul class=\"wp-block-list\">\n<li>Fabio Fernando Bruning. <strong>Eletr\u00f4metro para uso em metrologia de radia\u00e7\u00e3o ionizante<\/strong>. 2023. Disserta\u00e7\u00e3o (Mestrado em Engenharia El\u00e9trica e Inform\u00e1tica Industrial) &#8211; Universidade Tecnol\u00f3gica Federal do Paran\u00e1, . Orientador: Joaquim Miguel Maia.<\/li>\n\n\n\n<li>Ronaldo da Silva Moura. <strong>Detec\u00e7\u00e3o e classifica\u00e7\u00e3o de categorias de disfonias com redes neurais convolucionais<\/strong>. 2023. Disserta\u00e7\u00e3o (Mestrado em Engenharia El\u00e9trica e Inform\u00e1tica Industrial) &#8211; Universidade Tecnol\u00f3gica Federal do Paran\u00e1, Coordena\u00e7\u00e3o de Aperfei\u00e7oamento de Pessoal de N\u00edvel Superior. Orientador: Joaquim Miguel Maia.<\/li>\n\n\n\n<li>Matheus Jose Da Silva Ruzyk. <strong>Sistema De Processamento Digital De Sinais Ultrass\u00f4nicos Baseado Em System On A Chip (Soc)<\/strong>. 2023. Disserta\u00e7\u00e3o (Mestrado em Programa de P\u00f3s-Gradua\u00e7\u00e3o em Engenharia El\u00e9trica) &#8211; Universidade Tecnol\u00f3gica Federal do Paran\u00e1, Coordena\u00e7\u00e3o de Aperfei\u00e7oamento de Pessoal de N\u00edvel Superior. Orientador: Amauri Amorin Assef.<\/li>\n\n\n\n<li>Ednilson De Souza Contieri. <strong>Desenvolvimento e avalia\u00e7\u00e3o de um sistema reconfigur\u00e1vel de excita\u00e7\u00e3o convencional e chirp codificada pela t\u00e9cnica PWM para atividades de pesquisa do ultrassom<\/strong>. 2023. Disserta\u00e7\u00e3o (Mestrado em Programa de P\u00f3s-Gradua\u00e7\u00e3o em Engenharia El\u00e9trica) &#8211; Universidade Tecnol\u00f3gica Federal do Paran\u00e1, Coordena\u00e7\u00e3o de Aperfei\u00e7oamento de Pessoal de N\u00edvel Superior. Orientador: Amauri Amorin Assef.<\/li>\n<\/ul>\n\n\n\n<h3 class=\"wp-block-heading\">2022<\/h3>\n\n\n\n<ul class=\"wp-block-list\">\n<li>Renan Antonio Corr\u00eaa Medeiros.<strong> <a rel=\"noreferrer noopener\" href=\"https:\/\/repositorio.utfpr.edu.br\/jspui\/handle\/1\/30541\" data-type=\"URL\" data-id=\"https:\/\/repositorio.utfpr.edu.br\/jspui\/handle\/1\/30541\" target=\"_blank\">Sistema reconfigur\u00e1vel pulse\/receiver para excita\u00e7\u00e3o ultrass\u00f4nica convencional e chirp codificada usando modula\u00e7\u00e3o de amplitude de pulso<\/a><\/strong>. 2022. Disserta\u00e7\u00e3o (Mestrado em Programa de P\u00f3s-Gradua\u00e7\u00e3o em Engenharia El\u00e9trica) &#8211; Universidade Tecnol\u00f3gica Federal do Paran\u00e1, Coordena\u00e7\u00e3o de Aperfei\u00e7oamento de Pessoal de N\u00edvel Superior. Orientador: Amauri Amorin Assef.<\/li>\n<\/ul>\n\n\n\n<h3 class=\"wp-block-heading\">2021<\/h3>\n\n\n\n<ul class=\"wp-block-list\">\n<li>Abel jos\u00e9 Vilseke. <strong><a rel=\"noreferrer noopener\" href=\"https:\/\/repositorio.utfpr.edu.br\/jspui\/handle\/1\/26694\" data-type=\"URL\" data-id=\"https:\/\/repositorio.utfpr.edu.br\/jspui\/handle\/1\/26694\" target=\"_blank\">An\u00e1lise da viabilidade de molas de nitinol como atuadores lineares em uma pr\u00f3tese de m\u00e3o com uso em modelo CAD<\/a><\/strong>. 2021. Disserta\u00e7\u00e3o (Mestrado em Engenharia Biom\u00e9dica) &#8211; Universidade Tecnol\u00f3gica Federal do Paran\u00e1, . Orientador: Joaquim Miguel Maia.<\/li>\n\n\n\n<li>Felipe Meira Ribas. <strong><a rel=\"noreferrer noopener\" href=\"https:\/\/repositorio.utfpr.edu.br\/jspui\/handle\/1\/26665\" target=\"_blank\">Aplica\u00e7\u00e3o de p\u00f3s-filtros adaptativos aos beamformers m\u00ednima vari\u00e2ncia e eigenspace para forma\u00e7\u00e3o de imagens de ultrassom utilizando a t\u00e9cnica de ondas planas.<\/a><\/strong> 2021. Disserta\u00e7\u00e3o (Mestrado em Engenharia El\u00e9trica e Inform\u00e1tica Industrial) &#8211; Universidade Tecnol\u00f3gica Federal do Paran\u00e1, Coordena\u00e7\u00e3o de Aperfei\u00e7oamento de Pessoal de N\u00edvel Superior. Orientador: Joaquim Miguel Maia.<\/li>\n\n\n\n<li>Val\u00e9ria Beserra Garcia. <strong><a href=\"https:\/\/repositorio.unicamp.br\/acervo\/detalhe\/1161891\">Desenvolvimento e avalia\u00e7\u00e3o de sistema de transmiss\u00e3o multicanal de forma de onda arbitr\u00e1ria de ultrassom com excita\u00e7\u00e3o codificada chirp<\/a>.<\/strong> 2021. Disserta\u00e7\u00e3o (Mestrado em Engenharia El\u00e9trica) &#8211; Universidade Estadual de Campinas, . Coorientador: Amauri Amorin Assef.<\/li>\n<\/ul>\n\n\n\n<h3 class=\"wp-block-heading\">2020<\/h3>\n\n\n\n<ul class=\"wp-block-list\">\n<li>Danilo Fernandes Gomes.<strong><a href=\"https:\/\/repositorio.utfpr.edu.br\/jspui\/handle\/1\/4840\" data-type=\"URL\" data-id=\"https:\/\/repositorio.utfpr.edu.br\/jspui\/handle\/1\/4840\" target=\"_blank\" rel=\"noreferrer noopener\"> Avalia\u00e7\u00e3o de algoritmos para gera\u00e7\u00e3o de imagens por ultrassom utilizando t\u00e9cnicas de beamformers adaptativos e sparse arrays<\/a><\/strong>. 2020. Disserta\u00e7\u00e3o (Mestrado em Engenharia El\u00e9trica e Inform\u00e1tica Industrial) &#8211; Universidade Tecnol\u00f3gica Federal do Paran\u00e1, . Orientador: Joaquim Miguel Maia.<\/li>\n\n\n\n<li>Ivie de Paula Holthausen do Rosario. <strong><a href=\"https:\/\/repositorio.utfpr.edu.br\/jspui\/handle\/1\/5117\" data-type=\"URL\" data-id=\"https:\/\/repositorio.utfpr.edu.br\/jspui\/handle\/1\/5117\" target=\"_blank\" rel=\"noreferrer noopener\">Avalia\u00e7\u00e3o da pot\u00eancia gerada por tesouras ultrass\u00f4nicas utilizadas em procedimentos cir\u00fargicos<\/a><\/strong>. 2020. Disserta\u00e7\u00e3o (Mestrado em Programa de P\u00f3s-gradua\u00e7\u00e3o em Engenharia Biom\u00e9dica) &#8211; Universidade Tecnol\u00f3gica Federal do Paran\u00e1, . Orientador: Joaquim Miguel Maia.<\/li>\n\n\n\n<li>Larissa Comar Neves. <strong><a href=\"https:\/\/repositorio.utfpr.edu.br\/jspui\/handle\/1\/4945\" data-type=\"URL\" data-id=\"https:\/\/repositorio.utfpr.edu.br\/jspui\/handle\/1\/4945\" target=\"_blank\" rel=\"noreferrer noopener\">Implementa\u00e7\u00e3o de beamformer adaptativo combinado com generalized sidelobe canceler e filtros para gera\u00e7\u00e3o de imagens de ultrassom com ondas planas<\/a><\/strong>. 2020. Disserta\u00e7\u00e3o (Mestrado em Engenharia El\u00e9trica e Inform\u00e1tica Industrial) &#8211; Universidade Tecnol\u00f3gica Federal do Paran\u00e1, Coordena\u00e7\u00e3o de Aperfei\u00e7oamento de Pessoal de N\u00edvel Superior. Orientador: Joaquim Miguel Maia.<\/li>\n<\/ul>\n\n\n\n<h3 class=\"wp-block-heading\">2018<\/h3>\n\n\n\n<ul class=\"wp-block-list\">\n<li>Clayton Moura Belo. <strong><a rel=\"noreferrer noopener\" href=\"https:\/\/repositorio.utfpr.edu.br\/jspui\/handle\/1\/3202\" data-type=\"URL\" data-id=\"https:\/\/repositorio.utfpr.edu.br\/jspui\/handle\/1\/3202\" target=\"_blank\">Aplica\u00e7\u00e3o da ultrassonografia port\u00e1til no \u00e2mbito da cl\u00ednica m\u00e9dica<\/a><\/strong>. 2018. Disserta\u00e7\u00e3o (Mestrado em Programa de P\u00f3s-gradua\u00e7\u00e3o em Engenharia Biom\u00e9dica) &#8211; Universidade Tecnol\u00f3gica Federal do Paran\u00e1, . Orientador: Joaquim Miguel Maia.<\/li>\n\n\n\n<li>Samuel Roberto Marcondes. <strong><a rel=\"noreferrer noopener\" href=\"https:\/\/repositorio.utfpr.edu.br\/jspui\/handle\/1\/3821\" data-type=\"URL\" data-id=\"https:\/\/repositorio.utfpr.edu.br\/jspui\/handle\/1\/3821\" target=\"_blank\">Sistema de varredura para aquisi\u00e7\u00e3o e processamento de sinais ultrass\u00f4nicos para caracteriza\u00e7\u00e3o de meios biol\u00f3gicos<\/a><\/strong>. 2018. Disserta\u00e7\u00e3o (Mestrado em Engenharia El\u00e9trica e Inform\u00e1tica Industrial) &#8211; Universidade Tecnol\u00f3gica Federal do Paran\u00e1, . Orientador: Joaquim Miguel Maia.<\/li>\n<\/ul>\n\n\n\n<h3 class=\"wp-block-heading\">2017<\/h3>\n\n\n\n<ul class=\"wp-block-list\">\n<li>Diogo Watchtel Granado. <strong><a href=\"https:\/\/repositorio.utfpr.edu.br\/jspui\/handle\/1\/2969\" data-type=\"URL\" data-id=\"https:\/\/repositorio.utfpr.edu.br\/jspui\/handle\/1\/2969\" target=\"_blank\" rel=\"noreferrer noopener\">Compara\u00e7\u00e3o entre m\u00e9todos delay-and-sum e f-k migration para reconstru\u00e7\u00e3o de imagens Doppler por ultrassom<\/a><\/strong>. 2017. Disserta\u00e7\u00e3o (Mestrado em Engenharia El\u00e9trica e Inform\u00e1tica Industrial) &#8211; Universidade Tecnol\u00f3gica Federal do Paran\u00e1, . Orientador: Joaquim Miguel Maia.<\/li>\n<\/ul>\n","protected":false},"excerpt":{"rendered":"<p>Em andamento 2023 2022 2021 2020 2018 2017<\/p>\n","protected":false},"author":153,"featured_media":335,"parent":0,"menu_order":0,"comment_status":"closed","ping_status":"closed","template":"","meta":{"footnotes":""},"class_list":["post-140","page","type-page","status-publish","has-post-thumbnail","czr-hentry"],"_links":{"self":[{"href":"https:\/\/utfpr.curitiba.br\/lus\/wp-json\/wp\/v2\/pages\/140","targetHints":{"allow":["GET"]}}],"collection":[{"href":"https:\/\/utfpr.curitiba.br\/lus\/wp-json\/wp\/v2\/pages"}],"about":[{"href":"https:\/\/utfpr.curitiba.br\/lus\/wp-json\/wp\/v2\/types\/page"}],"author":[{"embeddable":true,"href":"https:\/\/utfpr.curitiba.br\/lus\/wp-json\/wp\/v2\/users\/153"}],"replies":[{"embeddable":true,"href":"https:\/\/utfpr.curitiba.br\/lus\/wp-json\/wp\/v2\/comments?post=140"}],"version-history":[{"count":12,"href":"https:\/\/utfpr.curitiba.br\/lus\/wp-json\/wp\/v2\/pages\/140\/revisions"}],"predecessor-version":[{"id":486,"href":"https:\/\/utfpr.curitiba.br\/lus\/wp-json\/wp\/v2\/pages\/140\/revisions\/486"}],"wp:featuredmedia":[{"embeddable":true,"href":"https:\/\/utfpr.curitiba.br\/lus\/wp-json\/wp\/v2\/media\/335"}],"wp:attachment":[{"href":"https:\/\/utfpr.curitiba.br\/lus\/wp-json\/wp\/v2\/media?parent=140"}],"curies":[{"name":"wp","href":"https:\/\/api.w.org\/{rel}","templated":true}]}}