{"id":119,"date":"2022-12-21T15:52:05","date_gmt":"2022-12-21T18:52:05","guid":{"rendered":"https:\/\/utfpr.curitiba.br\/lus\/?page_id=119"},"modified":"2023-02-17T15:37:05","modified_gmt":"2023-02-17T18:37:05","slug":"projetos","status":"publish","type":"page","link":"https:\/\/utfpr.curitiba.br\/lus\/projetos\/","title":{"rendered":"Projetos"},"content":{"rendered":"\n<h3 class=\"wp-block-heading\">2022 &#8211; Atual<\/h3>\n\n\n\n<p><strong>Avalia\u00e7\u00e3o e desenvolvimento de novas t\u00e9cnicas para processamento de sinais e gera\u00e7\u00e3o de imagens de ultrassom em plataformas abertas de pesquisa<\/strong><\/p>\n\n\n\n<p>Projeto certificado pelo(a) coordenador(a) Joaquim Miguel Maia em 17\/10\/2022.<br>Descri\u00e7\u00e3o: Este projeto tem por objetivo o estudo e desenvolvimento de novas t\u00e9cnicas de processamento digital de sinais para gera\u00e7\u00e3o de imagens de ultrassom em tempo real que permitam o aumento da taxa de quadros por segundo e a otimiza\u00e7\u00e3o na qualidade da imagem. As t\u00e9cnicas a serem avaliadas envolvem o uso de ondas planas (plane wave) e esparsidade na excita\u00e7\u00e3o dos elementos transdutores, de forma a permitir a gera\u00e7\u00e3o de imagens nos modos B, Doppler e de Elastografia. O trabalho ser\u00e1 desenvolvido utilizando-se uma plataforma de pesquisa Verasonics Vantage\u00ae 128, um equipamento Siemens Acuson X300 e um Ultrasonix Sonix MDP com interface para pesquisa e pacote para elastografia, de forma a auxiliar no desenvolvimento e testes das rotinas desenvolvidas e no estudo de novas t\u00e9cnicas de imageamento ultrarr\u00e1pido baseado em plane wave. Al\u00e9m dos equipamentos comerciais, ser\u00e3o utilizados os dados da plataforma de pesquisa de arquitetura aberta ULTRA-ORS, que foi implementada no Laborat\u00f3rio de Ultrassom da Universidade Tecnol\u00f3gica Federal do Paran\u00e1 (UTFPR), e tamb\u00e9m os dados de uma nova plataforma que vem sendo desenvolvida em colabora\u00e7\u00e3o com outros grupos do Brasil e que receber\u00e1 uma atualiza\u00e7\u00e3o de hardware pela equipe da UTFPR durante a vig\u00eancia deste projeto. Os testes para valida\u00e7\u00e3o dos algoritmos desenvolvidos ser\u00e3o realizados utilizando-se objetos de testes (phantoms) de uso geral, de contraste e detalhes, e de elastografia. A avalia\u00e7\u00e3o dos resultados ser\u00e1 feita atrav\u00e9s da compara\u00e7\u00e3o com imagens reconstru\u00eddas por t\u00e9cnicas tradicionais e par\u00e2metros de resolu\u00e7\u00e3o e contraste. Espera-se como resultados principais do trabalho a obten\u00e7\u00e3o de novos algoritmos de processamento\/gera\u00e7\u00e3o de imagens que possam ser utilizados futuramente para auxiliar no desenvolvimento de um equipamento nacional de ultrassom para aux\u00edlio ao diagn\u00f3stico por imagens, al\u00e9m da forma\u00e7\u00e3o e capacita\u00e7\u00e3o de recursos humanos na \u00e1rea de Engenharia Biom\u00e9dica, com especializa\u00e7\u00e3o na \u00e1rea de ultrassom em medicina. Chamada CNPq\/MCTI\/FNDCT N\u00ba 18\/2021 &#8211; UNIVERSAL &#8211; Faixa B (Grupos Consolidados), processo N.\u00ba 408274\/2021-2..<br>Situa\u00e7\u00e3o: Em andamento.<br>Alunos envolvidos: Gradua\u00e7\u00e3o: (1) \/ Mestrado acad\u00eamico: (6) \/ Doutorado: (8) .<\/p>\n\n\n\n<p>Integrantes: Amauri Amorin Assef &#8211; Integrante \/ Joaquim Miguel Maia &#8211; Coordenador \/ Andr\u00e9 Xian Ming Chang &#8211; Integrante \/ Marcelo Victor Wurst Zibetti &#8211; Integrante \/ Alexandre Francisco de Morais Filho &#8211; Integrante \/ Nivaldo T. Shiefler Jr. &#8211; Integrante \/ Renan Antonio Corr\u00eaa Medeiros &#8211; Integrante \/ Solivan Arantes Valente &#8211; Integrante \/ JONATHAN DE OLIVEIRA &#8211; Integrante \/ Larissa Comar Neves &#8211; Integrante \/ Ac\u00e1cio Jos\u00e9 Zimbico &#8211; Integrante \/ Felipe Meira Ribas &#8211; Integrante \/ Michel Andrey F. De S. Kohler &#8211; Integrante \/ Matheus Jose Da Silva Ruzyk &#8211; Integrante \/ Thiago Mathias de Oliveira &#8211; Integrante \/ Sergio Moribe &#8211; Integrante \/ Ana Paula Christakis Costa &#8211; Integrante \/ Rosalba da Costa &#8211; Integrante \/ Rubem Petry Carbente &#8211; Integrante \/ Paulo Roberto Bueno &#8211; Integrante \/ Clayton Moura Belo &#8211; Integrante \/ Gilson Maekawa Kanashiro &#8211; Integrante \/ Ednilson de Souza Contieri &#8211; Integrante \/ Ronaldo da Silva Moura &#8211; Integrante \/ F\u00e1bio Henrique Almeida Fernandes &#8211; Integrante \/ Karina da Silva Siqueira &#8211; Integrante \/ Rojelio de Bairro &#8211; Integrante.<br>Financiador(es): Conselho Nacional de Desenvolvimento Cient\u00edfico e Tecnol\u00f3gico &#8211; Aux\u00edlio financeiro.<\/p>\n\n\n\n<hr class=\"wp-block-separator has-alpha-channel-opacity\"\/>\n\n\n\n<h3 class=\"wp-block-heading\">2017 &#8211; Atual<\/h3>\n\n\n\n<p><strong>Modelagem e implementa\u00e7\u00e3o dos m\u00f3dulos de processamento e quantifica\u00e7\u00e3o de imagens em tempo real para equipamento port\u00e1til de diagn\u00f3stico por ultrassom<\/strong><\/p>\n\n\n\n<p>Descri\u00e7\u00e3o: Este projeto tem por objetivo a investiga\u00e7\u00e3o, a modelagem e a implementa\u00e7\u00e3o de um equipamento tecnol\u00f3gico port\u00e1til, aberto e flex\u00edvel de ultrassom, baseado em dispositivos reconfigur\u00e1veis Field Programmable Gate Array (FPGA), para investiga\u00e7\u00e3o de novas estrat\u00e9gias de transmiss\u00e3o, recep\u00e7\u00e3o, processamento de sinais e quantifica\u00e7\u00e3o de imagens em tempo real, visando contribuir com a pesquisa e o desenvolvimento de equipamentos de diagn\u00f3stico m\u00e9dico por imagem de ultrassom no Pa\u00eds. (1) Processo CNPq: 306579\/2016-2. Demanda\/Chamada: Chamada CNPq N\u00ba 11\/2016 &#8211; Bolsa de Produtividade em Desenvolvimento Tecnol\u00f3gico e Extens\u00e3o Inovadora &#8211; DT. Modalidade: DT. Categoria\/N\u00edvel: 2. (2) Auxilio financeiro dos Editais PROPPG 07\/2018, 07\/2019, 07\/2020, 07\/2021 e 07\/2022- Programa de Apoio a Pesquisa Cient\u00edfica e Desenvolvimento Tecnol\u00f3gico (PAPCDT) &#8211; UTFPR.<br>Situa\u00e7\u00e3o: Em andamento.<br>Alunos envolvidos: Gradua\u00e7\u00e3o: (3) \/ Mestrado acad\u00eamico: (1) \/ Mestrado profissional: (2) \/ Doutorado: (2) .<\/p>\n\n\n\n<p>Integrantes: Amauri Amorin Assef &#8211; Coordenador \/ Joaquim Miguel Maia &#8211; Integrante \/ Eduardo Tavares Costa &#8211; Integrante.<br>Financiador(es): Universidade Tecnol\u00f3gica Federal do Paran\u00e1 &#8211; Aux\u00edlio financeiro \/ Conselho Nacional de Desenvolvimento Cient\u00edfico e Tecnol\u00f3gico &#8211; Bolsa.<\/p>\n\n\n\n<hr class=\"wp-block-separator has-alpha-channel-opacity\"\/>\n\n\n\n<h3 class=\"wp-block-heading\">2017 &#8211; Atual<\/h3>\n\n\n\n<p><strong>Desenvolvimento de m\u00f3dulos de transmiss\u00e3o, recep\u00e7\u00e3o e processamento de sinais de ultrassom de baixo custo para aplica\u00e7\u00f5es m\u00e9dicas<\/strong><\/p>\n\n\n\n<p>Descri\u00e7\u00e3o: Este projeto visa contribuir significantemente com o Desenvolvimento Cient\u00edfico e Tecnol\u00f3gico e Inova\u00e7\u00e3o atrav\u00e9s da concep\u00e7\u00e3o de m\u00f3dulos embarcados de transmiss\u00e3o (Tx), recep\u00e7\u00e3o (Rx) e processamento de sinais de ultrassom adequados para utiliza\u00e7\u00e3o no setor de equipamentos para assist\u00eancia \u00e0 sa\u00fade, visto que n\u00e3o h\u00e1 no pa\u00eds grupos\/empresas que dominem toda a tecnologia para desenvolvimento de hardware, software e firmware voltados \u00e0 obten\u00e7\u00e3o de imagens para aux\u00edlio ao diagn\u00f3stico m\u00e9dico por ultrassom. Al\u00e9m disso, o desenvolvimento de tais m\u00f3dulos visa o estudo para implementa\u00e7\u00e3o futura de novas plataformas tecnol\u00f3gicas, abertas e flex\u00edveis de ultrassom, para apoiar o desenvolvimento de pesquisas e t\u00e9cnicas inovadoras, mais seguras, baratas e que possam atender uma parcela maior da popula\u00e7\u00e3o, promovendo o desenvolvimento de tecnologia nacional, capacita\u00e7\u00e3o e forma\u00e7\u00e3o de recursos humanos. Foi aprovada uma Bolsa de Inova\u00e7\u00e3o para estudante de gradua\u00e7\u00e3o, dentro dos Programas Institucionais de Inova\u00e7\u00e3o &#8211; EDITAL PROREC 02\/2017-UTFPR-INOVA\u00c7\u00c3O..<br>Situa\u00e7\u00e3o: Em andamento.<br>Alunos envolvidos: Gradua\u00e7\u00e3o: (2) \/ Mestrado profissional: (1) .<\/p>\n\n\n\n<p>Integrantes: Amauri Amorin Assef &#8211; Coordenador \/ Joaquim Miguel Maia &#8211; Integrante \/ Eduardo Tavares Costa &#8211; Integrante.<br>Financiador(es): Universidade Tecnol\u00f3gica Federal do Paran\u00e1 &#8211; Bolsa.<\/p>\n\n\n\n<hr class=\"wp-block-separator has-alpha-channel-opacity\"\/>\n\n\n\n<h3 class=\"wp-block-heading\">2016 &#8211; 2018<\/h3>\n\n\n\n<p><strong>Implementa\u00e7\u00e3o de uma plataforma aberta e port\u00e1til de ultrassom baseada em dispositivos FPGA para investiga\u00e7\u00e3o de novos m\u00e9todos de processamento e gera\u00e7\u00e3o de imagens em tempo real &#8211; Custeio para Desenvolvimento de Projeto de Pesquisa (CAPES)<\/strong><\/p>\n\n\n\n<p>Descri\u00e7\u00e3o: Descri\u00e7\u00e3o: Neste projeto prop\u00f5e-se o estudo e a implementa\u00e7\u00e3o de uma plataforma tecnol\u00f3gica port\u00e1til de ultrassom com ambos os segmentos front-end e back-end baseados em dispositivos FPGA para investiga\u00e7\u00e3o de novas t\u00e9cnicas de transmiss\u00e3o, recep\u00e7\u00e3o e processamento de sinais e imagens em tempo real. Trata-se de um sistema multicanal com excita\u00e7\u00e3o multin\u00edvel, totalmente program\u00e1vel, aberto e flex\u00edvel, adequado para apoio \u00e0 pesquisa e desenvolvimento de equipamentos de diagn\u00f3stico por imagem de ultrassom no Pa\u00eds. O desempenho do sistema proposto ser\u00e1 avaliado comparando-se os resultados te\u00f3ricos e experimentais atrav\u00e9s da aplica\u00e7\u00e3o de t\u00e9cnicas de reconstru\u00e7\u00e3o de imagens em Modo B tradicionais, implementadas em linguagem VHDL e C, com os resultados obtidos pela ferramenta de simula\u00e7\u00e3o de campo ac\u00fastico FIELD II e pelo equipamento comercial Sonix MDP (Ultrasonix Medical Corp., Canad\u00e1) em phantoms mimetizadores de tecidos biol\u00f3gicos de ultrassom. Editais PROPPG 07\/2016 e 07\/2017 &#8211; Programa de Apoio a Pesquisa Cient\u00edfica e Desenvolvimento Tecnol\u00f3gico (PAPCDT) &#8211; UTFPR\/CAPES..<br>Situa\u00e7\u00e3o: Conclu\u00eddo.<br>Alunos envolvidos: Gradua\u00e7\u00e3o: (2) \/ Mestrado profissional: (2) \/ Doutorado: (2) .<\/p>\n\n\n\n<p>Integrantes: Amauri Amorin Assef &#8211; Coordenador \/ Joaquim Miguel Maia &#8211; Integrante \/ Eduardo Tavares Costa &#8211; Integrante \/ Breno Mendes Ferreira &#8211; Integrante.<br>Financiador(es): Coordena\u00e7\u00e3o de Aperfei\u00e7oamento de Pessoal de N\u00edvel Superior &#8211; Aux\u00edlio financeiro \/ Universidade Tecnol\u00f3gica Federal do Paran\u00e1 &#8211; Aux\u00edlio financeiro.<\/p>\n\n\n\n<hr class=\"wp-block-separator has-alpha-channel-opacity\"\/>\n\n\n\n<h3 class=\"wp-block-heading\">2015 &#8211; 2015<\/h3>\n\n\n\n<p><strong>Implementa\u00e7\u00e3o de uma plataforma aberta e port\u00e1til de ultrassom baseada em dispositivos FPGA para investiga\u00e7\u00e3o de novos m\u00e9todos de processamento e gera\u00e7\u00e3o de imagens em tempo real &#8211; Custeio para Desenvolvimento de Projeto de Pesquisa (CAPES)<\/strong><\/p>\n\n\n\n<p>Descri\u00e7\u00e3o: Neste projeto prop\u00f5e-se o estudo e a implementa\u00e7\u00e3o de uma plataforma tecnol\u00f3gica port\u00e1til de ultrassom com ambos os segmentos front-end e back-end baseados em dispositivos FPGA para investiga\u00e7\u00e3o de novas t\u00e9cnicas de transmiss\u00e3o, recep\u00e7\u00e3o e processamento de sinais e imagens em tempo real. Trata-se de um sistema multicanal com excita\u00e7\u00e3o multin\u00edvel, totalmente program\u00e1vel, aberto e flex\u00edvel, adequado para apoio \u00e0 pesquisa e desenvolvimento de equipamentos de diagn\u00f3stico por imagem de ultrassom no Pa\u00eds. O desempenho do sistema proposto ser\u00e1 avaliado comparando-se os resultados te\u00f3ricos e experimentais atrav\u00e9s da aplica\u00e7\u00e3o de t\u00e9cnicas de reconstru\u00e7\u00e3o de imagens em Modo B tradicionais, implementadas em linguagem VHDL e C, com os resultados obtidos pela ferramenta de simula\u00e7\u00e3o de campo ac\u00fastico FIELD II e pelo equipamento comercial Sonix MDP (Ultrasonix Medical Corp., Canad\u00e1) em phantoms mimetizadores de tecidos biol\u00f3gicos de ultrassom. Aux\u00edlio financeiro para custeio de projeto de pesquisa cient\u00edfica e de desenvolvimento Tecnol\u00f3gico (PAPCDT) &#8211; UTFPR\/CAPES..<br>Situa\u00e7\u00e3o: Conclu\u00eddo.<br>Alunos envolvidos: Gradua\u00e7\u00e3o: (2) \/ Mestrado profissional: (3) \/ Doutorado: (1) .<\/p>\n\n\n\n<p>Integrantes: Amauri Amorin Assef &#8211; Coordenador \/ Joaquim Miguel Maia &#8211; Integrante \/ COSTA &#8211; Integrante.<br>Financiador(es): Coordena\u00e7\u00e3o de Aperfei\u00e7oamento de Pessoal de N\u00edvel Superior &#8211; Aux\u00edlio financeiro \/ Universidade Tecnol\u00f3gica Federal do Paran\u00e1 &#8211; Aux\u00edlio financeiro.<\/p>\n\n\n\n<hr class=\"wp-block-separator has-alpha-channel-opacity\"\/>\n\n\n\n<h3 class=\"wp-block-heading\">2014 &#8211; 2018<\/h3>\n\n\n\n<p><strong>Implementa\u00e7\u00e3o de uma plataforma aberta e port\u00e1til de ultrassom baseada em dispositivos FPGA para investiga\u00e7\u00e3o de novos m\u00e9todos de processamento e gera\u00e7\u00e3o de imagens em tempo real (Processo 456857\/2014-1)<\/strong><\/p>\n\n\n\n<p>Descri\u00e7\u00e3o: Neste projeto prop\u00f5e-se o estudo e a implementa\u00e7\u00e3o de uma plataforma tecnol\u00f3gica port\u00e1til de ultrassom com ambos os segmentos front-end e back-end baseados em dispositivos FPGA para investiga\u00e7\u00e3o de novas t\u00e9cnicas de transmiss\u00e3o, recep\u00e7\u00e3o e processamento de sinais e imagens em tempo real. Trata-se de um sistema multicanal com excita\u00e7\u00e3o multin\u00edvel, totalmente program\u00e1vel, aberto e flex\u00edvel, adequado para apoio \u00e0 pesquisa e desenvolvimento de equipamentos de diagn\u00f3stico por imagem de ultrassom no Pa\u00eds. O desempenho do sistema proposto ser\u00e1 avaliado comparando-se os resultados te\u00f3ricos e experimentais atrav\u00e9s da aplica\u00e7\u00e3o de t\u00e9cnicas de reconstru\u00e7\u00e3o de imagens em Modo B tradicionais, implementadas em linguagem VHDL e C, com os resultados obtidos pela ferramenta de simula\u00e7\u00e3o de campo ac\u00fastico FIELD II e pelo equipamento comercial Sonix MDP (Ultrasonix Medical Corp., Canad\u00e1) em phantoms mimetizadores de tecidos biol\u00f3gicos de ultrassom. Chamada P\u00fablica MCTI\/CNPQ\/Universal 14\/2014, DOU n\u00ba 222, segunda-feira, 17 de novembro de 2014.<br>Situa\u00e7\u00e3o: Conclu\u00eddo.<br>Alunos envolvidos: Gradua\u00e7\u00e3o: (2) \/ Mestrado profissional: (3) \/ Doutorado: (1) .<\/p>\n\n\n\n<p>Integrantes: Amauri Amorin Assef &#8211; Coordenador \/ Joaquim Miguel Maia &#8211; Integrante \/ Fabio K. Schneider &#8211; Integrante \/ Eduardo Tavares Costa &#8211; Integrante \/ Vera L\u00facia da Silveira Nantes Button &#8211; Integrante \/ Marcelo Victor Wurst Zibetti &#8211; Integrante.<br>Financiador(es): Conselho Nacional de Desenvolvimento Cient\u00edfico e Tecnol\u00f3gico &#8211; Aux\u00edlio financeiro.<br>N\u00famero de produ\u00e7\u00f5es C, T &amp; A: 1<\/p>\n\n\n\n<hr class=\"wp-block-separator has-alpha-channel-opacity\"\/>\n\n\n\n<h3 class=\"wp-block-heading\">2014 &#8211; Atual<\/h3>\n\n\n\n<p><strong>Avalia\u00e7\u00e3o de Novos M\u00e9todos de Gera\u00e7\u00e3o de Imagens por Ultrassom Baseados em Arquitetura de Hardware Multicanal Reconfigur\u00e1vel<\/strong><\/p>\n\n\n\n<p>Descri\u00e7\u00e3o: Esta proposta tem como objetivo principal o desenvolvimento e avalia\u00e7\u00e3o de novos m\u00e9todos de gera\u00e7\u00e3o de imagens por US baseados em arquitetura de hardware front-end multicanal reconfigur\u00e1vel e back-end embarcado em computador ou em kits de FPGA e DSP. Dessa forma, ser\u00e1 utilizada a plataforma prot\u00f3tipo de bancada ULTRA-ORS (do ingl\u00eas Ultrasound Open Research System), desenvolvida durante a tese de doutoramento do proponente no Programa de P\u00f3s-Gradua\u00e7\u00e3o em Eng. El\u00e9trica e Inform\u00e1tica Industrial ? CPGEI (ASSEF, 2013), \u00e1rea de concentra\u00e7\u00e3o em Engenharia Biom\u00e9dica, como sistema base para o desenvolvimento das pesquisas..<br>Situa\u00e7\u00e3o: Em andamento.<br>Alunos envolvidos: Gradua\u00e7\u00e3o: (2) \/ Mestrado profissional: (3) \/ Doutorado: (1) .<\/p>\n\n\n\n<p>Integrantes: Amauri Amorin Assef &#8211; Coordenador \/ Joaquim Miguel Maia &#8211; Integrante \/ Eduardo Tavares Costa &#8211; Integrante \/ Breno Mendes Ferreira &#8211; Integrante.<\/p>\n\n\n\n<hr class=\"wp-block-separator has-alpha-channel-opacity\"\/>\n\n\n\n<h3 class=\"wp-block-heading\">2013 &#8211; Atual<\/h3>\n\n\n\n<p><strong>Plataforma de processamento de sinais de ultrassom e reconstru\u00e7\u00e3o de imagens utilizando FPGA, processadores multicore e t\u00e9cnicas de arrays esparsos e plane wave<\/strong><\/p>\n\n\n\n<p>Descri\u00e7\u00e3o: Neste projeto prop\u00f5e-se o desenvolvimento de uma plataforma de processamento de sinais e reconstru\u00e7\u00e3o de imagens por ultrassom com FPGA e processadores VLIW (Very Long Instruction Word) multicore, de arquitetura reconfigur\u00e1vel e algoritimos eficientes. Durante o trabalho ser\u00e3o desenvolvidos circuitos eletr\u00f4nicos e perif\u00e9ricos, bem como o estudo e implementa\u00e7\u00e3o de filtros especiais, testes, simula\u00e7\u00f5es e aplica\u00e7\u00e3o das t\u00e9cnicas de gera\u00e7\u00e3o e recep\u00e7\u00e3o de imagens tradicionais utilizando os algoritmos de reconstru\u00e7\u00e3o de sinais (Delay &amp; Sum, phase rotation e interpolation based). Os novos algoritmos propostos para reduzir o tempo de processamento dos mapas de RF ser\u00e3o desenvolvidos utilizando-se c\u00f3digos em linguagem VHDL e C para a plataforma. A avalia\u00e7\u00e3o dos resultados obtidos ser\u00e1 feita comparando-se os algoritmos implementados com os resultados obtidos pelo simulador FIELD II e pelas Plataformas de Pesquisa (Plataforma de Arquitetura Aberta desenvolvida no projeto em vig\u00eancia e o equipamento Sonix MDP da Ultrasonix) utilizando-se phantoms de uso geral que possam simular as propriedades ac\u00fasticas e el\u00e1sticas dos tecidos biol\u00f3gicos. Tamb\u00e9m ser\u00e3o investigadas novas t\u00e9cnicas para gera\u00e7\u00e3o de imagens de ultrassom em tempo real que permita o aumento da taxa de varredura atrav\u00e9s da diminui\u00e7\u00e3o do n\u00famero de disparos dos elementos do transdutor. A pesquisa ser\u00e1 desenvolvida com base em algumas t\u00e9cnicas que j\u00e1 v\u00eam sendo avaliadas, tais como plane wave, arrays esparsos e outras a serem definidas.<br>Situa\u00e7\u00e3o: Em andamento.<br>Alunos envolvidos: Gradua\u00e7\u00e3o: (2) \/ Mestrado acad\u00eamico: (2) \/ Doutorado: (3) .<\/p>\n\n\n\n<p>Integrantes: Amauri Amorin Assef &#8211; Integrante \/ Joaquim Miguel Maia &#8211; Coordenador \/ Fabio Kurt Schneider &#8211; Integrante \/ Eduardo Tavares Costa &#8211; Integrante \/ Vera L\u00facia da Silveira Nantes Button &#8211; Integrante.<\/p>\n\n\n\n<hr class=\"wp-block-separator has-alpha-channel-opacity\"\/>\n\n\n\n<h3 class=\"wp-block-heading\">2010 &#8211; 2022<\/h3>\n\n\n\n<p><strong>ULTRASSOM2 &#8211; Desenvolvimento de plataforma tecnol\u00f3gica para equipamentos de ultrassom diagn\u00f3stico<\/strong><\/p>\n\n\n\n<p>Descri\u00e7\u00e3o: Projeto para desenvolvimento de um equipamento nacional de ultrassom diagn\u00f3stico. O projeto envolve os grupos de pesquisa em ultrassom das seguintes institui\u00e7\u00f5es: Universidade Estadual de Campinas &#8211; UNICAMP, Universidade de S\u00e3o Paulo &#8211; USP (POLI-Mec\u00e2nica e GIIMUS\/FFCL-RP), Universidade Federal do Rio de Janeiro &#8211; COPPE\/UFRJ, Universidade Tecnol\u00f3gica Federal do Paran\u00e1 &#8211; UTFPR, Universidade Federal de S\u00e3o Carlos &#8211; UFSCAR e Hospital de Cl\u00ednicas da Faculdade de Medicina da Universidade de S\u00e3o Paulo &#8211; INCOR\/HC\/USP. O suporte financeiro \u00e9 da FINEP.<br>Situa\u00e7\u00e3o: Conclu\u00eddo.<br>Alunos envolvidos: Gradua\u00e7\u00e3o: (6) \/ Mestrado acad\u00eamico: (2) \/ Doutorado: (2) .<\/p>\n\n\n\n<p>Integrantes: Amauri Amorin Assef &#8211; Integrante \/ Joaquim Miguel Maia &#8211; Integrante \/ Fabio Kurt Schneider &#8211; Integrante \/ Eduardo Tavares Costa &#8211; Coordenador \/ Vera L\u00facia da Silveira Nantes Button &#8211; Integrante \/ Antonio Adilton Oliveira Carneiro &#8211; Integrante \/ Jo\u00e3o Carlos Machado &#8211; Integrante \/ Wagner Coelho de Albuquerque Pereira &#8211; Integrante \/ Marco Antonio von Kr\u00fcger &#8211; Integrante \/ Julio Cezar Adamowski &#8211; Integrante \/ Jos\u00e9 Antonio Eiras &#8211; Integrante \/ Flavio Buiochi &#8211; Integrante.<\/p>\n","protected":false},"excerpt":{"rendered":"<p>2022 &#8211; Atual Avalia\u00e7\u00e3o e desenvolvimento de novas t\u00e9cnicas para processamento de sinais e gera\u00e7\u00e3o de imagens de ultrassom em plataformas abertas de pesquisa Projeto certificado pelo(a) coordenador(a) Joaquim Miguel Maia em 17\/10\/2022.Descri\u00e7\u00e3o: Este projeto tem por objetivo o estudo e desenvolvimento de novas t\u00e9cnicas de processamento digital de sinais para gera\u00e7\u00e3o de imagens de [&hellip;]<\/p>\n","protected":false},"author":153,"featured_media":0,"parent":0,"menu_order":0,"comment_status":"closed","ping_status":"closed","template":"","meta":{"footnotes":""},"class_list":["post-119","page","type-page","status-publish","czr-hentry"],"_links":{"self":[{"href":"https:\/\/utfpr.curitiba.br\/lus\/wp-json\/wp\/v2\/pages\/119","targetHints":{"allow":["GET"]}}],"collection":[{"href":"https:\/\/utfpr.curitiba.br\/lus\/wp-json\/wp\/v2\/pages"}],"about":[{"href":"https:\/\/utfpr.curitiba.br\/lus\/wp-json\/wp\/v2\/types\/page"}],"author":[{"embeddable":true,"href":"https:\/\/utfpr.curitiba.br\/lus\/wp-json\/wp\/v2\/users\/153"}],"replies":[{"embeddable":true,"href":"https:\/\/utfpr.curitiba.br\/lus\/wp-json\/wp\/v2\/comments?post=119"}],"version-history":[{"count":7,"href":"https:\/\/utfpr.curitiba.br\/lus\/wp-json\/wp\/v2\/pages\/119\/revisions"}],"predecessor-version":[{"id":460,"href":"https:\/\/utfpr.curitiba.br\/lus\/wp-json\/wp\/v2\/pages\/119\/revisions\/460"}],"wp:attachment":[{"href":"https:\/\/utfpr.curitiba.br\/lus\/wp-json\/wp\/v2\/media?parent=119"}],"curies":[{"name":"wp","href":"https:\/\/api.w.org\/{rel}","templated":true}]}}