{"id":72,"date":"2020-11-20T01:43:55","date_gmt":"2020-11-20T04:43:55","guid":{"rendered":"https:\/\/lpee.ct.utfpr.edu.br\/?page_id=72"},"modified":"2024-02-05T15:41:14","modified_gmt":"2024-02-05T18:41:14","slug":"dissertacoes","status":"publish","type":"page","link":"https:\/\/utfpr.curitiba.br\/lpee\/dissertacoes\/","title":{"rendered":"Disserta\u00e7\u00f5es"},"content":{"rendered":"\n<h2 class=\"wp-block-heading\">2023<\/h2>\n\n\n\n<p>Vitor Alexandre Zytkowski. Conversor buck-boost interleaved com modula\u00e7\u00e3o em frequ\u00eancia aplicado a corre\u00e7\u00e3o de fator de pot\u00eancia. 2023. Disserta\u00e7\u00e3o (Mestrado em Engenharia El\u00e9trica e Inform\u00e1tica Industrial) &#8211; Universidade Tecnol\u00f3gica Federal do Paran\u00e1, . Orientador: Alceu Andre Badin.<\/p>\n\n\n\n<h2 class=\"wp-block-heading\">2022<\/h2>\n\n\n\n<p>Leandro de Orte Stamm. Retificador Trif\u00e1sico para Gera\u00e7\u00e3o E\u00f3lica Empregando o Conversor SEPIC Modificado para Gera\u00e7\u00e3o E\u00f3lica. 2022. Disserta\u00e7\u00e3o (Mestrado em Engenharia El\u00e9trica e Inform\u00e1tica Industrial) &#8211; Universidade Tecnol\u00f3gica Federal do Paran\u00e1, Conselho Nacional de Desenvolvimento Cient\u00edfico e Tecnol\u00f3gico. Orientador: Roger Gules.<\/p>\n\n\n\n<p>Jhonatan de Abreu Soares Pontes. retificador boost trif\u00e1sico isolado com mppt para geradores e\u00f3licos de pequeno porte.. 2022. Disserta\u00e7\u00e3o (Mestrado em Engenharia El\u00e9trica e Inform\u00e1tica Industrial) &#8211; Universidade Tecnol\u00f3gica Federal do Paran\u00e1, A Funda\u00e7\u00e3o de Apoio \u00e0 Educa\u00e7\u00e3o, Pesq. e Desenv. Cient. da UTFPR. Orientador: Alceu Andre Badin.<\/p>\n\n\n\n<p>Milton Mariano Xavier. Retificador SEPIC trif\u00e1sico isolado operando em DCM para aplica\u00e7\u00e3o em aerogeradores de pequeno porte. 2022. Disserta\u00e7\u00e3o (Mestrado em programa de p\u00f3s-gradua\u00e7\u00e3o em sistemas de energia (PPGSE)) &#8211; Universidade Tecnol\u00f3gica Federal do Paran\u00e1, . Orientador: Daniel Flores Cortez.<\/p>\n\n\n\n<h2 class=\"wp-block-heading\">2021<\/h2>\n\n\n\n<p>Jefferson Wilhelm Meyer Soares. C\u00e9lula De Comuta\u00e7\u00e3o Intercalada Para Conversores Com Caracter\u00edsticas De Seguidor De Tens\u00e3o E Comuta\u00e7\u00e3o Suave. 2021. Disserta\u00e7\u00e3o (Mestrado em Engenharia El\u00e9trica e Inform\u00e1tica Industrial) &#8211; Universidade Tecnol\u00f3gica Federal do Paran\u00e1, . Orientador: Alceu Andre Badin.<\/p>\n\n\n\n<p><br>Luis Paulo Custodio. RETIFICADOR BOOST TRIF\u00c1SICO INTERCALADO COM RASTREAMENTO DO PONTO DE M\u00c1XIMA POT\u00caNCIA PARA APLICA\u00c7\u00c3O EM AEROGERADOR DE PEQUENO PORTE. 2021. Disserta\u00e7\u00e3o (Mestrado em programa de p\u00f3s-gradua\u00e7\u00e3o em sistemas de energia (PPGSE)) &#8211; Universidade Tecnol\u00f3gica Federal do Paran\u00e1, . Orientador: Daniel Flores Cortez. Coorientador: Amauri Assef<\/p>\n\n\n\n<h2 class=\"wp-block-heading publicacoes\">2020<\/h2>\n\n\n\n<p class=\"publicacoes has-normal-font-size\">Bruno Wilson Barbosa De Brito. <strong>Estudo de retificadores monof\u00e1sicos modulares ISOS baseados no conversor flyback.<\/strong> 2020. Disserta\u00e7\u00e3o (Mestrado em Engenharia El\u00e9trica e Inform\u00e1tica Industrial) &#8211; Universidade Tecnol\u00f3gica Federal do Paran\u00e1, Coordena\u00e7\u00e3o de Aperfei\u00e7oamento de Pessoal de N\u00edvel Superior. Orientador: Alceu Andre Badin.<\/p>\n\n\n\n<p class=\"publicacoes has-normal-font-size\">Danilo Fernandes Gomes. <strong>Gera\u00e7\u00e3o de imagens por ultrassom utilizando t\u00e9cnicas de beamformers adaptadtivos e sparce array.<\/strong> 2020. Disserta\u00e7\u00e3o (Mestrado em Engenharia El\u00e9trica e Inform\u00e1tica Industrial) &#8211; Universidade Tecnol\u00f3gica Federal do Paran\u00e1, . Coorientador: Amauri Amorin Assef.<\/p>\n\n\n\n<p class=\"publicacoes has-normal-font-size\">Jonathan de Oliveira. <strong><a href=\"http:\/\/repositorio.utfpr.edu.br\/jspui\/handle\/1\/5100\">Implementa\u00e7\u00e3o de um sistema de transfer\u00eancia de dados de ultrassom via Ethernet e processamento embarcado em dispositivo FPGA<\/a>.<\/strong> 2020. Disserta\u00e7\u00e3o (Mestrado em Sistemas de Energia) &#8211; Universidade Tecnol\u00f3gica Federal do Paran\u00e1, . Orientador: Amauri Amorin Assef.<\/p>\n\n\n\n<p class=\"publicacoes has-normal-font-size\">Julio Cesar Moura Fa\u00e9. <strong>Estudo e An\u00e1lise de Topologias de Inversores Fotovoltaicos Conectados a Rede El\u00e9trica.<\/strong> 2020. Disserta\u00e7\u00e3o (Mestrado em Programa de P\u00f3s-Gradua\u00e7\u00e3o em Sistemas de Energia) &#8211; Universidade Tecnol\u00f3gica Federal do Paran\u00e1, . Orientador: Roger Gules.<\/p>\n\n\n\n<p class=\"publicacoes has-normal-font-size\">MICHEL ANDREY FREITAS DE SOUZA KOHLER. <strong><a href=\"https:\/\/repositorio.utfpr.edu.br\/jspui\/bitstream\/1\/5280\/1\/retificadorboostcinconiveis.pdf\">RETIFICADOR BOOST MONOF\u00c1SICO PWM DE CINCO N\u00cdVEIS COM CORRE\u00c7\u00c3O DO FATOR DE POT\u00caNCIA<\/a>.<\/strong> 2020. Disserta\u00e7\u00e3o (Mestrado em Sistemas de Energia) &#8211; Universidade Tecnol\u00f3gica Federal do Paran\u00e1, . Orientador: Daniel Flores Cortez.<\/p>\n\n\n\n<p class=\"publicacoes has-normal-font-size\">Rodrigo Lacerda Taschetto. <strong><a href=\"http:\/\/repositorio.utfpr.edu.br\/jspui\/handle\/1\/5281\">An\u00e1lise e desenvolvimento de modula\u00e7\u00e3o vetorial espacial em FPGA aplicado em inversor trif\u00e1sico multin\u00edvel NPC<\/a>.<\/strong> 2020. Disserta\u00e7\u00e3o (Mestrado em Sistemas de Energia) &#8211; Universidade Tecnol\u00f3gica Federal do Paran\u00e1, . Orientador: Amauri Amorin Assef, Coorientador: Daniel Flores Cortez<\/p>\n\n\n\n<p class=\"publicacoes has-normal-font-size\">Victor Habermann Avila. <strong>Control and quality analysis of grid connected inverters output current.<\/strong> 2020. Disserta\u00e7\u00e3o (Mestrado em Renewable Energies and Energy Efficiency) &#8211; Instituto Polit\u00e9cnico de Bragan\u00e7a, . Coorientador: Roger Gules.<\/p>\n\n\n\n<h2 class=\"wp-block-heading publicacoes\">2019<\/h2>\n\n\n\n<p class=\"publicacoes has-normal-font-size\">Eduardo da Silva. <strong><a href=\"http:\/\/repositorio.utfpr.edu.br\/jspui\/handle\/1\/4672\">Desenvolvimento de um retificador boost half-bridge integrado a um conversor cc-cc buck-boost para aplica\u00e7\u00f5es em UPS<\/a>.<\/strong> 2019. Disserta\u00e7\u00e3o (Mestrado em Engenharia El\u00e9trica e Inform\u00e1tica Industrial) &#8211; Universidade Tecnol\u00f3gica Federal do Paran\u00e1, . Orientador: Alceu Andre Badin.<\/p>\n\n\n\n<p class=\"publicacoes has-normal-font-size\">Gustavo Cardoso Orsi. <strong><a href=\"http:\/\/repositorio.utfpr.edu.br\/jspui\/handle\/1\/4287\">Estrat\u00e9gias de controle para corre\u00e7\u00e3o da distor\u00e7\u00e3o harm\u00f4nica da corrente de entrada do retificador boost entrela\u00e7ado em s\u00e9rie<\/a>.<\/strong> 2019. Disserta\u00e7\u00e3o (Mestrado em Programa de P\u00f3s-Gradua\u00e7\u00e3o em Sistemas de Energia) &#8211; Universidade Tecnol\u00f3gica Federal do Paran\u00e1, . Orientador: Alceu Andre Badin.<\/p>\n\n\n\n<p class=\"publicacoes has-normal-font-size\">Victor Hugo Evangelista Scarsi. <strong><a href=\"http:\/\/repositorio.utfpr.edu.br\/jspui\/handle\/1\/4705\">Estudo da Economia de Energia Proveniente do Controle Inteligente de Ilumina\u00e7\u00e3o Aplicando Par\u00e2metros da Certifica\u00e7\u00e3o LEED &#8211; Estudo de Caso<\/a>.<\/strong> 2019. Disserta\u00e7\u00e3o (Mestrado em Sistemas de Energia) &#8211; Universidade Tecnol\u00f3gica Federal do Paran\u00e1, . Orientador: Amauri Amorin Assef.<\/p>\n\n\n\n<p class=\"publicacoes has-normal-font-size\">Victor Gati. <strong>Desenvolvimento De Um Sistema Duplo Com Conversor Boost Ponte Completa CC-CC Isolado E Conversor Meia Ponte CC-CA.<\/strong> 2019. Disserta\u00e7\u00e3o (Mestrado em Sistemas de Energia) &#8211; Universidade Tecnol\u00f3gica Federal do Paran\u00e1, . Coorientador: Amauri Amorin Assef.<\/p>\n\n\n\n<h2 class=\"wp-block-heading publicacoes\">2018<\/h2>\n\n\n\n<p class=\"publicacoes has-normal-font-size\">Stacy Barcelos de Franco. <strong><a href=\"http:\/\/repositorio.utfpr.edu.br\/jspui\/handle\/1\/3896\">Estudo de um conversor CA-CC e CC-CA integrados para aerogeradores de baixa pot\u00eancia aprlicados a micrgera\u00e7\u00e3o<\/a>.<\/strong> 2018. Disserta\u00e7\u00e3o (Mestrado em Programa de P\u00f3s-Gradua\u00e7\u00e3o em Sistemas de Energia) &#8211; Universidade Tecnol\u00f3gica Federal do Paran\u00e1, A Funda\u00e7\u00e3o de Apoio \u00e0 Educa\u00e7\u00e3o, Pesq. e Desenv. Cient. da UTFPR. Orientador: Alceu Andre Badin.<\/p>\n\n\n\n<p class=\"publicacoes has-normal-font-size\">F\u00c1BIO INOC\u00caNCIO KRAVETZ. <strong>CONVERSORES CC-CC N\u00c3O ISOLADOS DE ALTO GANHO EST\u00c1TICO.<\/strong> 2018. Disserta\u00e7\u00e3o (Mestrado em Engenharia El\u00e9trica e Inform\u00e1tica Industrial) &#8211; Universidade Tecnol\u00f3gica Federal do Paran\u00e1, . Orientador: Roger Gules.<\/p>\n\n\n\n<h2 class=\"wp-block-heading publicacoes\">2017<\/h2>\n\n\n\n<p class=\"publicacoes has-normal-font-size\">Breno Mendes Ferreira. <strong><a href=\"http:\/\/repositorio.utfpr.edu.br\/jspui\/handle\/1\/2874\">Modelagem e Implementa\u00e7\u00e3o de um Sistema de Processamento Digital de Sinais Baseado em FPGA para Gera\u00e7\u00e3o de Imagens por Ultrassom Usando o Simulink<\/a>.<\/strong> 2017. Disserta\u00e7\u00e3o (Mestrado em Sistemas de Energia) &#8211; Universidade Tecnol\u00f3gica Federal do Paran\u00e1, . Orientador: Amauri Amorin Assef.<\/p>\n\n\n\n<p class=\"publicacoes has-normal-font-size\">Juliano Luiz Dos Santos De Morais. <strong>Desenvolvimento de Conversores CC-CC Three-Port.<\/strong> 2017. Disserta\u00e7\u00e3o (Mestrado em Engenharia El\u00e9trica e Inform\u00e1tica Industrial) &#8211; Universidade Tecnol\u00f3gica Federal do Paran\u00e1, . Orientador: Roger Gules.<\/p>\n\n\n\n<p class=\"publicacoes has-normal-font-size\">JULIO CEZAR DOS SANTOS DE MORAIS. <strong>ESTUDOS SOBRE CONVERSOR DC-DC CUK COM ALTO GANHO EST\u00c1TICO APLICADO A SISTEMAS FOTOVOLTAICOS.<\/strong> 2017. Disserta\u00e7\u00e3o (Mestrado em Engenharia El\u00e9trica e Inform\u00e1tica Industrial) &#8211; Universidade Tecnol\u00f3gica Federal do Paran\u00e1, . Orientador: Roger Gules.<\/p>\n\n\n\n<p class=\"publicacoes has-normal-font-size\">Martin Breus Meier. <strong>Desenvolvimento de um Inversor Multin\u00edvel Monof\u00e1sico com Reduzido N\u00famero de Componentes.<\/strong> 2017. Disserta\u00e7\u00e3o (Mestrado em Engenharia El\u00e9trica e Inform\u00e1tica Industrial) &#8211; Universidade Tecnol\u00f3gica Federal do Paran\u00e1, . Orientador: Roger Gules.<\/p>\n\n\n\n<p class=\"publicacoes has-normal-font-size\">RODOLFO RENATO DE SOUZA JUNIOR. <strong>DESENVOLVIMENTO DE UM CONVERSOR CC-CC PARA ACIONAMENTO DE MOTORES DE TRA\u00c7\u00c3O DC PARA LOCOMOTIVAS DIESEL-EL\u00c9TRICAS.<\/strong> 2017. Disserta\u00e7\u00e3o (Mestrado em Programa de P\u00f3s-Gradua\u00e7\u00e3o em Sistemas de Energia) &#8211; Universidade Tecnol\u00f3gica Federal do Paran\u00e1, . Orientador: Roger Gules.<\/p>\n\n\n\n<h2 class=\"wp-block-heading publicacoes\">2015<\/h2>\n\n\n\n<p class=\"publicacoes has-normal-font-size\">Julio Cesar Secolo Ganacim. <strong>Estudo de estrat\u00e9gias de controle para retificador monf\u00e1sico isolado em alta frequ\u00eancia.<\/strong> 2015. Disserta\u00e7\u00e3o (Mestrado em Engenharia El\u00e9trica- Corn\u00e9lio Proc\u00f3pio) &#8211; Universidade Tecnol\u00f3gica Federal do Paran\u00e1, Coordena\u00e7\u00e3o de Aperfei\u00e7oamento de Pessoal de N\u00edvel Superior. Orientador: Alceu Andre Badin.<\/p>\n\n\n\n<h2 class=\"wp-block-heading publicacoes\">2014<\/h2>\n\n\n\n<p class=\"publicacoes has-normal-font-size\">Daniel Bernardo de Alvarenga. <strong><a href=\"http:\/\/repositorio.utfpr.edu.br\/jspui\/handle\/1\/840\">PROJETO E IMPLEMENTA\u00c7\u00c3O DE UM RETIFICADOR ISOLADO EM ALTA FREQU\u00caNCIA COM CONTROLE DIGITAL<\/a>.<\/strong> 2014. Disserta\u00e7\u00e3o (Mestrado em Programa de P\u00f3s-Gradua\u00e7\u00e3o em Engenharia El\u00e9trica) &#8211; Universidade Tecnol\u00f3gica Federal do Paran\u00e1, . Orientador: Roger Gules.<\/p>\n\n\n\n<p class=\"publicacoes has-normal-font-size\">Tomas Christian Hogan. <strong>Sistema de Aquecimento Indutivo Integrado a um Retificador Monof\u00e1sico de Alto Fator de Pot\u00eancia.<\/strong> 2014. Disserta\u00e7\u00e3o (Mestrado em Engenharia El\u00e9trica e Inform\u00e1tica Industrial) &#8211; Universidade Tecnol\u00f3gica Federal do Paran\u00e1, . Orientador: Roger Gules.<\/p>\n\n\n\n<h2 class=\"wp-block-heading publicacoes\">2013<\/h2>\n\n\n\n<p class=\"publicacoes has-normal-font-size\">WALTER MENEGHETTE DOS SANTOS. <strong><a href=\"http:\/\/repositorio.utfpr.edu.br\/jspui\/handle\/1\/883\">Estudo e Desenvolvimento de Paralelismo de Inversores para Aplica\u00e7\u00e3o Fotovoltaica Conectados \u00e0 Rede El\u00e9trica<\/a>.<\/strong> 2013. Disserta\u00e7\u00e3o (Mestrado em Engenharia El\u00e9trica e Inform\u00e1tica Industrial) &#8211; Universidade Tecnol\u00f3gica Federal do Paran\u00e1, . Orientador: Roger Gules.<\/p>\n\n\n\n<p class=\"publicacoes has-normal-font-size\">JANIO DENIS GABRIEL. <strong><a href=\"http:\/\/repositorio.utfpr.edu.br\/jspui\/handle\/1\/608\">Desenvolvimento do Prot\u00f3tipo de um Rel\u00e9 Digital para Gera\u00e7\u00e3o Distribu\u00edda com Integra\u00e7\u00e3o para Redes Inteligentes<\/a>.<\/strong> 2013. Disserta\u00e7\u00e3o (Mestrado em Engenharia El\u00e9trica e Inform\u00e1tica Industrial) &#8211; Universidade Tecnol\u00f3gica Federal do Paran\u00e1, . Orientador: Roger Gules.<\/p>\n\n\n\n<h2 class=\"wp-block-heading publicacoes\">2012<\/h2>\n\n\n\n<p class=\"publicacoes has-normal-font-size\">Rafael Christiano Annunziato. <strong><a href=\"http:\/\/repositorio.utfpr.edu.br\/jspui\/handle\/1\/312\">Projeto e Implementa\u00e7\u00e3o de M\u00e9todo para Conex\u00e3o Paralela de UPSs com Compartilhamento de Pot\u00eancia<\/a>.<\/strong> 2012. Disserta\u00e7\u00e3o (Mestrado em Engenharia El\u00e9trica e Inform\u00e1tica Industrial) &#8211; Universidade Tecnol\u00f3gica Federal do Paran\u00e1, . Orientador: Roger Gules.<\/p>\n\n\n\n<h2 class=\"wp-block-heading publicacoes\">2010<\/h2>\n\n\n\n<p class=\"publicacoes has-normal-font-size\">Priscila Facco de Melo. <strong>Desenvolvimento de um Filtro Ativo Universal Trif\u00e1sico Controlado Digitalmente.<\/strong> 2010. Disserta\u00e7\u00e3o (Mestrado em Programa de P\u00f3s-Gradua\u00e7\u00e3o em Engenharia El\u00e9trica) &#8211; Universidade Tecnol\u00f3gica Federal do Paran\u00e1, . Orientador: Roger Gules.<\/p>\n\n\n\n<h2 class=\"wp-block-heading publicacoes\">2009<\/h2>\n\n\n\n<p class=\"publicacoes has-normal-font-size\">Juliano de Pellegrin Pacheco. <strong><a href=\"https:\/\/repositorio.utfpr.edu.br\/jspui\/bitstream\/1\/905\/1\/CT_CPGEI_M_Pacheco%2C%20Juliano%20de%20Pellegrin_2009.pdf\">Otimiza\u00e7\u00e3o da Energia Gerada por Pain\u00e9is Solares Fotovoltaicos em Sistemas Isolados da Rede El\u00e9trica<\/a>.<\/strong> 2009. Disserta\u00e7\u00e3o (Mestrado em Programa de P\u00f3s-Gradua\u00e7\u00e3o em Engenharia El\u00e9trica) &#8211; Universidade Tecnol\u00f3gica Federal do Paran\u00e1, . Orientador: Roger Gules.<\/p>\n\n\n\n<h2 class=\"wp-block-heading publicacoes\">2008<\/h2>\n\n\n\n<p class=\"publicacoes has-normal-font-size\">Gustavo Emmendoerfer. <strong>Desenvolvimento e Implementa\u00e7\u00e3o de um Sistema de Medi\u00e7\u00e3o Inercial de Trajet\u00f3ria de Dutos.<\/strong> 2008. Disserta\u00e7\u00e3o (Mestrado em Programa de P\u00f3s-Gradua\u00e7\u00e3o em Engenharia El\u00e9trica) &#8211; Universidade Tecnol\u00f3gica Federal do Paran\u00e1, . Orientador: Roger Gules.<\/p>\n","protected":false},"excerpt":{"rendered":"<p>2023 Vitor Alexandre Zytkowski. Conversor buck-boost interleaved com modula\u00e7\u00e3o em frequ\u00eancia aplicado a corre\u00e7\u00e3o de fator de pot\u00eancia. 2023. Disserta\u00e7\u00e3o (Mestrado em Engenharia El\u00e9trica e Inform\u00e1tica Industrial) &#8211; Universidade Tecnol\u00f3gica Federal do Paran\u00e1, . Orientador: Alceu Andre Badin. 2022 Leandro de Orte Stamm. Retificador Trif\u00e1sico para Gera\u00e7\u00e3o E\u00f3lica Empregando o Conversor SEPIC Modificado para Gera\u00e7\u00e3o [&hellip;]<\/p>\n","protected":false},"author":4,"featured_media":0,"parent":0,"menu_order":0,"comment_status":"closed","ping_status":"closed","template":"","meta":{"footnotes":""},"class_list":["post-72","page","type-page","status-publish","czr-hentry"],"_links":{"self":[{"href":"https:\/\/utfpr.curitiba.br\/lpee\/wp-json\/wp\/v2\/pages\/72","targetHints":{"allow":["GET"]}}],"collection":[{"href":"https:\/\/utfpr.curitiba.br\/lpee\/wp-json\/wp\/v2\/pages"}],"about":[{"href":"https:\/\/utfpr.curitiba.br\/lpee\/wp-json\/wp\/v2\/types\/page"}],"author":[{"embeddable":true,"href":"https:\/\/utfpr.curitiba.br\/lpee\/wp-json\/wp\/v2\/users\/4"}],"replies":[{"embeddable":true,"href":"https:\/\/utfpr.curitiba.br\/lpee\/wp-json\/wp\/v2\/comments?post=72"}],"version-history":[{"count":14,"href":"https:\/\/utfpr.curitiba.br\/lpee\/wp-json\/wp\/v2\/pages\/72\/revisions"}],"predecessor-version":[{"id":699,"href":"https:\/\/utfpr.curitiba.br\/lpee\/wp-json\/wp\/v2\/pages\/72\/revisions\/699"}],"wp:attachment":[{"href":"https:\/\/utfpr.curitiba.br\/lpee\/wp-json\/wp\/v2\/media?parent=72"}],"curies":[{"name":"wp","href":"https:\/\/api.w.org\/{rel}","templated":true}]}}